{"id":71826,"date":"2022-05-20T06:13:15","date_gmt":"2022-05-20T04:13:20","guid":{"rendered":"https:\/\/www.gruppoliturgico.com\/prodotto\/ostensoir-27\/"},"modified":"2022-10-05T11:33:19","modified_gmt":"2022-10-05T09:33:19","slug":"ostensoir-27","status":"publish","type":"product","link":"https:\/\/www.gruppoliturgico.com\/fr\/produit\/ostensoir-27\/","title":{"rendered":"Ostensoir"},"content":{"rendered":"<html><body><p>ouvrage grandiose de style traditionnel, enti\u00e8rement r\u00e9alis\u00e9 en plaque de laiton cisel\u00e9.<br>\nFabriqu\u00e9 \u00e0 la main avec une haute d\u00e9finition des d\u00e9tails.<br>\nSur le socle sont repr\u00e9sent\u00e9s les gravures du P\u00e9lican et de l\u2019Agneau de Dieu.Sur la partie sup\u00e9rieure du rayon de soleil, en plus des deux anges en fusion qui tiennent la couronne, on trouve l\u2019\u0152il de Dieu, le c\u0153ur votif, les raisins et \u00e9pis.<br>\nIl peut accueillir une hostie au diam\u00e8tre de cm 7,5.<\/p>\n<p>Hauteur cm 74 <\/p>\n<\/body><\/html>","protected":false},"excerpt":{"rendered":"<p>ouvrage grandiose de style traditionnel, enti\u00e8rement r\u00e9alis\u00e9 en plaque de laiton cisel\u00e9.<br \/>\nFabriqu\u00e9 \u00e0 la main avec une haute d\u00e9finition des d\u00e9tails.<br \/>\nSur le socle sont repr\u00e9sent\u00e9s les gravures du P\u00e9lican et de l&rsquo;Agneau de Dieu.Sur la partie sup\u00e9rieure du rayon de soleil, en plus des deux anges en fusion qui tiennent la couronne, on trouve l&rsquo;\u0152il de Dieu, le c\u0153ur votif, les raisins et \u00e9pis.<br \/>\nIl peut accueillir une hostie au diam\u00e8tre de cm 7,5.<\/p>\n<p>Hauteur cm 74 <\/p>\n","protected":false},"featured_media":140861,"template":"","meta":[],"product_cat":[12064],"product_tag":[],"yoast_head":"<!-- This site is optimized with the Yoast SEO plugin v20.4 - https:\/\/yoast.com\/wordpress\/plugins\/seo\/ -->\n<title>Ostensoir - ostensoirs et Laboratorio Gruppo Liturgico<\/title>\n<meta name=\"description\" content=\"ouvrage grandiose de style traditionnel, enti\u00e8rement r\u00e9alis\u00e9 en plaque de laiton cisel\u00e9. Fabriqu\u00e9 \u00e0 la main avec une haute d\u00e9finition des d\u00e9tails. Sur le socle sont repr\u00e9sent\u00e9s les gravures du P\u00e9lican et de l&#039;Agneau de Dieu.Sur la partie sup\u00e9rieure du rayon de soleil, en plus des deux anges en fusion qui tiennent la couronne, on trouve l&#039;\u0152il de Dieu, le c\u0153ur votif, les raisins et \u00e9pis. Il peut accueillir une hostie au diam\u00e8tre de cm 7,5.  Hauteur cm 74\" \/>\n<meta name=\"robots\" content=\"index, follow, max-snippet:-1, max-image-preview:large, max-video-preview:-1\" \/>\n<link rel=\"canonical\" href=\"https:\/\/www.gruppoliturgico.com\/fr\/produit\/ostensoir-27\/\" \/>\n<meta property=\"og:locale\" content=\"fr_FR\" \/>\n<meta property=\"og:type\" content=\"article\" \/>\n<meta property=\"og:title\" content=\"Ostensoir - ostensoirs et Laboratorio Gruppo Liturgico\" \/>\n<meta property=\"og:description\" content=\"ouvrage grandiose de style traditionnel, enti\u00e8rement r\u00e9alis\u00e9 en plaque de laiton cisel\u00e9. Fabriqu\u00e9 \u00e0 la main avec une haute d\u00e9finition des d\u00e9tails. Sur le socle sont repr\u00e9sent\u00e9s les gravures du P\u00e9lican et de l&#039;Agneau de Dieu.Sur la partie sup\u00e9rieure du rayon de soleil, en plus des deux anges en fusion qui tiennent la couronne, on trouve l&#039;\u0152il de Dieu, le c\u0153ur votif, les raisins et \u00e9pis. Il peut accueillir une hostie au diam\u00e8tre de cm 7,5.  Hauteur cm 74\" \/>\n<meta property=\"og:url\" content=\"https:\/\/www.gruppoliturgico.com\/fr\/produit\/ostensoir-27\/\" \/>\n<meta property=\"og:site_name\" content=\"Laboratorio Gruppo Liturgico\" \/>\n<meta property=\"article:modified_time\" content=\"2022-10-05T09:33:19+00:00\" \/>\n<meta property=\"og:image\" content=\"https:\/\/www.gruppoliturgico.com\/wp-content\/uploads\/2022\/05\/3862_inPixio-1.jpg\" \/>\n\t<meta property=\"og:image:width\" content=\"916\" \/>\n\t<meta property=\"og:image:height\" content=\"2002\" \/>\n\t<meta property=\"og:image:type\" content=\"image\/jpeg\" \/>\n<meta name=\"twitter:card\" content=\"summary_large_image\" \/>\n<script type=\"application\/ld+json\" class=\"yoast-schema-graph\">{\"@context\":\"https:\/\/schema.org\",\"@graph\":[{\"@type\":\"WebPage\",\"@id\":\"https:\/\/www.gruppoliturgico.com\/fr\/produit\/ostensoir-27\/\",\"url\":\"https:\/\/www.gruppoliturgico.com\/fr\/produit\/ostensoir-27\/\",\"name\":\"Ostensoir - ostensoirs et Laboratorio Gruppo Liturgico\",\"isPartOf\":{\"@id\":\"https:\/\/www.gruppoliturgico.com\/es\/#website\"},\"datePublished\":\"2022-05-20T04:13:20+00:00\",\"dateModified\":\"2022-10-05T09:33:19+00:00\",\"description\":\"ouvrage grandiose de style traditionnel, enti\u00e8rement r\u00e9alis\u00e9 en plaque de laiton cisel\u00e9. Fabriqu\u00e9 \u00e0 la main avec une haute d\u00e9finition des d\u00e9tails. Sur le socle sont repr\u00e9sent\u00e9s les gravures du P\u00e9lican et de l'Agneau de Dieu.Sur la partie sup\u00e9rieure du rayon de soleil, en plus des deux anges en fusion qui tiennent la couronne, on trouve l'\u0152il de Dieu, le c\u0153ur votif, les raisins et \u00e9pis. Il peut accueillir une hostie au diam\u00e8tre de cm 7,5. Hauteur cm 74\",\"breadcrumb\":{\"@id\":\"https:\/\/www.gruppoliturgico.com\/fr\/produit\/ostensoir-27\/#breadcrumb\"},\"inLanguage\":\"fr-FR\",\"potentialAction\":[{\"@type\":\"ReadAction\",\"target\":[\"https:\/\/www.gruppoliturgico.com\/fr\/produit\/ostensoir-27\/\"]}]},{\"@type\":\"BreadcrumbList\",\"@id\":\"https:\/\/www.gruppoliturgico.com\/fr\/produit\/ostensoir-27\/#breadcrumb\",\"itemListElement\":[{\"@type\":\"ListItem\",\"position\":1,\"name\":\"Home\",\"item\":\"https:\/\/www.gruppoliturgico.com\/fr\/\"},{\"@type\":\"ListItem\",\"position\":2,\"name\":\"Boutique\",\"item\":\"https:\/\/www.gruppoliturgico.com\/fr\/boutique\/\"},{\"@type\":\"ListItem\",\"position\":3,\"name\":\"Ostensoir\"}]},{\"@type\":\"WebSite\",\"@id\":\"https:\/\/www.gruppoliturgico.com\/es\/#website\",\"url\":\"https:\/\/www.gruppoliturgico.com\/es\/\",\"name\":\"Laboratorio Gruppo Liturgico\",\"description\":\"Articoli Religiosi online\",\"publisher\":{\"@id\":\"https:\/\/www.gruppoliturgico.com\/es\/#organization\"},\"potentialAction\":[{\"@type\":\"SearchAction\",\"target\":{\"@type\":\"EntryPoint\",\"urlTemplate\":\"https:\/\/www.gruppoliturgico.com\/es\/?s={search_term_string}\"},\"query-input\":\"required name=search_term_string\"}],\"inLanguage\":\"fr-FR\"},{\"@type\":\"Organization\",\"@id\":\"https:\/\/www.gruppoliturgico.com\/es\/#organization\",\"name\":\"Laboratorio Gruppo Liturgico\",\"url\":\"https:\/\/www.gruppoliturgico.com\/es\/\",\"logo\":{\"@type\":\"ImageObject\",\"inLanguage\":\"fr-FR\",\"@id\":\"https:\/\/www.gruppoliturgico.com\/es\/#\/schema\/logo\/image\/\",\"url\":\"https:\/\/www.gruppoliturgico.com\/wp-content\/uploads\/2022\/02\/logo-laboratoriogruppoliturgico.png\",\"contentUrl\":\"https:\/\/www.gruppoliturgico.com\/wp-content\/uploads\/2022\/02\/logo-laboratoriogruppoliturgico.png\",\"width\":400,\"height\":114,\"caption\":\"Laboratorio Gruppo Liturgico\"},\"image\":{\"@id\":\"https:\/\/www.gruppoliturgico.com\/es\/#\/schema\/logo\/image\/\"}}]}<\/script>\n<!-- \/ Yoast SEO plugin. -->","yoast_head_json":{"title":"Ostensoir - ostensoirs et Laboratorio Gruppo Liturgico","description":"ouvrage grandiose de style traditionnel, enti\u00e8rement r\u00e9alis\u00e9 en plaque de laiton cisel\u00e9. Fabriqu\u00e9 \u00e0 la main avec une haute d\u00e9finition des d\u00e9tails. Sur le socle sont repr\u00e9sent\u00e9s les gravures du P\u00e9lican et de l'Agneau de Dieu.Sur la partie sup\u00e9rieure du rayon de soleil, en plus des deux anges en fusion qui tiennent la couronne, on trouve l'\u0152il de Dieu, le c\u0153ur votif, les raisins et \u00e9pis. Il peut accueillir une hostie au diam\u00e8tre de cm 7,5.  Hauteur cm 74","robots":{"index":"index","follow":"follow","max-snippet":"max-snippet:-1","max-image-preview":"max-image-preview:large","max-video-preview":"max-video-preview:-1"},"canonical":"https:\/\/www.gruppoliturgico.com\/fr\/produit\/ostensoir-27\/","og_locale":"fr_FR","og_type":"article","og_title":"Ostensoir - ostensoirs et Laboratorio Gruppo Liturgico","og_description":"ouvrage grandiose de style traditionnel, enti\u00e8rement r\u00e9alis\u00e9 en plaque de laiton cisel\u00e9. Fabriqu\u00e9 \u00e0 la main avec une haute d\u00e9finition des d\u00e9tails. Sur le socle sont repr\u00e9sent\u00e9s les gravures du P\u00e9lican et de l'Agneau de Dieu.Sur la partie sup\u00e9rieure du rayon de soleil, en plus des deux anges en fusion qui tiennent la couronne, on trouve l'\u0152il de Dieu, le c\u0153ur votif, les raisins et \u00e9pis. Il peut accueillir une hostie au diam\u00e8tre de cm 7,5.  Hauteur cm 74","og_url":"https:\/\/www.gruppoliturgico.com\/fr\/produit\/ostensoir-27\/","og_site_name":"Laboratorio Gruppo Liturgico","article_modified_time":"2022-10-05T09:33:19+00:00","og_image":[{"width":916,"height":2002,"url":"https:\/\/www.gruppoliturgico.com\/wp-content\/uploads\/2022\/05\/3862_inPixio-1.jpg","type":"image\/jpeg"}],"twitter_card":"summary_large_image","schema":{"@context":"https:\/\/schema.org","@graph":[{"@type":"WebPage","@id":"https:\/\/www.gruppoliturgico.com\/fr\/produit\/ostensoir-27\/","url":"https:\/\/www.gruppoliturgico.com\/fr\/produit\/ostensoir-27\/","name":"Ostensoir - ostensoirs et Laboratorio Gruppo Liturgico","isPartOf":{"@id":"https:\/\/www.gruppoliturgico.com\/es\/#website"},"datePublished":"2022-05-20T04:13:20+00:00","dateModified":"2022-10-05T09:33:19+00:00","description":"ouvrage grandiose de style traditionnel, enti\u00e8rement r\u00e9alis\u00e9 en plaque de laiton cisel\u00e9. Fabriqu\u00e9 \u00e0 la main avec une haute d\u00e9finition des d\u00e9tails. Sur le socle sont repr\u00e9sent\u00e9s les gravures du P\u00e9lican et de l'Agneau de Dieu.Sur la partie sup\u00e9rieure du rayon de soleil, en plus des deux anges en fusion qui tiennent la couronne, on trouve l'\u0152il de Dieu, le c\u0153ur votif, les raisins et \u00e9pis. Il peut accueillir une hostie au diam\u00e8tre de cm 7,5. Hauteur cm 74","breadcrumb":{"@id":"https:\/\/www.gruppoliturgico.com\/fr\/produit\/ostensoir-27\/#breadcrumb"},"inLanguage":"fr-FR","potentialAction":[{"@type":"ReadAction","target":["https:\/\/www.gruppoliturgico.com\/fr\/produit\/ostensoir-27\/"]}]},{"@type":"BreadcrumbList","@id":"https:\/\/www.gruppoliturgico.com\/fr\/produit\/ostensoir-27\/#breadcrumb","itemListElement":[{"@type":"ListItem","position":1,"name":"Home","item":"https:\/\/www.gruppoliturgico.com\/fr\/"},{"@type":"ListItem","position":2,"name":"Boutique","item":"https:\/\/www.gruppoliturgico.com\/fr\/boutique\/"},{"@type":"ListItem","position":3,"name":"Ostensoir"}]},{"@type":"WebSite","@id":"https:\/\/www.gruppoliturgico.com\/es\/#website","url":"https:\/\/www.gruppoliturgico.com\/es\/","name":"Laboratorio Gruppo Liturgico","description":"Articoli Religiosi online","publisher":{"@id":"https:\/\/www.gruppoliturgico.com\/es\/#organization"},"potentialAction":[{"@type":"SearchAction","target":{"@type":"EntryPoint","urlTemplate":"https:\/\/www.gruppoliturgico.com\/es\/?s={search_term_string}"},"query-input":"required name=search_term_string"}],"inLanguage":"fr-FR"},{"@type":"Organization","@id":"https:\/\/www.gruppoliturgico.com\/es\/#organization","name":"Laboratorio Gruppo Liturgico","url":"https:\/\/www.gruppoliturgico.com\/es\/","logo":{"@type":"ImageObject","inLanguage":"fr-FR","@id":"https:\/\/www.gruppoliturgico.com\/es\/#\/schema\/logo\/image\/","url":"https:\/\/www.gruppoliturgico.com\/wp-content\/uploads\/2022\/02\/logo-laboratoriogruppoliturgico.png","contentUrl":"https:\/\/www.gruppoliturgico.com\/wp-content\/uploads\/2022\/02\/logo-laboratoriogruppoliturgico.png","width":400,"height":114,"caption":"Laboratorio Gruppo Liturgico"},"image":{"@id":"https:\/\/www.gruppoliturgico.com\/es\/#\/schema\/logo\/image\/"}}]}},"_links":{"self":[{"href":"https:\/\/www.gruppoliturgico.com\/fr\/wp-json\/wp\/v2\/product\/71826"}],"collection":[{"href":"https:\/\/www.gruppoliturgico.com\/fr\/wp-json\/wp\/v2\/product"}],"about":[{"href":"https:\/\/www.gruppoliturgico.com\/fr\/wp-json\/wp\/v2\/types\/product"}],"wp:featuredmedia":[{"embeddable":true,"href":"https:\/\/www.gruppoliturgico.com\/fr\/wp-json\/wp\/v2\/media\/140861"}],"wp:attachment":[{"href":"https:\/\/www.gruppoliturgico.com\/fr\/wp-json\/wp\/v2\/media?parent=71826"}],"wp:term":[{"taxonomy":"product_cat","embeddable":true,"href":"https:\/\/www.gruppoliturgico.com\/fr\/wp-json\/wp\/v2\/product_cat?post=71826"},{"taxonomy":"product_tag","embeddable":true,"href":"https:\/\/www.gruppoliturgico.com\/fr\/wp-json\/wp\/v2\/product_tag?post=71826"}],"curies":[{"name":"wp","href":"https:\/\/api.w.org\/{rel}","templated":true}]}}