{"id":71742,"date":"2022-05-20T06:09:02","date_gmt":"2022-05-20T04:09:07","guid":{"rendered":"https:\/\/www.gruppoliturgico.com\/prodotto\/icone-de-style-byzantin-2\/"},"modified":"2022-11-11T17:11:28","modified_gmt":"2022-11-11T16:11:28","slug":"icone-de-style-byzantin-2","status":"publish","type":"product","link":"https:\/\/www.gruppoliturgico.com\/fr\/produit\/icone-de-style-byzantin-2\/","title":{"rendered":"Saint Nicolas Ic\u00f4ne"},"content":{"rendered":"<html><body><p>Ic\u00f4ne de style byzantin r\u00e9alis\u00e9e avec une double feuille d\u2019argent et d\u2019aluminium appliqu\u00e9e sur un panneau de bois.<br>\nEnti\u00e8rement d\u00e9cor\u00e9 \u00e0 la main.<br>\nIl peut \u00eatre suspendu ou pos\u00e9 dessus.<br>\nLivr\u00e9 avec certificat de garantie.<\/p>\n<p>Dimensions 22 x 16 cm<\/p>\n<\/body><\/html>","protected":false},"excerpt":{"rendered":"<p>Ic\u00f4ne de style byzantin r\u00e9alis\u00e9e avec une double feuille d&rsquo;argent et d&rsquo;aluminium appliqu\u00e9e sur un panneau de bois.<br \/>\nEnti\u00e8rement d\u00e9cor\u00e9 \u00e0 la main.<br \/>\nIl peut \u00eatre suspendu ou pos\u00e9 dessus.<br \/>\nLivr\u00e9 avec certificat de garantie.<\/p>\n<p>Dimensions 22 x 16 cm<\/p>\n","protected":false},"featured_media":82062,"template":"","meta":[],"product_cat":[11980],"product_tag":[],"yoast_head":"<!-- This site is optimized with the Yoast SEO plugin v20.4 - https:\/\/yoast.com\/wordpress\/plugins\/seo\/ -->\n<title>Saint Nicolas Ic\u00f4ne - ic\u00f4nes et Laboratorio Gruppo Liturgico<\/title>\n<meta name=\"description\" content=\"Ic\u00f4ne de style byzantin r\u00e9alis\u00e9e avec une double feuille d&#039;argent et d&#039;aluminium appliqu\u00e9e sur un panneau de bois. Enti\u00e8rement d\u00e9cor\u00e9 \u00e0 la main. Il peut \u00eatre suspendu ou pos\u00e9 dessus. Livr\u00e9 avec certificat de garantie.  Dimensions 22 x 16 cm\" \/>\n<meta name=\"robots\" content=\"index, follow, max-snippet:-1, max-image-preview:large, max-video-preview:-1\" \/>\n<link rel=\"canonical\" href=\"https:\/\/www.gruppoliturgico.com\/fr\/produit\/icone-de-style-byzantin-2\/\" \/>\n<meta property=\"og:locale\" content=\"fr_FR\" \/>\n<meta property=\"og:type\" content=\"article\" \/>\n<meta property=\"og:title\" content=\"Saint Nicolas Ic\u00f4ne - ic\u00f4nes et Laboratorio Gruppo Liturgico\" \/>\n<meta property=\"og:description\" content=\"Ic\u00f4ne de style byzantin r\u00e9alis\u00e9e avec une double feuille d&#039;argent et d&#039;aluminium appliqu\u00e9e sur un panneau de bois. Enti\u00e8rement d\u00e9cor\u00e9 \u00e0 la main. Il peut \u00eatre suspendu ou pos\u00e9 dessus. Livr\u00e9 avec certificat de garantie.  Dimensions 22 x 16 cm\" \/>\n<meta property=\"og:url\" content=\"https:\/\/www.gruppoliturgico.com\/fr\/produit\/icone-de-style-byzantin-2\/\" \/>\n<meta property=\"og:site_name\" content=\"Laboratorio Gruppo Liturgico\" \/>\n<meta property=\"article:modified_time\" content=\"2022-11-11T16:11:28+00:00\" \/>\n<meta property=\"og:image\" content=\"https:\/\/www.gruppoliturgico.com\/wp-content\/uploads\/2022\/05\/3836205.jpg\" \/>\n\t<meta property=\"og:image:width\" content=\"1303\" \/>\n\t<meta property=\"og:image:height\" content=\"1500\" \/>\n\t<meta property=\"og:image:type\" content=\"image\/jpeg\" \/>\n<meta name=\"twitter:card\" content=\"summary_large_image\" \/>\n<script type=\"application\/ld+json\" class=\"yoast-schema-graph\">{\"@context\":\"https:\/\/schema.org\",\"@graph\":[{\"@type\":\"WebPage\",\"@id\":\"https:\/\/www.gruppoliturgico.com\/fr\/produit\/icone-de-style-byzantin-2\/\",\"url\":\"https:\/\/www.gruppoliturgico.com\/fr\/produit\/icone-de-style-byzantin-2\/\",\"name\":\"Saint Nicolas Ic\u00f4ne - ic\u00f4nes et Laboratorio Gruppo Liturgico\",\"isPartOf\":{\"@id\":\"https:\/\/www.gruppoliturgico.com\/es\/#website\"},\"datePublished\":\"2022-05-20T04:09:07+00:00\",\"dateModified\":\"2022-11-11T16:11:28+00:00\",\"description\":\"Ic\u00f4ne de style byzantin r\u00e9alis\u00e9e avec une double feuille d'argent et d'aluminium appliqu\u00e9e sur un panneau de bois. Enti\u00e8rement d\u00e9cor\u00e9 \u00e0 la main. Il peut \u00eatre suspendu ou pos\u00e9 dessus. Livr\u00e9 avec certificat de garantie. Dimensions 22 x 16 cm\",\"breadcrumb\":{\"@id\":\"https:\/\/www.gruppoliturgico.com\/fr\/produit\/icone-de-style-byzantin-2\/#breadcrumb\"},\"inLanguage\":\"fr-FR\",\"potentialAction\":[{\"@type\":\"ReadAction\",\"target\":[\"https:\/\/www.gruppoliturgico.com\/fr\/produit\/icone-de-style-byzantin-2\/\"]}]},{\"@type\":\"BreadcrumbList\",\"@id\":\"https:\/\/www.gruppoliturgico.com\/fr\/produit\/icone-de-style-byzantin-2\/#breadcrumb\",\"itemListElement\":[{\"@type\":\"ListItem\",\"position\":1,\"name\":\"Home\",\"item\":\"https:\/\/www.gruppoliturgico.com\/fr\/\"},{\"@type\":\"ListItem\",\"position\":2,\"name\":\"Boutique\",\"item\":\"https:\/\/www.gruppoliturgico.com\/fr\/boutique\/\"},{\"@type\":\"ListItem\",\"position\":3,\"name\":\"Saint Nicolas Ic\u00f4ne\"}]},{\"@type\":\"WebSite\",\"@id\":\"https:\/\/www.gruppoliturgico.com\/es\/#website\",\"url\":\"https:\/\/www.gruppoliturgico.com\/es\/\",\"name\":\"Laboratorio Gruppo Liturgico\",\"description\":\"Articoli Religiosi online\",\"publisher\":{\"@id\":\"https:\/\/www.gruppoliturgico.com\/es\/#organization\"},\"potentialAction\":[{\"@type\":\"SearchAction\",\"target\":{\"@type\":\"EntryPoint\",\"urlTemplate\":\"https:\/\/www.gruppoliturgico.com\/es\/?s={search_term_string}\"},\"query-input\":\"required name=search_term_string\"}],\"inLanguage\":\"fr-FR\"},{\"@type\":\"Organization\",\"@id\":\"https:\/\/www.gruppoliturgico.com\/es\/#organization\",\"name\":\"Laboratorio Gruppo Liturgico\",\"url\":\"https:\/\/www.gruppoliturgico.com\/es\/\",\"logo\":{\"@type\":\"ImageObject\",\"inLanguage\":\"fr-FR\",\"@id\":\"https:\/\/www.gruppoliturgico.com\/es\/#\/schema\/logo\/image\/\",\"url\":\"https:\/\/www.gruppoliturgico.com\/wp-content\/uploads\/2022\/02\/logo-laboratoriogruppoliturgico.png\",\"contentUrl\":\"https:\/\/www.gruppoliturgico.com\/wp-content\/uploads\/2022\/02\/logo-laboratoriogruppoliturgico.png\",\"width\":400,\"height\":114,\"caption\":\"Laboratorio Gruppo Liturgico\"},\"image\":{\"@id\":\"https:\/\/www.gruppoliturgico.com\/es\/#\/schema\/logo\/image\/\"}}]}<\/script>\n<!-- \/ Yoast SEO plugin. -->","yoast_head_json":{"title":"Saint Nicolas Ic\u00f4ne - ic\u00f4nes et Laboratorio Gruppo Liturgico","description":"Ic\u00f4ne de style byzantin r\u00e9alis\u00e9e avec une double feuille d'argent et d'aluminium appliqu\u00e9e sur un panneau de bois. Enti\u00e8rement d\u00e9cor\u00e9 \u00e0 la main. Il peut \u00eatre suspendu ou pos\u00e9 dessus. Livr\u00e9 avec certificat de garantie.  Dimensions 22 x 16 cm","robots":{"index":"index","follow":"follow","max-snippet":"max-snippet:-1","max-image-preview":"max-image-preview:large","max-video-preview":"max-video-preview:-1"},"canonical":"https:\/\/www.gruppoliturgico.com\/fr\/produit\/icone-de-style-byzantin-2\/","og_locale":"fr_FR","og_type":"article","og_title":"Saint Nicolas Ic\u00f4ne - ic\u00f4nes et Laboratorio Gruppo Liturgico","og_description":"Ic\u00f4ne de style byzantin r\u00e9alis\u00e9e avec une double feuille d'argent et d'aluminium appliqu\u00e9e sur un panneau de bois. Enti\u00e8rement d\u00e9cor\u00e9 \u00e0 la main. Il peut \u00eatre suspendu ou pos\u00e9 dessus. Livr\u00e9 avec certificat de garantie.  Dimensions 22 x 16 cm","og_url":"https:\/\/www.gruppoliturgico.com\/fr\/produit\/icone-de-style-byzantin-2\/","og_site_name":"Laboratorio Gruppo Liturgico","article_modified_time":"2022-11-11T16:11:28+00:00","og_image":[{"width":1303,"height":1500,"url":"https:\/\/www.gruppoliturgico.com\/wp-content\/uploads\/2022\/05\/3836205.jpg","type":"image\/jpeg"}],"twitter_card":"summary_large_image","schema":{"@context":"https:\/\/schema.org","@graph":[{"@type":"WebPage","@id":"https:\/\/www.gruppoliturgico.com\/fr\/produit\/icone-de-style-byzantin-2\/","url":"https:\/\/www.gruppoliturgico.com\/fr\/produit\/icone-de-style-byzantin-2\/","name":"Saint Nicolas Ic\u00f4ne - ic\u00f4nes et Laboratorio Gruppo Liturgico","isPartOf":{"@id":"https:\/\/www.gruppoliturgico.com\/es\/#website"},"datePublished":"2022-05-20T04:09:07+00:00","dateModified":"2022-11-11T16:11:28+00:00","description":"Ic\u00f4ne de style byzantin r\u00e9alis\u00e9e avec une double feuille d'argent et d'aluminium appliqu\u00e9e sur un panneau de bois. Enti\u00e8rement d\u00e9cor\u00e9 \u00e0 la main. Il peut \u00eatre suspendu ou pos\u00e9 dessus. Livr\u00e9 avec certificat de garantie. Dimensions 22 x 16 cm","breadcrumb":{"@id":"https:\/\/www.gruppoliturgico.com\/fr\/produit\/icone-de-style-byzantin-2\/#breadcrumb"},"inLanguage":"fr-FR","potentialAction":[{"@type":"ReadAction","target":["https:\/\/www.gruppoliturgico.com\/fr\/produit\/icone-de-style-byzantin-2\/"]}]},{"@type":"BreadcrumbList","@id":"https:\/\/www.gruppoliturgico.com\/fr\/produit\/icone-de-style-byzantin-2\/#breadcrumb","itemListElement":[{"@type":"ListItem","position":1,"name":"Home","item":"https:\/\/www.gruppoliturgico.com\/fr\/"},{"@type":"ListItem","position":2,"name":"Boutique","item":"https:\/\/www.gruppoliturgico.com\/fr\/boutique\/"},{"@type":"ListItem","position":3,"name":"Saint Nicolas Ic\u00f4ne"}]},{"@type":"WebSite","@id":"https:\/\/www.gruppoliturgico.com\/es\/#website","url":"https:\/\/www.gruppoliturgico.com\/es\/","name":"Laboratorio Gruppo Liturgico","description":"Articoli Religiosi online","publisher":{"@id":"https:\/\/www.gruppoliturgico.com\/es\/#organization"},"potentialAction":[{"@type":"SearchAction","target":{"@type":"EntryPoint","urlTemplate":"https:\/\/www.gruppoliturgico.com\/es\/?s={search_term_string}"},"query-input":"required name=search_term_string"}],"inLanguage":"fr-FR"},{"@type":"Organization","@id":"https:\/\/www.gruppoliturgico.com\/es\/#organization","name":"Laboratorio Gruppo Liturgico","url":"https:\/\/www.gruppoliturgico.com\/es\/","logo":{"@type":"ImageObject","inLanguage":"fr-FR","@id":"https:\/\/www.gruppoliturgico.com\/es\/#\/schema\/logo\/image\/","url":"https:\/\/www.gruppoliturgico.com\/wp-content\/uploads\/2022\/02\/logo-laboratoriogruppoliturgico.png","contentUrl":"https:\/\/www.gruppoliturgico.com\/wp-content\/uploads\/2022\/02\/logo-laboratoriogruppoliturgico.png","width":400,"height":114,"caption":"Laboratorio Gruppo Liturgico"},"image":{"@id":"https:\/\/www.gruppoliturgico.com\/es\/#\/schema\/logo\/image\/"}}]}},"_links":{"self":[{"href":"https:\/\/www.gruppoliturgico.com\/fr\/wp-json\/wp\/v2\/product\/71742"}],"collection":[{"href":"https:\/\/www.gruppoliturgico.com\/fr\/wp-json\/wp\/v2\/product"}],"about":[{"href":"https:\/\/www.gruppoliturgico.com\/fr\/wp-json\/wp\/v2\/types\/product"}],"wp:featuredmedia":[{"embeddable":true,"href":"https:\/\/www.gruppoliturgico.com\/fr\/wp-json\/wp\/v2\/media\/82062"}],"wp:attachment":[{"href":"https:\/\/www.gruppoliturgico.com\/fr\/wp-json\/wp\/v2\/media?parent=71742"}],"wp:term":[{"taxonomy":"product_cat","embeddable":true,"href":"https:\/\/www.gruppoliturgico.com\/fr\/wp-json\/wp\/v2\/product_cat?post=71742"},{"taxonomy":"product_tag","embeddable":true,"href":"https:\/\/www.gruppoliturgico.com\/fr\/wp-json\/wp\/v2\/product_tag?post=71742"}],"curies":[{"name":"wp","href":"https:\/\/api.w.org\/{rel}","templated":true}]}}