{"id":71702,"date":"2022-05-20T06:07:02","date_gmt":"2022-05-20T04:07:08","guid":{"rendered":"https:\/\/www.gruppoliturgico.com\/prodotto\/chasuble-159\/"},"modified":"2022-05-20T13:50:42","modified_gmt":"2022-05-20T11:50:42","slug":"chasuble-159","status":"publish","type":"product","link":"https:\/\/www.gruppoliturgico.com\/fr\/produit\/chasuble-159\/","title":{"rendered":"Chasuble"},"content":{"rendered":"<html><body><p>Chasuble mariale r\u00e9alis\u00e9e dans un tissu blanc tr\u00e8s l\u00e9ger en fibres naturelles et polyester.<br>\nElle est agr\u00e9ment\u00e9e d\u2019une importante galon enti\u00e8rement brod\u00e9e de fils de soie color\u00e9s, argent\u00e9s et dor\u00e9s \u00e9galement pr\u00e9sents au dos de la chasuble.<\/p>\n<\/body><\/html>","protected":false},"excerpt":{"rendered":"<p>Chasuble mariale r\u00e9alis\u00e9e dans un tissu blanc tr\u00e8s l\u00e9ger en fibres naturelles et polyester.<br \/>\nElle est agr\u00e9ment\u00e9e d&rsquo;une importante galon enti\u00e8rement brod\u00e9e de fils de soie color\u00e9s, argent\u00e9s et dor\u00e9s \u00e9galement pr\u00e9sents au dos de la chasuble.<\/p>\n","protected":false},"featured_media":129493,"template":"","meta":[],"product_cat":[12264],"product_tag":[15301],"yoast_head":"<!-- This site is optimized with the Yoast SEO plugin v20.4 - https:\/\/yoast.com\/wordpress\/plugins\/seo\/ -->\n<title>Chasuble - mariales et Laboratorio Gruppo Liturgico<\/title>\n<meta name=\"description\" content=\"Chasuble mariale r\u00e9alis\u00e9e dans un tissu blanc tr\u00e8s l\u00e9ger en fibres naturelles et polyester. Elle est agr\u00e9ment\u00e9e d&#039;une importante galon enti\u00e8rement brod\u00e9e de fils de soie color\u00e9s, argent\u00e9s et dor\u00e9s \u00e9galement pr\u00e9sents au dos de la chasuble.\" \/>\n<meta name=\"robots\" content=\"index, follow, max-snippet:-1, max-image-preview:large, max-video-preview:-1\" \/>\n<link rel=\"canonical\" href=\"https:\/\/www.gruppoliturgico.com\/fr\/produit\/chasuble-159\/\" \/>\n<meta property=\"og:locale\" content=\"fr_FR\" \/>\n<meta property=\"og:type\" content=\"article\" \/>\n<meta property=\"og:title\" content=\"Chasuble - mariales et Laboratorio Gruppo Liturgico\" \/>\n<meta property=\"og:description\" content=\"Chasuble mariale r\u00e9alis\u00e9e dans un tissu blanc tr\u00e8s l\u00e9ger en fibres naturelles et polyester. Elle est agr\u00e9ment\u00e9e d&#039;une importante galon enti\u00e8rement brod\u00e9e de fils de soie color\u00e9s, argent\u00e9s et dor\u00e9s \u00e9galement pr\u00e9sents au dos de la chasuble.\" \/>\n<meta property=\"og:url\" content=\"https:\/\/www.gruppoliturgico.com\/fr\/produit\/chasuble-159\/\" \/>\n<meta property=\"og:site_name\" content=\"Laboratorio Gruppo Liturgico\" \/>\n<meta property=\"article:modified_time\" content=\"2022-05-20T11:50:42+00:00\" \/>\n<meta property=\"og:image\" content=\"https:\/\/www.gruppoliturgico.com\/wp-content\/uploads\/2022\/05\/3812rit.jpg\" \/>\n\t<meta property=\"og:image:width\" content=\"1207\" \/>\n\t<meta property=\"og:image:height\" content=\"2000\" \/>\n\t<meta property=\"og:image:type\" content=\"image\/jpeg\" \/>\n<meta name=\"twitter:card\" content=\"summary_large_image\" \/>\n<script type=\"application\/ld+json\" class=\"yoast-schema-graph\">{\"@context\":\"https:\/\/schema.org\",\"@graph\":[{\"@type\":\"WebPage\",\"@id\":\"https:\/\/www.gruppoliturgico.com\/fr\/produit\/chasuble-159\/\",\"url\":\"https:\/\/www.gruppoliturgico.com\/fr\/produit\/chasuble-159\/\",\"name\":\"Chasuble - mariales et Laboratorio Gruppo Liturgico\",\"isPartOf\":{\"@id\":\"https:\/\/www.gruppoliturgico.com\/es\/#website\"},\"datePublished\":\"2022-05-20T04:07:08+00:00\",\"dateModified\":\"2022-05-20T11:50:42+00:00\",\"description\":\"Chasuble mariale r\u00e9alis\u00e9e dans un tissu blanc tr\u00e8s l\u00e9ger en fibres naturelles et polyester. Elle est agr\u00e9ment\u00e9e d'une importante galon enti\u00e8rement brod\u00e9e de fils de soie color\u00e9s, argent\u00e9s et dor\u00e9s \u00e9galement pr\u00e9sents au dos de la chasuble.\",\"breadcrumb\":{\"@id\":\"https:\/\/www.gruppoliturgico.com\/fr\/produit\/chasuble-159\/#breadcrumb\"},\"inLanguage\":\"fr-FR\",\"potentialAction\":[{\"@type\":\"ReadAction\",\"target\":[\"https:\/\/www.gruppoliturgico.com\/fr\/produit\/chasuble-159\/\"]}]},{\"@type\":\"BreadcrumbList\",\"@id\":\"https:\/\/www.gruppoliturgico.com\/fr\/produit\/chasuble-159\/#breadcrumb\",\"itemListElement\":[{\"@type\":\"ListItem\",\"position\":1,\"name\":\"Home\",\"item\":\"https:\/\/www.gruppoliturgico.com\/fr\/\"},{\"@type\":\"ListItem\",\"position\":2,\"name\":\"Boutique\",\"item\":\"https:\/\/www.gruppoliturgico.com\/fr\/boutique\/\"},{\"@type\":\"ListItem\",\"position\":3,\"name\":\"Chasuble\"}]},{\"@type\":\"WebSite\",\"@id\":\"https:\/\/www.gruppoliturgico.com\/es\/#website\",\"url\":\"https:\/\/www.gruppoliturgico.com\/es\/\",\"name\":\"Laboratorio Gruppo Liturgico\",\"description\":\"Articoli Religiosi online\",\"publisher\":{\"@id\":\"https:\/\/www.gruppoliturgico.com\/es\/#organization\"},\"potentialAction\":[{\"@type\":\"SearchAction\",\"target\":{\"@type\":\"EntryPoint\",\"urlTemplate\":\"https:\/\/www.gruppoliturgico.com\/es\/?s={search_term_string}\"},\"query-input\":\"required name=search_term_string\"}],\"inLanguage\":\"fr-FR\"},{\"@type\":\"Organization\",\"@id\":\"https:\/\/www.gruppoliturgico.com\/es\/#organization\",\"name\":\"Laboratorio Gruppo Liturgico\",\"url\":\"https:\/\/www.gruppoliturgico.com\/es\/\",\"logo\":{\"@type\":\"ImageObject\",\"inLanguage\":\"fr-FR\",\"@id\":\"https:\/\/www.gruppoliturgico.com\/es\/#\/schema\/logo\/image\/\",\"url\":\"https:\/\/www.gruppoliturgico.com\/wp-content\/uploads\/2022\/02\/logo-laboratoriogruppoliturgico.png\",\"contentUrl\":\"https:\/\/www.gruppoliturgico.com\/wp-content\/uploads\/2022\/02\/logo-laboratoriogruppoliturgico.png\",\"width\":400,\"height\":114,\"caption\":\"Laboratorio Gruppo Liturgico\"},\"image\":{\"@id\":\"https:\/\/www.gruppoliturgico.com\/es\/#\/schema\/logo\/image\/\"}}]}<\/script>\n<!-- \/ Yoast SEO plugin. -->","yoast_head_json":{"title":"Chasuble - mariales et Laboratorio Gruppo Liturgico","description":"Chasuble mariale r\u00e9alis\u00e9e dans un tissu blanc tr\u00e8s l\u00e9ger en fibres naturelles et polyester. Elle est agr\u00e9ment\u00e9e d'une importante galon enti\u00e8rement brod\u00e9e de fils de soie color\u00e9s, argent\u00e9s et dor\u00e9s \u00e9galement pr\u00e9sents au dos de la chasuble.","robots":{"index":"index","follow":"follow","max-snippet":"max-snippet:-1","max-image-preview":"max-image-preview:large","max-video-preview":"max-video-preview:-1"},"canonical":"https:\/\/www.gruppoliturgico.com\/fr\/produit\/chasuble-159\/","og_locale":"fr_FR","og_type":"article","og_title":"Chasuble - mariales et Laboratorio Gruppo Liturgico","og_description":"Chasuble mariale r\u00e9alis\u00e9e dans un tissu blanc tr\u00e8s l\u00e9ger en fibres naturelles et polyester. Elle est agr\u00e9ment\u00e9e d'une importante galon enti\u00e8rement brod\u00e9e de fils de soie color\u00e9s, argent\u00e9s et dor\u00e9s \u00e9galement pr\u00e9sents au dos de la chasuble.","og_url":"https:\/\/www.gruppoliturgico.com\/fr\/produit\/chasuble-159\/","og_site_name":"Laboratorio Gruppo Liturgico","article_modified_time":"2022-05-20T11:50:42+00:00","og_image":[{"width":1207,"height":2000,"url":"https:\/\/www.gruppoliturgico.com\/wp-content\/uploads\/2022\/05\/3812rit.jpg","type":"image\/jpeg"}],"twitter_card":"summary_large_image","schema":{"@context":"https:\/\/schema.org","@graph":[{"@type":"WebPage","@id":"https:\/\/www.gruppoliturgico.com\/fr\/produit\/chasuble-159\/","url":"https:\/\/www.gruppoliturgico.com\/fr\/produit\/chasuble-159\/","name":"Chasuble - mariales et Laboratorio Gruppo Liturgico","isPartOf":{"@id":"https:\/\/www.gruppoliturgico.com\/es\/#website"},"datePublished":"2022-05-20T04:07:08+00:00","dateModified":"2022-05-20T11:50:42+00:00","description":"Chasuble mariale r\u00e9alis\u00e9e dans un tissu blanc tr\u00e8s l\u00e9ger en fibres naturelles et polyester. Elle est agr\u00e9ment\u00e9e d'une importante galon enti\u00e8rement brod\u00e9e de fils de soie color\u00e9s, argent\u00e9s et dor\u00e9s \u00e9galement pr\u00e9sents au dos de la chasuble.","breadcrumb":{"@id":"https:\/\/www.gruppoliturgico.com\/fr\/produit\/chasuble-159\/#breadcrumb"},"inLanguage":"fr-FR","potentialAction":[{"@type":"ReadAction","target":["https:\/\/www.gruppoliturgico.com\/fr\/produit\/chasuble-159\/"]}]},{"@type":"BreadcrumbList","@id":"https:\/\/www.gruppoliturgico.com\/fr\/produit\/chasuble-159\/#breadcrumb","itemListElement":[{"@type":"ListItem","position":1,"name":"Home","item":"https:\/\/www.gruppoliturgico.com\/fr\/"},{"@type":"ListItem","position":2,"name":"Boutique","item":"https:\/\/www.gruppoliturgico.com\/fr\/boutique\/"},{"@type":"ListItem","position":3,"name":"Chasuble"}]},{"@type":"WebSite","@id":"https:\/\/www.gruppoliturgico.com\/es\/#website","url":"https:\/\/www.gruppoliturgico.com\/es\/","name":"Laboratorio Gruppo Liturgico","description":"Articoli Religiosi online","publisher":{"@id":"https:\/\/www.gruppoliturgico.com\/es\/#organization"},"potentialAction":[{"@type":"SearchAction","target":{"@type":"EntryPoint","urlTemplate":"https:\/\/www.gruppoliturgico.com\/es\/?s={search_term_string}"},"query-input":"required name=search_term_string"}],"inLanguage":"fr-FR"},{"@type":"Organization","@id":"https:\/\/www.gruppoliturgico.com\/es\/#organization","name":"Laboratorio Gruppo Liturgico","url":"https:\/\/www.gruppoliturgico.com\/es\/","logo":{"@type":"ImageObject","inLanguage":"fr-FR","@id":"https:\/\/www.gruppoliturgico.com\/es\/#\/schema\/logo\/image\/","url":"https:\/\/www.gruppoliturgico.com\/wp-content\/uploads\/2022\/02\/logo-laboratoriogruppoliturgico.png","contentUrl":"https:\/\/www.gruppoliturgico.com\/wp-content\/uploads\/2022\/02\/logo-laboratoriogruppoliturgico.png","width":400,"height":114,"caption":"Laboratorio Gruppo Liturgico"},"image":{"@id":"https:\/\/www.gruppoliturgico.com\/es\/#\/schema\/logo\/image\/"}}]}},"_links":{"self":[{"href":"https:\/\/www.gruppoliturgico.com\/fr\/wp-json\/wp\/v2\/product\/71702"}],"collection":[{"href":"https:\/\/www.gruppoliturgico.com\/fr\/wp-json\/wp\/v2\/product"}],"about":[{"href":"https:\/\/www.gruppoliturgico.com\/fr\/wp-json\/wp\/v2\/types\/product"}],"wp:featuredmedia":[{"embeddable":true,"href":"https:\/\/www.gruppoliturgico.com\/fr\/wp-json\/wp\/v2\/media\/129493"}],"wp:attachment":[{"href":"https:\/\/www.gruppoliturgico.com\/fr\/wp-json\/wp\/v2\/media?parent=71702"}],"wp:term":[{"taxonomy":"product_cat","embeddable":true,"href":"https:\/\/www.gruppoliturgico.com\/fr\/wp-json\/wp\/v2\/product_cat?post=71702"},{"taxonomy":"product_tag","embeddable":true,"href":"https:\/\/www.gruppoliturgico.com\/fr\/wp-json\/wp\/v2\/product_tag?post=71702"}],"curies":[{"name":"wp","href":"https:\/\/api.w.org\/{rel}","templated":true}]}}