{"id":71690,"date":"2022-05-20T06:06:24","date_gmt":"2022-05-20T04:06:30","guid":{"rendered":"https:\/\/www.gruppoliturgico.com\/prodotto\/chasuble-156\/"},"modified":"2022-05-20T06:06:30","modified_gmt":"2022-05-20T04:06:30","slug":"chasuble-156","status":"publish","type":"product","link":"https:\/\/www.gruppoliturgico.com\/fr\/produit\/chasuble-156\/","title":{"rendered":"Chasuble"},"content":{"rendered":"<html><body><p>Chasuble en tissu de haute qualit\u00e9 de couleur blanc \u00e9cru.<br>\nTr\u00e8s doux et d\u00e9licat, il est compos\u00e9 de fibres naturelles telles que le lin, la viscose, la soie et 15% de polyester.<br>\nImportant est la broderie faite avec des fils dor\u00e9s, qui sont \u00e9galement r\u00e9p\u00e9t\u00e9s sur le dos.<br>\nBroderie originale et riche sur le col et sur la fausse capuche arri\u00e8re.<\/p>\n<\/body><\/html>","protected":false},"excerpt":{"rendered":"<p>Chasuble en tissu de haute qualit\u00e9 de couleur blanc \u00e9cru.<br \/>\nTr\u00e8s doux et d\u00e9licat, il est compos\u00e9 de fibres naturelles telles que le lin, la viscose, la soie et 15% de polyester.<br \/>\nImportant est la broderie faite avec des fils dor\u00e9s, qui sont \u00e9galement r\u00e9p\u00e9t\u00e9s sur le dos.<br \/>\nBroderie originale et riche sur le col et sur la fausse capuche arri\u00e8re.<\/p>\n","protected":false},"featured_media":135828,"template":"","meta":[],"product_cat":[12244],"product_tag":[],"yoast_head":"<!-- This site is optimized with the Yoast SEO plugin v20.4 - https:\/\/yoast.com\/wordpress\/plugins\/seo\/ -->\n<title>Chasuble - solennelles et Laboratorio Gruppo Liturgico<\/title>\n<meta name=\"description\" content=\"Chasuble en tissu de haute qualit\u00e9 de couleur blanc \u00e9cru. Tr\u00e8s doux et d\u00e9licat, il est compos\u00e9 de fibres naturelles telles que le lin, la viscose, la soie et 15% de polyester. Important est la broderie faite avec des fils dor\u00e9s, qui sont \u00e9galement r\u00e9p\u00e9t\u00e9s sur le dos. Broderie originale et riche sur le col et sur la fausse capuche arri\u00e8re.\" \/>\n<meta name=\"robots\" content=\"index, follow, max-snippet:-1, max-image-preview:large, max-video-preview:-1\" \/>\n<link rel=\"canonical\" href=\"https:\/\/www.gruppoliturgico.com\/fr\/produit\/chasuble-156\/\" \/>\n<meta property=\"og:locale\" content=\"fr_FR\" \/>\n<meta property=\"og:type\" content=\"article\" \/>\n<meta property=\"og:title\" content=\"Chasuble - solennelles et Laboratorio Gruppo Liturgico\" \/>\n<meta property=\"og:description\" content=\"Chasuble en tissu de haute qualit\u00e9 de couleur blanc \u00e9cru. Tr\u00e8s doux et d\u00e9licat, il est compos\u00e9 de fibres naturelles telles que le lin, la viscose, la soie et 15% de polyester. Important est la broderie faite avec des fils dor\u00e9s, qui sont \u00e9galement r\u00e9p\u00e9t\u00e9s sur le dos. Broderie originale et riche sur le col et sur la fausse capuche arri\u00e8re.\" \/>\n<meta property=\"og:url\" content=\"https:\/\/www.gruppoliturgico.com\/fr\/produit\/chasuble-156\/\" \/>\n<meta property=\"og:site_name\" content=\"Laboratorio Gruppo Liturgico\" \/>\n<meta property=\"og:image\" content=\"https:\/\/www.gruppoliturgico.com\/wp-content\/uploads\/2022\/05\/3809-4-nv.jpg\" \/>\n\t<meta property=\"og:image:width\" content=\"1188\" \/>\n\t<meta property=\"og:image:height\" content=\"2000\" \/>\n\t<meta property=\"og:image:type\" content=\"image\/jpeg\" \/>\n<meta name=\"twitter:card\" content=\"summary_large_image\" \/>\n<script type=\"application\/ld+json\" class=\"yoast-schema-graph\">{\"@context\":\"https:\/\/schema.org\",\"@graph\":[{\"@type\":\"WebPage\",\"@id\":\"https:\/\/www.gruppoliturgico.com\/fr\/produit\/chasuble-156\/\",\"url\":\"https:\/\/www.gruppoliturgico.com\/fr\/produit\/chasuble-156\/\",\"name\":\"Chasuble - solennelles et Laboratorio Gruppo Liturgico\",\"isPartOf\":{\"@id\":\"https:\/\/www.gruppoliturgico.com\/es\/#website\"},\"datePublished\":\"2022-05-20T04:06:30+00:00\",\"dateModified\":\"2022-05-20T04:06:30+00:00\",\"description\":\"Chasuble en tissu de haute qualit\u00e9 de couleur blanc \u00e9cru. Tr\u00e8s doux et d\u00e9licat, il est compos\u00e9 de fibres naturelles telles que le lin, la viscose, la soie et 15% de polyester. Important est la broderie faite avec des fils dor\u00e9s, qui sont \u00e9galement r\u00e9p\u00e9t\u00e9s sur le dos. Broderie originale et riche sur le col et sur la fausse capuche arri\u00e8re.\",\"breadcrumb\":{\"@id\":\"https:\/\/www.gruppoliturgico.com\/fr\/produit\/chasuble-156\/#breadcrumb\"},\"inLanguage\":\"fr-FR\",\"potentialAction\":[{\"@type\":\"ReadAction\",\"target\":[\"https:\/\/www.gruppoliturgico.com\/fr\/produit\/chasuble-156\/\"]}]},{\"@type\":\"BreadcrumbList\",\"@id\":\"https:\/\/www.gruppoliturgico.com\/fr\/produit\/chasuble-156\/#breadcrumb\",\"itemListElement\":[{\"@type\":\"ListItem\",\"position\":1,\"name\":\"Home\",\"item\":\"https:\/\/www.gruppoliturgico.com\/fr\/\"},{\"@type\":\"ListItem\",\"position\":2,\"name\":\"Boutique\",\"item\":\"https:\/\/www.gruppoliturgico.com\/fr\/boutique\/\"},{\"@type\":\"ListItem\",\"position\":3,\"name\":\"Chasuble\"}]},{\"@type\":\"WebSite\",\"@id\":\"https:\/\/www.gruppoliturgico.com\/es\/#website\",\"url\":\"https:\/\/www.gruppoliturgico.com\/es\/\",\"name\":\"Laboratorio Gruppo Liturgico\",\"description\":\"Articoli Religiosi online\",\"publisher\":{\"@id\":\"https:\/\/www.gruppoliturgico.com\/es\/#organization\"},\"potentialAction\":[{\"@type\":\"SearchAction\",\"target\":{\"@type\":\"EntryPoint\",\"urlTemplate\":\"https:\/\/www.gruppoliturgico.com\/es\/?s={search_term_string}\"},\"query-input\":\"required name=search_term_string\"}],\"inLanguage\":\"fr-FR\"},{\"@type\":\"Organization\",\"@id\":\"https:\/\/www.gruppoliturgico.com\/es\/#organization\",\"name\":\"Laboratorio Gruppo Liturgico\",\"url\":\"https:\/\/www.gruppoliturgico.com\/es\/\",\"logo\":{\"@type\":\"ImageObject\",\"inLanguage\":\"fr-FR\",\"@id\":\"https:\/\/www.gruppoliturgico.com\/es\/#\/schema\/logo\/image\/\",\"url\":\"https:\/\/www.gruppoliturgico.com\/wp-content\/uploads\/2022\/02\/logo-laboratoriogruppoliturgico.png\",\"contentUrl\":\"https:\/\/www.gruppoliturgico.com\/wp-content\/uploads\/2022\/02\/logo-laboratoriogruppoliturgico.png\",\"width\":400,\"height\":114,\"caption\":\"Laboratorio Gruppo Liturgico\"},\"image\":{\"@id\":\"https:\/\/www.gruppoliturgico.com\/es\/#\/schema\/logo\/image\/\"}}]}<\/script>\n<!-- \/ Yoast SEO plugin. -->","yoast_head_json":{"title":"Chasuble - solennelles et Laboratorio Gruppo Liturgico","description":"Chasuble en tissu de haute qualit\u00e9 de couleur blanc \u00e9cru. Tr\u00e8s doux et d\u00e9licat, il est compos\u00e9 de fibres naturelles telles que le lin, la viscose, la soie et 15% de polyester. Important est la broderie faite avec des fils dor\u00e9s, qui sont \u00e9galement r\u00e9p\u00e9t\u00e9s sur le dos. Broderie originale et riche sur le col et sur la fausse capuche arri\u00e8re.","robots":{"index":"index","follow":"follow","max-snippet":"max-snippet:-1","max-image-preview":"max-image-preview:large","max-video-preview":"max-video-preview:-1"},"canonical":"https:\/\/www.gruppoliturgico.com\/fr\/produit\/chasuble-156\/","og_locale":"fr_FR","og_type":"article","og_title":"Chasuble - solennelles et Laboratorio Gruppo Liturgico","og_description":"Chasuble en tissu de haute qualit\u00e9 de couleur blanc \u00e9cru. Tr\u00e8s doux et d\u00e9licat, il est compos\u00e9 de fibres naturelles telles que le lin, la viscose, la soie et 15% de polyester. Important est la broderie faite avec des fils dor\u00e9s, qui sont \u00e9galement r\u00e9p\u00e9t\u00e9s sur le dos. Broderie originale et riche sur le col et sur la fausse capuche arri\u00e8re.","og_url":"https:\/\/www.gruppoliturgico.com\/fr\/produit\/chasuble-156\/","og_site_name":"Laboratorio Gruppo Liturgico","og_image":[{"width":1188,"height":2000,"url":"https:\/\/www.gruppoliturgico.com\/wp-content\/uploads\/2022\/05\/3809-4-nv.jpg","type":"image\/jpeg"}],"twitter_card":"summary_large_image","schema":{"@context":"https:\/\/schema.org","@graph":[{"@type":"WebPage","@id":"https:\/\/www.gruppoliturgico.com\/fr\/produit\/chasuble-156\/","url":"https:\/\/www.gruppoliturgico.com\/fr\/produit\/chasuble-156\/","name":"Chasuble - solennelles et Laboratorio Gruppo Liturgico","isPartOf":{"@id":"https:\/\/www.gruppoliturgico.com\/es\/#website"},"datePublished":"2022-05-20T04:06:30+00:00","dateModified":"2022-05-20T04:06:30+00:00","description":"Chasuble en tissu de haute qualit\u00e9 de couleur blanc \u00e9cru. Tr\u00e8s doux et d\u00e9licat, il est compos\u00e9 de fibres naturelles telles que le lin, la viscose, la soie et 15% de polyester. Important est la broderie faite avec des fils dor\u00e9s, qui sont \u00e9galement r\u00e9p\u00e9t\u00e9s sur le dos. Broderie originale et riche sur le col et sur la fausse capuche arri\u00e8re.","breadcrumb":{"@id":"https:\/\/www.gruppoliturgico.com\/fr\/produit\/chasuble-156\/#breadcrumb"},"inLanguage":"fr-FR","potentialAction":[{"@type":"ReadAction","target":["https:\/\/www.gruppoliturgico.com\/fr\/produit\/chasuble-156\/"]}]},{"@type":"BreadcrumbList","@id":"https:\/\/www.gruppoliturgico.com\/fr\/produit\/chasuble-156\/#breadcrumb","itemListElement":[{"@type":"ListItem","position":1,"name":"Home","item":"https:\/\/www.gruppoliturgico.com\/fr\/"},{"@type":"ListItem","position":2,"name":"Boutique","item":"https:\/\/www.gruppoliturgico.com\/fr\/boutique\/"},{"@type":"ListItem","position":3,"name":"Chasuble"}]},{"@type":"WebSite","@id":"https:\/\/www.gruppoliturgico.com\/es\/#website","url":"https:\/\/www.gruppoliturgico.com\/es\/","name":"Laboratorio Gruppo Liturgico","description":"Articoli Religiosi online","publisher":{"@id":"https:\/\/www.gruppoliturgico.com\/es\/#organization"},"potentialAction":[{"@type":"SearchAction","target":{"@type":"EntryPoint","urlTemplate":"https:\/\/www.gruppoliturgico.com\/es\/?s={search_term_string}"},"query-input":"required name=search_term_string"}],"inLanguage":"fr-FR"},{"@type":"Organization","@id":"https:\/\/www.gruppoliturgico.com\/es\/#organization","name":"Laboratorio Gruppo Liturgico","url":"https:\/\/www.gruppoliturgico.com\/es\/","logo":{"@type":"ImageObject","inLanguage":"fr-FR","@id":"https:\/\/www.gruppoliturgico.com\/es\/#\/schema\/logo\/image\/","url":"https:\/\/www.gruppoliturgico.com\/wp-content\/uploads\/2022\/02\/logo-laboratoriogruppoliturgico.png","contentUrl":"https:\/\/www.gruppoliturgico.com\/wp-content\/uploads\/2022\/02\/logo-laboratoriogruppoliturgico.png","width":400,"height":114,"caption":"Laboratorio Gruppo Liturgico"},"image":{"@id":"https:\/\/www.gruppoliturgico.com\/es\/#\/schema\/logo\/image\/"}}]}},"_links":{"self":[{"href":"https:\/\/www.gruppoliturgico.com\/fr\/wp-json\/wp\/v2\/product\/71690"}],"collection":[{"href":"https:\/\/www.gruppoliturgico.com\/fr\/wp-json\/wp\/v2\/product"}],"about":[{"href":"https:\/\/www.gruppoliturgico.com\/fr\/wp-json\/wp\/v2\/types\/product"}],"wp:featuredmedia":[{"embeddable":true,"href":"https:\/\/www.gruppoliturgico.com\/fr\/wp-json\/wp\/v2\/media\/135828"}],"wp:attachment":[{"href":"https:\/\/www.gruppoliturgico.com\/fr\/wp-json\/wp\/v2\/media?parent=71690"}],"wp:term":[{"taxonomy":"product_cat","embeddable":true,"href":"https:\/\/www.gruppoliturgico.com\/fr\/wp-json\/wp\/v2\/product_cat?post=71690"},{"taxonomy":"product_tag","embeddable":true,"href":"https:\/\/www.gruppoliturgico.com\/fr\/wp-json\/wp\/v2\/product_tag?post=71690"}],"curies":[{"name":"wp","href":"https:\/\/api.w.org\/{rel}","templated":true}]}}