{"id":71682,"date":"2022-05-20T06:05:58","date_gmt":"2022-05-20T04:06:04","guid":{"rendered":"https:\/\/www.gruppoliturgico.com\/prodotto\/chasuble-154\/"},"modified":"2022-05-20T13:49:45","modified_gmt":"2022-05-20T11:49:45","slug":"chasuble-154","status":"publish","type":"product","link":"https:\/\/www.gruppoliturgico.com\/fr\/produit\/chasuble-154\/","title":{"rendered":"chasuble"},"content":{"rendered":"<html><body><p>belle chasuble en tissu viscose et polyester, avec un traitement semblable au bambou, lamin\u00e9 en or.<br>\nL\u00e9ger et tr\u00e8s respirant.<br>\nIl pr\u00e9sente un galon tr\u00e8s riche brod\u00e9 de fils d\u2019or et de soie du symbole IHS, de fleurs et d\u2019ornements baroques.<br>\nLa broderie est \u00e9galement pr\u00e9sente au dos.<\/p>\n<\/body><\/html>","protected":false},"excerpt":{"rendered":"<p>belle chasuble en tissu viscose et polyester, avec un traitement semblable au bambou, lamin\u00e9 en or.<br \/>\nL\u00e9ger et tr\u00e8s respirant.<br \/>\nIl pr\u00e9sente un galon tr\u00e8s riche brod\u00e9 de fils d&rsquo;or et de soie du symbole IHS, de fleurs et d&rsquo;ornements baroques.<br \/>\nLa broderie est \u00e9galement pr\u00e9sente au dos.<\/p>\n","protected":false},"featured_media":140697,"template":"","meta":[],"product_cat":[12248],"product_tag":[],"yoast_head":"<!-- This site is optimized with the Yoast SEO plugin v20.4 - https:\/\/yoast.com\/wordpress\/plugins\/seo\/ -->\n<title>chasuble - broderie traditionnelles et Laboratorio Gruppo Liturgico<\/title>\n<meta name=\"description\" content=\"belle chasuble en tissu viscose et polyester, avec un traitement semblable au bambou, lamin\u00e9 en or. L\u00e9ger et tr\u00e8s respirant. Il pr\u00e9sente un galon tr\u00e8s riche brod\u00e9 de fils d&#039;or et de soie du symbole IHS, de fleurs et d&#039;ornements baroques. La broderie est \u00e9galement pr\u00e9sente au dos.\" \/>\n<meta name=\"robots\" content=\"index, follow, max-snippet:-1, max-image-preview:large, max-video-preview:-1\" \/>\n<link rel=\"canonical\" href=\"https:\/\/www.gruppoliturgico.com\/fr\/produit\/chasuble-154\/\" \/>\n<meta property=\"og:locale\" content=\"fr_FR\" \/>\n<meta property=\"og:type\" content=\"article\" \/>\n<meta property=\"og:title\" content=\"chasuble - broderie traditionnelles et Laboratorio Gruppo Liturgico\" \/>\n<meta property=\"og:description\" content=\"belle chasuble en tissu viscose et polyester, avec un traitement semblable au bambou, lamin\u00e9 en or. L\u00e9ger et tr\u00e8s respirant. Il pr\u00e9sente un galon tr\u00e8s riche brod\u00e9 de fils d&#039;or et de soie du symbole IHS, de fleurs et d&#039;ornements baroques. La broderie est \u00e9galement pr\u00e9sente au dos.\" \/>\n<meta property=\"og:url\" content=\"https:\/\/www.gruppoliturgico.com\/fr\/produit\/chasuble-154\/\" \/>\n<meta property=\"og:site_name\" content=\"Laboratorio Gruppo Liturgico\" \/>\n<meta property=\"article:modified_time\" content=\"2022-05-20T11:49:45+00:00\" \/>\n<meta property=\"og:image\" content=\"https:\/\/www.gruppoliturgico.com\/wp-content\/uploads\/2022\/05\/3815-2-1.jpg\" \/>\n\t<meta property=\"og:image:width\" content=\"1433\" \/>\n\t<meta property=\"og:image:height\" content=\"2000\" \/>\n\t<meta property=\"og:image:type\" content=\"image\/jpeg\" \/>\n<meta name=\"twitter:card\" content=\"summary_large_image\" \/>\n<script type=\"application\/ld+json\" class=\"yoast-schema-graph\">{\"@context\":\"https:\/\/schema.org\",\"@graph\":[{\"@type\":\"WebPage\",\"@id\":\"https:\/\/www.gruppoliturgico.com\/fr\/produit\/chasuble-154\/\",\"url\":\"https:\/\/www.gruppoliturgico.com\/fr\/produit\/chasuble-154\/\",\"name\":\"chasuble - broderie traditionnelles et Laboratorio Gruppo Liturgico\",\"isPartOf\":{\"@id\":\"https:\/\/www.gruppoliturgico.com\/es\/#website\"},\"datePublished\":\"2022-05-20T04:06:04+00:00\",\"dateModified\":\"2022-05-20T11:49:45+00:00\",\"description\":\"belle chasuble en tissu viscose et polyester, avec un traitement semblable au bambou, lamin\u00e9 en or. L\u00e9ger et tr\u00e8s respirant. Il pr\u00e9sente un galon tr\u00e8s riche brod\u00e9 de fils d'or et de soie du symbole IHS, de fleurs et d'ornements baroques. La broderie est \u00e9galement pr\u00e9sente au dos.\",\"breadcrumb\":{\"@id\":\"https:\/\/www.gruppoliturgico.com\/fr\/produit\/chasuble-154\/#breadcrumb\"},\"inLanguage\":\"fr-FR\",\"potentialAction\":[{\"@type\":\"ReadAction\",\"target\":[\"https:\/\/www.gruppoliturgico.com\/fr\/produit\/chasuble-154\/\"]}]},{\"@type\":\"BreadcrumbList\",\"@id\":\"https:\/\/www.gruppoliturgico.com\/fr\/produit\/chasuble-154\/#breadcrumb\",\"itemListElement\":[{\"@type\":\"ListItem\",\"position\":1,\"name\":\"Home\",\"item\":\"https:\/\/www.gruppoliturgico.com\/fr\/\"},{\"@type\":\"ListItem\",\"position\":2,\"name\":\"Boutique\",\"item\":\"https:\/\/www.gruppoliturgico.com\/fr\/boutique\/\"},{\"@type\":\"ListItem\",\"position\":3,\"name\":\"chasuble\"}]},{\"@type\":\"WebSite\",\"@id\":\"https:\/\/www.gruppoliturgico.com\/es\/#website\",\"url\":\"https:\/\/www.gruppoliturgico.com\/es\/\",\"name\":\"Laboratorio Gruppo Liturgico\",\"description\":\"Articoli Religiosi online\",\"publisher\":{\"@id\":\"https:\/\/www.gruppoliturgico.com\/es\/#organization\"},\"potentialAction\":[{\"@type\":\"SearchAction\",\"target\":{\"@type\":\"EntryPoint\",\"urlTemplate\":\"https:\/\/www.gruppoliturgico.com\/es\/?s={search_term_string}\"},\"query-input\":\"required name=search_term_string\"}],\"inLanguage\":\"fr-FR\"},{\"@type\":\"Organization\",\"@id\":\"https:\/\/www.gruppoliturgico.com\/es\/#organization\",\"name\":\"Laboratorio Gruppo Liturgico\",\"url\":\"https:\/\/www.gruppoliturgico.com\/es\/\",\"logo\":{\"@type\":\"ImageObject\",\"inLanguage\":\"fr-FR\",\"@id\":\"https:\/\/www.gruppoliturgico.com\/es\/#\/schema\/logo\/image\/\",\"url\":\"https:\/\/www.gruppoliturgico.com\/wp-content\/uploads\/2022\/02\/logo-laboratoriogruppoliturgico.png\",\"contentUrl\":\"https:\/\/www.gruppoliturgico.com\/wp-content\/uploads\/2022\/02\/logo-laboratoriogruppoliturgico.png\",\"width\":400,\"height\":114,\"caption\":\"Laboratorio Gruppo Liturgico\"},\"image\":{\"@id\":\"https:\/\/www.gruppoliturgico.com\/es\/#\/schema\/logo\/image\/\"}}]}<\/script>\n<!-- \/ Yoast SEO plugin. -->","yoast_head_json":{"title":"chasuble - broderie traditionnelles et Laboratorio Gruppo Liturgico","description":"belle chasuble en tissu viscose et polyester, avec un traitement semblable au bambou, lamin\u00e9 en or. L\u00e9ger et tr\u00e8s respirant. Il pr\u00e9sente un galon tr\u00e8s riche brod\u00e9 de fils d'or et de soie du symbole IHS, de fleurs et d'ornements baroques. La broderie est \u00e9galement pr\u00e9sente au dos.","robots":{"index":"index","follow":"follow","max-snippet":"max-snippet:-1","max-image-preview":"max-image-preview:large","max-video-preview":"max-video-preview:-1"},"canonical":"https:\/\/www.gruppoliturgico.com\/fr\/produit\/chasuble-154\/","og_locale":"fr_FR","og_type":"article","og_title":"chasuble - broderie traditionnelles et Laboratorio Gruppo Liturgico","og_description":"belle chasuble en tissu viscose et polyester, avec un traitement semblable au bambou, lamin\u00e9 en or. L\u00e9ger et tr\u00e8s respirant. Il pr\u00e9sente un galon tr\u00e8s riche brod\u00e9 de fils d'or et de soie du symbole IHS, de fleurs et d'ornements baroques. La broderie est \u00e9galement pr\u00e9sente au dos.","og_url":"https:\/\/www.gruppoliturgico.com\/fr\/produit\/chasuble-154\/","og_site_name":"Laboratorio Gruppo Liturgico","article_modified_time":"2022-05-20T11:49:45+00:00","og_image":[{"width":1433,"height":2000,"url":"https:\/\/www.gruppoliturgico.com\/wp-content\/uploads\/2022\/05\/3815-2-1.jpg","type":"image\/jpeg"}],"twitter_card":"summary_large_image","schema":{"@context":"https:\/\/schema.org","@graph":[{"@type":"WebPage","@id":"https:\/\/www.gruppoliturgico.com\/fr\/produit\/chasuble-154\/","url":"https:\/\/www.gruppoliturgico.com\/fr\/produit\/chasuble-154\/","name":"chasuble - broderie traditionnelles et Laboratorio Gruppo Liturgico","isPartOf":{"@id":"https:\/\/www.gruppoliturgico.com\/es\/#website"},"datePublished":"2022-05-20T04:06:04+00:00","dateModified":"2022-05-20T11:49:45+00:00","description":"belle chasuble en tissu viscose et polyester, avec un traitement semblable au bambou, lamin\u00e9 en or. L\u00e9ger et tr\u00e8s respirant. Il pr\u00e9sente un galon tr\u00e8s riche brod\u00e9 de fils d'or et de soie du symbole IHS, de fleurs et d'ornements baroques. La broderie est \u00e9galement pr\u00e9sente au dos.","breadcrumb":{"@id":"https:\/\/www.gruppoliturgico.com\/fr\/produit\/chasuble-154\/#breadcrumb"},"inLanguage":"fr-FR","potentialAction":[{"@type":"ReadAction","target":["https:\/\/www.gruppoliturgico.com\/fr\/produit\/chasuble-154\/"]}]},{"@type":"BreadcrumbList","@id":"https:\/\/www.gruppoliturgico.com\/fr\/produit\/chasuble-154\/#breadcrumb","itemListElement":[{"@type":"ListItem","position":1,"name":"Home","item":"https:\/\/www.gruppoliturgico.com\/fr\/"},{"@type":"ListItem","position":2,"name":"Boutique","item":"https:\/\/www.gruppoliturgico.com\/fr\/boutique\/"},{"@type":"ListItem","position":3,"name":"chasuble"}]},{"@type":"WebSite","@id":"https:\/\/www.gruppoliturgico.com\/es\/#website","url":"https:\/\/www.gruppoliturgico.com\/es\/","name":"Laboratorio Gruppo Liturgico","description":"Articoli Religiosi online","publisher":{"@id":"https:\/\/www.gruppoliturgico.com\/es\/#organization"},"potentialAction":[{"@type":"SearchAction","target":{"@type":"EntryPoint","urlTemplate":"https:\/\/www.gruppoliturgico.com\/es\/?s={search_term_string}"},"query-input":"required name=search_term_string"}],"inLanguage":"fr-FR"},{"@type":"Organization","@id":"https:\/\/www.gruppoliturgico.com\/es\/#organization","name":"Laboratorio Gruppo Liturgico","url":"https:\/\/www.gruppoliturgico.com\/es\/","logo":{"@type":"ImageObject","inLanguage":"fr-FR","@id":"https:\/\/www.gruppoliturgico.com\/es\/#\/schema\/logo\/image\/","url":"https:\/\/www.gruppoliturgico.com\/wp-content\/uploads\/2022\/02\/logo-laboratoriogruppoliturgico.png","contentUrl":"https:\/\/www.gruppoliturgico.com\/wp-content\/uploads\/2022\/02\/logo-laboratoriogruppoliturgico.png","width":400,"height":114,"caption":"Laboratorio Gruppo Liturgico"},"image":{"@id":"https:\/\/www.gruppoliturgico.com\/es\/#\/schema\/logo\/image\/"}}]}},"_links":{"self":[{"href":"https:\/\/www.gruppoliturgico.com\/fr\/wp-json\/wp\/v2\/product\/71682"}],"collection":[{"href":"https:\/\/www.gruppoliturgico.com\/fr\/wp-json\/wp\/v2\/product"}],"about":[{"href":"https:\/\/www.gruppoliturgico.com\/fr\/wp-json\/wp\/v2\/types\/product"}],"wp:featuredmedia":[{"embeddable":true,"href":"https:\/\/www.gruppoliturgico.com\/fr\/wp-json\/wp\/v2\/media\/140697"}],"wp:attachment":[{"href":"https:\/\/www.gruppoliturgico.com\/fr\/wp-json\/wp\/v2\/media?parent=71682"}],"wp:term":[{"taxonomy":"product_cat","embeddable":true,"href":"https:\/\/www.gruppoliturgico.com\/fr\/wp-json\/wp\/v2\/product_cat?post=71682"},{"taxonomy":"product_tag","embeddable":true,"href":"https:\/\/www.gruppoliturgico.com\/fr\/wp-json\/wp\/v2\/product_tag?post=71682"}],"curies":[{"name":"wp","href":"https:\/\/api.w.org\/{rel}","templated":true}]}}