{"id":71630,"date":"2022-05-20T06:03:10","date_gmt":"2022-05-20T04:03:15","guid":{"rendered":"https:\/\/www.gruppoliturgico.com\/prodotto\/notre-dame-de-lavent\/"},"modified":"2024-06-25T11:10:52","modified_gmt":"2024-06-25T09:10:52","slug":"notre-dame-de-lavent","status":"publish","type":"product","link":"https:\/\/www.gruppoliturgico.com\/fr\/produit\/notre-dame-de-lavent\/","title":{"rendered":"Notre Dame De L&rsquo;Avent"},"content":{"rendered":"<html><body><p class=\"LC20lb MBeuO DKV0Md\">Statue Vierge Marie Notre Dame de l\u2019Attente<br>\nStatue r\u00e9alis\u00e9e par l\u2019atelier d\u2019Art des moniales de l\u2019ordre de Bethl\u00e9em.<br>\nR\u00e9alis\u00e9e en pierre des Pyr\u00e9n\u00e9es reconstitu\u00e9e et en r\u00e9sine, elle est enti\u00e8rement d\u00e9cor\u00e9e \u00e0 la main.<br>\nFinitions Polychrome Bleu Ciel<br>\nHauteur cm 18,5<\/p>\n<\/body><\/html>","protected":false},"excerpt":{"rendered":"<p class=\"LC20lb MBeuO DKV0Md\">Statue Vierge Marie Notre Dame de l&rsquo;Attente<br \/>\nStatue r\u00e9alis\u00e9e par l&rsquo;atelier d&rsquo;Art des moniales de l&rsquo;ordre de Bethl\u00e9em.<br \/>\nR\u00e9alis\u00e9e en pierre des Pyr\u00e9n\u00e9es reconstitu\u00e9e et en r\u00e9sine, elle est enti\u00e8rement d\u00e9cor\u00e9e \u00e0 la main.<br \/>\nFinitions Polychrome Bleu Ciel<br \/>\nHauteur cm 18,5<\/p>\n","protected":false},"featured_media":81950,"template":"","meta":[],"product_cat":[11988,12460],"product_tag":[],"yoast_head":"<!-- This site is optimized with the Yoast SEO plugin v20.4 - https:\/\/yoast.com\/wordpress\/plugins\/seo\/ -->\n<title>Notre Dame De L&#039;Avent - cr\u00e9ations artistiques Soeurs de Bethl\u00e9em, statues du Monast\u00e8re de Bethl\u00e9em et Laboratorio Gruppo Liturgico<\/title>\n<meta name=\"description\" content=\"Statue Vierge Marie Notre Dame de l&#039;Attente Statue r\u00e9alis\u00e9e par l&#039;atelier d&#039;Art des moniales de l&#039;ordre de Bethl\u00e9em. R\u00e9alis\u00e9e en pierre des Pyr\u00e9n\u00e9es reconstitu\u00e9e et en r\u00e9sine, elle est enti\u00e8rement d\u00e9cor\u00e9e \u00e0 la main. Finitions Polychrome Bleu Ciel Hauteur cm 18,5\" \/>\n<meta name=\"robots\" content=\"index, follow, max-snippet:-1, max-image-preview:large, max-video-preview:-1\" \/>\n<link rel=\"canonical\" href=\"https:\/\/www.gruppoliturgico.com\/fr\/produit\/notre-dame-de-lavent\/\" \/>\n<meta property=\"og:locale\" content=\"fr_FR\" \/>\n<meta property=\"og:type\" content=\"article\" \/>\n<meta property=\"og:title\" content=\"Notre Dame De L&#039;Avent - cr\u00e9ations artistiques Soeurs de Bethl\u00e9em, statues du Monast\u00e8re de Bethl\u00e9em et Laboratorio Gruppo Liturgico\" \/>\n<meta property=\"og:description\" content=\"Statue Vierge Marie Notre Dame de l&#039;Attente Statue r\u00e9alis\u00e9e par l&#039;atelier d&#039;Art des moniales de l&#039;ordre de Bethl\u00e9em. R\u00e9alis\u00e9e en pierre des Pyr\u00e9n\u00e9es reconstitu\u00e9e et en r\u00e9sine, elle est enti\u00e8rement d\u00e9cor\u00e9e \u00e0 la main. Finitions Polychrome Bleu Ciel Hauteur cm 18,5\" \/>\n<meta property=\"og:url\" content=\"https:\/\/www.gruppoliturgico.com\/fr\/produit\/notre-dame-de-lavent\/\" \/>\n<meta property=\"og:site_name\" content=\"Laboratorio Gruppo Liturgico\" \/>\n<meta property=\"article:modified_time\" content=\"2024-06-25T09:10:52+00:00\" \/>\n<meta property=\"og:image\" content=\"https:\/\/www.gruppoliturgico.com\/wp-content\/uploads\/2022\/05\/notre-dame-de-l-avent_1.jpg\" \/>\n\t<meta property=\"og:image:width\" content=\"759\" \/>\n\t<meta property=\"og:image:height\" content=\"1500\" \/>\n\t<meta property=\"og:image:type\" content=\"image\/jpeg\" \/>\n<meta name=\"twitter:card\" content=\"summary_large_image\" \/>\n<script type=\"application\/ld+json\" class=\"yoast-schema-graph\">{\"@context\":\"https:\/\/schema.org\",\"@graph\":[{\"@type\":\"WebPage\",\"@id\":\"https:\/\/www.gruppoliturgico.com\/fr\/produit\/notre-dame-de-lavent\/\",\"url\":\"https:\/\/www.gruppoliturgico.com\/fr\/produit\/notre-dame-de-lavent\/\",\"name\":\"Notre Dame De L'Avent - cr\u00e9ations artistiques Soeurs de Bethl\u00e9em, statues du Monast\u00e8re de Bethl\u00e9em et Laboratorio Gruppo Liturgico\",\"isPartOf\":{\"@id\":\"https:\/\/www.gruppoliturgico.com\/es\/#website\"},\"datePublished\":\"2022-05-20T04:03:15+00:00\",\"dateModified\":\"2024-06-25T09:10:52+00:00\",\"description\":\"Statue Vierge Marie Notre Dame de l'Attente Statue r\u00e9alis\u00e9e par l'atelier d'Art des moniales de l'ordre de Bethl\u00e9em. R\u00e9alis\u00e9e en pierre des Pyr\u00e9n\u00e9es reconstitu\u00e9e et en r\u00e9sine, elle est enti\u00e8rement d\u00e9cor\u00e9e \u00e0 la main. Finitions Polychrome Bleu Ciel Hauteur cm 18,5\",\"breadcrumb\":{\"@id\":\"https:\/\/www.gruppoliturgico.com\/fr\/produit\/notre-dame-de-lavent\/#breadcrumb\"},\"inLanguage\":\"fr-FR\",\"potentialAction\":[{\"@type\":\"ReadAction\",\"target\":[\"https:\/\/www.gruppoliturgico.com\/fr\/produit\/notre-dame-de-lavent\/\"]}]},{\"@type\":\"BreadcrumbList\",\"@id\":\"https:\/\/www.gruppoliturgico.com\/fr\/produit\/notre-dame-de-lavent\/#breadcrumb\",\"itemListElement\":[{\"@type\":\"ListItem\",\"position\":1,\"name\":\"Home\",\"item\":\"https:\/\/www.gruppoliturgico.com\/fr\/\"},{\"@type\":\"ListItem\",\"position\":2,\"name\":\"Boutique\",\"item\":\"https:\/\/www.gruppoliturgico.com\/fr\/boutique\/\"},{\"@type\":\"ListItem\",\"position\":3,\"name\":\"Notre Dame De L&#8217;Avent\"}]},{\"@type\":\"WebSite\",\"@id\":\"https:\/\/www.gruppoliturgico.com\/es\/#website\",\"url\":\"https:\/\/www.gruppoliturgico.com\/es\/\",\"name\":\"Laboratorio Gruppo Liturgico\",\"description\":\"Articoli Religiosi online\",\"publisher\":{\"@id\":\"https:\/\/www.gruppoliturgico.com\/es\/#organization\"},\"potentialAction\":[{\"@type\":\"SearchAction\",\"target\":{\"@type\":\"EntryPoint\",\"urlTemplate\":\"https:\/\/www.gruppoliturgico.com\/es\/?s={search_term_string}\"},\"query-input\":\"required name=search_term_string\"}],\"inLanguage\":\"fr-FR\"},{\"@type\":\"Organization\",\"@id\":\"https:\/\/www.gruppoliturgico.com\/es\/#organization\",\"name\":\"Laboratorio Gruppo Liturgico\",\"url\":\"https:\/\/www.gruppoliturgico.com\/es\/\",\"logo\":{\"@type\":\"ImageObject\",\"inLanguage\":\"fr-FR\",\"@id\":\"https:\/\/www.gruppoliturgico.com\/es\/#\/schema\/logo\/image\/\",\"url\":\"https:\/\/www.gruppoliturgico.com\/wp-content\/uploads\/2022\/02\/logo-laboratoriogruppoliturgico.png\",\"contentUrl\":\"https:\/\/www.gruppoliturgico.com\/wp-content\/uploads\/2022\/02\/logo-laboratoriogruppoliturgico.png\",\"width\":400,\"height\":114,\"caption\":\"Laboratorio Gruppo Liturgico\"},\"image\":{\"@id\":\"https:\/\/www.gruppoliturgico.com\/es\/#\/schema\/logo\/image\/\"}}]}<\/script>\n<!-- \/ Yoast SEO plugin. -->","yoast_head_json":{"title":"Notre Dame De L'Avent - cr\u00e9ations artistiques Soeurs de Bethl\u00e9em, statues du Monast\u00e8re de Bethl\u00e9em et Laboratorio Gruppo Liturgico","description":"Statue Vierge Marie Notre Dame de l'Attente Statue r\u00e9alis\u00e9e par l'atelier d'Art des moniales de l'ordre de Bethl\u00e9em. R\u00e9alis\u00e9e en pierre des Pyr\u00e9n\u00e9es reconstitu\u00e9e et en r\u00e9sine, elle est enti\u00e8rement d\u00e9cor\u00e9e \u00e0 la main. Finitions Polychrome Bleu Ciel Hauteur cm 18,5","robots":{"index":"index","follow":"follow","max-snippet":"max-snippet:-1","max-image-preview":"max-image-preview:large","max-video-preview":"max-video-preview:-1"},"canonical":"https:\/\/www.gruppoliturgico.com\/fr\/produit\/notre-dame-de-lavent\/","og_locale":"fr_FR","og_type":"article","og_title":"Notre Dame De L'Avent - cr\u00e9ations artistiques Soeurs de Bethl\u00e9em, statues du Monast\u00e8re de Bethl\u00e9em et Laboratorio Gruppo Liturgico","og_description":"Statue Vierge Marie Notre Dame de l'Attente Statue r\u00e9alis\u00e9e par l'atelier d'Art des moniales de l'ordre de Bethl\u00e9em. R\u00e9alis\u00e9e en pierre des Pyr\u00e9n\u00e9es reconstitu\u00e9e et en r\u00e9sine, elle est enti\u00e8rement d\u00e9cor\u00e9e \u00e0 la main. Finitions Polychrome Bleu Ciel Hauteur cm 18,5","og_url":"https:\/\/www.gruppoliturgico.com\/fr\/produit\/notre-dame-de-lavent\/","og_site_name":"Laboratorio Gruppo Liturgico","article_modified_time":"2024-06-25T09:10:52+00:00","og_image":[{"width":759,"height":1500,"url":"https:\/\/www.gruppoliturgico.com\/wp-content\/uploads\/2022\/05\/notre-dame-de-l-avent_1.jpg","type":"image\/jpeg"}],"twitter_card":"summary_large_image","schema":{"@context":"https:\/\/schema.org","@graph":[{"@type":"WebPage","@id":"https:\/\/www.gruppoliturgico.com\/fr\/produit\/notre-dame-de-lavent\/","url":"https:\/\/www.gruppoliturgico.com\/fr\/produit\/notre-dame-de-lavent\/","name":"Notre Dame De L'Avent - cr\u00e9ations artistiques Soeurs de Bethl\u00e9em, statues du Monast\u00e8re de Bethl\u00e9em et Laboratorio Gruppo Liturgico","isPartOf":{"@id":"https:\/\/www.gruppoliturgico.com\/es\/#website"},"datePublished":"2022-05-20T04:03:15+00:00","dateModified":"2024-06-25T09:10:52+00:00","description":"Statue Vierge Marie Notre Dame de l'Attente Statue r\u00e9alis\u00e9e par l'atelier d'Art des moniales de l'ordre de Bethl\u00e9em. R\u00e9alis\u00e9e en pierre des Pyr\u00e9n\u00e9es reconstitu\u00e9e et en r\u00e9sine, elle est enti\u00e8rement d\u00e9cor\u00e9e \u00e0 la main. Finitions Polychrome Bleu Ciel Hauteur cm 18,5","breadcrumb":{"@id":"https:\/\/www.gruppoliturgico.com\/fr\/produit\/notre-dame-de-lavent\/#breadcrumb"},"inLanguage":"fr-FR","potentialAction":[{"@type":"ReadAction","target":["https:\/\/www.gruppoliturgico.com\/fr\/produit\/notre-dame-de-lavent\/"]}]},{"@type":"BreadcrumbList","@id":"https:\/\/www.gruppoliturgico.com\/fr\/produit\/notre-dame-de-lavent\/#breadcrumb","itemListElement":[{"@type":"ListItem","position":1,"name":"Home","item":"https:\/\/www.gruppoliturgico.com\/fr\/"},{"@type":"ListItem","position":2,"name":"Boutique","item":"https:\/\/www.gruppoliturgico.com\/fr\/boutique\/"},{"@type":"ListItem","position":3,"name":"Notre Dame De L&#8217;Avent"}]},{"@type":"WebSite","@id":"https:\/\/www.gruppoliturgico.com\/es\/#website","url":"https:\/\/www.gruppoliturgico.com\/es\/","name":"Laboratorio Gruppo Liturgico","description":"Articoli Religiosi online","publisher":{"@id":"https:\/\/www.gruppoliturgico.com\/es\/#organization"},"potentialAction":[{"@type":"SearchAction","target":{"@type":"EntryPoint","urlTemplate":"https:\/\/www.gruppoliturgico.com\/es\/?s={search_term_string}"},"query-input":"required name=search_term_string"}],"inLanguage":"fr-FR"},{"@type":"Organization","@id":"https:\/\/www.gruppoliturgico.com\/es\/#organization","name":"Laboratorio Gruppo Liturgico","url":"https:\/\/www.gruppoliturgico.com\/es\/","logo":{"@type":"ImageObject","inLanguage":"fr-FR","@id":"https:\/\/www.gruppoliturgico.com\/es\/#\/schema\/logo\/image\/","url":"https:\/\/www.gruppoliturgico.com\/wp-content\/uploads\/2022\/02\/logo-laboratoriogruppoliturgico.png","contentUrl":"https:\/\/www.gruppoliturgico.com\/wp-content\/uploads\/2022\/02\/logo-laboratoriogruppoliturgico.png","width":400,"height":114,"caption":"Laboratorio Gruppo Liturgico"},"image":{"@id":"https:\/\/www.gruppoliturgico.com\/es\/#\/schema\/logo\/image\/"}}]}},"_links":{"self":[{"href":"https:\/\/www.gruppoliturgico.com\/fr\/wp-json\/wp\/v2\/product\/71630"}],"collection":[{"href":"https:\/\/www.gruppoliturgico.com\/fr\/wp-json\/wp\/v2\/product"}],"about":[{"href":"https:\/\/www.gruppoliturgico.com\/fr\/wp-json\/wp\/v2\/types\/product"}],"wp:featuredmedia":[{"embeddable":true,"href":"https:\/\/www.gruppoliturgico.com\/fr\/wp-json\/wp\/v2\/media\/81950"}],"wp:attachment":[{"href":"https:\/\/www.gruppoliturgico.com\/fr\/wp-json\/wp\/v2\/media?parent=71630"}],"wp:term":[{"taxonomy":"product_cat","embeddable":true,"href":"https:\/\/www.gruppoliturgico.com\/fr\/wp-json\/wp\/v2\/product_cat?post=71630"},{"taxonomy":"product_tag","embeddable":true,"href":"https:\/\/www.gruppoliturgico.com\/fr\/wp-json\/wp\/v2\/product_tag?post=71630"}],"curies":[{"name":"wp","href":"https:\/\/api.w.org\/{rel}","templated":true}]}}