{"id":71602,"date":"2022-05-20T06:01:37","date_gmt":"2022-05-20T04:01:42","guid":{"rendered":"https:\/\/www.gruppoliturgico.com\/prodotto\/reliquaire-14\/"},"modified":"2022-05-20T13:45:53","modified_gmt":"2022-05-20T11:45:53","slug":"reliquaire-14","status":"publish","type":"product","link":"https:\/\/www.gruppoliturgico.com\/fr\/produit\/reliquaire-14\/","title":{"rendered":"Reliquaire"},"content":{"rendered":"<html><body><p>en bronze fondu et laiton, bicolore or argent.<br>\nRichement d\u00e9cor\u00e9, il pr\u00e9sente dans l\u2019aur\u00e9ole des ornements avec de petits anges en fusion.<\/p>\n<p>Hauteur 30 cm<br>\nEspace util pour la relique cm 6,5 <\/p>\n<\/body><\/html>","protected":false},"excerpt":{"rendered":"<p>en bronze fondu et laiton, bicolore or argent.<br \/>\nRichement d\u00e9cor\u00e9, il pr\u00e9sente dans l&rsquo;aur\u00e9ole des ornements avec de petits anges en fusion.<\/p>\n<p>Hauteur 30 cm<br \/>\nEspace util pour la relique cm 6,5 <\/p>\n","protected":false},"featured_media":132869,"template":"","meta":[],"product_cat":[11692],"product_tag":[],"yoast_head":"<!-- This site is optimized with the Yoast SEO plugin v20.4 - https:\/\/yoast.com\/wordpress\/plugins\/seo\/ -->\n<title>Reliquaire - reliquaires et Laboratorio Gruppo Liturgico<\/title>\n<meta name=\"description\" content=\"en bronze fondu et laiton, bicolore or argent. Richement d\u00e9cor\u00e9, il pr\u00e9sente dans l&#039;aur\u00e9ole des ornements avec de petits anges en fusion.  Hauteur 30 cm  Espace util pour la relique cm 6,5\" \/>\n<meta name=\"robots\" content=\"index, follow, max-snippet:-1, max-image-preview:large, max-video-preview:-1\" \/>\n<link rel=\"canonical\" href=\"https:\/\/www.gruppoliturgico.com\/fr\/produit\/reliquaire-14\/\" \/>\n<meta property=\"og:locale\" content=\"fr_FR\" \/>\n<meta property=\"og:type\" content=\"article\" \/>\n<meta property=\"og:title\" content=\"Reliquaire - reliquaires et Laboratorio Gruppo Liturgico\" \/>\n<meta property=\"og:description\" content=\"en bronze fondu et laiton, bicolore or argent. Richement d\u00e9cor\u00e9, il pr\u00e9sente dans l&#039;aur\u00e9ole des ornements avec de petits anges en fusion.  Hauteur 30 cm  Espace util pour la relique cm 6,5\" \/>\n<meta property=\"og:url\" content=\"https:\/\/www.gruppoliturgico.com\/fr\/produit\/reliquaire-14\/\" \/>\n<meta property=\"og:site_name\" content=\"Laboratorio Gruppo Liturgico\" \/>\n<meta property=\"article:modified_time\" content=\"2022-05-20T11:45:53+00:00\" \/>\n<meta property=\"og:image\" content=\"https:\/\/www.gruppoliturgico.com\/wp-content\/uploads\/2022\/05\/3789-nv.jpg\" \/>\n\t<meta property=\"og:image:width\" content=\"906\" \/>\n\t<meta property=\"og:image:height\" content=\"2000\" \/>\n\t<meta property=\"og:image:type\" content=\"image\/jpeg\" \/>\n<meta name=\"twitter:card\" content=\"summary_large_image\" \/>\n<script type=\"application\/ld+json\" class=\"yoast-schema-graph\">{\"@context\":\"https:\/\/schema.org\",\"@graph\":[{\"@type\":\"WebPage\",\"@id\":\"https:\/\/www.gruppoliturgico.com\/fr\/produit\/reliquaire-14\/\",\"url\":\"https:\/\/www.gruppoliturgico.com\/fr\/produit\/reliquaire-14\/\",\"name\":\"Reliquaire - reliquaires et Laboratorio Gruppo Liturgico\",\"isPartOf\":{\"@id\":\"https:\/\/www.gruppoliturgico.com\/es\/#website\"},\"datePublished\":\"2022-05-20T04:01:42+00:00\",\"dateModified\":\"2022-05-20T11:45:53+00:00\",\"description\":\"en bronze fondu et laiton, bicolore or argent. Richement d\u00e9cor\u00e9, il pr\u00e9sente dans l'aur\u00e9ole des ornements avec de petits anges en fusion. Hauteur 30 cm Espace util pour la relique cm 6,5\",\"breadcrumb\":{\"@id\":\"https:\/\/www.gruppoliturgico.com\/fr\/produit\/reliquaire-14\/#breadcrumb\"},\"inLanguage\":\"fr-FR\",\"potentialAction\":[{\"@type\":\"ReadAction\",\"target\":[\"https:\/\/www.gruppoliturgico.com\/fr\/produit\/reliquaire-14\/\"]}]},{\"@type\":\"BreadcrumbList\",\"@id\":\"https:\/\/www.gruppoliturgico.com\/fr\/produit\/reliquaire-14\/#breadcrumb\",\"itemListElement\":[{\"@type\":\"ListItem\",\"position\":1,\"name\":\"Home\",\"item\":\"https:\/\/www.gruppoliturgico.com\/fr\/\"},{\"@type\":\"ListItem\",\"position\":2,\"name\":\"Boutique\",\"item\":\"https:\/\/www.gruppoliturgico.com\/fr\/boutique\/\"},{\"@type\":\"ListItem\",\"position\":3,\"name\":\"Reliquaire\"}]},{\"@type\":\"WebSite\",\"@id\":\"https:\/\/www.gruppoliturgico.com\/es\/#website\",\"url\":\"https:\/\/www.gruppoliturgico.com\/es\/\",\"name\":\"Laboratorio Gruppo Liturgico\",\"description\":\"Articoli Religiosi online\",\"publisher\":{\"@id\":\"https:\/\/www.gruppoliturgico.com\/es\/#organization\"},\"potentialAction\":[{\"@type\":\"SearchAction\",\"target\":{\"@type\":\"EntryPoint\",\"urlTemplate\":\"https:\/\/www.gruppoliturgico.com\/es\/?s={search_term_string}\"},\"query-input\":\"required name=search_term_string\"}],\"inLanguage\":\"fr-FR\"},{\"@type\":\"Organization\",\"@id\":\"https:\/\/www.gruppoliturgico.com\/es\/#organization\",\"name\":\"Laboratorio Gruppo Liturgico\",\"url\":\"https:\/\/www.gruppoliturgico.com\/es\/\",\"logo\":{\"@type\":\"ImageObject\",\"inLanguage\":\"fr-FR\",\"@id\":\"https:\/\/www.gruppoliturgico.com\/es\/#\/schema\/logo\/image\/\",\"url\":\"https:\/\/www.gruppoliturgico.com\/wp-content\/uploads\/2022\/02\/logo-laboratoriogruppoliturgico.png\",\"contentUrl\":\"https:\/\/www.gruppoliturgico.com\/wp-content\/uploads\/2022\/02\/logo-laboratoriogruppoliturgico.png\",\"width\":400,\"height\":114,\"caption\":\"Laboratorio Gruppo Liturgico\"},\"image\":{\"@id\":\"https:\/\/www.gruppoliturgico.com\/es\/#\/schema\/logo\/image\/\"}}]}<\/script>\n<!-- \/ Yoast SEO plugin. -->","yoast_head_json":{"title":"Reliquaire - reliquaires et Laboratorio Gruppo Liturgico","description":"en bronze fondu et laiton, bicolore or argent. Richement d\u00e9cor\u00e9, il pr\u00e9sente dans l'aur\u00e9ole des ornements avec de petits anges en fusion.  Hauteur 30 cm  Espace util pour la relique cm 6,5","robots":{"index":"index","follow":"follow","max-snippet":"max-snippet:-1","max-image-preview":"max-image-preview:large","max-video-preview":"max-video-preview:-1"},"canonical":"https:\/\/www.gruppoliturgico.com\/fr\/produit\/reliquaire-14\/","og_locale":"fr_FR","og_type":"article","og_title":"Reliquaire - reliquaires et Laboratorio Gruppo Liturgico","og_description":"en bronze fondu et laiton, bicolore or argent. Richement d\u00e9cor\u00e9, il pr\u00e9sente dans l'aur\u00e9ole des ornements avec de petits anges en fusion.  Hauteur 30 cm  Espace util pour la relique cm 6,5","og_url":"https:\/\/www.gruppoliturgico.com\/fr\/produit\/reliquaire-14\/","og_site_name":"Laboratorio Gruppo Liturgico","article_modified_time":"2022-05-20T11:45:53+00:00","og_image":[{"width":906,"height":2000,"url":"https:\/\/www.gruppoliturgico.com\/wp-content\/uploads\/2022\/05\/3789-nv.jpg","type":"image\/jpeg"}],"twitter_card":"summary_large_image","schema":{"@context":"https:\/\/schema.org","@graph":[{"@type":"WebPage","@id":"https:\/\/www.gruppoliturgico.com\/fr\/produit\/reliquaire-14\/","url":"https:\/\/www.gruppoliturgico.com\/fr\/produit\/reliquaire-14\/","name":"Reliquaire - reliquaires et Laboratorio Gruppo Liturgico","isPartOf":{"@id":"https:\/\/www.gruppoliturgico.com\/es\/#website"},"datePublished":"2022-05-20T04:01:42+00:00","dateModified":"2022-05-20T11:45:53+00:00","description":"en bronze fondu et laiton, bicolore or argent. Richement d\u00e9cor\u00e9, il pr\u00e9sente dans l'aur\u00e9ole des ornements avec de petits anges en fusion. Hauteur 30 cm Espace util pour la relique cm 6,5","breadcrumb":{"@id":"https:\/\/www.gruppoliturgico.com\/fr\/produit\/reliquaire-14\/#breadcrumb"},"inLanguage":"fr-FR","potentialAction":[{"@type":"ReadAction","target":["https:\/\/www.gruppoliturgico.com\/fr\/produit\/reliquaire-14\/"]}]},{"@type":"BreadcrumbList","@id":"https:\/\/www.gruppoliturgico.com\/fr\/produit\/reliquaire-14\/#breadcrumb","itemListElement":[{"@type":"ListItem","position":1,"name":"Home","item":"https:\/\/www.gruppoliturgico.com\/fr\/"},{"@type":"ListItem","position":2,"name":"Boutique","item":"https:\/\/www.gruppoliturgico.com\/fr\/boutique\/"},{"@type":"ListItem","position":3,"name":"Reliquaire"}]},{"@type":"WebSite","@id":"https:\/\/www.gruppoliturgico.com\/es\/#website","url":"https:\/\/www.gruppoliturgico.com\/es\/","name":"Laboratorio Gruppo Liturgico","description":"Articoli Religiosi online","publisher":{"@id":"https:\/\/www.gruppoliturgico.com\/es\/#organization"},"potentialAction":[{"@type":"SearchAction","target":{"@type":"EntryPoint","urlTemplate":"https:\/\/www.gruppoliturgico.com\/es\/?s={search_term_string}"},"query-input":"required name=search_term_string"}],"inLanguage":"fr-FR"},{"@type":"Organization","@id":"https:\/\/www.gruppoliturgico.com\/es\/#organization","name":"Laboratorio Gruppo Liturgico","url":"https:\/\/www.gruppoliturgico.com\/es\/","logo":{"@type":"ImageObject","inLanguage":"fr-FR","@id":"https:\/\/www.gruppoliturgico.com\/es\/#\/schema\/logo\/image\/","url":"https:\/\/www.gruppoliturgico.com\/wp-content\/uploads\/2022\/02\/logo-laboratoriogruppoliturgico.png","contentUrl":"https:\/\/www.gruppoliturgico.com\/wp-content\/uploads\/2022\/02\/logo-laboratoriogruppoliturgico.png","width":400,"height":114,"caption":"Laboratorio Gruppo Liturgico"},"image":{"@id":"https:\/\/www.gruppoliturgico.com\/es\/#\/schema\/logo\/image\/"}}]}},"_links":{"self":[{"href":"https:\/\/www.gruppoliturgico.com\/fr\/wp-json\/wp\/v2\/product\/71602"}],"collection":[{"href":"https:\/\/www.gruppoliturgico.com\/fr\/wp-json\/wp\/v2\/product"}],"about":[{"href":"https:\/\/www.gruppoliturgico.com\/fr\/wp-json\/wp\/v2\/types\/product"}],"wp:featuredmedia":[{"embeddable":true,"href":"https:\/\/www.gruppoliturgico.com\/fr\/wp-json\/wp\/v2\/media\/132869"}],"wp:attachment":[{"href":"https:\/\/www.gruppoliturgico.com\/fr\/wp-json\/wp\/v2\/media?parent=71602"}],"wp:term":[{"taxonomy":"product_cat","embeddable":true,"href":"https:\/\/www.gruppoliturgico.com\/fr\/wp-json\/wp\/v2\/product_cat?post=71602"},{"taxonomy":"product_tag","embeddable":true,"href":"https:\/\/www.gruppoliturgico.com\/fr\/wp-json\/wp\/v2\/product_tag?post=71602"}],"curies":[{"name":"wp","href":"https:\/\/api.w.org\/{rel}","templated":true}]}}