{"id":71542,"date":"2022-05-20T05:58:29","date_gmt":"2022-05-20T03:58:34","guid":{"rendered":"https:\/\/www.gruppoliturgico.com\/prodotto\/bruloir-electrique-10\/"},"modified":"2023-02-25T09:18:30","modified_gmt":"2023-02-25T08:18:30","slug":"bruloir-electrique-10","status":"publish","type":"product","link":"https:\/\/www.gruppoliturgico.com\/fr\/produit\/bruloir-electrique-10\/","title":{"rendered":"Br\u00fbloir \u00e9lectrique blind\u00e9"},"content":{"rendered":"<html><body><p>HANDELIER BLINDE GENRE COFFRE-FORT<br>\nDisponible dans la version avec allumage automatique et manuel.<br>\nUne structure en acier moderne et fonctionnelle, avec consolidation int\u00e9rieure sur la fente et petites ailes antivol, dans laquelle est appliqu\u00e9 un coffre-fort en acier trait\u00e9 de mm 7. La serrure a la cl\u00e9 \u00e0 double pannetons \u00e0 6 leviers. La p\u00e9n\u00e9tration de n\u2019importe quel outil d\u2019effraction est imposible.<\/p>\n<p>AUTOMATIQUE \u2013<br>\n31 veilleuses  ind\u00e9pendantes avec allumage et extinction automatique.<br>\nTemporisateur de 5 \u00e0 120 minutes.<br>\nDimensions cm 80 x 22 x 93<\/p>\n<p>MANUEL \u2013<br>\n31 ou 47 veilleuses  avec allumage manuel.<br>\nDimensioni<br>\n31 veilleuses  cm 80 x 22 x 93<br>\n47 veilleuses  cm 80 x 26 x 98<\/p>\n<\/body><\/html>","protected":false},"excerpt":{"rendered":"<p>HANDELIER BLINDE GENRE COFFRE-FORT<br \/>\nDisponible dans la version avec allumage automatique et manuel.<br \/>\nUne structure en acier moderne et fonctionnelle, avec consolidation int\u00e9rieure sur la fente et petites ailes antivol, dans laquelle est appliqu\u00e9 un coffre-fort en acier trait\u00e9 de mm 7. La serrure a la cl\u00e9 \u00e0 double pannetons \u00e0 6 leviers. La p\u00e9n\u00e9tration de n&rsquo;importe quel outil d&rsquo;effraction est imposible.<\/p>\n<p>AUTOMATIQUE &#8211;<br \/>\n31 veilleuses  ind\u00e9pendantes avec allumage et extinction automatique.<br \/>\nTemporisateur de 5 \u00e0 120 minutes.<br \/>\nDimensions cm 80 x 22 x 93<\/p>\n<p>MANUEL &#8211;<br \/>\n31 ou 47 veilleuses  avec allumage manuel.<br \/>\nDimensioni<br \/>\n31 veilleuses  cm 80 x 22 x 93<br \/>\n47 veilleuses  cm 80 x 26 x 98<\/p>\n","protected":false},"featured_media":132454,"template":"","meta":[],"product_cat":[12376],"product_tag":[],"yoast_head":"<!-- This site is optimized with the Yoast SEO plugin v20.4 - https:\/\/yoast.com\/wordpress\/plugins\/seo\/ -->\n<title>Br\u00fbloir \u00e9lectrique blind\u00e9 - Br\u00fbloir \u00e9lectrique et Laboratorio Gruppo Liturgico<\/title>\n<meta name=\"description\" content=\"HANDELIER BLINDE GENRE COFFRE-FORT Disponible dans la version avec allumage automatique et manuel. Une structure en acier moderne et fonctionnelle, avec consolidation int\u00e9rieure sur la fente et petites ailes antivol, dans laquelle est appliqu\u00e9 un coffre-fort en acier trait\u00e9 de mm 7. La serrure a la cl\u00e9 \u00e0 double pannetons \u00e0 6 leviers. La p\u00e9n\u00e9tration de n&#039;importe quel outil d&#039;effraction est imposible.  AUTOMATIQUE - 31 veilleuses ind\u00e9pendantes avec allumage et extinction automatique. Temporisateur de 5 \u00e0 120 minutes. Dimensions cm 80 x 22 x 93  MANUEL - 31 ou 47 veilleuses avec allumage manuel. Dimensioni 31 veilleuses cm 80 x 22 x 93 47 veilleuses cm 80 x 26 x 98\" \/>\n<meta name=\"robots\" content=\"index, follow, max-snippet:-1, max-image-preview:large, max-video-preview:-1\" \/>\n<link rel=\"canonical\" href=\"https:\/\/www.gruppoliturgico.com\/fr\/produit\/bruloir-electrique-10\/\" \/>\n<meta property=\"og:locale\" content=\"fr_FR\" \/>\n<meta property=\"og:type\" content=\"article\" \/>\n<meta property=\"og:title\" content=\"Br\u00fbloir \u00e9lectrique blind\u00e9 - Br\u00fbloir \u00e9lectrique et Laboratorio Gruppo Liturgico\" \/>\n<meta property=\"og:description\" content=\"HANDELIER BLINDE GENRE COFFRE-FORT Disponible dans la version avec allumage automatique et manuel. Une structure en acier moderne et fonctionnelle, avec consolidation int\u00e9rieure sur la fente et petites ailes antivol, dans laquelle est appliqu\u00e9 un coffre-fort en acier trait\u00e9 de mm 7. La serrure a la cl\u00e9 \u00e0 double pannetons \u00e0 6 leviers. La p\u00e9n\u00e9tration de n&#039;importe quel outil d&#039;effraction est imposible.  AUTOMATIQUE - 31 veilleuses ind\u00e9pendantes avec allumage et extinction automatique. Temporisateur de 5 \u00e0 120 minutes. Dimensions cm 80 x 22 x 93  MANUEL - 31 ou 47 veilleuses avec allumage manuel. Dimensioni 31 veilleuses cm 80 x 22 x 93 47 veilleuses cm 80 x 26 x 98\" \/>\n<meta property=\"og:url\" content=\"https:\/\/www.gruppoliturgico.com\/fr\/produit\/bruloir-electrique-10\/\" \/>\n<meta property=\"og:site_name\" content=\"Laboratorio Gruppo Liturgico\" \/>\n<meta property=\"article:modified_time\" content=\"2023-02-25T08:18:30+00:00\" \/>\n<meta property=\"og:image\" content=\"https:\/\/www.gruppoliturgico.com\/wp-content\/uploads\/2022\/05\/483lum-nv.jpg\" \/>\n\t<meta property=\"og:image:width\" content=\"1582\" \/>\n\t<meta property=\"og:image:height\" content=\"2000\" \/>\n\t<meta property=\"og:image:type\" content=\"image\/jpeg\" \/>\n<meta name=\"twitter:card\" content=\"summary_large_image\" \/>\n<script type=\"application\/ld+json\" class=\"yoast-schema-graph\">{\"@context\":\"https:\/\/schema.org\",\"@graph\":[{\"@type\":\"WebPage\",\"@id\":\"https:\/\/www.gruppoliturgico.com\/fr\/produit\/bruloir-electrique-10\/\",\"url\":\"https:\/\/www.gruppoliturgico.com\/fr\/produit\/bruloir-electrique-10\/\",\"name\":\"Br\u00fbloir \u00e9lectrique blind\u00e9 - Br\u00fbloir \u00e9lectrique et Laboratorio Gruppo Liturgico\",\"isPartOf\":{\"@id\":\"https:\/\/www.gruppoliturgico.com\/es\/#website\"},\"datePublished\":\"2022-05-20T03:58:34+00:00\",\"dateModified\":\"2023-02-25T08:18:30+00:00\",\"description\":\"HANDELIER BLINDE GENRE COFFRE-FORT Disponible dans la version avec allumage automatique et manuel. Une structure en acier moderne et fonctionnelle, avec consolidation int\u00e9rieure sur la fente et petites ailes antivol, dans laquelle est appliqu\u00e9 un coffre-fort en acier trait\u00e9 de mm 7. La serrure a la cl\u00e9 \u00e0 double pannetons \u00e0 6 leviers. La p\u00e9n\u00e9tration de n'importe quel outil d'effraction est imposible. AUTOMATIQUE - 31 veilleuses ind\u00e9pendantes avec allumage et extinction automatique. Temporisateur de 5 \u00e0 120 minutes. Dimensions cm 80 x 22 x 93 MANUEL - 31 ou 47 veilleuses avec allumage manuel. Dimensioni 31 veilleuses cm 80 x 22 x 93 47 veilleuses cm 80 x 26 x 98\",\"breadcrumb\":{\"@id\":\"https:\/\/www.gruppoliturgico.com\/fr\/produit\/bruloir-electrique-10\/#breadcrumb\"},\"inLanguage\":\"fr-FR\",\"potentialAction\":[{\"@type\":\"ReadAction\",\"target\":[\"https:\/\/www.gruppoliturgico.com\/fr\/produit\/bruloir-electrique-10\/\"]}]},{\"@type\":\"BreadcrumbList\",\"@id\":\"https:\/\/www.gruppoliturgico.com\/fr\/produit\/bruloir-electrique-10\/#breadcrumb\",\"itemListElement\":[{\"@type\":\"ListItem\",\"position\":1,\"name\":\"Home\",\"item\":\"https:\/\/www.gruppoliturgico.com\/fr\/\"},{\"@type\":\"ListItem\",\"position\":2,\"name\":\"Boutique\",\"item\":\"https:\/\/www.gruppoliturgico.com\/fr\/boutique\/\"},{\"@type\":\"ListItem\",\"position\":3,\"name\":\"Br\u00fbloir \u00e9lectrique blind\u00e9\"}]},{\"@type\":\"WebSite\",\"@id\":\"https:\/\/www.gruppoliturgico.com\/es\/#website\",\"url\":\"https:\/\/www.gruppoliturgico.com\/es\/\",\"name\":\"Laboratorio Gruppo Liturgico\",\"description\":\"Articoli Religiosi online\",\"publisher\":{\"@id\":\"https:\/\/www.gruppoliturgico.com\/es\/#organization\"},\"potentialAction\":[{\"@type\":\"SearchAction\",\"target\":{\"@type\":\"EntryPoint\",\"urlTemplate\":\"https:\/\/www.gruppoliturgico.com\/es\/?s={search_term_string}\"},\"query-input\":\"required name=search_term_string\"}],\"inLanguage\":\"fr-FR\"},{\"@type\":\"Organization\",\"@id\":\"https:\/\/www.gruppoliturgico.com\/es\/#organization\",\"name\":\"Laboratorio Gruppo Liturgico\",\"url\":\"https:\/\/www.gruppoliturgico.com\/es\/\",\"logo\":{\"@type\":\"ImageObject\",\"inLanguage\":\"fr-FR\",\"@id\":\"https:\/\/www.gruppoliturgico.com\/es\/#\/schema\/logo\/image\/\",\"url\":\"https:\/\/www.gruppoliturgico.com\/wp-content\/uploads\/2022\/02\/logo-laboratoriogruppoliturgico.png\",\"contentUrl\":\"https:\/\/www.gruppoliturgico.com\/wp-content\/uploads\/2022\/02\/logo-laboratoriogruppoliturgico.png\",\"width\":400,\"height\":114,\"caption\":\"Laboratorio Gruppo Liturgico\"},\"image\":{\"@id\":\"https:\/\/www.gruppoliturgico.com\/es\/#\/schema\/logo\/image\/\"}}]}<\/script>\n<!-- \/ Yoast SEO plugin. -->","yoast_head_json":{"title":"Br\u00fbloir \u00e9lectrique blind\u00e9 - Br\u00fbloir \u00e9lectrique et Laboratorio Gruppo Liturgico","description":"HANDELIER BLINDE GENRE COFFRE-FORT Disponible dans la version avec allumage automatique et manuel. Une structure en acier moderne et fonctionnelle, avec consolidation int\u00e9rieure sur la fente et petites ailes antivol, dans laquelle est appliqu\u00e9 un coffre-fort en acier trait\u00e9 de mm 7. La serrure a la cl\u00e9 \u00e0 double pannetons \u00e0 6 leviers. La p\u00e9n\u00e9tration de n'importe quel outil d'effraction est imposible.  AUTOMATIQUE - 31 veilleuses ind\u00e9pendantes avec allumage et extinction automatique. Temporisateur de 5 \u00e0 120 minutes. Dimensions cm 80 x 22 x 93  MANUEL - 31 ou 47 veilleuses avec allumage manuel. Dimensioni 31 veilleuses cm 80 x 22 x 93 47 veilleuses cm 80 x 26 x 98","robots":{"index":"index","follow":"follow","max-snippet":"max-snippet:-1","max-image-preview":"max-image-preview:large","max-video-preview":"max-video-preview:-1"},"canonical":"https:\/\/www.gruppoliturgico.com\/fr\/produit\/bruloir-electrique-10\/","og_locale":"fr_FR","og_type":"article","og_title":"Br\u00fbloir \u00e9lectrique blind\u00e9 - Br\u00fbloir \u00e9lectrique et Laboratorio Gruppo Liturgico","og_description":"HANDELIER BLINDE GENRE COFFRE-FORT Disponible dans la version avec allumage automatique et manuel. Une structure en acier moderne et fonctionnelle, avec consolidation int\u00e9rieure sur la fente et petites ailes antivol, dans laquelle est appliqu\u00e9 un coffre-fort en acier trait\u00e9 de mm 7. La serrure a la cl\u00e9 \u00e0 double pannetons \u00e0 6 leviers. La p\u00e9n\u00e9tration de n'importe quel outil d'effraction est imposible.  AUTOMATIQUE - 31 veilleuses ind\u00e9pendantes avec allumage et extinction automatique. Temporisateur de 5 \u00e0 120 minutes. Dimensions cm 80 x 22 x 93  MANUEL - 31 ou 47 veilleuses avec allumage manuel. Dimensioni 31 veilleuses cm 80 x 22 x 93 47 veilleuses cm 80 x 26 x 98","og_url":"https:\/\/www.gruppoliturgico.com\/fr\/produit\/bruloir-electrique-10\/","og_site_name":"Laboratorio Gruppo Liturgico","article_modified_time":"2023-02-25T08:18:30+00:00","og_image":[{"width":1582,"height":2000,"url":"https:\/\/www.gruppoliturgico.com\/wp-content\/uploads\/2022\/05\/483lum-nv.jpg","type":"image\/jpeg"}],"twitter_card":"summary_large_image","schema":{"@context":"https:\/\/schema.org","@graph":[{"@type":"WebPage","@id":"https:\/\/www.gruppoliturgico.com\/fr\/produit\/bruloir-electrique-10\/","url":"https:\/\/www.gruppoliturgico.com\/fr\/produit\/bruloir-electrique-10\/","name":"Br\u00fbloir \u00e9lectrique blind\u00e9 - Br\u00fbloir \u00e9lectrique et Laboratorio Gruppo Liturgico","isPartOf":{"@id":"https:\/\/www.gruppoliturgico.com\/es\/#website"},"datePublished":"2022-05-20T03:58:34+00:00","dateModified":"2023-02-25T08:18:30+00:00","description":"HANDELIER BLINDE GENRE COFFRE-FORT Disponible dans la version avec allumage automatique et manuel. Une structure en acier moderne et fonctionnelle, avec consolidation int\u00e9rieure sur la fente et petites ailes antivol, dans laquelle est appliqu\u00e9 un coffre-fort en acier trait\u00e9 de mm 7. La serrure a la cl\u00e9 \u00e0 double pannetons \u00e0 6 leviers. La p\u00e9n\u00e9tration de n'importe quel outil d'effraction est imposible. AUTOMATIQUE - 31 veilleuses ind\u00e9pendantes avec allumage et extinction automatique. Temporisateur de 5 \u00e0 120 minutes. Dimensions cm 80 x 22 x 93 MANUEL - 31 ou 47 veilleuses avec allumage manuel. Dimensioni 31 veilleuses cm 80 x 22 x 93 47 veilleuses cm 80 x 26 x 98","breadcrumb":{"@id":"https:\/\/www.gruppoliturgico.com\/fr\/produit\/bruloir-electrique-10\/#breadcrumb"},"inLanguage":"fr-FR","potentialAction":[{"@type":"ReadAction","target":["https:\/\/www.gruppoliturgico.com\/fr\/produit\/bruloir-electrique-10\/"]}]},{"@type":"BreadcrumbList","@id":"https:\/\/www.gruppoliturgico.com\/fr\/produit\/bruloir-electrique-10\/#breadcrumb","itemListElement":[{"@type":"ListItem","position":1,"name":"Home","item":"https:\/\/www.gruppoliturgico.com\/fr\/"},{"@type":"ListItem","position":2,"name":"Boutique","item":"https:\/\/www.gruppoliturgico.com\/fr\/boutique\/"},{"@type":"ListItem","position":3,"name":"Br\u00fbloir \u00e9lectrique blind\u00e9"}]},{"@type":"WebSite","@id":"https:\/\/www.gruppoliturgico.com\/es\/#website","url":"https:\/\/www.gruppoliturgico.com\/es\/","name":"Laboratorio Gruppo Liturgico","description":"Articoli Religiosi online","publisher":{"@id":"https:\/\/www.gruppoliturgico.com\/es\/#organization"},"potentialAction":[{"@type":"SearchAction","target":{"@type":"EntryPoint","urlTemplate":"https:\/\/www.gruppoliturgico.com\/es\/?s={search_term_string}"},"query-input":"required name=search_term_string"}],"inLanguage":"fr-FR"},{"@type":"Organization","@id":"https:\/\/www.gruppoliturgico.com\/es\/#organization","name":"Laboratorio Gruppo Liturgico","url":"https:\/\/www.gruppoliturgico.com\/es\/","logo":{"@type":"ImageObject","inLanguage":"fr-FR","@id":"https:\/\/www.gruppoliturgico.com\/es\/#\/schema\/logo\/image\/","url":"https:\/\/www.gruppoliturgico.com\/wp-content\/uploads\/2022\/02\/logo-laboratoriogruppoliturgico.png","contentUrl":"https:\/\/www.gruppoliturgico.com\/wp-content\/uploads\/2022\/02\/logo-laboratoriogruppoliturgico.png","width":400,"height":114,"caption":"Laboratorio Gruppo Liturgico"},"image":{"@id":"https:\/\/www.gruppoliturgico.com\/es\/#\/schema\/logo\/image\/"}}]}},"_links":{"self":[{"href":"https:\/\/www.gruppoliturgico.com\/fr\/wp-json\/wp\/v2\/product\/71542"}],"collection":[{"href":"https:\/\/www.gruppoliturgico.com\/fr\/wp-json\/wp\/v2\/product"}],"about":[{"href":"https:\/\/www.gruppoliturgico.com\/fr\/wp-json\/wp\/v2\/types\/product"}],"wp:featuredmedia":[{"embeddable":true,"href":"https:\/\/www.gruppoliturgico.com\/fr\/wp-json\/wp\/v2\/media\/132454"}],"wp:attachment":[{"href":"https:\/\/www.gruppoliturgico.com\/fr\/wp-json\/wp\/v2\/media?parent=71542"}],"wp:term":[{"taxonomy":"product_cat","embeddable":true,"href":"https:\/\/www.gruppoliturgico.com\/fr\/wp-json\/wp\/v2\/product_cat?post=71542"},{"taxonomy":"product_tag","embeddable":true,"href":"https:\/\/www.gruppoliturgico.com\/fr\/wp-json\/wp\/v2\/product_tag?post=71542"}],"curies":[{"name":"wp","href":"https:\/\/api.w.org\/{rel}","templated":true}]}}