{"id":71514,"date":"2022-05-20T05:57:06","date_gmt":"2022-05-20T03:57:11","guid":{"rendered":"https:\/\/www.gruppoliturgico.com\/prodotto\/chandelier-pascal-18\/"},"modified":"2022-10-19T17:25:11","modified_gmt":"2022-10-19T15:25:11","slug":"chandelier-pascal-18","status":"publish","type":"product","link":"https:\/\/www.gruppoliturgico.com\/fr\/produit\/chandelier-pascal-18\/","title":{"rendered":"Chandelier pascal"},"content":{"rendered":"<html><body><p>Chandelier pascal en bois massif.<br>\nIl pr\u00e9sente une sculpture ornementale.<br>\nIndiqu\u00e9 pour accueillir un cierge de cm 8 de diam\u00e8tre, non compris dans le prix.<br>\nHauteur cm 50<br>\nbase cm 25 x 25<\/p>\n<\/body><\/html>","protected":false},"excerpt":{"rendered":"<p>Chandelier pascal en bois massif.<br \/>\nIl pr\u00e9sente une sculpture ornementale.<br \/>\nIndiqu\u00e9 pour accueillir un cierge de cm 8 de diam\u00e8tre, non compris dans le prix.<br \/>\nHauteur cm 50<br \/>\nbase cm 25 x 25<\/p>\n","protected":false},"featured_media":131286,"template":"","meta":[],"product_cat":[12136,11736],"product_tag":[],"yoast_head":"<!-- This site is optimized with the Yoast SEO plugin v20.4 - https:\/\/yoast.com\/wordpress\/plugins\/seo\/ -->\n<title>Chandelier pascal - art 1316, chandeliers pascal et Laboratorio Gruppo Liturgico<\/title>\n<meta name=\"description\" content=\"Chandelier pascal en bois massif. Il pr\u00e9sente une sculpture ornementale. Indiqu\u00e9 pour accueillir un cierge de cm 8 de diam\u00e8tre, non compris dans le prix. Hauteur cm 50 base cm 25 x 25\" \/>\n<meta name=\"robots\" content=\"index, follow, max-snippet:-1, max-image-preview:large, max-video-preview:-1\" \/>\n<link rel=\"canonical\" href=\"https:\/\/www.gruppoliturgico.com\/fr\/produit\/chandelier-pascal-18\/\" \/>\n<meta property=\"og:locale\" content=\"fr_FR\" \/>\n<meta property=\"og:type\" content=\"article\" \/>\n<meta property=\"og:title\" content=\"Chandelier pascal - art 1316, chandeliers pascal et Laboratorio Gruppo Liturgico\" \/>\n<meta property=\"og:description\" content=\"Chandelier pascal en bois massif. Il pr\u00e9sente une sculpture ornementale. Indiqu\u00e9 pour accueillir un cierge de cm 8 de diam\u00e8tre, non compris dans le prix. Hauteur cm 50 base cm 25 x 25\" \/>\n<meta property=\"og:url\" content=\"https:\/\/www.gruppoliturgico.com\/fr\/produit\/chandelier-pascal-18\/\" \/>\n<meta property=\"og:site_name\" content=\"Laboratorio Gruppo Liturgico\" \/>\n<meta property=\"article:modified_time\" content=\"2022-10-19T15:25:11+00:00\" \/>\n<meta property=\"og:image\" content=\"https:\/\/www.gruppoliturgico.com\/wp-content\/uploads\/2022\/05\/3800_nv.jpg\" \/>\n\t<meta property=\"og:image:width\" content=\"1133\" \/>\n\t<meta property=\"og:image:height\" content=\"2000\" \/>\n\t<meta property=\"og:image:type\" content=\"image\/jpeg\" \/>\n<meta name=\"twitter:card\" content=\"summary_large_image\" \/>\n<script type=\"application\/ld+json\" class=\"yoast-schema-graph\">{\"@context\":\"https:\/\/schema.org\",\"@graph\":[{\"@type\":\"WebPage\",\"@id\":\"https:\/\/www.gruppoliturgico.com\/fr\/produit\/chandelier-pascal-18\/\",\"url\":\"https:\/\/www.gruppoliturgico.com\/fr\/produit\/chandelier-pascal-18\/\",\"name\":\"Chandelier pascal - art 1316, chandeliers pascal et Laboratorio Gruppo Liturgico\",\"isPartOf\":{\"@id\":\"https:\/\/www.gruppoliturgico.com\/es\/#website\"},\"datePublished\":\"2022-05-20T03:57:11+00:00\",\"dateModified\":\"2022-10-19T15:25:11+00:00\",\"description\":\"Chandelier pascal en bois massif. Il pr\u00e9sente une sculpture ornementale. Indiqu\u00e9 pour accueillir un cierge de cm 8 de diam\u00e8tre, non compris dans le prix. Hauteur cm 50 base cm 25 x 25\",\"breadcrumb\":{\"@id\":\"https:\/\/www.gruppoliturgico.com\/fr\/produit\/chandelier-pascal-18\/#breadcrumb\"},\"inLanguage\":\"fr-FR\",\"potentialAction\":[{\"@type\":\"ReadAction\",\"target\":[\"https:\/\/www.gruppoliturgico.com\/fr\/produit\/chandelier-pascal-18\/\"]}]},{\"@type\":\"BreadcrumbList\",\"@id\":\"https:\/\/www.gruppoliturgico.com\/fr\/produit\/chandelier-pascal-18\/#breadcrumb\",\"itemListElement\":[{\"@type\":\"ListItem\",\"position\":1,\"name\":\"Home\",\"item\":\"https:\/\/www.gruppoliturgico.com\/fr\/\"},{\"@type\":\"ListItem\",\"position\":2,\"name\":\"Boutique\",\"item\":\"https:\/\/www.gruppoliturgico.com\/fr\/boutique\/\"},{\"@type\":\"ListItem\",\"position\":3,\"name\":\"Chandelier pascal\"}]},{\"@type\":\"WebSite\",\"@id\":\"https:\/\/www.gruppoliturgico.com\/es\/#website\",\"url\":\"https:\/\/www.gruppoliturgico.com\/es\/\",\"name\":\"Laboratorio Gruppo Liturgico\",\"description\":\"Articoli Religiosi online\",\"publisher\":{\"@id\":\"https:\/\/www.gruppoliturgico.com\/es\/#organization\"},\"potentialAction\":[{\"@type\":\"SearchAction\",\"target\":{\"@type\":\"EntryPoint\",\"urlTemplate\":\"https:\/\/www.gruppoliturgico.com\/es\/?s={search_term_string}\"},\"query-input\":\"required name=search_term_string\"}],\"inLanguage\":\"fr-FR\"},{\"@type\":\"Organization\",\"@id\":\"https:\/\/www.gruppoliturgico.com\/es\/#organization\",\"name\":\"Laboratorio Gruppo Liturgico\",\"url\":\"https:\/\/www.gruppoliturgico.com\/es\/\",\"logo\":{\"@type\":\"ImageObject\",\"inLanguage\":\"fr-FR\",\"@id\":\"https:\/\/www.gruppoliturgico.com\/es\/#\/schema\/logo\/image\/\",\"url\":\"https:\/\/www.gruppoliturgico.com\/wp-content\/uploads\/2022\/02\/logo-laboratoriogruppoliturgico.png\",\"contentUrl\":\"https:\/\/www.gruppoliturgico.com\/wp-content\/uploads\/2022\/02\/logo-laboratoriogruppoliturgico.png\",\"width\":400,\"height\":114,\"caption\":\"Laboratorio Gruppo Liturgico\"},\"image\":{\"@id\":\"https:\/\/www.gruppoliturgico.com\/es\/#\/schema\/logo\/image\/\"}}]}<\/script>\n<!-- \/ Yoast SEO plugin. -->","yoast_head_json":{"title":"Chandelier pascal - art 1316, chandeliers pascal et Laboratorio Gruppo Liturgico","description":"Chandelier pascal en bois massif. Il pr\u00e9sente une sculpture ornementale. Indiqu\u00e9 pour accueillir un cierge de cm 8 de diam\u00e8tre, non compris dans le prix. Hauteur cm 50 base cm 25 x 25","robots":{"index":"index","follow":"follow","max-snippet":"max-snippet:-1","max-image-preview":"max-image-preview:large","max-video-preview":"max-video-preview:-1"},"canonical":"https:\/\/www.gruppoliturgico.com\/fr\/produit\/chandelier-pascal-18\/","og_locale":"fr_FR","og_type":"article","og_title":"Chandelier pascal - art 1316, chandeliers pascal et Laboratorio Gruppo Liturgico","og_description":"Chandelier pascal en bois massif. Il pr\u00e9sente une sculpture ornementale. Indiqu\u00e9 pour accueillir un cierge de cm 8 de diam\u00e8tre, non compris dans le prix. Hauteur cm 50 base cm 25 x 25","og_url":"https:\/\/www.gruppoliturgico.com\/fr\/produit\/chandelier-pascal-18\/","og_site_name":"Laboratorio Gruppo Liturgico","article_modified_time":"2022-10-19T15:25:11+00:00","og_image":[{"width":1133,"height":2000,"url":"https:\/\/www.gruppoliturgico.com\/wp-content\/uploads\/2022\/05\/3800_nv.jpg","type":"image\/jpeg"}],"twitter_card":"summary_large_image","schema":{"@context":"https:\/\/schema.org","@graph":[{"@type":"WebPage","@id":"https:\/\/www.gruppoliturgico.com\/fr\/produit\/chandelier-pascal-18\/","url":"https:\/\/www.gruppoliturgico.com\/fr\/produit\/chandelier-pascal-18\/","name":"Chandelier pascal - art 1316, chandeliers pascal et Laboratorio Gruppo Liturgico","isPartOf":{"@id":"https:\/\/www.gruppoliturgico.com\/es\/#website"},"datePublished":"2022-05-20T03:57:11+00:00","dateModified":"2022-10-19T15:25:11+00:00","description":"Chandelier pascal en bois massif. Il pr\u00e9sente une sculpture ornementale. Indiqu\u00e9 pour accueillir un cierge de cm 8 de diam\u00e8tre, non compris dans le prix. Hauteur cm 50 base cm 25 x 25","breadcrumb":{"@id":"https:\/\/www.gruppoliturgico.com\/fr\/produit\/chandelier-pascal-18\/#breadcrumb"},"inLanguage":"fr-FR","potentialAction":[{"@type":"ReadAction","target":["https:\/\/www.gruppoliturgico.com\/fr\/produit\/chandelier-pascal-18\/"]}]},{"@type":"BreadcrumbList","@id":"https:\/\/www.gruppoliturgico.com\/fr\/produit\/chandelier-pascal-18\/#breadcrumb","itemListElement":[{"@type":"ListItem","position":1,"name":"Home","item":"https:\/\/www.gruppoliturgico.com\/fr\/"},{"@type":"ListItem","position":2,"name":"Boutique","item":"https:\/\/www.gruppoliturgico.com\/fr\/boutique\/"},{"@type":"ListItem","position":3,"name":"Chandelier pascal"}]},{"@type":"WebSite","@id":"https:\/\/www.gruppoliturgico.com\/es\/#website","url":"https:\/\/www.gruppoliturgico.com\/es\/","name":"Laboratorio Gruppo Liturgico","description":"Articoli Religiosi online","publisher":{"@id":"https:\/\/www.gruppoliturgico.com\/es\/#organization"},"potentialAction":[{"@type":"SearchAction","target":{"@type":"EntryPoint","urlTemplate":"https:\/\/www.gruppoliturgico.com\/es\/?s={search_term_string}"},"query-input":"required name=search_term_string"}],"inLanguage":"fr-FR"},{"@type":"Organization","@id":"https:\/\/www.gruppoliturgico.com\/es\/#organization","name":"Laboratorio Gruppo Liturgico","url":"https:\/\/www.gruppoliturgico.com\/es\/","logo":{"@type":"ImageObject","inLanguage":"fr-FR","@id":"https:\/\/www.gruppoliturgico.com\/es\/#\/schema\/logo\/image\/","url":"https:\/\/www.gruppoliturgico.com\/wp-content\/uploads\/2022\/02\/logo-laboratoriogruppoliturgico.png","contentUrl":"https:\/\/www.gruppoliturgico.com\/wp-content\/uploads\/2022\/02\/logo-laboratoriogruppoliturgico.png","width":400,"height":114,"caption":"Laboratorio Gruppo Liturgico"},"image":{"@id":"https:\/\/www.gruppoliturgico.com\/es\/#\/schema\/logo\/image\/"}}]}},"_links":{"self":[{"href":"https:\/\/www.gruppoliturgico.com\/fr\/wp-json\/wp\/v2\/product\/71514"}],"collection":[{"href":"https:\/\/www.gruppoliturgico.com\/fr\/wp-json\/wp\/v2\/product"}],"about":[{"href":"https:\/\/www.gruppoliturgico.com\/fr\/wp-json\/wp\/v2\/types\/product"}],"wp:featuredmedia":[{"embeddable":true,"href":"https:\/\/www.gruppoliturgico.com\/fr\/wp-json\/wp\/v2\/media\/131286"}],"wp:attachment":[{"href":"https:\/\/www.gruppoliturgico.com\/fr\/wp-json\/wp\/v2\/media?parent=71514"}],"wp:term":[{"taxonomy":"product_cat","embeddable":true,"href":"https:\/\/www.gruppoliturgico.com\/fr\/wp-json\/wp\/v2\/product_cat?post=71514"},{"taxonomy":"product_tag","embeddable":true,"href":"https:\/\/www.gruppoliturgico.com\/fr\/wp-json\/wp\/v2\/product_tag?post=71514"}],"curies":[{"name":"wp","href":"https:\/\/api.w.org\/{rel}","templated":true}]}}