{"id":71478,"date":"2022-05-20T05:55:18","date_gmt":"2022-05-20T03:55:23","guid":{"rendered":"https:\/\/www.gruppoliturgico.com\/prodotto\/crosse-16\/"},"modified":"2022-05-20T13:40:53","modified_gmt":"2022-05-20T11:40:53","slug":"crosse-16","status":"publish","type":"product","link":"https:\/\/www.gruppoliturgico.com\/fr\/produit\/crosse-16\/","title":{"rendered":"Crosse"},"content":{"rendered":"<html><body><p>Crosse \u00e9piscopale originale enti\u00e8rement en laiton dor\u00e9.<br>\nD\u00e9cor\u00e9e de petites feuilles d\u2019olivier argent\u00e9es.<br>\nHauteur 45 cm plus tige en m\u00e9tal de 150 cm divis\u00e9e en trois pi\u00e8ces.<\/p>\n<p>Dot\u00e9e de mallette pour le transport.<\/p>\n<\/body><\/html>","protected":false},"excerpt":{"rendered":"<p>Crosse \u00e9piscopale originale enti\u00e8rement en laiton dor\u00e9.<br \/>\nD\u00e9cor\u00e9e de petites feuilles d\u2019olivier argent\u00e9es.<br \/>\nHauteur 45 cm plus tige en m\u00e9tal de 150 cm divis\u00e9e en trois pi\u00e8ces.<\/p>\n<p>Dot\u00e9e de mallette pour le transport.<\/p>\n","protected":false},"featured_media":81798,"template":"","meta":[],"product_cat":[12120],"product_tag":[],"yoast_head":"<!-- This site is optimized with the Yoast SEO plugin v20.4 - https:\/\/yoast.com\/wordpress\/plugins\/seo\/ -->\n<title>Crosse - crosses et Laboratorio Gruppo Liturgico<\/title>\n<meta name=\"description\" content=\"Crosse \u00e9piscopale originale enti\u00e8rement en laiton dor\u00e9.  D\u00e9cor\u00e9e de petites feuilles d\u2019olivier argent\u00e9es. Hauteur 45 cm plus tige en m\u00e9tal de 150 cm divis\u00e9e en trois pi\u00e8ces.  Dot\u00e9e de mallette pour le transport.\" \/>\n<meta name=\"robots\" content=\"index, follow, max-snippet:-1, max-image-preview:large, max-video-preview:-1\" \/>\n<link rel=\"canonical\" href=\"https:\/\/www.gruppoliturgico.com\/fr\/produit\/crosse-16\/\" \/>\n<meta property=\"og:locale\" content=\"fr_FR\" \/>\n<meta property=\"og:type\" content=\"article\" \/>\n<meta property=\"og:title\" content=\"Crosse - crosses et Laboratorio Gruppo Liturgico\" \/>\n<meta property=\"og:description\" content=\"Crosse \u00e9piscopale originale enti\u00e8rement en laiton dor\u00e9.  D\u00e9cor\u00e9e de petites feuilles d\u2019olivier argent\u00e9es. Hauteur 45 cm plus tige en m\u00e9tal de 150 cm divis\u00e9e en trois pi\u00e8ces.  Dot\u00e9e de mallette pour le transport.\" \/>\n<meta property=\"og:url\" content=\"https:\/\/www.gruppoliturgico.com\/fr\/produit\/crosse-16\/\" \/>\n<meta property=\"og:site_name\" content=\"Laboratorio Gruppo Liturgico\" \/>\n<meta property=\"article:modified_time\" content=\"2022-05-20T11:40:53+00:00\" \/>\n<meta property=\"og:image\" content=\"https:\/\/www.gruppoliturgico.com\/wp-content\/uploads\/2022\/05\/3753.jpg\" \/>\n\t<meta property=\"og:image:width\" content=\"1000\" \/>\n\t<meta property=\"og:image:height\" content=\"1500\" \/>\n\t<meta property=\"og:image:type\" content=\"image\/jpeg\" \/>\n<meta name=\"twitter:card\" content=\"summary_large_image\" \/>\n<script type=\"application\/ld+json\" class=\"yoast-schema-graph\">{\"@context\":\"https:\/\/schema.org\",\"@graph\":[{\"@type\":\"WebPage\",\"@id\":\"https:\/\/www.gruppoliturgico.com\/fr\/produit\/crosse-16\/\",\"url\":\"https:\/\/www.gruppoliturgico.com\/fr\/produit\/crosse-16\/\",\"name\":\"Crosse - crosses et Laboratorio Gruppo Liturgico\",\"isPartOf\":{\"@id\":\"https:\/\/www.gruppoliturgico.com\/es\/#website\"},\"datePublished\":\"2022-05-20T03:55:23+00:00\",\"dateModified\":\"2022-05-20T11:40:53+00:00\",\"description\":\"Crosse \u00e9piscopale originale enti\u00e8rement en laiton dor\u00e9. D\u00e9cor\u00e9e de petites feuilles d\u2019olivier argent\u00e9es. Hauteur 45 cm plus tige en m\u00e9tal de 150 cm divis\u00e9e en trois pi\u00e8ces. Dot\u00e9e de mallette pour le transport.\",\"breadcrumb\":{\"@id\":\"https:\/\/www.gruppoliturgico.com\/fr\/produit\/crosse-16\/#breadcrumb\"},\"inLanguage\":\"fr-FR\",\"potentialAction\":[{\"@type\":\"ReadAction\",\"target\":[\"https:\/\/www.gruppoliturgico.com\/fr\/produit\/crosse-16\/\"]}]},{\"@type\":\"BreadcrumbList\",\"@id\":\"https:\/\/www.gruppoliturgico.com\/fr\/produit\/crosse-16\/#breadcrumb\",\"itemListElement\":[{\"@type\":\"ListItem\",\"position\":1,\"name\":\"Home\",\"item\":\"https:\/\/www.gruppoliturgico.com\/fr\/\"},{\"@type\":\"ListItem\",\"position\":2,\"name\":\"Boutique\",\"item\":\"https:\/\/www.gruppoliturgico.com\/fr\/boutique\/\"},{\"@type\":\"ListItem\",\"position\":3,\"name\":\"Crosse\"}]},{\"@type\":\"WebSite\",\"@id\":\"https:\/\/www.gruppoliturgico.com\/es\/#website\",\"url\":\"https:\/\/www.gruppoliturgico.com\/es\/\",\"name\":\"Laboratorio Gruppo Liturgico\",\"description\":\"Articoli Religiosi online\",\"publisher\":{\"@id\":\"https:\/\/www.gruppoliturgico.com\/es\/#organization\"},\"potentialAction\":[{\"@type\":\"SearchAction\",\"target\":{\"@type\":\"EntryPoint\",\"urlTemplate\":\"https:\/\/www.gruppoliturgico.com\/es\/?s={search_term_string}\"},\"query-input\":\"required name=search_term_string\"}],\"inLanguage\":\"fr-FR\"},{\"@type\":\"Organization\",\"@id\":\"https:\/\/www.gruppoliturgico.com\/es\/#organization\",\"name\":\"Laboratorio Gruppo Liturgico\",\"url\":\"https:\/\/www.gruppoliturgico.com\/es\/\",\"logo\":{\"@type\":\"ImageObject\",\"inLanguage\":\"fr-FR\",\"@id\":\"https:\/\/www.gruppoliturgico.com\/es\/#\/schema\/logo\/image\/\",\"url\":\"https:\/\/www.gruppoliturgico.com\/wp-content\/uploads\/2022\/02\/logo-laboratoriogruppoliturgico.png\",\"contentUrl\":\"https:\/\/www.gruppoliturgico.com\/wp-content\/uploads\/2022\/02\/logo-laboratoriogruppoliturgico.png\",\"width\":400,\"height\":114,\"caption\":\"Laboratorio Gruppo Liturgico\"},\"image\":{\"@id\":\"https:\/\/www.gruppoliturgico.com\/es\/#\/schema\/logo\/image\/\"}}]}<\/script>\n<!-- \/ Yoast SEO plugin. -->","yoast_head_json":{"title":"Crosse - crosses et Laboratorio Gruppo Liturgico","description":"Crosse \u00e9piscopale originale enti\u00e8rement en laiton dor\u00e9.  D\u00e9cor\u00e9e de petites feuilles d\u2019olivier argent\u00e9es. Hauteur 45 cm plus tige en m\u00e9tal de 150 cm divis\u00e9e en trois pi\u00e8ces.  Dot\u00e9e de mallette pour le transport.","robots":{"index":"index","follow":"follow","max-snippet":"max-snippet:-1","max-image-preview":"max-image-preview:large","max-video-preview":"max-video-preview:-1"},"canonical":"https:\/\/www.gruppoliturgico.com\/fr\/produit\/crosse-16\/","og_locale":"fr_FR","og_type":"article","og_title":"Crosse - crosses et Laboratorio Gruppo Liturgico","og_description":"Crosse \u00e9piscopale originale enti\u00e8rement en laiton dor\u00e9.  D\u00e9cor\u00e9e de petites feuilles d\u2019olivier argent\u00e9es. Hauteur 45 cm plus tige en m\u00e9tal de 150 cm divis\u00e9e en trois pi\u00e8ces.  Dot\u00e9e de mallette pour le transport.","og_url":"https:\/\/www.gruppoliturgico.com\/fr\/produit\/crosse-16\/","og_site_name":"Laboratorio Gruppo Liturgico","article_modified_time":"2022-05-20T11:40:53+00:00","og_image":[{"width":1000,"height":1500,"url":"https:\/\/www.gruppoliturgico.com\/wp-content\/uploads\/2022\/05\/3753.jpg","type":"image\/jpeg"}],"twitter_card":"summary_large_image","schema":{"@context":"https:\/\/schema.org","@graph":[{"@type":"WebPage","@id":"https:\/\/www.gruppoliturgico.com\/fr\/produit\/crosse-16\/","url":"https:\/\/www.gruppoliturgico.com\/fr\/produit\/crosse-16\/","name":"Crosse - crosses et Laboratorio Gruppo Liturgico","isPartOf":{"@id":"https:\/\/www.gruppoliturgico.com\/es\/#website"},"datePublished":"2022-05-20T03:55:23+00:00","dateModified":"2022-05-20T11:40:53+00:00","description":"Crosse \u00e9piscopale originale enti\u00e8rement en laiton dor\u00e9. D\u00e9cor\u00e9e de petites feuilles d\u2019olivier argent\u00e9es. Hauteur 45 cm plus tige en m\u00e9tal de 150 cm divis\u00e9e en trois pi\u00e8ces. Dot\u00e9e de mallette pour le transport.","breadcrumb":{"@id":"https:\/\/www.gruppoliturgico.com\/fr\/produit\/crosse-16\/#breadcrumb"},"inLanguage":"fr-FR","potentialAction":[{"@type":"ReadAction","target":["https:\/\/www.gruppoliturgico.com\/fr\/produit\/crosse-16\/"]}]},{"@type":"BreadcrumbList","@id":"https:\/\/www.gruppoliturgico.com\/fr\/produit\/crosse-16\/#breadcrumb","itemListElement":[{"@type":"ListItem","position":1,"name":"Home","item":"https:\/\/www.gruppoliturgico.com\/fr\/"},{"@type":"ListItem","position":2,"name":"Boutique","item":"https:\/\/www.gruppoliturgico.com\/fr\/boutique\/"},{"@type":"ListItem","position":3,"name":"Crosse"}]},{"@type":"WebSite","@id":"https:\/\/www.gruppoliturgico.com\/es\/#website","url":"https:\/\/www.gruppoliturgico.com\/es\/","name":"Laboratorio Gruppo Liturgico","description":"Articoli Religiosi online","publisher":{"@id":"https:\/\/www.gruppoliturgico.com\/es\/#organization"},"potentialAction":[{"@type":"SearchAction","target":{"@type":"EntryPoint","urlTemplate":"https:\/\/www.gruppoliturgico.com\/es\/?s={search_term_string}"},"query-input":"required name=search_term_string"}],"inLanguage":"fr-FR"},{"@type":"Organization","@id":"https:\/\/www.gruppoliturgico.com\/es\/#organization","name":"Laboratorio Gruppo Liturgico","url":"https:\/\/www.gruppoliturgico.com\/es\/","logo":{"@type":"ImageObject","inLanguage":"fr-FR","@id":"https:\/\/www.gruppoliturgico.com\/es\/#\/schema\/logo\/image\/","url":"https:\/\/www.gruppoliturgico.com\/wp-content\/uploads\/2022\/02\/logo-laboratoriogruppoliturgico.png","contentUrl":"https:\/\/www.gruppoliturgico.com\/wp-content\/uploads\/2022\/02\/logo-laboratoriogruppoliturgico.png","width":400,"height":114,"caption":"Laboratorio Gruppo Liturgico"},"image":{"@id":"https:\/\/www.gruppoliturgico.com\/es\/#\/schema\/logo\/image\/"}}]}},"_links":{"self":[{"href":"https:\/\/www.gruppoliturgico.com\/fr\/wp-json\/wp\/v2\/product\/71478"}],"collection":[{"href":"https:\/\/www.gruppoliturgico.com\/fr\/wp-json\/wp\/v2\/product"}],"about":[{"href":"https:\/\/www.gruppoliturgico.com\/fr\/wp-json\/wp\/v2\/types\/product"}],"wp:featuredmedia":[{"embeddable":true,"href":"https:\/\/www.gruppoliturgico.com\/fr\/wp-json\/wp\/v2\/media\/81798"}],"wp:attachment":[{"href":"https:\/\/www.gruppoliturgico.com\/fr\/wp-json\/wp\/v2\/media?parent=71478"}],"wp:term":[{"taxonomy":"product_cat","embeddable":true,"href":"https:\/\/www.gruppoliturgico.com\/fr\/wp-json\/wp\/v2\/product_cat?post=71478"},{"taxonomy":"product_tag","embeddable":true,"href":"https:\/\/www.gruppoliturgico.com\/fr\/wp-json\/wp\/v2\/product_tag?post=71478"}],"curies":[{"name":"wp","href":"https:\/\/api.w.org\/{rel}","templated":true}]}}