{"id":71286,"date":"2022-05-20T05:45:48","date_gmt":"2022-05-20T03:45:53","guid":{"rendered":"https:\/\/www.gruppoliturgico.com\/prodotto\/coupe-pour-aube-brodee-a-la-main\/"},"modified":"2022-05-20T13:32:48","modified_gmt":"2022-05-20T11:32:48","slug":"coupe-pour-aube-brodee-a-la-main","status":"publish","type":"product","link":"https:\/\/www.gruppoliturgico.com\/fr\/produit\/coupe-pour-aube-brodee-a-la-main\/","title":{"rendered":"Coupe pour aube brod\u00e9e \u00e0 la main"},"content":{"rendered":"<html><body><p>coupe pour aube ou rochet en pur lin avec pr\u00e9cieuse broderie \u00e0 la main point entaille et point cocotte.<br>\nL\u2019utilisation d\u2019un fil \u00e0 broder fin, la pr\u00e9cision et l\u2019uniformit\u00e9 des points en font un chef-d\u2019\u0153uvre artistique.<br>\nLa broderie est particuli\u00e8rement soulign\u00e9e par le fil de couleur ivoire qui a \u00e9t\u00e9 utilis\u00e9.<\/p>\n<\/body><\/html>","protected":false},"excerpt":{"rendered":"<p>coupe pour aube ou rochet en pur lin avec pr\u00e9cieuse broderie \u00e0 la main point entaille et point cocotte.<br \/>\nL\u2019utilisation d\u2019un fil \u00e0 broder fin, la pr\u00e9cision et l\u2019uniformit\u00e9 des points en font un chef-d\u2019\u0153uvre artistique.<br \/>\nLa broderie est particuli\u00e8rement soulign\u00e9e par le fil de couleur ivoire qui a \u00e9t\u00e9 utilis\u00e9.<\/p>\n","protected":false},"featured_media":81606,"template":"","meta":[],"product_cat":[12224],"product_tag":[],"yoast_head":"<!-- This site is optimized with the Yoast SEO plugin v20.4 - https:\/\/yoast.com\/wordpress\/plugins\/seo\/ -->\n<title>Coupe pour aube brod\u00e9e \u00e0 la main - Aubes et Laboratorio Gruppo Liturgico<\/title>\n<meta name=\"description\" content=\"coupe pour aube ou rochet en pur lin avec pr\u00e9cieuse broderie \u00e0 la main point entaille et point cocotte. L\u2019utilisation d\u2019un fil \u00e0 broder fin, la pr\u00e9cision et l\u2019uniformit\u00e9 des points en font un chef-d\u2019\u0153uvre artistique. La broderie est particuli\u00e8rement soulign\u00e9e par le fil de couleur ivoire qui a \u00e9t\u00e9 utilis\u00e9.\" \/>\n<meta name=\"robots\" content=\"index, follow, max-snippet:-1, max-image-preview:large, max-video-preview:-1\" \/>\n<link rel=\"canonical\" href=\"https:\/\/www.gruppoliturgico.com\/fr\/produit\/coupe-pour-aube-brodee-a-la-main\/\" \/>\n<meta property=\"og:locale\" content=\"fr_FR\" \/>\n<meta property=\"og:type\" content=\"article\" \/>\n<meta property=\"og:title\" content=\"Coupe pour aube brod\u00e9e \u00e0 la main - Aubes et Laboratorio Gruppo Liturgico\" \/>\n<meta property=\"og:description\" content=\"coupe pour aube ou rochet en pur lin avec pr\u00e9cieuse broderie \u00e0 la main point entaille et point cocotte. L\u2019utilisation d\u2019un fil \u00e0 broder fin, la pr\u00e9cision et l\u2019uniformit\u00e9 des points en font un chef-d\u2019\u0153uvre artistique. La broderie est particuli\u00e8rement soulign\u00e9e par le fil de couleur ivoire qui a \u00e9t\u00e9 utilis\u00e9.\" \/>\n<meta property=\"og:url\" content=\"https:\/\/www.gruppoliturgico.com\/fr\/produit\/coupe-pour-aube-brodee-a-la-main\/\" \/>\n<meta property=\"og:site_name\" content=\"Laboratorio Gruppo Liturgico\" \/>\n<meta property=\"article:modified_time\" content=\"2022-05-20T11:32:48+00:00\" \/>\n<meta property=\"og:image\" content=\"https:\/\/www.gruppoliturgico.com\/wp-content\/uploads\/2022\/05\/3692201.jpg\" \/>\n\t<meta property=\"og:image:width\" content=\"1500\" \/>\n\t<meta property=\"og:image:height\" content=\"1084\" \/>\n\t<meta property=\"og:image:type\" content=\"image\/jpeg\" \/>\n<meta name=\"twitter:card\" content=\"summary_large_image\" \/>\n<script type=\"application\/ld+json\" class=\"yoast-schema-graph\">{\"@context\":\"https:\/\/schema.org\",\"@graph\":[{\"@type\":\"WebPage\",\"@id\":\"https:\/\/www.gruppoliturgico.com\/fr\/produit\/coupe-pour-aube-brodee-a-la-main\/\",\"url\":\"https:\/\/www.gruppoliturgico.com\/fr\/produit\/coupe-pour-aube-brodee-a-la-main\/\",\"name\":\"Coupe pour aube brod\u00e9e \u00e0 la main - Aubes et Laboratorio Gruppo Liturgico\",\"isPartOf\":{\"@id\":\"https:\/\/www.gruppoliturgico.com\/es\/#website\"},\"datePublished\":\"2022-05-20T03:45:53+00:00\",\"dateModified\":\"2022-05-20T11:32:48+00:00\",\"description\":\"coupe pour aube ou rochet en pur lin avec pr\u00e9cieuse broderie \u00e0 la main point entaille et point cocotte. L\u2019utilisation d\u2019un fil \u00e0 broder fin, la pr\u00e9cision et l\u2019uniformit\u00e9 des points en font un chef-d\u2019\u0153uvre artistique. La broderie est particuli\u00e8rement soulign\u00e9e par le fil de couleur ivoire qui a \u00e9t\u00e9 utilis\u00e9.\",\"breadcrumb\":{\"@id\":\"https:\/\/www.gruppoliturgico.com\/fr\/produit\/coupe-pour-aube-brodee-a-la-main\/#breadcrumb\"},\"inLanguage\":\"fr-FR\",\"potentialAction\":[{\"@type\":\"ReadAction\",\"target\":[\"https:\/\/www.gruppoliturgico.com\/fr\/produit\/coupe-pour-aube-brodee-a-la-main\/\"]}]},{\"@type\":\"BreadcrumbList\",\"@id\":\"https:\/\/www.gruppoliturgico.com\/fr\/produit\/coupe-pour-aube-brodee-a-la-main\/#breadcrumb\",\"itemListElement\":[{\"@type\":\"ListItem\",\"position\":1,\"name\":\"Home\",\"item\":\"https:\/\/www.gruppoliturgico.com\/fr\/\"},{\"@type\":\"ListItem\",\"position\":2,\"name\":\"Boutique\",\"item\":\"https:\/\/www.gruppoliturgico.com\/fr\/boutique\/\"},{\"@type\":\"ListItem\",\"position\":3,\"name\":\"Coupe pour aube brod\u00e9e \u00e0 la main\"}]},{\"@type\":\"WebSite\",\"@id\":\"https:\/\/www.gruppoliturgico.com\/es\/#website\",\"url\":\"https:\/\/www.gruppoliturgico.com\/es\/\",\"name\":\"Laboratorio Gruppo Liturgico\",\"description\":\"Articoli Religiosi online\",\"publisher\":{\"@id\":\"https:\/\/www.gruppoliturgico.com\/es\/#organization\"},\"potentialAction\":[{\"@type\":\"SearchAction\",\"target\":{\"@type\":\"EntryPoint\",\"urlTemplate\":\"https:\/\/www.gruppoliturgico.com\/es\/?s={search_term_string}\"},\"query-input\":\"required name=search_term_string\"}],\"inLanguage\":\"fr-FR\"},{\"@type\":\"Organization\",\"@id\":\"https:\/\/www.gruppoliturgico.com\/es\/#organization\",\"name\":\"Laboratorio Gruppo Liturgico\",\"url\":\"https:\/\/www.gruppoliturgico.com\/es\/\",\"logo\":{\"@type\":\"ImageObject\",\"inLanguage\":\"fr-FR\",\"@id\":\"https:\/\/www.gruppoliturgico.com\/es\/#\/schema\/logo\/image\/\",\"url\":\"https:\/\/www.gruppoliturgico.com\/wp-content\/uploads\/2022\/02\/logo-laboratoriogruppoliturgico.png\",\"contentUrl\":\"https:\/\/www.gruppoliturgico.com\/wp-content\/uploads\/2022\/02\/logo-laboratoriogruppoliturgico.png\",\"width\":400,\"height\":114,\"caption\":\"Laboratorio Gruppo Liturgico\"},\"image\":{\"@id\":\"https:\/\/www.gruppoliturgico.com\/es\/#\/schema\/logo\/image\/\"}}]}<\/script>\n<!-- \/ Yoast SEO plugin. -->","yoast_head_json":{"title":"Coupe pour aube brod\u00e9e \u00e0 la main - Aubes et Laboratorio Gruppo Liturgico","description":"coupe pour aube ou rochet en pur lin avec pr\u00e9cieuse broderie \u00e0 la main point entaille et point cocotte. L\u2019utilisation d\u2019un fil \u00e0 broder fin, la pr\u00e9cision et l\u2019uniformit\u00e9 des points en font un chef-d\u2019\u0153uvre artistique. La broderie est particuli\u00e8rement soulign\u00e9e par le fil de couleur ivoire qui a \u00e9t\u00e9 utilis\u00e9.","robots":{"index":"index","follow":"follow","max-snippet":"max-snippet:-1","max-image-preview":"max-image-preview:large","max-video-preview":"max-video-preview:-1"},"canonical":"https:\/\/www.gruppoliturgico.com\/fr\/produit\/coupe-pour-aube-brodee-a-la-main\/","og_locale":"fr_FR","og_type":"article","og_title":"Coupe pour aube brod\u00e9e \u00e0 la main - Aubes et Laboratorio Gruppo Liturgico","og_description":"coupe pour aube ou rochet en pur lin avec pr\u00e9cieuse broderie \u00e0 la main point entaille et point cocotte. L\u2019utilisation d\u2019un fil \u00e0 broder fin, la pr\u00e9cision et l\u2019uniformit\u00e9 des points en font un chef-d\u2019\u0153uvre artistique. La broderie est particuli\u00e8rement soulign\u00e9e par le fil de couleur ivoire qui a \u00e9t\u00e9 utilis\u00e9.","og_url":"https:\/\/www.gruppoliturgico.com\/fr\/produit\/coupe-pour-aube-brodee-a-la-main\/","og_site_name":"Laboratorio Gruppo Liturgico","article_modified_time":"2022-05-20T11:32:48+00:00","og_image":[{"width":1500,"height":1084,"url":"https:\/\/www.gruppoliturgico.com\/wp-content\/uploads\/2022\/05\/3692201.jpg","type":"image\/jpeg"}],"twitter_card":"summary_large_image","schema":{"@context":"https:\/\/schema.org","@graph":[{"@type":"WebPage","@id":"https:\/\/www.gruppoliturgico.com\/fr\/produit\/coupe-pour-aube-brodee-a-la-main\/","url":"https:\/\/www.gruppoliturgico.com\/fr\/produit\/coupe-pour-aube-brodee-a-la-main\/","name":"Coupe pour aube brod\u00e9e \u00e0 la main - Aubes et Laboratorio Gruppo Liturgico","isPartOf":{"@id":"https:\/\/www.gruppoliturgico.com\/es\/#website"},"datePublished":"2022-05-20T03:45:53+00:00","dateModified":"2022-05-20T11:32:48+00:00","description":"coupe pour aube ou rochet en pur lin avec pr\u00e9cieuse broderie \u00e0 la main point entaille et point cocotte. L\u2019utilisation d\u2019un fil \u00e0 broder fin, la pr\u00e9cision et l\u2019uniformit\u00e9 des points en font un chef-d\u2019\u0153uvre artistique. La broderie est particuli\u00e8rement soulign\u00e9e par le fil de couleur ivoire qui a \u00e9t\u00e9 utilis\u00e9.","breadcrumb":{"@id":"https:\/\/www.gruppoliturgico.com\/fr\/produit\/coupe-pour-aube-brodee-a-la-main\/#breadcrumb"},"inLanguage":"fr-FR","potentialAction":[{"@type":"ReadAction","target":["https:\/\/www.gruppoliturgico.com\/fr\/produit\/coupe-pour-aube-brodee-a-la-main\/"]}]},{"@type":"BreadcrumbList","@id":"https:\/\/www.gruppoliturgico.com\/fr\/produit\/coupe-pour-aube-brodee-a-la-main\/#breadcrumb","itemListElement":[{"@type":"ListItem","position":1,"name":"Home","item":"https:\/\/www.gruppoliturgico.com\/fr\/"},{"@type":"ListItem","position":2,"name":"Boutique","item":"https:\/\/www.gruppoliturgico.com\/fr\/boutique\/"},{"@type":"ListItem","position":3,"name":"Coupe pour aube brod\u00e9e \u00e0 la main"}]},{"@type":"WebSite","@id":"https:\/\/www.gruppoliturgico.com\/es\/#website","url":"https:\/\/www.gruppoliturgico.com\/es\/","name":"Laboratorio Gruppo Liturgico","description":"Articoli Religiosi online","publisher":{"@id":"https:\/\/www.gruppoliturgico.com\/es\/#organization"},"potentialAction":[{"@type":"SearchAction","target":{"@type":"EntryPoint","urlTemplate":"https:\/\/www.gruppoliturgico.com\/es\/?s={search_term_string}"},"query-input":"required name=search_term_string"}],"inLanguage":"fr-FR"},{"@type":"Organization","@id":"https:\/\/www.gruppoliturgico.com\/es\/#organization","name":"Laboratorio Gruppo Liturgico","url":"https:\/\/www.gruppoliturgico.com\/es\/","logo":{"@type":"ImageObject","inLanguage":"fr-FR","@id":"https:\/\/www.gruppoliturgico.com\/es\/#\/schema\/logo\/image\/","url":"https:\/\/www.gruppoliturgico.com\/wp-content\/uploads\/2022\/02\/logo-laboratoriogruppoliturgico.png","contentUrl":"https:\/\/www.gruppoliturgico.com\/wp-content\/uploads\/2022\/02\/logo-laboratoriogruppoliturgico.png","width":400,"height":114,"caption":"Laboratorio Gruppo Liturgico"},"image":{"@id":"https:\/\/www.gruppoliturgico.com\/es\/#\/schema\/logo\/image\/"}}]}},"_links":{"self":[{"href":"https:\/\/www.gruppoliturgico.com\/fr\/wp-json\/wp\/v2\/product\/71286"}],"collection":[{"href":"https:\/\/www.gruppoliturgico.com\/fr\/wp-json\/wp\/v2\/product"}],"about":[{"href":"https:\/\/www.gruppoliturgico.com\/fr\/wp-json\/wp\/v2\/types\/product"}],"wp:featuredmedia":[{"embeddable":true,"href":"https:\/\/www.gruppoliturgico.com\/fr\/wp-json\/wp\/v2\/media\/81606"}],"wp:attachment":[{"href":"https:\/\/www.gruppoliturgico.com\/fr\/wp-json\/wp\/v2\/media?parent=71286"}],"wp:term":[{"taxonomy":"product_cat","embeddable":true,"href":"https:\/\/www.gruppoliturgico.com\/fr\/wp-json\/wp\/v2\/product_cat?post=71286"},{"taxonomy":"product_tag","embeddable":true,"href":"https:\/\/www.gruppoliturgico.com\/fr\/wp-json\/wp\/v2\/product_tag?post=71286"}],"curies":[{"name":"wp","href":"https:\/\/api.w.org\/{rel}","templated":true}]}}