{"id":71234,"date":"2022-05-20T05:43:23","date_gmt":"2022-05-20T03:43:28","guid":{"rendered":"https:\/\/www.gruppoliturgico.com\/prodotto\/mitre-13\/"},"modified":"2022-06-02T14:05:22","modified_gmt":"2022-06-02T12:05:22","slug":"mitre-13","status":"publish","type":"product","link":"https:\/\/www.gruppoliturgico.com\/fr\/produit\/mitre-13\/","title":{"rendered":"Mitre"},"content":{"rendered":"<html><body><p>Mitre confectionn\u00e9e en tissu polyester.<br>\nTr\u00e8s \u00e9l\u00e9gante, elle est orn\u00e9e d\u2019une broderie \u00e0 haut relief des croix enjoliv\u00e9e par l\u2019insertion de pierres ornementales, pr\u00e9sentes aussi sur la passementerie et sur les franges des fanons.<br>\nLors de la commande, veuillez indiquer le tour de t\u00eate<\/p>\n<\/body><\/html>","protected":false},"excerpt":{"rendered":"<p>Mitre confectionn\u00e9e en tissu polyester.<br \/>\nTr\u00e8s \u00e9l\u00e9gante, elle est orn\u00e9e d\u2019une broderie \u00e0 haut relief des croix enjoliv\u00e9e par l\u2019insertion de pierres ornementales, pr\u00e9sentes aussi sur la passementerie et sur les franges des fanons.<br \/>\nLors de la commande, veuillez indiquer le tour de t\u00eate<\/p>\n","protected":false},"featured_media":135471,"template":"","meta":[],"product_cat":[11964],"product_tag":[],"yoast_head":"<!-- This site is optimized with the Yoast SEO plugin v20.4 - https:\/\/yoast.com\/wordpress\/plugins\/seo\/ -->\n<title>Mitre - mitres et Laboratorio Gruppo Liturgico<\/title>\n<meta name=\"description\" content=\"Mitre confectionn\u00e9e en tissu polyester.  Tr\u00e8s \u00e9l\u00e9gante, elle est orn\u00e9e d\u2019une broderie \u00e0 haut relief des croix enjoliv\u00e9e par l\u2019insertion de pierres ornementales, pr\u00e9sentes aussi sur la passementerie et sur les franges des fanons. Lors de la commande, veuillez indiquer le tour de t\u00eate\" \/>\n<meta name=\"robots\" content=\"index, follow, max-snippet:-1, max-image-preview:large, max-video-preview:-1\" \/>\n<link rel=\"canonical\" href=\"https:\/\/www.gruppoliturgico.com\/fr\/produit\/mitre-13\/\" \/>\n<meta property=\"og:locale\" content=\"fr_FR\" \/>\n<meta property=\"og:type\" content=\"article\" \/>\n<meta property=\"og:title\" content=\"Mitre - mitres et Laboratorio Gruppo Liturgico\" \/>\n<meta property=\"og:description\" content=\"Mitre confectionn\u00e9e en tissu polyester.  Tr\u00e8s \u00e9l\u00e9gante, elle est orn\u00e9e d\u2019une broderie \u00e0 haut relief des croix enjoliv\u00e9e par l\u2019insertion de pierres ornementales, pr\u00e9sentes aussi sur la passementerie et sur les franges des fanons. Lors de la commande, veuillez indiquer le tour de t\u00eate\" \/>\n<meta property=\"og:url\" content=\"https:\/\/www.gruppoliturgico.com\/fr\/produit\/mitre-13\/\" \/>\n<meta property=\"og:site_name\" content=\"Laboratorio Gruppo Liturgico\" \/>\n<meta property=\"article:modified_time\" content=\"2022-06-02T12:05:22+00:00\" \/>\n<meta property=\"og:image\" content=\"https:\/\/www.gruppoliturgico.com\/wp-content\/uploads\/2022\/05\/3614.jpg\" \/>\n\t<meta property=\"og:image:width\" content=\"1431\" \/>\n\t<meta property=\"og:image:height\" content=\"1500\" \/>\n\t<meta property=\"og:image:type\" content=\"image\/jpeg\" \/>\n<meta name=\"twitter:card\" content=\"summary_large_image\" \/>\n<script type=\"application\/ld+json\" class=\"yoast-schema-graph\">{\"@context\":\"https:\/\/schema.org\",\"@graph\":[{\"@type\":\"WebPage\",\"@id\":\"https:\/\/www.gruppoliturgico.com\/fr\/produit\/mitre-13\/\",\"url\":\"https:\/\/www.gruppoliturgico.com\/fr\/produit\/mitre-13\/\",\"name\":\"Mitre - mitres et Laboratorio Gruppo Liturgico\",\"isPartOf\":{\"@id\":\"https:\/\/www.gruppoliturgico.com\/es\/#website\"},\"datePublished\":\"2022-05-20T03:43:28+00:00\",\"dateModified\":\"2022-06-02T12:05:22+00:00\",\"description\":\"Mitre confectionn\u00e9e en tissu polyester. Tr\u00e8s \u00e9l\u00e9gante, elle est orn\u00e9e d\u2019une broderie \u00e0 haut relief des croix enjoliv\u00e9e par l\u2019insertion de pierres ornementales, pr\u00e9sentes aussi sur la passementerie et sur les franges des fanons. Lors de la commande, veuillez indiquer le tour de t\u00eate\",\"breadcrumb\":{\"@id\":\"https:\/\/www.gruppoliturgico.com\/fr\/produit\/mitre-13\/#breadcrumb\"},\"inLanguage\":\"fr-FR\",\"potentialAction\":[{\"@type\":\"ReadAction\",\"target\":[\"https:\/\/www.gruppoliturgico.com\/fr\/produit\/mitre-13\/\"]}]},{\"@type\":\"BreadcrumbList\",\"@id\":\"https:\/\/www.gruppoliturgico.com\/fr\/produit\/mitre-13\/#breadcrumb\",\"itemListElement\":[{\"@type\":\"ListItem\",\"position\":1,\"name\":\"Home\",\"item\":\"https:\/\/www.gruppoliturgico.com\/fr\/\"},{\"@type\":\"ListItem\",\"position\":2,\"name\":\"Boutique\",\"item\":\"https:\/\/www.gruppoliturgico.com\/fr\/boutique\/\"},{\"@type\":\"ListItem\",\"position\":3,\"name\":\"Mitre\"}]},{\"@type\":\"WebSite\",\"@id\":\"https:\/\/www.gruppoliturgico.com\/es\/#website\",\"url\":\"https:\/\/www.gruppoliturgico.com\/es\/\",\"name\":\"Laboratorio Gruppo Liturgico\",\"description\":\"Articoli Religiosi online\",\"publisher\":{\"@id\":\"https:\/\/www.gruppoliturgico.com\/es\/#organization\"},\"potentialAction\":[{\"@type\":\"SearchAction\",\"target\":{\"@type\":\"EntryPoint\",\"urlTemplate\":\"https:\/\/www.gruppoliturgico.com\/es\/?s={search_term_string}\"},\"query-input\":\"required name=search_term_string\"}],\"inLanguage\":\"fr-FR\"},{\"@type\":\"Organization\",\"@id\":\"https:\/\/www.gruppoliturgico.com\/es\/#organization\",\"name\":\"Laboratorio Gruppo Liturgico\",\"url\":\"https:\/\/www.gruppoliturgico.com\/es\/\",\"logo\":{\"@type\":\"ImageObject\",\"inLanguage\":\"fr-FR\",\"@id\":\"https:\/\/www.gruppoliturgico.com\/es\/#\/schema\/logo\/image\/\",\"url\":\"https:\/\/www.gruppoliturgico.com\/wp-content\/uploads\/2022\/02\/logo-laboratoriogruppoliturgico.png\",\"contentUrl\":\"https:\/\/www.gruppoliturgico.com\/wp-content\/uploads\/2022\/02\/logo-laboratoriogruppoliturgico.png\",\"width\":400,\"height\":114,\"caption\":\"Laboratorio Gruppo Liturgico\"},\"image\":{\"@id\":\"https:\/\/www.gruppoliturgico.com\/es\/#\/schema\/logo\/image\/\"}}]}<\/script>\n<!-- \/ Yoast SEO plugin. -->","yoast_head_json":{"title":"Mitre - mitres et Laboratorio Gruppo Liturgico","description":"Mitre confectionn\u00e9e en tissu polyester.  Tr\u00e8s \u00e9l\u00e9gante, elle est orn\u00e9e d\u2019une broderie \u00e0 haut relief des croix enjoliv\u00e9e par l\u2019insertion de pierres ornementales, pr\u00e9sentes aussi sur la passementerie et sur les franges des fanons. Lors de la commande, veuillez indiquer le tour de t\u00eate","robots":{"index":"index","follow":"follow","max-snippet":"max-snippet:-1","max-image-preview":"max-image-preview:large","max-video-preview":"max-video-preview:-1"},"canonical":"https:\/\/www.gruppoliturgico.com\/fr\/produit\/mitre-13\/","og_locale":"fr_FR","og_type":"article","og_title":"Mitre - mitres et Laboratorio Gruppo Liturgico","og_description":"Mitre confectionn\u00e9e en tissu polyester.  Tr\u00e8s \u00e9l\u00e9gante, elle est orn\u00e9e d\u2019une broderie \u00e0 haut relief des croix enjoliv\u00e9e par l\u2019insertion de pierres ornementales, pr\u00e9sentes aussi sur la passementerie et sur les franges des fanons. Lors de la commande, veuillez indiquer le tour de t\u00eate","og_url":"https:\/\/www.gruppoliturgico.com\/fr\/produit\/mitre-13\/","og_site_name":"Laboratorio Gruppo Liturgico","article_modified_time":"2022-06-02T12:05:22+00:00","og_image":[{"width":1431,"height":1500,"url":"https:\/\/www.gruppoliturgico.com\/wp-content\/uploads\/2022\/05\/3614.jpg","type":"image\/jpeg"}],"twitter_card":"summary_large_image","schema":{"@context":"https:\/\/schema.org","@graph":[{"@type":"WebPage","@id":"https:\/\/www.gruppoliturgico.com\/fr\/produit\/mitre-13\/","url":"https:\/\/www.gruppoliturgico.com\/fr\/produit\/mitre-13\/","name":"Mitre - mitres et Laboratorio Gruppo Liturgico","isPartOf":{"@id":"https:\/\/www.gruppoliturgico.com\/es\/#website"},"datePublished":"2022-05-20T03:43:28+00:00","dateModified":"2022-06-02T12:05:22+00:00","description":"Mitre confectionn\u00e9e en tissu polyester. Tr\u00e8s \u00e9l\u00e9gante, elle est orn\u00e9e d\u2019une broderie \u00e0 haut relief des croix enjoliv\u00e9e par l\u2019insertion de pierres ornementales, pr\u00e9sentes aussi sur la passementerie et sur les franges des fanons. Lors de la commande, veuillez indiquer le tour de t\u00eate","breadcrumb":{"@id":"https:\/\/www.gruppoliturgico.com\/fr\/produit\/mitre-13\/#breadcrumb"},"inLanguage":"fr-FR","potentialAction":[{"@type":"ReadAction","target":["https:\/\/www.gruppoliturgico.com\/fr\/produit\/mitre-13\/"]}]},{"@type":"BreadcrumbList","@id":"https:\/\/www.gruppoliturgico.com\/fr\/produit\/mitre-13\/#breadcrumb","itemListElement":[{"@type":"ListItem","position":1,"name":"Home","item":"https:\/\/www.gruppoliturgico.com\/fr\/"},{"@type":"ListItem","position":2,"name":"Boutique","item":"https:\/\/www.gruppoliturgico.com\/fr\/boutique\/"},{"@type":"ListItem","position":3,"name":"Mitre"}]},{"@type":"WebSite","@id":"https:\/\/www.gruppoliturgico.com\/es\/#website","url":"https:\/\/www.gruppoliturgico.com\/es\/","name":"Laboratorio Gruppo Liturgico","description":"Articoli Religiosi online","publisher":{"@id":"https:\/\/www.gruppoliturgico.com\/es\/#organization"},"potentialAction":[{"@type":"SearchAction","target":{"@type":"EntryPoint","urlTemplate":"https:\/\/www.gruppoliturgico.com\/es\/?s={search_term_string}"},"query-input":"required name=search_term_string"}],"inLanguage":"fr-FR"},{"@type":"Organization","@id":"https:\/\/www.gruppoliturgico.com\/es\/#organization","name":"Laboratorio Gruppo Liturgico","url":"https:\/\/www.gruppoliturgico.com\/es\/","logo":{"@type":"ImageObject","inLanguage":"fr-FR","@id":"https:\/\/www.gruppoliturgico.com\/es\/#\/schema\/logo\/image\/","url":"https:\/\/www.gruppoliturgico.com\/wp-content\/uploads\/2022\/02\/logo-laboratoriogruppoliturgico.png","contentUrl":"https:\/\/www.gruppoliturgico.com\/wp-content\/uploads\/2022\/02\/logo-laboratoriogruppoliturgico.png","width":400,"height":114,"caption":"Laboratorio Gruppo Liturgico"},"image":{"@id":"https:\/\/www.gruppoliturgico.com\/es\/#\/schema\/logo\/image\/"}}]}},"_links":{"self":[{"href":"https:\/\/www.gruppoliturgico.com\/fr\/wp-json\/wp\/v2\/product\/71234"}],"collection":[{"href":"https:\/\/www.gruppoliturgico.com\/fr\/wp-json\/wp\/v2\/product"}],"about":[{"href":"https:\/\/www.gruppoliturgico.com\/fr\/wp-json\/wp\/v2\/types\/product"}],"wp:featuredmedia":[{"embeddable":true,"href":"https:\/\/www.gruppoliturgico.com\/fr\/wp-json\/wp\/v2\/media\/135471"}],"wp:attachment":[{"href":"https:\/\/www.gruppoliturgico.com\/fr\/wp-json\/wp\/v2\/media?parent=71234"}],"wp:term":[{"taxonomy":"product_cat","embeddable":true,"href":"https:\/\/www.gruppoliturgico.com\/fr\/wp-json\/wp\/v2\/product_cat?post=71234"},{"taxonomy":"product_tag","embeddable":true,"href":"https:\/\/www.gruppoliturgico.com\/fr\/wp-json\/wp\/v2\/product_tag?post=71234"}],"curies":[{"name":"wp","href":"https:\/\/api.w.org\/{rel}","templated":true}]}}