{"id":71210,"date":"2022-05-20T05:42:00","date_gmt":"2022-05-20T03:42:28","guid":{"rendered":"https:\/\/www.gruppoliturgico.com\/prodotto\/casula-3\/"},"modified":"2023-02-23T09:23:29","modified_gmt":"2023-02-23T08:23:29","slug":"casula-3","status":"publish","type":"product","link":"https:\/\/www.gruppoliturgico.com\/fr\/produit\/casula-3\/","title":{"rendered":"Chasuble"},"content":{"rendered":"<html><body><p>Chasuble fabriqu\u00e9e avec un tissu polyester tr\u00e8s l\u00e9ger de haute qualit\u00e9.<br>\nDeux galons (recto et verso) richement d\u00e9cor\u00e9s de trois trois grandes croix brod\u00e9es en grand relief de fils d\u2019or et d\u2019argent.<br>\nPierres semi-pr\u00e9cieuses ornementales.<br>\nComplet avec une belle \u00e9tole, avec la m\u00eame croix brod\u00e9e, compl\u00e9t\u00e9e par des franges nou\u00e9es \u00e0 la main et des pierres ornementales.<br>\nDisponible en blanc.  <\/p>\n<\/body><\/html>","protected":false},"excerpt":{"rendered":"<p>Chasuble fabriqu\u00e9e avec un tissu polyester tr\u00e8s l\u00e9ger de haute qualit\u00e9.<br \/>\nDeux galons (recto et verso) richement d\u00e9cor\u00e9s de trois trois grandes croix brod\u00e9es en grand relief de fils d&rsquo;or et d&rsquo;argent.<br \/>\nPierres semi-pr\u00e9cieuses ornementales.<br \/>\nComplet avec une belle \u00e9tole, avec la m\u00eame croix brod\u00e9e, compl\u00e9t\u00e9e par des franges nou\u00e9es \u00e0 la main et des pierres ornementales.<br \/>\nDisponible en blanc. <\/p>\n","protected":false},"featured_media":143373,"template":"","meta":[],"product_cat":[12244],"product_tag":[15337],"yoast_head":"<!-- This site is optimized with the Yoast SEO plugin v20.4 - https:\/\/yoast.com\/wordpress\/plugins\/seo\/ -->\n<title>Chasuble - solennelles et Laboratorio Gruppo Liturgico<\/title>\n<meta name=\"description\" content=\"Chasuble fabriqu\u00e9e avec un tissu polyester tr\u00e8s l\u00e9ger de haute qualit\u00e9. Deux galons (recto et verso) richement d\u00e9cor\u00e9s de trois trois grandes croix brod\u00e9es en grand relief de fils d&#039;or et d&#039;argent. Pierres semi-pr\u00e9cieuses ornementales. Complet avec une belle \u00e9tole, avec la m\u00eame croix brod\u00e9e, compl\u00e9t\u00e9e par des franges nou\u00e9es \u00e0 la main et des pierres ornementales. Disponible en blanc.\" \/>\n<meta name=\"robots\" content=\"index, follow, max-snippet:-1, max-image-preview:large, max-video-preview:-1\" \/>\n<link rel=\"canonical\" href=\"https:\/\/www.gruppoliturgico.com\/fr\/produit\/casula-3\/\" \/>\n<meta property=\"og:locale\" content=\"fr_FR\" \/>\n<meta property=\"og:type\" content=\"article\" \/>\n<meta property=\"og:title\" content=\"Chasuble - solennelles et Laboratorio Gruppo Liturgico\" \/>\n<meta property=\"og:description\" content=\"Chasuble fabriqu\u00e9e avec un tissu polyester tr\u00e8s l\u00e9ger de haute qualit\u00e9. Deux galons (recto et verso) richement d\u00e9cor\u00e9s de trois trois grandes croix brod\u00e9es en grand relief de fils d&#039;or et d&#039;argent. Pierres semi-pr\u00e9cieuses ornementales. Complet avec une belle \u00e9tole, avec la m\u00eame croix brod\u00e9e, compl\u00e9t\u00e9e par des franges nou\u00e9es \u00e0 la main et des pierres ornementales. Disponible en blanc.\" \/>\n<meta property=\"og:url\" content=\"https:\/\/www.gruppoliturgico.com\/fr\/produit\/casula-3\/\" \/>\n<meta property=\"og:site_name\" content=\"Laboratorio Gruppo Liturgico\" \/>\n<meta property=\"article:modified_time\" content=\"2023-02-23T08:23:29+00:00\" \/>\n<meta property=\"og:image\" content=\"https:\/\/www.gruppoliturgico.com\/wp-content\/uploads\/2022\/05\/3336-nv-rit.jpg\" \/>\n\t<meta property=\"og:image:width\" content=\"1153\" \/>\n\t<meta property=\"og:image:height\" content=\"2000\" \/>\n\t<meta property=\"og:image:type\" content=\"image\/jpeg\" \/>\n<meta name=\"twitter:card\" content=\"summary_large_image\" \/>\n<meta name=\"twitter:label1\" content=\"Dur\u00e9e de lecture estim\u00e9e\" \/>\n\t<meta name=\"twitter:data1\" content=\"1 minute\" \/>\n<script type=\"application\/ld+json\" class=\"yoast-schema-graph\">{\"@context\":\"https:\/\/schema.org\",\"@graph\":[{\"@type\":\"WebPage\",\"@id\":\"https:\/\/www.gruppoliturgico.com\/fr\/produit\/casula-3\/\",\"url\":\"https:\/\/www.gruppoliturgico.com\/fr\/produit\/casula-3\/\",\"name\":\"Chasuble - solennelles et Laboratorio Gruppo Liturgico\",\"isPartOf\":{\"@id\":\"https:\/\/www.gruppoliturgico.com\/es\/#website\"},\"datePublished\":\"2022-05-20T03:42:28+00:00\",\"dateModified\":\"2023-02-23T08:23:29+00:00\",\"description\":\"Chasuble fabriqu\u00e9e avec un tissu polyester tr\u00e8s l\u00e9ger de haute qualit\u00e9. Deux galons (recto et verso) richement d\u00e9cor\u00e9s de trois trois grandes croix brod\u00e9es en grand relief de fils d'or et d'argent. Pierres semi-pr\u00e9cieuses ornementales. Complet avec une belle \u00e9tole, avec la m\u00eame croix brod\u00e9e, compl\u00e9t\u00e9e par des franges nou\u00e9es \u00e0 la main et des pierres ornementales. Disponible en blanc.\",\"breadcrumb\":{\"@id\":\"https:\/\/www.gruppoliturgico.com\/fr\/produit\/casula-3\/#breadcrumb\"},\"inLanguage\":\"fr-FR\",\"potentialAction\":[{\"@type\":\"ReadAction\",\"target\":[\"https:\/\/www.gruppoliturgico.com\/fr\/produit\/casula-3\/\"]}]},{\"@type\":\"BreadcrumbList\",\"@id\":\"https:\/\/www.gruppoliturgico.com\/fr\/produit\/casula-3\/#breadcrumb\",\"itemListElement\":[{\"@type\":\"ListItem\",\"position\":1,\"name\":\"Home\",\"item\":\"https:\/\/www.gruppoliturgico.com\/fr\/\"},{\"@type\":\"ListItem\",\"position\":2,\"name\":\"Boutique\",\"item\":\"https:\/\/www.gruppoliturgico.com\/fr\/boutique\/\"},{\"@type\":\"ListItem\",\"position\":3,\"name\":\"Chasuble\"}]},{\"@type\":\"WebSite\",\"@id\":\"https:\/\/www.gruppoliturgico.com\/es\/#website\",\"url\":\"https:\/\/www.gruppoliturgico.com\/es\/\",\"name\":\"Laboratorio Gruppo Liturgico\",\"description\":\"Articoli Religiosi online\",\"publisher\":{\"@id\":\"https:\/\/www.gruppoliturgico.com\/es\/#organization\"},\"potentialAction\":[{\"@type\":\"SearchAction\",\"target\":{\"@type\":\"EntryPoint\",\"urlTemplate\":\"https:\/\/www.gruppoliturgico.com\/es\/?s={search_term_string}\"},\"query-input\":\"required name=search_term_string\"}],\"inLanguage\":\"fr-FR\"},{\"@type\":\"Organization\",\"@id\":\"https:\/\/www.gruppoliturgico.com\/es\/#organization\",\"name\":\"Laboratorio Gruppo Liturgico\",\"url\":\"https:\/\/www.gruppoliturgico.com\/es\/\",\"logo\":{\"@type\":\"ImageObject\",\"inLanguage\":\"fr-FR\",\"@id\":\"https:\/\/www.gruppoliturgico.com\/es\/#\/schema\/logo\/image\/\",\"url\":\"https:\/\/www.gruppoliturgico.com\/wp-content\/uploads\/2022\/02\/logo-laboratoriogruppoliturgico.png\",\"contentUrl\":\"https:\/\/www.gruppoliturgico.com\/wp-content\/uploads\/2022\/02\/logo-laboratoriogruppoliturgico.png\",\"width\":400,\"height\":114,\"caption\":\"Laboratorio Gruppo Liturgico\"},\"image\":{\"@id\":\"https:\/\/www.gruppoliturgico.com\/es\/#\/schema\/logo\/image\/\"}}]}<\/script>\n<!-- \/ Yoast SEO plugin. -->","yoast_head_json":{"title":"Chasuble - solennelles et Laboratorio Gruppo Liturgico","description":"Chasuble fabriqu\u00e9e avec un tissu polyester tr\u00e8s l\u00e9ger de haute qualit\u00e9. Deux galons (recto et verso) richement d\u00e9cor\u00e9s de trois trois grandes croix brod\u00e9es en grand relief de fils d'or et d'argent. Pierres semi-pr\u00e9cieuses ornementales. Complet avec une belle \u00e9tole, avec la m\u00eame croix brod\u00e9e, compl\u00e9t\u00e9e par des franges nou\u00e9es \u00e0 la main et des pierres ornementales. Disponible en blanc.","robots":{"index":"index","follow":"follow","max-snippet":"max-snippet:-1","max-image-preview":"max-image-preview:large","max-video-preview":"max-video-preview:-1"},"canonical":"https:\/\/www.gruppoliturgico.com\/fr\/produit\/casula-3\/","og_locale":"fr_FR","og_type":"article","og_title":"Chasuble - solennelles et Laboratorio Gruppo Liturgico","og_description":"Chasuble fabriqu\u00e9e avec un tissu polyester tr\u00e8s l\u00e9ger de haute qualit\u00e9. Deux galons (recto et verso) richement d\u00e9cor\u00e9s de trois trois grandes croix brod\u00e9es en grand relief de fils d'or et d'argent. Pierres semi-pr\u00e9cieuses ornementales. Complet avec une belle \u00e9tole, avec la m\u00eame croix brod\u00e9e, compl\u00e9t\u00e9e par des franges nou\u00e9es \u00e0 la main et des pierres ornementales. Disponible en blanc.","og_url":"https:\/\/www.gruppoliturgico.com\/fr\/produit\/casula-3\/","og_site_name":"Laboratorio Gruppo Liturgico","article_modified_time":"2023-02-23T08:23:29+00:00","og_image":[{"width":1153,"height":2000,"url":"https:\/\/www.gruppoliturgico.com\/wp-content\/uploads\/2022\/05\/3336-nv-rit.jpg","type":"image\/jpeg"}],"twitter_card":"summary_large_image","twitter_misc":{"Dur\u00e9e de lecture estim\u00e9e":"1 minute"},"schema":{"@context":"https:\/\/schema.org","@graph":[{"@type":"WebPage","@id":"https:\/\/www.gruppoliturgico.com\/fr\/produit\/casula-3\/","url":"https:\/\/www.gruppoliturgico.com\/fr\/produit\/casula-3\/","name":"Chasuble - solennelles et Laboratorio Gruppo Liturgico","isPartOf":{"@id":"https:\/\/www.gruppoliturgico.com\/es\/#website"},"datePublished":"2022-05-20T03:42:28+00:00","dateModified":"2023-02-23T08:23:29+00:00","description":"Chasuble fabriqu\u00e9e avec un tissu polyester tr\u00e8s l\u00e9ger de haute qualit\u00e9. Deux galons (recto et verso) richement d\u00e9cor\u00e9s de trois trois grandes croix brod\u00e9es en grand relief de fils d'or et d'argent. Pierres semi-pr\u00e9cieuses ornementales. Complet avec une belle \u00e9tole, avec la m\u00eame croix brod\u00e9e, compl\u00e9t\u00e9e par des franges nou\u00e9es \u00e0 la main et des pierres ornementales. Disponible en blanc.","breadcrumb":{"@id":"https:\/\/www.gruppoliturgico.com\/fr\/produit\/casula-3\/#breadcrumb"},"inLanguage":"fr-FR","potentialAction":[{"@type":"ReadAction","target":["https:\/\/www.gruppoliturgico.com\/fr\/produit\/casula-3\/"]}]},{"@type":"BreadcrumbList","@id":"https:\/\/www.gruppoliturgico.com\/fr\/produit\/casula-3\/#breadcrumb","itemListElement":[{"@type":"ListItem","position":1,"name":"Home","item":"https:\/\/www.gruppoliturgico.com\/fr\/"},{"@type":"ListItem","position":2,"name":"Boutique","item":"https:\/\/www.gruppoliturgico.com\/fr\/boutique\/"},{"@type":"ListItem","position":3,"name":"Chasuble"}]},{"@type":"WebSite","@id":"https:\/\/www.gruppoliturgico.com\/es\/#website","url":"https:\/\/www.gruppoliturgico.com\/es\/","name":"Laboratorio Gruppo Liturgico","description":"Articoli Religiosi online","publisher":{"@id":"https:\/\/www.gruppoliturgico.com\/es\/#organization"},"potentialAction":[{"@type":"SearchAction","target":{"@type":"EntryPoint","urlTemplate":"https:\/\/www.gruppoliturgico.com\/es\/?s={search_term_string}"},"query-input":"required name=search_term_string"}],"inLanguage":"fr-FR"},{"@type":"Organization","@id":"https:\/\/www.gruppoliturgico.com\/es\/#organization","name":"Laboratorio Gruppo Liturgico","url":"https:\/\/www.gruppoliturgico.com\/es\/","logo":{"@type":"ImageObject","inLanguage":"fr-FR","@id":"https:\/\/www.gruppoliturgico.com\/es\/#\/schema\/logo\/image\/","url":"https:\/\/www.gruppoliturgico.com\/wp-content\/uploads\/2022\/02\/logo-laboratoriogruppoliturgico.png","contentUrl":"https:\/\/www.gruppoliturgico.com\/wp-content\/uploads\/2022\/02\/logo-laboratoriogruppoliturgico.png","width":400,"height":114,"caption":"Laboratorio Gruppo Liturgico"},"image":{"@id":"https:\/\/www.gruppoliturgico.com\/es\/#\/schema\/logo\/image\/"}}]}},"_links":{"self":[{"href":"https:\/\/www.gruppoliturgico.com\/fr\/wp-json\/wp\/v2\/product\/71210"}],"collection":[{"href":"https:\/\/www.gruppoliturgico.com\/fr\/wp-json\/wp\/v2\/product"}],"about":[{"href":"https:\/\/www.gruppoliturgico.com\/fr\/wp-json\/wp\/v2\/types\/product"}],"wp:featuredmedia":[{"embeddable":true,"href":"https:\/\/www.gruppoliturgico.com\/fr\/wp-json\/wp\/v2\/media\/143373"}],"wp:attachment":[{"href":"https:\/\/www.gruppoliturgico.com\/fr\/wp-json\/wp\/v2\/media?parent=71210"}],"wp:term":[{"taxonomy":"product_cat","embeddable":true,"href":"https:\/\/www.gruppoliturgico.com\/fr\/wp-json\/wp\/v2\/product_cat?post=71210"},{"taxonomy":"product_tag","embeddable":true,"href":"https:\/\/www.gruppoliturgico.com\/fr\/wp-json\/wp\/v2\/product_tag?post=71210"}],"curies":[{"name":"wp","href":"https:\/\/api.w.org\/{rel}","templated":true}]}}