{"id":71206,"date":"2022-05-20T05:42:12","date_gmt":"2022-05-20T03:42:17","guid":{"rendered":"https:\/\/www.gruppoliturgico.com\/prodotto\/etole-46\/"},"modified":"2022-09-16T16:26:51","modified_gmt":"2022-09-16T14:26:51","slug":"etole-46","status":"publish","type":"product","link":"https:\/\/www.gruppoliturgico.com\/fr\/produit\/etole-46\/","title":{"rendered":"\u00e9tole"},"content":{"rendered":"<html><body><p>\u00c9tole de style romain r\u00e9alis\u00e9e avec un important tissu de velours.<br>\nTr\u00e8s riches sont les broderies de symboles liturgiques r\u00e9alis\u00e9es avec des fils d\u2019or.<br>\nFrange dor\u00e9e riche.<br>\nDisponible dans les coloris Liturgiques.<\/p>\n<\/body><\/html>","protected":false},"excerpt":{"rendered":"<p>\u00c9tole de style romain r\u00e9alis\u00e9e avec un important tissu de velours.<br \/>\nTr\u00e8s riches sont les broderies de symboles liturgiques r\u00e9alis\u00e9es avec des fils d&rsquo;or.<br \/>\nFrange dor\u00e9e riche.<br \/>\nDisponible dans les coloris Liturgiques.<\/p>\n","protected":false},"featured_media":136216,"template":"","meta":[],"product_cat":[12296],"product_tag":[],"yoast_head":"<!-- This site is optimized with the Yoast SEO plugin v20.4 - https:\/\/yoast.com\/wordpress\/plugins\/seo\/ -->\n<title>\u00e9tole - de style romain et Laboratorio Gruppo Liturgico<\/title>\n<meta name=\"description\" content=\"\u00c9tole de style romain r\u00e9alis\u00e9e avec un important tissu de velours. Tr\u00e8s riches sont les broderies de symboles liturgiques r\u00e9alis\u00e9es avec des fils d&#039;or. Frange dor\u00e9e riche. Disponible dans les coloris Liturgiques.\" \/>\n<meta name=\"robots\" content=\"index, follow, max-snippet:-1, max-image-preview:large, max-video-preview:-1\" \/>\n<link rel=\"canonical\" href=\"https:\/\/www.gruppoliturgico.com\/fr\/produit\/etole-46\/\" \/>\n<meta property=\"og:locale\" content=\"fr_FR\" \/>\n<meta property=\"og:type\" content=\"article\" \/>\n<meta property=\"og:title\" content=\"\u00e9tole - de style romain et Laboratorio Gruppo Liturgico\" \/>\n<meta property=\"og:description\" content=\"\u00c9tole de style romain r\u00e9alis\u00e9e avec un important tissu de velours. Tr\u00e8s riches sont les broderies de symboles liturgiques r\u00e9alis\u00e9es avec des fils d&#039;or. Frange dor\u00e9e riche. Disponible dans les coloris Liturgiques.\" \/>\n<meta property=\"og:url\" content=\"https:\/\/www.gruppoliturgico.com\/fr\/produit\/etole-46\/\" \/>\n<meta property=\"og:site_name\" content=\"Laboratorio Gruppo Liturgico\" \/>\n<meta property=\"article:modified_time\" content=\"2022-09-16T14:26:51+00:00\" \/>\n<meta property=\"og:image\" content=\"https:\/\/www.gruppoliturgico.com\/wp-content\/uploads\/2022\/05\/3574-b-nv.jpg\" \/>\n\t<meta property=\"og:image:width\" content=\"909\" \/>\n\t<meta property=\"og:image:height\" content=\"2000\" \/>\n\t<meta property=\"og:image:type\" content=\"image\/jpeg\" \/>\n<meta name=\"twitter:card\" content=\"summary_large_image\" \/>\n<script type=\"application\/ld+json\" class=\"yoast-schema-graph\">{\"@context\":\"https:\/\/schema.org\",\"@graph\":[{\"@type\":\"WebPage\",\"@id\":\"https:\/\/www.gruppoliturgico.com\/fr\/produit\/etole-46\/\",\"url\":\"https:\/\/www.gruppoliturgico.com\/fr\/produit\/etole-46\/\",\"name\":\"\u00e9tole - de style romain et Laboratorio Gruppo Liturgico\",\"isPartOf\":{\"@id\":\"https:\/\/www.gruppoliturgico.com\/es\/#website\"},\"datePublished\":\"2022-05-20T03:42:17+00:00\",\"dateModified\":\"2022-09-16T14:26:51+00:00\",\"description\":\"\u00c9tole de style romain r\u00e9alis\u00e9e avec un important tissu de velours. Tr\u00e8s riches sont les broderies de symboles liturgiques r\u00e9alis\u00e9es avec des fils d'or. Frange dor\u00e9e riche. Disponible dans les coloris Liturgiques.\",\"breadcrumb\":{\"@id\":\"https:\/\/www.gruppoliturgico.com\/fr\/produit\/etole-46\/#breadcrumb\"},\"inLanguage\":\"fr-FR\",\"potentialAction\":[{\"@type\":\"ReadAction\",\"target\":[\"https:\/\/www.gruppoliturgico.com\/fr\/produit\/etole-46\/\"]}]},{\"@type\":\"BreadcrumbList\",\"@id\":\"https:\/\/www.gruppoliturgico.com\/fr\/produit\/etole-46\/#breadcrumb\",\"itemListElement\":[{\"@type\":\"ListItem\",\"position\":1,\"name\":\"Home\",\"item\":\"https:\/\/www.gruppoliturgico.com\/fr\/\"},{\"@type\":\"ListItem\",\"position\":2,\"name\":\"Boutique\",\"item\":\"https:\/\/www.gruppoliturgico.com\/fr\/boutique\/\"},{\"@type\":\"ListItem\",\"position\":3,\"name\":\"\u00e9tole\"}]},{\"@type\":\"WebSite\",\"@id\":\"https:\/\/www.gruppoliturgico.com\/es\/#website\",\"url\":\"https:\/\/www.gruppoliturgico.com\/es\/\",\"name\":\"Laboratorio Gruppo Liturgico\",\"description\":\"Articoli Religiosi online\",\"publisher\":{\"@id\":\"https:\/\/www.gruppoliturgico.com\/es\/#organization\"},\"potentialAction\":[{\"@type\":\"SearchAction\",\"target\":{\"@type\":\"EntryPoint\",\"urlTemplate\":\"https:\/\/www.gruppoliturgico.com\/es\/?s={search_term_string}\"},\"query-input\":\"required name=search_term_string\"}],\"inLanguage\":\"fr-FR\"},{\"@type\":\"Organization\",\"@id\":\"https:\/\/www.gruppoliturgico.com\/es\/#organization\",\"name\":\"Laboratorio Gruppo Liturgico\",\"url\":\"https:\/\/www.gruppoliturgico.com\/es\/\",\"logo\":{\"@type\":\"ImageObject\",\"inLanguage\":\"fr-FR\",\"@id\":\"https:\/\/www.gruppoliturgico.com\/es\/#\/schema\/logo\/image\/\",\"url\":\"https:\/\/www.gruppoliturgico.com\/wp-content\/uploads\/2022\/02\/logo-laboratoriogruppoliturgico.png\",\"contentUrl\":\"https:\/\/www.gruppoliturgico.com\/wp-content\/uploads\/2022\/02\/logo-laboratoriogruppoliturgico.png\",\"width\":400,\"height\":114,\"caption\":\"Laboratorio Gruppo Liturgico\"},\"image\":{\"@id\":\"https:\/\/www.gruppoliturgico.com\/es\/#\/schema\/logo\/image\/\"}}]}<\/script>\n<!-- \/ Yoast SEO plugin. -->","yoast_head_json":{"title":"\u00e9tole - de style romain et Laboratorio Gruppo Liturgico","description":"\u00c9tole de style romain r\u00e9alis\u00e9e avec un important tissu de velours. Tr\u00e8s riches sont les broderies de symboles liturgiques r\u00e9alis\u00e9es avec des fils d'or. Frange dor\u00e9e riche. Disponible dans les coloris Liturgiques.","robots":{"index":"index","follow":"follow","max-snippet":"max-snippet:-1","max-image-preview":"max-image-preview:large","max-video-preview":"max-video-preview:-1"},"canonical":"https:\/\/www.gruppoliturgico.com\/fr\/produit\/etole-46\/","og_locale":"fr_FR","og_type":"article","og_title":"\u00e9tole - de style romain et Laboratorio Gruppo Liturgico","og_description":"\u00c9tole de style romain r\u00e9alis\u00e9e avec un important tissu de velours. Tr\u00e8s riches sont les broderies de symboles liturgiques r\u00e9alis\u00e9es avec des fils d'or. Frange dor\u00e9e riche. Disponible dans les coloris Liturgiques.","og_url":"https:\/\/www.gruppoliturgico.com\/fr\/produit\/etole-46\/","og_site_name":"Laboratorio Gruppo Liturgico","article_modified_time":"2022-09-16T14:26:51+00:00","og_image":[{"width":909,"height":2000,"url":"https:\/\/www.gruppoliturgico.com\/wp-content\/uploads\/2022\/05\/3574-b-nv.jpg","type":"image\/jpeg"}],"twitter_card":"summary_large_image","schema":{"@context":"https:\/\/schema.org","@graph":[{"@type":"WebPage","@id":"https:\/\/www.gruppoliturgico.com\/fr\/produit\/etole-46\/","url":"https:\/\/www.gruppoliturgico.com\/fr\/produit\/etole-46\/","name":"\u00e9tole - de style romain et Laboratorio Gruppo Liturgico","isPartOf":{"@id":"https:\/\/www.gruppoliturgico.com\/es\/#website"},"datePublished":"2022-05-20T03:42:17+00:00","dateModified":"2022-09-16T14:26:51+00:00","description":"\u00c9tole de style romain r\u00e9alis\u00e9e avec un important tissu de velours. Tr\u00e8s riches sont les broderies de symboles liturgiques r\u00e9alis\u00e9es avec des fils d'or. Frange dor\u00e9e riche. Disponible dans les coloris Liturgiques.","breadcrumb":{"@id":"https:\/\/www.gruppoliturgico.com\/fr\/produit\/etole-46\/#breadcrumb"},"inLanguage":"fr-FR","potentialAction":[{"@type":"ReadAction","target":["https:\/\/www.gruppoliturgico.com\/fr\/produit\/etole-46\/"]}]},{"@type":"BreadcrumbList","@id":"https:\/\/www.gruppoliturgico.com\/fr\/produit\/etole-46\/#breadcrumb","itemListElement":[{"@type":"ListItem","position":1,"name":"Home","item":"https:\/\/www.gruppoliturgico.com\/fr\/"},{"@type":"ListItem","position":2,"name":"Boutique","item":"https:\/\/www.gruppoliturgico.com\/fr\/boutique\/"},{"@type":"ListItem","position":3,"name":"\u00e9tole"}]},{"@type":"WebSite","@id":"https:\/\/www.gruppoliturgico.com\/es\/#website","url":"https:\/\/www.gruppoliturgico.com\/es\/","name":"Laboratorio Gruppo Liturgico","description":"Articoli Religiosi online","publisher":{"@id":"https:\/\/www.gruppoliturgico.com\/es\/#organization"},"potentialAction":[{"@type":"SearchAction","target":{"@type":"EntryPoint","urlTemplate":"https:\/\/www.gruppoliturgico.com\/es\/?s={search_term_string}"},"query-input":"required name=search_term_string"}],"inLanguage":"fr-FR"},{"@type":"Organization","@id":"https:\/\/www.gruppoliturgico.com\/es\/#organization","name":"Laboratorio Gruppo Liturgico","url":"https:\/\/www.gruppoliturgico.com\/es\/","logo":{"@type":"ImageObject","inLanguage":"fr-FR","@id":"https:\/\/www.gruppoliturgico.com\/es\/#\/schema\/logo\/image\/","url":"https:\/\/www.gruppoliturgico.com\/wp-content\/uploads\/2022\/02\/logo-laboratoriogruppoliturgico.png","contentUrl":"https:\/\/www.gruppoliturgico.com\/wp-content\/uploads\/2022\/02\/logo-laboratoriogruppoliturgico.png","width":400,"height":114,"caption":"Laboratorio Gruppo Liturgico"},"image":{"@id":"https:\/\/www.gruppoliturgico.com\/es\/#\/schema\/logo\/image\/"}}]}},"_links":{"self":[{"href":"https:\/\/www.gruppoliturgico.com\/fr\/wp-json\/wp\/v2\/product\/71206"}],"collection":[{"href":"https:\/\/www.gruppoliturgico.com\/fr\/wp-json\/wp\/v2\/product"}],"about":[{"href":"https:\/\/www.gruppoliturgico.com\/fr\/wp-json\/wp\/v2\/types\/product"}],"wp:featuredmedia":[{"embeddable":true,"href":"https:\/\/www.gruppoliturgico.com\/fr\/wp-json\/wp\/v2\/media\/136216"}],"wp:attachment":[{"href":"https:\/\/www.gruppoliturgico.com\/fr\/wp-json\/wp\/v2\/media?parent=71206"}],"wp:term":[{"taxonomy":"product_cat","embeddable":true,"href":"https:\/\/www.gruppoliturgico.com\/fr\/wp-json\/wp\/v2\/product_cat?post=71206"},{"taxonomy":"product_tag","embeddable":true,"href":"https:\/\/www.gruppoliturgico.com\/fr\/wp-json\/wp\/v2\/product_tag?post=71206"}],"curies":[{"name":"wp","href":"https:\/\/api.w.org\/{rel}","templated":true}]}}