{"id":71114,"date":"2022-05-20T05:38:13","date_gmt":"2022-05-20T03:38:18","guid":{"rendered":"https:\/\/www.gruppoliturgico.com\/prodotto\/vierge-de-nazareth-2\/"},"modified":"2024-06-25T10:51:48","modified_gmt":"2024-06-25T08:51:48","slug":"vierge-de-nazareth-2","status":"publish","type":"product","link":"https:\/\/www.gruppoliturgico.com\/fr\/produit\/vierge-de-nazareth-2\/","title":{"rendered":"Vierge de Nazareth"},"content":{"rendered":"<html><body><p>Statue r\u00e9alis\u00e9e par l\u2019atelier d\u2019Art des moniales de l\u2019ordre de Bethl\u00e9em.<br>\nR\u00e9alis\u00e9e en pierre des Pyr\u00e9n\u00e9es reconstitu\u00e9e et en r\u00e9sine, elle est enti\u00e8rement d\u00e9cor\u00e9e \u00e0 la main.<br>\nStyle moderne et lin\u00e9aire tr\u00e8s expressif.<br>\nHauteur cm 20,5<\/p>\n<\/body><\/html>","protected":false},"excerpt":{"rendered":"<p>Statue r\u00e9alis\u00e9e par l&rsquo;atelier d&rsquo;Art des moniales de l&rsquo;ordre de Bethl\u00e9em.<br \/>\nR\u00e9alis\u00e9e en pierre des Pyr\u00e9n\u00e9es reconstitu\u00e9e et en r\u00e9sine, elle est enti\u00e8rement d\u00e9cor\u00e9e \u00e0 la main.<br \/>\nStyle moderne et lin\u00e9aire tr\u00e8s expressif.<br \/>\nHauteur cm 20,5<\/p>\n","protected":false},"featured_media":81434,"template":"","meta":[],"product_cat":[11988,12460],"product_tag":[],"yoast_head":"<!-- This site is optimized with the Yoast SEO plugin v20.4 - https:\/\/yoast.com\/wordpress\/plugins\/seo\/ -->\n<title>Vierge de Nazareth - cr\u00e9ations artistiques Soeurs de Bethl\u00e9em, statues du Monast\u00e8re de Bethl\u00e9em et Laboratorio Gruppo Liturgico<\/title>\n<meta name=\"description\" content=\"Statue r\u00e9alis\u00e9e par l&#039;atelier d&#039;Art des moniales de l&#039;ordre de Bethl\u00e9em. R\u00e9alis\u00e9e en pierre des Pyr\u00e9n\u00e9es reconstitu\u00e9e et en r\u00e9sine, elle est enti\u00e8rement d\u00e9cor\u00e9e \u00e0 la main. Style moderne et lin\u00e9aire tr\u00e8s expressif. Hauteur cm 20,5\" \/>\n<meta name=\"robots\" content=\"index, follow, max-snippet:-1, max-image-preview:large, max-video-preview:-1\" \/>\n<link rel=\"canonical\" href=\"https:\/\/www.gruppoliturgico.com\/fr\/produit\/vierge-de-nazareth-2\/\" \/>\n<meta property=\"og:locale\" content=\"fr_FR\" \/>\n<meta property=\"og:type\" content=\"article\" \/>\n<meta property=\"og:title\" content=\"Vierge de Nazareth - cr\u00e9ations artistiques Soeurs de Bethl\u00e9em, statues du Monast\u00e8re de Bethl\u00e9em et Laboratorio Gruppo Liturgico\" \/>\n<meta property=\"og:description\" content=\"Statue r\u00e9alis\u00e9e par l&#039;atelier d&#039;Art des moniales de l&#039;ordre de Bethl\u00e9em. R\u00e9alis\u00e9e en pierre des Pyr\u00e9n\u00e9es reconstitu\u00e9e et en r\u00e9sine, elle est enti\u00e8rement d\u00e9cor\u00e9e \u00e0 la main. Style moderne et lin\u00e9aire tr\u00e8s expressif. Hauteur cm 20,5\" \/>\n<meta property=\"og:url\" content=\"https:\/\/www.gruppoliturgico.com\/fr\/produit\/vierge-de-nazareth-2\/\" \/>\n<meta property=\"og:site_name\" content=\"Laboratorio Gruppo Liturgico\" \/>\n<meta property=\"article:modified_time\" content=\"2024-06-25T08:51:48+00:00\" \/>\n<meta property=\"og:image\" content=\"https:\/\/www.gruppoliturgico.com\/wp-content\/uploads\/2022\/05\/petite-nazareth.jpg\" \/>\n\t<meta property=\"og:image:width\" content=\"1018\" \/>\n\t<meta property=\"og:image:height\" content=\"1500\" \/>\n\t<meta property=\"og:image:type\" content=\"image\/jpeg\" \/>\n<meta name=\"twitter:card\" content=\"summary_large_image\" \/>\n<script type=\"application\/ld+json\" class=\"yoast-schema-graph\">{\"@context\":\"https:\/\/schema.org\",\"@graph\":[{\"@type\":\"WebPage\",\"@id\":\"https:\/\/www.gruppoliturgico.com\/fr\/produit\/vierge-de-nazareth-2\/\",\"url\":\"https:\/\/www.gruppoliturgico.com\/fr\/produit\/vierge-de-nazareth-2\/\",\"name\":\"Vierge de Nazareth - cr\u00e9ations artistiques Soeurs de Bethl\u00e9em, statues du Monast\u00e8re de Bethl\u00e9em et Laboratorio Gruppo Liturgico\",\"isPartOf\":{\"@id\":\"https:\/\/www.gruppoliturgico.com\/es\/#website\"},\"datePublished\":\"2022-05-20T03:38:18+00:00\",\"dateModified\":\"2024-06-25T08:51:48+00:00\",\"description\":\"Statue r\u00e9alis\u00e9e par l'atelier d'Art des moniales de l'ordre de Bethl\u00e9em. R\u00e9alis\u00e9e en pierre des Pyr\u00e9n\u00e9es reconstitu\u00e9e et en r\u00e9sine, elle est enti\u00e8rement d\u00e9cor\u00e9e \u00e0 la main. Style moderne et lin\u00e9aire tr\u00e8s expressif. Hauteur cm 20,5\",\"breadcrumb\":{\"@id\":\"https:\/\/www.gruppoliturgico.com\/fr\/produit\/vierge-de-nazareth-2\/#breadcrumb\"},\"inLanguage\":\"fr-FR\",\"potentialAction\":[{\"@type\":\"ReadAction\",\"target\":[\"https:\/\/www.gruppoliturgico.com\/fr\/produit\/vierge-de-nazareth-2\/\"]}]},{\"@type\":\"BreadcrumbList\",\"@id\":\"https:\/\/www.gruppoliturgico.com\/fr\/produit\/vierge-de-nazareth-2\/#breadcrumb\",\"itemListElement\":[{\"@type\":\"ListItem\",\"position\":1,\"name\":\"Home\",\"item\":\"https:\/\/www.gruppoliturgico.com\/fr\/\"},{\"@type\":\"ListItem\",\"position\":2,\"name\":\"Boutique\",\"item\":\"https:\/\/www.gruppoliturgico.com\/fr\/boutique\/\"},{\"@type\":\"ListItem\",\"position\":3,\"name\":\"Vierge de Nazareth\"}]},{\"@type\":\"WebSite\",\"@id\":\"https:\/\/www.gruppoliturgico.com\/es\/#website\",\"url\":\"https:\/\/www.gruppoliturgico.com\/es\/\",\"name\":\"Laboratorio Gruppo Liturgico\",\"description\":\"Articoli Religiosi online\",\"publisher\":{\"@id\":\"https:\/\/www.gruppoliturgico.com\/es\/#organization\"},\"potentialAction\":[{\"@type\":\"SearchAction\",\"target\":{\"@type\":\"EntryPoint\",\"urlTemplate\":\"https:\/\/www.gruppoliturgico.com\/es\/?s={search_term_string}\"},\"query-input\":\"required name=search_term_string\"}],\"inLanguage\":\"fr-FR\"},{\"@type\":\"Organization\",\"@id\":\"https:\/\/www.gruppoliturgico.com\/es\/#organization\",\"name\":\"Laboratorio Gruppo Liturgico\",\"url\":\"https:\/\/www.gruppoliturgico.com\/es\/\",\"logo\":{\"@type\":\"ImageObject\",\"inLanguage\":\"fr-FR\",\"@id\":\"https:\/\/www.gruppoliturgico.com\/es\/#\/schema\/logo\/image\/\",\"url\":\"https:\/\/www.gruppoliturgico.com\/wp-content\/uploads\/2022\/02\/logo-laboratoriogruppoliturgico.png\",\"contentUrl\":\"https:\/\/www.gruppoliturgico.com\/wp-content\/uploads\/2022\/02\/logo-laboratoriogruppoliturgico.png\",\"width\":400,\"height\":114,\"caption\":\"Laboratorio Gruppo Liturgico\"},\"image\":{\"@id\":\"https:\/\/www.gruppoliturgico.com\/es\/#\/schema\/logo\/image\/\"}}]}<\/script>\n<!-- \/ Yoast SEO plugin. -->","yoast_head_json":{"title":"Vierge de Nazareth - cr\u00e9ations artistiques Soeurs de Bethl\u00e9em, statues du Monast\u00e8re de Bethl\u00e9em et Laboratorio Gruppo Liturgico","description":"Statue r\u00e9alis\u00e9e par l'atelier d'Art des moniales de l'ordre de Bethl\u00e9em. R\u00e9alis\u00e9e en pierre des Pyr\u00e9n\u00e9es reconstitu\u00e9e et en r\u00e9sine, elle est enti\u00e8rement d\u00e9cor\u00e9e \u00e0 la main. Style moderne et lin\u00e9aire tr\u00e8s expressif. Hauteur cm 20,5","robots":{"index":"index","follow":"follow","max-snippet":"max-snippet:-1","max-image-preview":"max-image-preview:large","max-video-preview":"max-video-preview:-1"},"canonical":"https:\/\/www.gruppoliturgico.com\/fr\/produit\/vierge-de-nazareth-2\/","og_locale":"fr_FR","og_type":"article","og_title":"Vierge de Nazareth - cr\u00e9ations artistiques Soeurs de Bethl\u00e9em, statues du Monast\u00e8re de Bethl\u00e9em et Laboratorio Gruppo Liturgico","og_description":"Statue r\u00e9alis\u00e9e par l'atelier d'Art des moniales de l'ordre de Bethl\u00e9em. R\u00e9alis\u00e9e en pierre des Pyr\u00e9n\u00e9es reconstitu\u00e9e et en r\u00e9sine, elle est enti\u00e8rement d\u00e9cor\u00e9e \u00e0 la main. Style moderne et lin\u00e9aire tr\u00e8s expressif. Hauteur cm 20,5","og_url":"https:\/\/www.gruppoliturgico.com\/fr\/produit\/vierge-de-nazareth-2\/","og_site_name":"Laboratorio Gruppo Liturgico","article_modified_time":"2024-06-25T08:51:48+00:00","og_image":[{"width":1018,"height":1500,"url":"https:\/\/www.gruppoliturgico.com\/wp-content\/uploads\/2022\/05\/petite-nazareth.jpg","type":"image\/jpeg"}],"twitter_card":"summary_large_image","schema":{"@context":"https:\/\/schema.org","@graph":[{"@type":"WebPage","@id":"https:\/\/www.gruppoliturgico.com\/fr\/produit\/vierge-de-nazareth-2\/","url":"https:\/\/www.gruppoliturgico.com\/fr\/produit\/vierge-de-nazareth-2\/","name":"Vierge de Nazareth - cr\u00e9ations artistiques Soeurs de Bethl\u00e9em, statues du Monast\u00e8re de Bethl\u00e9em et Laboratorio Gruppo Liturgico","isPartOf":{"@id":"https:\/\/www.gruppoliturgico.com\/es\/#website"},"datePublished":"2022-05-20T03:38:18+00:00","dateModified":"2024-06-25T08:51:48+00:00","description":"Statue r\u00e9alis\u00e9e par l'atelier d'Art des moniales de l'ordre de Bethl\u00e9em. R\u00e9alis\u00e9e en pierre des Pyr\u00e9n\u00e9es reconstitu\u00e9e et en r\u00e9sine, elle est enti\u00e8rement d\u00e9cor\u00e9e \u00e0 la main. Style moderne et lin\u00e9aire tr\u00e8s expressif. Hauteur cm 20,5","breadcrumb":{"@id":"https:\/\/www.gruppoliturgico.com\/fr\/produit\/vierge-de-nazareth-2\/#breadcrumb"},"inLanguage":"fr-FR","potentialAction":[{"@type":"ReadAction","target":["https:\/\/www.gruppoliturgico.com\/fr\/produit\/vierge-de-nazareth-2\/"]}]},{"@type":"BreadcrumbList","@id":"https:\/\/www.gruppoliturgico.com\/fr\/produit\/vierge-de-nazareth-2\/#breadcrumb","itemListElement":[{"@type":"ListItem","position":1,"name":"Home","item":"https:\/\/www.gruppoliturgico.com\/fr\/"},{"@type":"ListItem","position":2,"name":"Boutique","item":"https:\/\/www.gruppoliturgico.com\/fr\/boutique\/"},{"@type":"ListItem","position":3,"name":"Vierge de Nazareth"}]},{"@type":"WebSite","@id":"https:\/\/www.gruppoliturgico.com\/es\/#website","url":"https:\/\/www.gruppoliturgico.com\/es\/","name":"Laboratorio Gruppo Liturgico","description":"Articoli Religiosi online","publisher":{"@id":"https:\/\/www.gruppoliturgico.com\/es\/#organization"},"potentialAction":[{"@type":"SearchAction","target":{"@type":"EntryPoint","urlTemplate":"https:\/\/www.gruppoliturgico.com\/es\/?s={search_term_string}"},"query-input":"required name=search_term_string"}],"inLanguage":"fr-FR"},{"@type":"Organization","@id":"https:\/\/www.gruppoliturgico.com\/es\/#organization","name":"Laboratorio Gruppo Liturgico","url":"https:\/\/www.gruppoliturgico.com\/es\/","logo":{"@type":"ImageObject","inLanguage":"fr-FR","@id":"https:\/\/www.gruppoliturgico.com\/es\/#\/schema\/logo\/image\/","url":"https:\/\/www.gruppoliturgico.com\/wp-content\/uploads\/2022\/02\/logo-laboratoriogruppoliturgico.png","contentUrl":"https:\/\/www.gruppoliturgico.com\/wp-content\/uploads\/2022\/02\/logo-laboratoriogruppoliturgico.png","width":400,"height":114,"caption":"Laboratorio Gruppo Liturgico"},"image":{"@id":"https:\/\/www.gruppoliturgico.com\/es\/#\/schema\/logo\/image\/"}}]}},"_links":{"self":[{"href":"https:\/\/www.gruppoliturgico.com\/fr\/wp-json\/wp\/v2\/product\/71114"}],"collection":[{"href":"https:\/\/www.gruppoliturgico.com\/fr\/wp-json\/wp\/v2\/product"}],"about":[{"href":"https:\/\/www.gruppoliturgico.com\/fr\/wp-json\/wp\/v2\/types\/product"}],"wp:featuredmedia":[{"embeddable":true,"href":"https:\/\/www.gruppoliturgico.com\/fr\/wp-json\/wp\/v2\/media\/81434"}],"wp:attachment":[{"href":"https:\/\/www.gruppoliturgico.com\/fr\/wp-json\/wp\/v2\/media?parent=71114"}],"wp:term":[{"taxonomy":"product_cat","embeddable":true,"href":"https:\/\/www.gruppoliturgico.com\/fr\/wp-json\/wp\/v2\/product_cat?post=71114"},{"taxonomy":"product_tag","embeddable":true,"href":"https:\/\/www.gruppoliturgico.com\/fr\/wp-json\/wp\/v2\/product_tag?post=71114"}],"curies":[{"name":"wp","href":"https:\/\/api.w.org\/{rel}","templated":true}]}}