{"id":71034,"date":"2022-05-20T05:34:00","date_gmt":"2022-05-20T03:34:33","guid":{"rendered":"https:\/\/www.gruppoliturgico.com\/prodotto\/borsa-per-elemosina-con-manico\/"},"modified":"2022-08-02T11:10:53","modified_gmt":"2022-08-02T09:10:53","slug":"borsa-per-elemosina-con-manico","status":"publish","type":"product","link":"https:\/\/www.gruppoliturgico.com\/fr\/produit\/borsa-per-elemosina-con-manico\/","title":{"rendered":"Sac aum\u00f4ne avec manche"},"content":{"rendered":"<html><body><p>sac d\u2019aum\u00f4ne en similicuir.<br>\nTr\u00e8s pratique et spacieux, avec manche en bois naturel de 120 cm.<br>\nPermet de collecter des offres tout en gardant une distance de s\u00e9curit\u00e9.<br>\nDisponible en deux couleurs diff\u00e9rentes.<\/p>\n<p>Bouche de forme elliptique de 18 x 10 cm<br>\nHauteur 28 cm<\/p>\n<\/body><\/html>","protected":false},"excerpt":{"rendered":"<p>sac d&rsquo;aum\u00f4ne en similicuir.<br \/>\nTr\u00e8s pratique et spacieux, avec manche en bois naturel de 120 cm.<br \/>\nPermet de collecter des offres tout en gardant une distance de s\u00e9curit\u00e9.<br \/>\nDisponible en deux couleurs diff\u00e9rentes.<\/p>\n<p>Bouche de forme elliptique de 18 x 10 cm<br \/>\nHauteur 28 cm<\/p>\n","protected":false},"featured_media":116898,"template":"","meta":[],"product_cat":[11888],"product_tag":[],"yoast_head":"<!-- This site is optimized with the Yoast SEO plugin v20.4 - https:\/\/yoast.com\/wordpress\/plugins\/seo\/ -->\n<title>Sac aum\u00f4ne avec manche - Sacs pour offrandes et Laboratorio Gruppo Liturgico<\/title>\n<meta name=\"description\" content=\"sac d&#039;aum\u00f4ne en similicuir. Tr\u00e8s pratique et spacieux, avec manche en bois naturel de 120 cm. Permet de collecter des offres tout en gardant une distance de s\u00e9curit\u00e9. Disponible en deux couleurs diff\u00e9rentes.  Bouche de forme elliptique de 18 x 10 cm Hauteur 28 cm\" \/>\n<meta name=\"robots\" content=\"index, follow, max-snippet:-1, max-image-preview:large, max-video-preview:-1\" \/>\n<link rel=\"canonical\" href=\"https:\/\/www.gruppoliturgico.com\/fr\/produit\/borsa-per-elemosina-con-manico\/\" \/>\n<meta property=\"og:locale\" content=\"fr_FR\" \/>\n<meta property=\"og:type\" content=\"article\" \/>\n<meta property=\"og:title\" content=\"Sac aum\u00f4ne avec manche - Sacs pour offrandes et Laboratorio Gruppo Liturgico\" \/>\n<meta property=\"og:description\" content=\"sac d&#039;aum\u00f4ne en similicuir. Tr\u00e8s pratique et spacieux, avec manche en bois naturel de 120 cm. Permet de collecter des offres tout en gardant une distance de s\u00e9curit\u00e9. Disponible en deux couleurs diff\u00e9rentes.  Bouche de forme elliptique de 18 x 10 cm Hauteur 28 cm\" \/>\n<meta property=\"og:url\" content=\"https:\/\/www.gruppoliturgico.com\/fr\/produit\/borsa-per-elemosina-con-manico\/\" \/>\n<meta property=\"og:site_name\" content=\"Laboratorio Gruppo Liturgico\" \/>\n<meta property=\"article:modified_time\" content=\"2022-08-02T09:10:53+00:00\" \/>\n<meta property=\"og:image\" content=\"https:\/\/www.gruppoliturgico.com\/wp-content\/uploads\/2022\/05\/3568.bordeaux.jpg\" \/>\n\t<meta property=\"og:image:width\" content=\"1500\" \/>\n\t<meta property=\"og:image:height\" content=\"1352\" \/>\n\t<meta property=\"og:image:type\" content=\"image\/jpeg\" \/>\n<meta name=\"twitter:card\" content=\"summary_large_image\" \/>\n<meta name=\"twitter:label1\" content=\"Dur\u00e9e de lecture estim\u00e9e\" \/>\n\t<meta name=\"twitter:data1\" content=\"1 minute\" \/>\n<script type=\"application\/ld+json\" class=\"yoast-schema-graph\">{\"@context\":\"https:\/\/schema.org\",\"@graph\":[{\"@type\":\"WebPage\",\"@id\":\"https:\/\/www.gruppoliturgico.com\/fr\/produit\/borsa-per-elemosina-con-manico\/\",\"url\":\"https:\/\/www.gruppoliturgico.com\/fr\/produit\/borsa-per-elemosina-con-manico\/\",\"name\":\"Sac aum\u00f4ne avec manche - Sacs pour offrandes et Laboratorio Gruppo Liturgico\",\"isPartOf\":{\"@id\":\"https:\/\/www.gruppoliturgico.com\/es\/#website\"},\"datePublished\":\"2022-05-20T03:34:33+00:00\",\"dateModified\":\"2022-08-02T09:10:53+00:00\",\"description\":\"sac d'aum\u00f4ne en similicuir. Tr\u00e8s pratique et spacieux, avec manche en bois naturel de 120 cm. Permet de collecter des offres tout en gardant une distance de s\u00e9curit\u00e9. Disponible en deux couleurs diff\u00e9rentes. Bouche de forme elliptique de 18 x 10 cm Hauteur 28 cm\",\"breadcrumb\":{\"@id\":\"https:\/\/www.gruppoliturgico.com\/fr\/produit\/borsa-per-elemosina-con-manico\/#breadcrumb\"},\"inLanguage\":\"fr-FR\",\"potentialAction\":[{\"@type\":\"ReadAction\",\"target\":[\"https:\/\/www.gruppoliturgico.com\/fr\/produit\/borsa-per-elemosina-con-manico\/\"]}]},{\"@type\":\"BreadcrumbList\",\"@id\":\"https:\/\/www.gruppoliturgico.com\/fr\/produit\/borsa-per-elemosina-con-manico\/#breadcrumb\",\"itemListElement\":[{\"@type\":\"ListItem\",\"position\":1,\"name\":\"Home\",\"item\":\"https:\/\/www.gruppoliturgico.com\/fr\/\"},{\"@type\":\"ListItem\",\"position\":2,\"name\":\"Boutique\",\"item\":\"https:\/\/www.gruppoliturgico.com\/fr\/boutique\/\"},{\"@type\":\"ListItem\",\"position\":3,\"name\":\"Sac aum\u00f4ne avec manche\"}]},{\"@type\":\"WebSite\",\"@id\":\"https:\/\/www.gruppoliturgico.com\/es\/#website\",\"url\":\"https:\/\/www.gruppoliturgico.com\/es\/\",\"name\":\"Laboratorio Gruppo Liturgico\",\"description\":\"Articoli Religiosi online\",\"publisher\":{\"@id\":\"https:\/\/www.gruppoliturgico.com\/es\/#organization\"},\"potentialAction\":[{\"@type\":\"SearchAction\",\"target\":{\"@type\":\"EntryPoint\",\"urlTemplate\":\"https:\/\/www.gruppoliturgico.com\/es\/?s={search_term_string}\"},\"query-input\":\"required name=search_term_string\"}],\"inLanguage\":\"fr-FR\"},{\"@type\":\"Organization\",\"@id\":\"https:\/\/www.gruppoliturgico.com\/es\/#organization\",\"name\":\"Laboratorio Gruppo Liturgico\",\"url\":\"https:\/\/www.gruppoliturgico.com\/es\/\",\"logo\":{\"@type\":\"ImageObject\",\"inLanguage\":\"fr-FR\",\"@id\":\"https:\/\/www.gruppoliturgico.com\/es\/#\/schema\/logo\/image\/\",\"url\":\"https:\/\/www.gruppoliturgico.com\/wp-content\/uploads\/2022\/02\/logo-laboratoriogruppoliturgico.png\",\"contentUrl\":\"https:\/\/www.gruppoliturgico.com\/wp-content\/uploads\/2022\/02\/logo-laboratoriogruppoliturgico.png\",\"width\":400,\"height\":114,\"caption\":\"Laboratorio Gruppo Liturgico\"},\"image\":{\"@id\":\"https:\/\/www.gruppoliturgico.com\/es\/#\/schema\/logo\/image\/\"}}]}<\/script>\n<!-- \/ Yoast SEO plugin. -->","yoast_head_json":{"title":"Sac aum\u00f4ne avec manche - Sacs pour offrandes et Laboratorio Gruppo Liturgico","description":"sac d'aum\u00f4ne en similicuir. Tr\u00e8s pratique et spacieux, avec manche en bois naturel de 120 cm. Permet de collecter des offres tout en gardant une distance de s\u00e9curit\u00e9. Disponible en deux couleurs diff\u00e9rentes.  Bouche de forme elliptique de 18 x 10 cm Hauteur 28 cm","robots":{"index":"index","follow":"follow","max-snippet":"max-snippet:-1","max-image-preview":"max-image-preview:large","max-video-preview":"max-video-preview:-1"},"canonical":"https:\/\/www.gruppoliturgico.com\/fr\/produit\/borsa-per-elemosina-con-manico\/","og_locale":"fr_FR","og_type":"article","og_title":"Sac aum\u00f4ne avec manche - Sacs pour offrandes et Laboratorio Gruppo Liturgico","og_description":"sac d'aum\u00f4ne en similicuir. Tr\u00e8s pratique et spacieux, avec manche en bois naturel de 120 cm. Permet de collecter des offres tout en gardant une distance de s\u00e9curit\u00e9. Disponible en deux couleurs diff\u00e9rentes.  Bouche de forme elliptique de 18 x 10 cm Hauteur 28 cm","og_url":"https:\/\/www.gruppoliturgico.com\/fr\/produit\/borsa-per-elemosina-con-manico\/","og_site_name":"Laboratorio Gruppo Liturgico","article_modified_time":"2022-08-02T09:10:53+00:00","og_image":[{"width":1500,"height":1352,"url":"https:\/\/www.gruppoliturgico.com\/wp-content\/uploads\/2022\/05\/3568.bordeaux.jpg","type":"image\/jpeg"}],"twitter_card":"summary_large_image","twitter_misc":{"Dur\u00e9e de lecture estim\u00e9e":"1 minute"},"schema":{"@context":"https:\/\/schema.org","@graph":[{"@type":"WebPage","@id":"https:\/\/www.gruppoliturgico.com\/fr\/produit\/borsa-per-elemosina-con-manico\/","url":"https:\/\/www.gruppoliturgico.com\/fr\/produit\/borsa-per-elemosina-con-manico\/","name":"Sac aum\u00f4ne avec manche - Sacs pour offrandes et Laboratorio Gruppo Liturgico","isPartOf":{"@id":"https:\/\/www.gruppoliturgico.com\/es\/#website"},"datePublished":"2022-05-20T03:34:33+00:00","dateModified":"2022-08-02T09:10:53+00:00","description":"sac d'aum\u00f4ne en similicuir. Tr\u00e8s pratique et spacieux, avec manche en bois naturel de 120 cm. Permet de collecter des offres tout en gardant une distance de s\u00e9curit\u00e9. Disponible en deux couleurs diff\u00e9rentes. Bouche de forme elliptique de 18 x 10 cm Hauteur 28 cm","breadcrumb":{"@id":"https:\/\/www.gruppoliturgico.com\/fr\/produit\/borsa-per-elemosina-con-manico\/#breadcrumb"},"inLanguage":"fr-FR","potentialAction":[{"@type":"ReadAction","target":["https:\/\/www.gruppoliturgico.com\/fr\/produit\/borsa-per-elemosina-con-manico\/"]}]},{"@type":"BreadcrumbList","@id":"https:\/\/www.gruppoliturgico.com\/fr\/produit\/borsa-per-elemosina-con-manico\/#breadcrumb","itemListElement":[{"@type":"ListItem","position":1,"name":"Home","item":"https:\/\/www.gruppoliturgico.com\/fr\/"},{"@type":"ListItem","position":2,"name":"Boutique","item":"https:\/\/www.gruppoliturgico.com\/fr\/boutique\/"},{"@type":"ListItem","position":3,"name":"Sac aum\u00f4ne avec manche"}]},{"@type":"WebSite","@id":"https:\/\/www.gruppoliturgico.com\/es\/#website","url":"https:\/\/www.gruppoliturgico.com\/es\/","name":"Laboratorio Gruppo Liturgico","description":"Articoli Religiosi online","publisher":{"@id":"https:\/\/www.gruppoliturgico.com\/es\/#organization"},"potentialAction":[{"@type":"SearchAction","target":{"@type":"EntryPoint","urlTemplate":"https:\/\/www.gruppoliturgico.com\/es\/?s={search_term_string}"},"query-input":"required name=search_term_string"}],"inLanguage":"fr-FR"},{"@type":"Organization","@id":"https:\/\/www.gruppoliturgico.com\/es\/#organization","name":"Laboratorio Gruppo Liturgico","url":"https:\/\/www.gruppoliturgico.com\/es\/","logo":{"@type":"ImageObject","inLanguage":"fr-FR","@id":"https:\/\/www.gruppoliturgico.com\/es\/#\/schema\/logo\/image\/","url":"https:\/\/www.gruppoliturgico.com\/wp-content\/uploads\/2022\/02\/logo-laboratoriogruppoliturgico.png","contentUrl":"https:\/\/www.gruppoliturgico.com\/wp-content\/uploads\/2022\/02\/logo-laboratoriogruppoliturgico.png","width":400,"height":114,"caption":"Laboratorio Gruppo Liturgico"},"image":{"@id":"https:\/\/www.gruppoliturgico.com\/es\/#\/schema\/logo\/image\/"}}]}},"_links":{"self":[{"href":"https:\/\/www.gruppoliturgico.com\/fr\/wp-json\/wp\/v2\/product\/71034"}],"collection":[{"href":"https:\/\/www.gruppoliturgico.com\/fr\/wp-json\/wp\/v2\/product"}],"about":[{"href":"https:\/\/www.gruppoliturgico.com\/fr\/wp-json\/wp\/v2\/types\/product"}],"wp:featuredmedia":[{"embeddable":true,"href":"https:\/\/www.gruppoliturgico.com\/fr\/wp-json\/wp\/v2\/media\/116898"}],"wp:attachment":[{"href":"https:\/\/www.gruppoliturgico.com\/fr\/wp-json\/wp\/v2\/media?parent=71034"}],"wp:term":[{"taxonomy":"product_cat","embeddable":true,"href":"https:\/\/www.gruppoliturgico.com\/fr\/wp-json\/wp\/v2\/product_cat?post=71034"},{"taxonomy":"product_tag","embeddable":true,"href":"https:\/\/www.gruppoliturgico.com\/fr\/wp-json\/wp\/v2\/product_tag?post=71034"}],"curies":[{"name":"wp","href":"https:\/\/api.w.org\/{rel}","templated":true}]}}