{"id":70994,"date":"2022-05-20T05:32:42","date_gmt":"2022-05-20T03:32:49","guid":{"rendered":"https:\/\/www.gruppoliturgico.com\/prodotto\/crucifix-8\/"},"modified":"2022-08-01T09:27:14","modified_gmt":"2022-08-01T07:27:14","slug":"crucifix-8","status":"publish","type":"product","link":"https:\/\/www.gruppoliturgico.com\/fr\/produit\/crucifix-8\/","title":{"rendered":"Crucifix"},"content":{"rendered":"<html><body><p>Crucifix en bois massif, vrai exemple de haut artisanat artistique.<br>\nCrucifix en bois sculpt\u00e9 et peint \u00e0 la main avec des couleurs \u00e0 l\u2019huile.<br>\nCroix en bois massif peinte \u00e0 la main.<\/p>\n<p>Dimensions<br>\nCorps en bois sculpt\u00e9 cm 120<br>\nCroix cm 175 x 135<\/p>\n<p>\u00a0<\/p>\n<p>\u00a0<\/p>\n<\/body><\/html>","protected":false},"excerpt":{"rendered":"<p>Crucifix en bois massif, vrai exemple de haut artisanat artistique.<br \/>\nCrucifix en bois sculpt\u00e9 et peint \u00e0 la main avec des couleurs \u00e0 l&rsquo;huile.<br \/>\nCroix en bois massif peinte \u00e0 la main.<\/p>\n<p>Dimensions<br \/>\nCorps en bois sculpt\u00e9 cm 120<br \/>\nCroix cm 175 x 135<\/p>\n","protected":false},"featured_media":141540,"template":"","meta":[],"product_cat":[11592],"product_tag":[15380],"yoast_head":"<!-- This site is optimized with the Yoast SEO plugin v20.4 - https:\/\/yoast.com\/wordpress\/plugins\/seo\/ -->\n<title>Crucifix - crucifix en bois sculpt\u00e9 et Laboratorio Gruppo Liturgico<\/title>\n<meta name=\"description\" content=\"Crucifix en bois massif, vrai exemple de haut artisanat artistique. Crucifix en bois sculpt\u00e9 et peint \u00e0 la main avec des couleurs \u00e0 l&#039;huile. Croix en bois massif peinte \u00e0 la main.  Dimensions Corps en bois sculpt\u00e9 cm 120 Croix cm 175 x 135\" \/>\n<meta name=\"robots\" content=\"index, follow, max-snippet:-1, max-image-preview:large, max-video-preview:-1\" \/>\n<link rel=\"canonical\" href=\"https:\/\/www.gruppoliturgico.com\/fr\/produit\/crucifix-8\/\" \/>\n<meta property=\"og:locale\" content=\"fr_FR\" \/>\n<meta property=\"og:type\" content=\"article\" \/>\n<meta property=\"og:title\" content=\"Crucifix - crucifix en bois sculpt\u00e9 et Laboratorio Gruppo Liturgico\" \/>\n<meta property=\"og:description\" content=\"Crucifix en bois massif, vrai exemple de haut artisanat artistique. Crucifix en bois sculpt\u00e9 et peint \u00e0 la main avec des couleurs \u00e0 l&#039;huile. Croix en bois massif peinte \u00e0 la main.  Dimensions Corps en bois sculpt\u00e9 cm 120 Croix cm 175 x 135\" \/>\n<meta property=\"og:url\" content=\"https:\/\/www.gruppoliturgico.com\/fr\/produit\/crucifix-8\/\" \/>\n<meta property=\"og:site_name\" content=\"Laboratorio Gruppo Liturgico\" \/>\n<meta property=\"article:modified_time\" content=\"2022-08-01T07:27:14+00:00\" \/>\n<meta property=\"og:image\" content=\"https:\/\/www.gruppoliturgico.com\/wp-content\/uploads\/2022\/05\/3555-nv-rit-3.jpg\" \/>\n\t<meta property=\"og:image:width\" content=\"1271\" \/>\n\t<meta property=\"og:image:height\" content=\"2000\" \/>\n\t<meta property=\"og:image:type\" content=\"image\/jpeg\" \/>\n<meta name=\"twitter:card\" content=\"summary_large_image\" \/>\n<meta name=\"twitter:label1\" content=\"Dur\u00e9e de lecture estim\u00e9e\" \/>\n\t<meta name=\"twitter:data1\" content=\"1 minute\" \/>\n<script type=\"application\/ld+json\" class=\"yoast-schema-graph\">{\"@context\":\"https:\/\/schema.org\",\"@graph\":[{\"@type\":\"WebPage\",\"@id\":\"https:\/\/www.gruppoliturgico.com\/fr\/produit\/crucifix-8\/\",\"url\":\"https:\/\/www.gruppoliturgico.com\/fr\/produit\/crucifix-8\/\",\"name\":\"Crucifix - crucifix en bois sculpt\u00e9 et Laboratorio Gruppo Liturgico\",\"isPartOf\":{\"@id\":\"https:\/\/www.gruppoliturgico.com\/es\/#website\"},\"datePublished\":\"2022-05-20T03:32:49+00:00\",\"dateModified\":\"2022-08-01T07:27:14+00:00\",\"description\":\"Crucifix en bois massif, vrai exemple de haut artisanat artistique. Crucifix en bois sculpt\u00e9 et peint \u00e0 la main avec des couleurs \u00e0 l'huile. Croix en bois massif peinte \u00e0 la main. Dimensions Corps en bois sculpt\u00e9 cm 120 Croix cm 175 x 135\",\"breadcrumb\":{\"@id\":\"https:\/\/www.gruppoliturgico.com\/fr\/produit\/crucifix-8\/#breadcrumb\"},\"inLanguage\":\"fr-FR\",\"potentialAction\":[{\"@type\":\"ReadAction\",\"target\":[\"https:\/\/www.gruppoliturgico.com\/fr\/produit\/crucifix-8\/\"]}]},{\"@type\":\"BreadcrumbList\",\"@id\":\"https:\/\/www.gruppoliturgico.com\/fr\/produit\/crucifix-8\/#breadcrumb\",\"itemListElement\":[{\"@type\":\"ListItem\",\"position\":1,\"name\":\"Home\",\"item\":\"https:\/\/www.gruppoliturgico.com\/fr\/\"},{\"@type\":\"ListItem\",\"position\":2,\"name\":\"Boutique\",\"item\":\"https:\/\/www.gruppoliturgico.com\/fr\/boutique\/\"},{\"@type\":\"ListItem\",\"position\":3,\"name\":\"Crucifix\"}]},{\"@type\":\"WebSite\",\"@id\":\"https:\/\/www.gruppoliturgico.com\/es\/#website\",\"url\":\"https:\/\/www.gruppoliturgico.com\/es\/\",\"name\":\"Laboratorio Gruppo Liturgico\",\"description\":\"Articoli Religiosi online\",\"publisher\":{\"@id\":\"https:\/\/www.gruppoliturgico.com\/es\/#organization\"},\"potentialAction\":[{\"@type\":\"SearchAction\",\"target\":{\"@type\":\"EntryPoint\",\"urlTemplate\":\"https:\/\/www.gruppoliturgico.com\/es\/?s={search_term_string}\"},\"query-input\":\"required name=search_term_string\"}],\"inLanguage\":\"fr-FR\"},{\"@type\":\"Organization\",\"@id\":\"https:\/\/www.gruppoliturgico.com\/es\/#organization\",\"name\":\"Laboratorio Gruppo Liturgico\",\"url\":\"https:\/\/www.gruppoliturgico.com\/es\/\",\"logo\":{\"@type\":\"ImageObject\",\"inLanguage\":\"fr-FR\",\"@id\":\"https:\/\/www.gruppoliturgico.com\/es\/#\/schema\/logo\/image\/\",\"url\":\"https:\/\/www.gruppoliturgico.com\/wp-content\/uploads\/2022\/02\/logo-laboratoriogruppoliturgico.png\",\"contentUrl\":\"https:\/\/www.gruppoliturgico.com\/wp-content\/uploads\/2022\/02\/logo-laboratoriogruppoliturgico.png\",\"width\":400,\"height\":114,\"caption\":\"Laboratorio Gruppo Liturgico\"},\"image\":{\"@id\":\"https:\/\/www.gruppoliturgico.com\/es\/#\/schema\/logo\/image\/\"}}]}<\/script>\n<!-- \/ Yoast SEO plugin. -->","yoast_head_json":{"title":"Crucifix - crucifix en bois sculpt\u00e9 et Laboratorio Gruppo Liturgico","description":"Crucifix en bois massif, vrai exemple de haut artisanat artistique. Crucifix en bois sculpt\u00e9 et peint \u00e0 la main avec des couleurs \u00e0 l'huile. Croix en bois massif peinte \u00e0 la main.  Dimensions Corps en bois sculpt\u00e9 cm 120 Croix cm 175 x 135","robots":{"index":"index","follow":"follow","max-snippet":"max-snippet:-1","max-image-preview":"max-image-preview:large","max-video-preview":"max-video-preview:-1"},"canonical":"https:\/\/www.gruppoliturgico.com\/fr\/produit\/crucifix-8\/","og_locale":"fr_FR","og_type":"article","og_title":"Crucifix - crucifix en bois sculpt\u00e9 et Laboratorio Gruppo Liturgico","og_description":"Crucifix en bois massif, vrai exemple de haut artisanat artistique. Crucifix en bois sculpt\u00e9 et peint \u00e0 la main avec des couleurs \u00e0 l'huile. Croix en bois massif peinte \u00e0 la main.  Dimensions Corps en bois sculpt\u00e9 cm 120 Croix cm 175 x 135","og_url":"https:\/\/www.gruppoliturgico.com\/fr\/produit\/crucifix-8\/","og_site_name":"Laboratorio Gruppo Liturgico","article_modified_time":"2022-08-01T07:27:14+00:00","og_image":[{"width":1271,"height":2000,"url":"https:\/\/www.gruppoliturgico.com\/wp-content\/uploads\/2022\/05\/3555-nv-rit-3.jpg","type":"image\/jpeg"}],"twitter_card":"summary_large_image","twitter_misc":{"Dur\u00e9e de lecture estim\u00e9e":"1 minute"},"schema":{"@context":"https:\/\/schema.org","@graph":[{"@type":"WebPage","@id":"https:\/\/www.gruppoliturgico.com\/fr\/produit\/crucifix-8\/","url":"https:\/\/www.gruppoliturgico.com\/fr\/produit\/crucifix-8\/","name":"Crucifix - crucifix en bois sculpt\u00e9 et Laboratorio Gruppo Liturgico","isPartOf":{"@id":"https:\/\/www.gruppoliturgico.com\/es\/#website"},"datePublished":"2022-05-20T03:32:49+00:00","dateModified":"2022-08-01T07:27:14+00:00","description":"Crucifix en bois massif, vrai exemple de haut artisanat artistique. Crucifix en bois sculpt\u00e9 et peint \u00e0 la main avec des couleurs \u00e0 l'huile. Croix en bois massif peinte \u00e0 la main. Dimensions Corps en bois sculpt\u00e9 cm 120 Croix cm 175 x 135","breadcrumb":{"@id":"https:\/\/www.gruppoliturgico.com\/fr\/produit\/crucifix-8\/#breadcrumb"},"inLanguage":"fr-FR","potentialAction":[{"@type":"ReadAction","target":["https:\/\/www.gruppoliturgico.com\/fr\/produit\/crucifix-8\/"]}]},{"@type":"BreadcrumbList","@id":"https:\/\/www.gruppoliturgico.com\/fr\/produit\/crucifix-8\/#breadcrumb","itemListElement":[{"@type":"ListItem","position":1,"name":"Home","item":"https:\/\/www.gruppoliturgico.com\/fr\/"},{"@type":"ListItem","position":2,"name":"Boutique","item":"https:\/\/www.gruppoliturgico.com\/fr\/boutique\/"},{"@type":"ListItem","position":3,"name":"Crucifix"}]},{"@type":"WebSite","@id":"https:\/\/www.gruppoliturgico.com\/es\/#website","url":"https:\/\/www.gruppoliturgico.com\/es\/","name":"Laboratorio Gruppo Liturgico","description":"Articoli Religiosi online","publisher":{"@id":"https:\/\/www.gruppoliturgico.com\/es\/#organization"},"potentialAction":[{"@type":"SearchAction","target":{"@type":"EntryPoint","urlTemplate":"https:\/\/www.gruppoliturgico.com\/es\/?s={search_term_string}"},"query-input":"required name=search_term_string"}],"inLanguage":"fr-FR"},{"@type":"Organization","@id":"https:\/\/www.gruppoliturgico.com\/es\/#organization","name":"Laboratorio Gruppo Liturgico","url":"https:\/\/www.gruppoliturgico.com\/es\/","logo":{"@type":"ImageObject","inLanguage":"fr-FR","@id":"https:\/\/www.gruppoliturgico.com\/es\/#\/schema\/logo\/image\/","url":"https:\/\/www.gruppoliturgico.com\/wp-content\/uploads\/2022\/02\/logo-laboratoriogruppoliturgico.png","contentUrl":"https:\/\/www.gruppoliturgico.com\/wp-content\/uploads\/2022\/02\/logo-laboratoriogruppoliturgico.png","width":400,"height":114,"caption":"Laboratorio Gruppo Liturgico"},"image":{"@id":"https:\/\/www.gruppoliturgico.com\/es\/#\/schema\/logo\/image\/"}}]}},"_links":{"self":[{"href":"https:\/\/www.gruppoliturgico.com\/fr\/wp-json\/wp\/v2\/product\/70994"}],"collection":[{"href":"https:\/\/www.gruppoliturgico.com\/fr\/wp-json\/wp\/v2\/product"}],"about":[{"href":"https:\/\/www.gruppoliturgico.com\/fr\/wp-json\/wp\/v2\/types\/product"}],"wp:featuredmedia":[{"embeddable":true,"href":"https:\/\/www.gruppoliturgico.com\/fr\/wp-json\/wp\/v2\/media\/141540"}],"wp:attachment":[{"href":"https:\/\/www.gruppoliturgico.com\/fr\/wp-json\/wp\/v2\/media?parent=70994"}],"wp:term":[{"taxonomy":"product_cat","embeddable":true,"href":"https:\/\/www.gruppoliturgico.com\/fr\/wp-json\/wp\/v2\/product_cat?post=70994"},{"taxonomy":"product_tag","embeddable":true,"href":"https:\/\/www.gruppoliturgico.com\/fr\/wp-json\/wp\/v2\/product_tag?post=70994"}],"curies":[{"name":"wp","href":"https:\/\/api.w.org\/{rel}","templated":true}]}}