{"id":70902,"date":"2022-05-20T05:28:00","date_gmt":"2022-05-20T03:28:34","guid":{"rendered":"https:\/\/www.gruppoliturgico.com\/prodotto\/chasuble-romaine-16\/"},"modified":"2025-05-12T15:03:29","modified_gmt":"2025-05-12T13:03:29","slug":"chasuble-romaine-16","status":"publish","type":"product","link":"https:\/\/www.gruppoliturgico.com\/fr\/produit\/chasuble-romaine-16\/","title":{"rendered":"Chasuble romaine"},"content":{"rendered":"<html><body><p>chasuble prestigieuse, de style romain, confectionn\u00e9e dans un tissu doux en satin et soie, enti\u00e8rement brod\u00e9e de fils en or.<br>\nElle est rigidifi\u00e9e avec un tissu sp\u00e9cial et enti\u00e8rement doubl\u00e9 de satin de la m\u00eame couleur liturgique.<br>\nCompl\u00e8te d\u2019\u00e9tole, manipule, bourse et voile pour le calice richement brod\u00e9s d\u00e9j\u00e0 inclus dans le prix.<\/p>\n<\/body><\/html>","protected":false},"excerpt":{"rendered":"<p>chasuble prestigieuse, de style romain, confectionn\u00e9e dans un tissu doux en satin et soie, enti\u00e8rement brod\u00e9e de fils en or.<br \/>\nElle est rigidifi\u00e9e avec un tissu sp\u00e9cial et enti\u00e8rement doubl\u00e9 de satin de la m\u00eame couleur liturgique.<br \/>\nCompl\u00e8te d\u2019\u00e9tole, manipule, bourse et voile pour le calice richement brod\u00e9s d\u00e9j\u00e0 inclus dans le prix.<\/p>\n","protected":false},"featured_media":116797,"template":"","meta":[],"product_cat":[12280],"product_tag":[],"yoast_head":"<!-- This site is optimized with the Yoast SEO plugin v20.4 - https:\/\/yoast.com\/wordpress\/plugins\/seo\/ -->\n<title>Chasuble romaine - chasubles romaines et Laboratorio Gruppo Liturgico<\/title>\n<meta name=\"description\" content=\"chasuble prestigieuse, de style romain, confectionn\u00e9e dans un tissu doux en satin et soie, enti\u00e8rement brod\u00e9e de fils en or. Elle est rigidifi\u00e9e avec un tissu sp\u00e9cial et enti\u00e8rement doubl\u00e9 de satin de la m\u00eame couleur liturgique. Compl\u00e8te d\u2019\u00e9tole, manipule, bourse et voile pour le calice richement brod\u00e9s d\u00e9j\u00e0 inclus dans le prix.\" \/>\n<meta name=\"robots\" content=\"index, follow, max-snippet:-1, max-image-preview:large, max-video-preview:-1\" \/>\n<link rel=\"canonical\" href=\"https:\/\/www.gruppoliturgico.com\/fr\/produit\/chasuble-romaine-16\/\" \/>\n<meta property=\"og:locale\" content=\"fr_FR\" \/>\n<meta property=\"og:type\" content=\"article\" \/>\n<meta property=\"og:title\" content=\"Chasuble romaine - chasubles romaines et Laboratorio Gruppo Liturgico\" \/>\n<meta property=\"og:description\" content=\"chasuble prestigieuse, de style romain, confectionn\u00e9e dans un tissu doux en satin et soie, enti\u00e8rement brod\u00e9e de fils en or. Elle est rigidifi\u00e9e avec un tissu sp\u00e9cial et enti\u00e8rement doubl\u00e9 de satin de la m\u00eame couleur liturgique. Compl\u00e8te d\u2019\u00e9tole, manipule, bourse et voile pour le calice richement brod\u00e9s d\u00e9j\u00e0 inclus dans le prix.\" \/>\n<meta property=\"og:url\" content=\"https:\/\/www.gruppoliturgico.com\/fr\/produit\/chasuble-romaine-16\/\" \/>\n<meta property=\"og:site_name\" content=\"Laboratorio Gruppo Liturgico\" \/>\n<meta property=\"article:modified_time\" content=\"2025-05-12T13:03:29+00:00\" \/>\n<meta property=\"og:image\" content=\"https:\/\/www.gruppoliturgico.com\/wp-content\/uploads\/2022\/09\/3544-viola.jpg\" \/>\n\t<meta property=\"og:image:width\" content=\"856\" \/>\n\t<meta property=\"og:image:height\" content=\"1500\" \/>\n\t<meta property=\"og:image:type\" content=\"image\/jpeg\" \/>\n<meta name=\"twitter:card\" content=\"summary_large_image\" \/>\n<meta name=\"twitter:label1\" content=\"Dur\u00e9e de lecture estim\u00e9e\" \/>\n\t<meta name=\"twitter:data1\" content=\"1 minute\" \/>\n<script type=\"application\/ld+json\" class=\"yoast-schema-graph\">{\"@context\":\"https:\/\/schema.org\",\"@graph\":[{\"@type\":\"WebPage\",\"@id\":\"https:\/\/www.gruppoliturgico.com\/fr\/produit\/chasuble-romaine-16\/\",\"url\":\"https:\/\/www.gruppoliturgico.com\/fr\/produit\/chasuble-romaine-16\/\",\"name\":\"Chasuble romaine - chasubles romaines et Laboratorio Gruppo Liturgico\",\"isPartOf\":{\"@id\":\"https:\/\/www.gruppoliturgico.com\/es\/#website\"},\"datePublished\":\"2022-05-20T03:28:34+00:00\",\"dateModified\":\"2025-05-12T13:03:29+00:00\",\"description\":\"chasuble prestigieuse, de style romain, confectionn\u00e9e dans un tissu doux en satin et soie, enti\u00e8rement brod\u00e9e de fils en or. Elle est rigidifi\u00e9e avec un tissu sp\u00e9cial et enti\u00e8rement doubl\u00e9 de satin de la m\u00eame couleur liturgique. Compl\u00e8te d\u2019\u00e9tole, manipule, bourse et voile pour le calice richement brod\u00e9s d\u00e9j\u00e0 inclus dans le prix.\",\"breadcrumb\":{\"@id\":\"https:\/\/www.gruppoliturgico.com\/fr\/produit\/chasuble-romaine-16\/#breadcrumb\"},\"inLanguage\":\"fr-FR\",\"potentialAction\":[{\"@type\":\"ReadAction\",\"target\":[\"https:\/\/www.gruppoliturgico.com\/fr\/produit\/chasuble-romaine-16\/\"]}]},{\"@type\":\"BreadcrumbList\",\"@id\":\"https:\/\/www.gruppoliturgico.com\/fr\/produit\/chasuble-romaine-16\/#breadcrumb\",\"itemListElement\":[{\"@type\":\"ListItem\",\"position\":1,\"name\":\"Home\",\"item\":\"https:\/\/www.gruppoliturgico.com\/fr\/\"},{\"@type\":\"ListItem\",\"position\":2,\"name\":\"Boutique\",\"item\":\"https:\/\/www.gruppoliturgico.com\/fr\/boutique\/\"},{\"@type\":\"ListItem\",\"position\":3,\"name\":\"Chasuble romaine\"}]},{\"@type\":\"WebSite\",\"@id\":\"https:\/\/www.gruppoliturgico.com\/es\/#website\",\"url\":\"https:\/\/www.gruppoliturgico.com\/es\/\",\"name\":\"Laboratorio Gruppo Liturgico\",\"description\":\"Articoli Religiosi online\",\"publisher\":{\"@id\":\"https:\/\/www.gruppoliturgico.com\/es\/#organization\"},\"potentialAction\":[{\"@type\":\"SearchAction\",\"target\":{\"@type\":\"EntryPoint\",\"urlTemplate\":\"https:\/\/www.gruppoliturgico.com\/es\/?s={search_term_string}\"},\"query-input\":\"required name=search_term_string\"}],\"inLanguage\":\"fr-FR\"},{\"@type\":\"Organization\",\"@id\":\"https:\/\/www.gruppoliturgico.com\/es\/#organization\",\"name\":\"Laboratorio Gruppo Liturgico\",\"url\":\"https:\/\/www.gruppoliturgico.com\/es\/\",\"logo\":{\"@type\":\"ImageObject\",\"inLanguage\":\"fr-FR\",\"@id\":\"https:\/\/www.gruppoliturgico.com\/es\/#\/schema\/logo\/image\/\",\"url\":\"https:\/\/www.gruppoliturgico.com\/wp-content\/uploads\/2022\/02\/logo-laboratoriogruppoliturgico.png\",\"contentUrl\":\"https:\/\/www.gruppoliturgico.com\/wp-content\/uploads\/2022\/02\/logo-laboratoriogruppoliturgico.png\",\"width\":400,\"height\":114,\"caption\":\"Laboratorio Gruppo Liturgico\"},\"image\":{\"@id\":\"https:\/\/www.gruppoliturgico.com\/es\/#\/schema\/logo\/image\/\"}}]}<\/script>\n<!-- \/ Yoast SEO plugin. -->","yoast_head_json":{"title":"Chasuble romaine - chasubles romaines et Laboratorio Gruppo Liturgico","description":"chasuble prestigieuse, de style romain, confectionn\u00e9e dans un tissu doux en satin et soie, enti\u00e8rement brod\u00e9e de fils en or. Elle est rigidifi\u00e9e avec un tissu sp\u00e9cial et enti\u00e8rement doubl\u00e9 de satin de la m\u00eame couleur liturgique. Compl\u00e8te d\u2019\u00e9tole, manipule, bourse et voile pour le calice richement brod\u00e9s d\u00e9j\u00e0 inclus dans le prix.","robots":{"index":"index","follow":"follow","max-snippet":"max-snippet:-1","max-image-preview":"max-image-preview:large","max-video-preview":"max-video-preview:-1"},"canonical":"https:\/\/www.gruppoliturgico.com\/fr\/produit\/chasuble-romaine-16\/","og_locale":"fr_FR","og_type":"article","og_title":"Chasuble romaine - chasubles romaines et Laboratorio Gruppo Liturgico","og_description":"chasuble prestigieuse, de style romain, confectionn\u00e9e dans un tissu doux en satin et soie, enti\u00e8rement brod\u00e9e de fils en or. Elle est rigidifi\u00e9e avec un tissu sp\u00e9cial et enti\u00e8rement doubl\u00e9 de satin de la m\u00eame couleur liturgique. Compl\u00e8te d\u2019\u00e9tole, manipule, bourse et voile pour le calice richement brod\u00e9s d\u00e9j\u00e0 inclus dans le prix.","og_url":"https:\/\/www.gruppoliturgico.com\/fr\/produit\/chasuble-romaine-16\/","og_site_name":"Laboratorio Gruppo Liturgico","article_modified_time":"2025-05-12T13:03:29+00:00","og_image":[{"width":856,"height":1500,"url":"https:\/\/www.gruppoliturgico.com\/wp-content\/uploads\/2022\/09\/3544-viola.jpg","type":"image\/jpeg"}],"twitter_card":"summary_large_image","twitter_misc":{"Dur\u00e9e de lecture estim\u00e9e":"1 minute"},"schema":{"@context":"https:\/\/schema.org","@graph":[{"@type":"WebPage","@id":"https:\/\/www.gruppoliturgico.com\/fr\/produit\/chasuble-romaine-16\/","url":"https:\/\/www.gruppoliturgico.com\/fr\/produit\/chasuble-romaine-16\/","name":"Chasuble romaine - chasubles romaines et Laboratorio Gruppo Liturgico","isPartOf":{"@id":"https:\/\/www.gruppoliturgico.com\/es\/#website"},"datePublished":"2022-05-20T03:28:34+00:00","dateModified":"2025-05-12T13:03:29+00:00","description":"chasuble prestigieuse, de style romain, confectionn\u00e9e dans un tissu doux en satin et soie, enti\u00e8rement brod\u00e9e de fils en or. Elle est rigidifi\u00e9e avec un tissu sp\u00e9cial et enti\u00e8rement doubl\u00e9 de satin de la m\u00eame couleur liturgique. Compl\u00e8te d\u2019\u00e9tole, manipule, bourse et voile pour le calice richement brod\u00e9s d\u00e9j\u00e0 inclus dans le prix.","breadcrumb":{"@id":"https:\/\/www.gruppoliturgico.com\/fr\/produit\/chasuble-romaine-16\/#breadcrumb"},"inLanguage":"fr-FR","potentialAction":[{"@type":"ReadAction","target":["https:\/\/www.gruppoliturgico.com\/fr\/produit\/chasuble-romaine-16\/"]}]},{"@type":"BreadcrumbList","@id":"https:\/\/www.gruppoliturgico.com\/fr\/produit\/chasuble-romaine-16\/#breadcrumb","itemListElement":[{"@type":"ListItem","position":1,"name":"Home","item":"https:\/\/www.gruppoliturgico.com\/fr\/"},{"@type":"ListItem","position":2,"name":"Boutique","item":"https:\/\/www.gruppoliturgico.com\/fr\/boutique\/"},{"@type":"ListItem","position":3,"name":"Chasuble romaine"}]},{"@type":"WebSite","@id":"https:\/\/www.gruppoliturgico.com\/es\/#website","url":"https:\/\/www.gruppoliturgico.com\/es\/","name":"Laboratorio Gruppo Liturgico","description":"Articoli Religiosi online","publisher":{"@id":"https:\/\/www.gruppoliturgico.com\/es\/#organization"},"potentialAction":[{"@type":"SearchAction","target":{"@type":"EntryPoint","urlTemplate":"https:\/\/www.gruppoliturgico.com\/es\/?s={search_term_string}"},"query-input":"required name=search_term_string"}],"inLanguage":"fr-FR"},{"@type":"Organization","@id":"https:\/\/www.gruppoliturgico.com\/es\/#organization","name":"Laboratorio Gruppo Liturgico","url":"https:\/\/www.gruppoliturgico.com\/es\/","logo":{"@type":"ImageObject","inLanguage":"fr-FR","@id":"https:\/\/www.gruppoliturgico.com\/es\/#\/schema\/logo\/image\/","url":"https:\/\/www.gruppoliturgico.com\/wp-content\/uploads\/2022\/02\/logo-laboratoriogruppoliturgico.png","contentUrl":"https:\/\/www.gruppoliturgico.com\/wp-content\/uploads\/2022\/02\/logo-laboratoriogruppoliturgico.png","width":400,"height":114,"caption":"Laboratorio Gruppo Liturgico"},"image":{"@id":"https:\/\/www.gruppoliturgico.com\/es\/#\/schema\/logo\/image\/"}}]}},"_links":{"self":[{"href":"https:\/\/www.gruppoliturgico.com\/fr\/wp-json\/wp\/v2\/product\/70902"}],"collection":[{"href":"https:\/\/www.gruppoliturgico.com\/fr\/wp-json\/wp\/v2\/product"}],"about":[{"href":"https:\/\/www.gruppoliturgico.com\/fr\/wp-json\/wp\/v2\/types\/product"}],"wp:featuredmedia":[{"embeddable":true,"href":"https:\/\/www.gruppoliturgico.com\/fr\/wp-json\/wp\/v2\/media\/116797"}],"wp:attachment":[{"href":"https:\/\/www.gruppoliturgico.com\/fr\/wp-json\/wp\/v2\/media?parent=70902"}],"wp:term":[{"taxonomy":"product_cat","embeddable":true,"href":"https:\/\/www.gruppoliturgico.com\/fr\/wp-json\/wp\/v2\/product_cat?post=70902"},{"taxonomy":"product_tag","embeddable":true,"href":"https:\/\/www.gruppoliturgico.com\/fr\/wp-json\/wp\/v2\/product_tag?post=70902"}],"curies":[{"name":"wp","href":"https:\/\/api.w.org\/{rel}","templated":true}]}}