{"id":70878,"date":"2022-05-20T05:27:21","date_gmt":"2022-05-20T03:27:25","guid":{"rendered":"https:\/\/www.gruppoliturgico.com\/prodotto\/icone-byzantine-5\/"},"modified":"2022-06-02T13:59:27","modified_gmt":"2022-06-02T11:59:27","slug":"icone-byzantine-5","status":"publish","type":"product","link":"https:\/\/www.gruppoliturgico.com\/fr\/produit\/icone-byzantine-5\/","title":{"rendered":"Ic\u00f4ne byzantine"},"content":{"rendered":"<html><body><p>Ic\u00f4ne byzantine sur planche de bois repr\u00e9sentant le Christ Pantocrator.<br>\nLa figure est sculpt\u00e9e en haut-relief et enti\u00e8rement d\u00e9cor\u00e9e \u00e0 la main.<br>\nComplet avec \u00e9tui.<br>\nDisponible en deux diff\u00e9rentes dimensions.<\/p>\n<\/body><\/html>","protected":false},"excerpt":{"rendered":"<p>Ic\u00f4ne byzantine sur planche de bois repr\u00e9sentant le Christ Pantocrator.<br \/>\nLa figure est sculpt\u00e9e en haut-relief et enti\u00e8rement d\u00e9cor\u00e9e \u00e0 la main.<br \/>\nComplet avec \u00e9tui.<br \/>\nDisponible en deux diff\u00e9rentes dimensions.<\/p>\n","protected":false},"featured_media":81198,"template":"","meta":[],"product_cat":[11980],"product_tag":[],"yoast_head":"<!-- This site is optimized with the Yoast SEO plugin v20.4 - https:\/\/yoast.com\/wordpress\/plugins\/seo\/ -->\n<title>Ic\u00f4ne byzantine - ic\u00f4nes et Laboratorio Gruppo Liturgico<\/title>\n<meta name=\"description\" content=\"Ic\u00f4ne byzantine sur planche de bois repr\u00e9sentant le Christ Pantocrator. La figure est sculpt\u00e9e en haut-relief et enti\u00e8rement d\u00e9cor\u00e9e \u00e0 la main. Complet avec \u00e9tui. Disponible en deux diff\u00e9rentes dimensions.\" \/>\n<meta name=\"robots\" content=\"index, follow, max-snippet:-1, max-image-preview:large, max-video-preview:-1\" \/>\n<link rel=\"canonical\" href=\"https:\/\/www.gruppoliturgico.com\/fr\/produit\/icone-byzantine-5\/\" \/>\n<meta property=\"og:locale\" content=\"fr_FR\" \/>\n<meta property=\"og:type\" content=\"article\" \/>\n<meta property=\"og:title\" content=\"Ic\u00f4ne byzantine - ic\u00f4nes et Laboratorio Gruppo Liturgico\" \/>\n<meta property=\"og:description\" content=\"Ic\u00f4ne byzantine sur planche de bois repr\u00e9sentant le Christ Pantocrator. La figure est sculpt\u00e9e en haut-relief et enti\u00e8rement d\u00e9cor\u00e9e \u00e0 la main. Complet avec \u00e9tui. Disponible en deux diff\u00e9rentes dimensions.\" \/>\n<meta property=\"og:url\" content=\"https:\/\/www.gruppoliturgico.com\/fr\/produit\/icone-byzantine-5\/\" \/>\n<meta property=\"og:site_name\" content=\"Laboratorio Gruppo Liturgico\" \/>\n<meta property=\"article:modified_time\" content=\"2022-06-02T11:59:27+00:00\" \/>\n<meta property=\"og:image\" content=\"https:\/\/www.gruppoliturgico.com\/wp-content\/uploads\/2022\/05\/3499_0.jpg\" \/>\n\t<meta property=\"og:image:width\" content=\"1056\" \/>\n\t<meta property=\"og:image:height\" content=\"1500\" \/>\n\t<meta property=\"og:image:type\" content=\"image\/jpeg\" \/>\n<meta name=\"twitter:card\" content=\"summary_large_image\" \/>\n<script type=\"application\/ld+json\" class=\"yoast-schema-graph\">{\"@context\":\"https:\/\/schema.org\",\"@graph\":[{\"@type\":\"WebPage\",\"@id\":\"https:\/\/www.gruppoliturgico.com\/fr\/produit\/icone-byzantine-5\/\",\"url\":\"https:\/\/www.gruppoliturgico.com\/fr\/produit\/icone-byzantine-5\/\",\"name\":\"Ic\u00f4ne byzantine - ic\u00f4nes et Laboratorio Gruppo Liturgico\",\"isPartOf\":{\"@id\":\"https:\/\/www.gruppoliturgico.com\/es\/#website\"},\"datePublished\":\"2022-05-20T03:27:25+00:00\",\"dateModified\":\"2022-06-02T11:59:27+00:00\",\"description\":\"Ic\u00f4ne byzantine sur planche de bois repr\u00e9sentant le Christ Pantocrator. La figure est sculpt\u00e9e en haut-relief et enti\u00e8rement d\u00e9cor\u00e9e \u00e0 la main. Complet avec \u00e9tui. Disponible en deux diff\u00e9rentes dimensions.\",\"breadcrumb\":{\"@id\":\"https:\/\/www.gruppoliturgico.com\/fr\/produit\/icone-byzantine-5\/#breadcrumb\"},\"inLanguage\":\"fr-FR\",\"potentialAction\":[{\"@type\":\"ReadAction\",\"target\":[\"https:\/\/www.gruppoliturgico.com\/fr\/produit\/icone-byzantine-5\/\"]}]},{\"@type\":\"BreadcrumbList\",\"@id\":\"https:\/\/www.gruppoliturgico.com\/fr\/produit\/icone-byzantine-5\/#breadcrumb\",\"itemListElement\":[{\"@type\":\"ListItem\",\"position\":1,\"name\":\"Home\",\"item\":\"https:\/\/www.gruppoliturgico.com\/fr\/\"},{\"@type\":\"ListItem\",\"position\":2,\"name\":\"Boutique\",\"item\":\"https:\/\/www.gruppoliturgico.com\/fr\/boutique\/\"},{\"@type\":\"ListItem\",\"position\":3,\"name\":\"Ic\u00f4ne byzantine\"}]},{\"@type\":\"WebSite\",\"@id\":\"https:\/\/www.gruppoliturgico.com\/es\/#website\",\"url\":\"https:\/\/www.gruppoliturgico.com\/es\/\",\"name\":\"Laboratorio Gruppo Liturgico\",\"description\":\"Articoli Religiosi online\",\"publisher\":{\"@id\":\"https:\/\/www.gruppoliturgico.com\/es\/#organization\"},\"potentialAction\":[{\"@type\":\"SearchAction\",\"target\":{\"@type\":\"EntryPoint\",\"urlTemplate\":\"https:\/\/www.gruppoliturgico.com\/es\/?s={search_term_string}\"},\"query-input\":\"required name=search_term_string\"}],\"inLanguage\":\"fr-FR\"},{\"@type\":\"Organization\",\"@id\":\"https:\/\/www.gruppoliturgico.com\/es\/#organization\",\"name\":\"Laboratorio Gruppo Liturgico\",\"url\":\"https:\/\/www.gruppoliturgico.com\/es\/\",\"logo\":{\"@type\":\"ImageObject\",\"inLanguage\":\"fr-FR\",\"@id\":\"https:\/\/www.gruppoliturgico.com\/es\/#\/schema\/logo\/image\/\",\"url\":\"https:\/\/www.gruppoliturgico.com\/wp-content\/uploads\/2022\/02\/logo-laboratoriogruppoliturgico.png\",\"contentUrl\":\"https:\/\/www.gruppoliturgico.com\/wp-content\/uploads\/2022\/02\/logo-laboratoriogruppoliturgico.png\",\"width\":400,\"height\":114,\"caption\":\"Laboratorio Gruppo Liturgico\"},\"image\":{\"@id\":\"https:\/\/www.gruppoliturgico.com\/es\/#\/schema\/logo\/image\/\"}}]}<\/script>\n<!-- \/ Yoast SEO plugin. -->","yoast_head_json":{"title":"Ic\u00f4ne byzantine - ic\u00f4nes et Laboratorio Gruppo Liturgico","description":"Ic\u00f4ne byzantine sur planche de bois repr\u00e9sentant le Christ Pantocrator. La figure est sculpt\u00e9e en haut-relief et enti\u00e8rement d\u00e9cor\u00e9e \u00e0 la main. Complet avec \u00e9tui. Disponible en deux diff\u00e9rentes dimensions.","robots":{"index":"index","follow":"follow","max-snippet":"max-snippet:-1","max-image-preview":"max-image-preview:large","max-video-preview":"max-video-preview:-1"},"canonical":"https:\/\/www.gruppoliturgico.com\/fr\/produit\/icone-byzantine-5\/","og_locale":"fr_FR","og_type":"article","og_title":"Ic\u00f4ne byzantine - ic\u00f4nes et Laboratorio Gruppo Liturgico","og_description":"Ic\u00f4ne byzantine sur planche de bois repr\u00e9sentant le Christ Pantocrator. La figure est sculpt\u00e9e en haut-relief et enti\u00e8rement d\u00e9cor\u00e9e \u00e0 la main. Complet avec \u00e9tui. Disponible en deux diff\u00e9rentes dimensions.","og_url":"https:\/\/www.gruppoliturgico.com\/fr\/produit\/icone-byzantine-5\/","og_site_name":"Laboratorio Gruppo Liturgico","article_modified_time":"2022-06-02T11:59:27+00:00","og_image":[{"width":1056,"height":1500,"url":"https:\/\/www.gruppoliturgico.com\/wp-content\/uploads\/2022\/05\/3499_0.jpg","type":"image\/jpeg"}],"twitter_card":"summary_large_image","schema":{"@context":"https:\/\/schema.org","@graph":[{"@type":"WebPage","@id":"https:\/\/www.gruppoliturgico.com\/fr\/produit\/icone-byzantine-5\/","url":"https:\/\/www.gruppoliturgico.com\/fr\/produit\/icone-byzantine-5\/","name":"Ic\u00f4ne byzantine - ic\u00f4nes et Laboratorio Gruppo Liturgico","isPartOf":{"@id":"https:\/\/www.gruppoliturgico.com\/es\/#website"},"datePublished":"2022-05-20T03:27:25+00:00","dateModified":"2022-06-02T11:59:27+00:00","description":"Ic\u00f4ne byzantine sur planche de bois repr\u00e9sentant le Christ Pantocrator. La figure est sculpt\u00e9e en haut-relief et enti\u00e8rement d\u00e9cor\u00e9e \u00e0 la main. Complet avec \u00e9tui. Disponible en deux diff\u00e9rentes dimensions.","breadcrumb":{"@id":"https:\/\/www.gruppoliturgico.com\/fr\/produit\/icone-byzantine-5\/#breadcrumb"},"inLanguage":"fr-FR","potentialAction":[{"@type":"ReadAction","target":["https:\/\/www.gruppoliturgico.com\/fr\/produit\/icone-byzantine-5\/"]}]},{"@type":"BreadcrumbList","@id":"https:\/\/www.gruppoliturgico.com\/fr\/produit\/icone-byzantine-5\/#breadcrumb","itemListElement":[{"@type":"ListItem","position":1,"name":"Home","item":"https:\/\/www.gruppoliturgico.com\/fr\/"},{"@type":"ListItem","position":2,"name":"Boutique","item":"https:\/\/www.gruppoliturgico.com\/fr\/boutique\/"},{"@type":"ListItem","position":3,"name":"Ic\u00f4ne byzantine"}]},{"@type":"WebSite","@id":"https:\/\/www.gruppoliturgico.com\/es\/#website","url":"https:\/\/www.gruppoliturgico.com\/es\/","name":"Laboratorio Gruppo Liturgico","description":"Articoli Religiosi online","publisher":{"@id":"https:\/\/www.gruppoliturgico.com\/es\/#organization"},"potentialAction":[{"@type":"SearchAction","target":{"@type":"EntryPoint","urlTemplate":"https:\/\/www.gruppoliturgico.com\/es\/?s={search_term_string}"},"query-input":"required name=search_term_string"}],"inLanguage":"fr-FR"},{"@type":"Organization","@id":"https:\/\/www.gruppoliturgico.com\/es\/#organization","name":"Laboratorio Gruppo Liturgico","url":"https:\/\/www.gruppoliturgico.com\/es\/","logo":{"@type":"ImageObject","inLanguage":"fr-FR","@id":"https:\/\/www.gruppoliturgico.com\/es\/#\/schema\/logo\/image\/","url":"https:\/\/www.gruppoliturgico.com\/wp-content\/uploads\/2022\/02\/logo-laboratoriogruppoliturgico.png","contentUrl":"https:\/\/www.gruppoliturgico.com\/wp-content\/uploads\/2022\/02\/logo-laboratoriogruppoliturgico.png","width":400,"height":114,"caption":"Laboratorio Gruppo Liturgico"},"image":{"@id":"https:\/\/www.gruppoliturgico.com\/es\/#\/schema\/logo\/image\/"}}]}},"_links":{"self":[{"href":"https:\/\/www.gruppoliturgico.com\/fr\/wp-json\/wp\/v2\/product\/70878"}],"collection":[{"href":"https:\/\/www.gruppoliturgico.com\/fr\/wp-json\/wp\/v2\/product"}],"about":[{"href":"https:\/\/www.gruppoliturgico.com\/fr\/wp-json\/wp\/v2\/types\/product"}],"wp:featuredmedia":[{"embeddable":true,"href":"https:\/\/www.gruppoliturgico.com\/fr\/wp-json\/wp\/v2\/media\/81198"}],"wp:attachment":[{"href":"https:\/\/www.gruppoliturgico.com\/fr\/wp-json\/wp\/v2\/media?parent=70878"}],"wp:term":[{"taxonomy":"product_cat","embeddable":true,"href":"https:\/\/www.gruppoliturgico.com\/fr\/wp-json\/wp\/v2\/product_cat?post=70878"},{"taxonomy":"product_tag","embeddable":true,"href":"https:\/\/www.gruppoliturgico.com\/fr\/wp-json\/wp\/v2\/product_tag?post=70878"}],"curies":[{"name":"wp","href":"https:\/\/api.w.org\/{rel}","templated":true}]}}