{"id":70818,"date":"2022-05-20T05:24:31","date_gmt":"2022-05-20T03:24:37","guid":{"rendered":"https:\/\/www.gruppoliturgico.com\/prodotto\/valise-chapelle-9\/"},"modified":"2023-04-16T11:42:39","modified_gmt":"2023-04-16T09:42:39","slug":"valise-chapelle-9","status":"publish","type":"product","link":"https:\/\/www.gruppoliturgico.com\/fr\/produit\/valise-chapelle-9\/","title":{"rendered":"Valise chapelle"},"content":{"rendered":"<html><body><p>Valise chapelle 24 heures en cuir \u00e9cologique enti\u00e8rement doubl\u00e9.<br>\nComplet avec: calice et ciboire en laiton plaqu\u00e9 or 24k avec martelage, asperges, pat\u00e8ne pour calice, bo\u00eete \u00e0 hosties en laiton dor\u00e9, ampoule pour sacrament des malades, autel en fonte avec support pour croix et bougies, prot\u00e8ge-flamme en verre, bouteilles d\u2019eau et de vin 125 ml, croix pastorale , bougies en cire petite \u00e8stole double face, set nappes d\u2019autel avec croix brod\u00e9e.<br>\n Grande place pour ranger aube et \u00e9tole.<br>\nDimensions cm 33 x 45 x 10. <\/p>\n<\/body><\/html>","protected":false},"excerpt":{"rendered":"<p>Valise chapelle 24 heures en cuir \u00e9cologique enti\u00e8rement doubl\u00e9.<br \/>\nComplet avec: calice et ciboire en laiton plaqu\u00e9 or 24k avec martelage, asperges, pat\u00e8ne pour calice, bo\u00eete \u00e0 hosties en laiton dor\u00e9, ampoule pour sacrament des malades, autel en fonte avec support pour croix et bougies, prot\u00e8ge-flamme en verre, bouteilles d&rsquo;eau et de vin 125 ml, croix pastorale , bougies en cire petite \u00e8stole double face, set nappes d&rsquo;autel avec croix brod\u00e9e.<br \/>\n Grande place pour ranger aube et \u00e9tole.<br \/>\nDimensions cm 33 x 45 x 10.<\/p>\n","protected":false},"featured_media":81138,"template":"","meta":[],"product_cat":[11716],"product_tag":[],"yoast_head":"<!-- This site is optimized with the Yoast SEO plugin v20.4 - https:\/\/yoast.com\/wordpress\/plugins\/seo\/ -->\n<title>Valise chapelle - valises chapelle et Laboratorio Gruppo Liturgico<\/title>\n<meta name=\"description\" content=\"Valise chapelle 24 heures en cuir \u00e9cologique enti\u00e8rement doubl\u00e9.  Complet avec: calice et ciboire en laiton plaqu\u00e9 or 24k avec martelage, asperges, pat\u00e8ne pour calice, bo\u00eete \u00e0 hosties en laiton dor\u00e9, ampoule pour sacrament des malades, autel en fonte avec support pour croix et bougies, prot\u00e8ge-flamme en verre, bouteilles d&#039;eau et de vin 125 ml, croix pastorale , bougies en cire petite \u00e8stole double face, set nappes d&#039;autel avec croix brod\u00e9e.  Grande place pour ranger aube et \u00e9tole. Dimensions cm 33 x 45 x 10.\" \/>\n<meta name=\"robots\" content=\"index, follow, max-snippet:-1, max-image-preview:large, max-video-preview:-1\" \/>\n<link rel=\"canonical\" href=\"https:\/\/www.gruppoliturgico.com\/fr\/produit\/valise-chapelle-9\/\" \/>\n<meta property=\"og:locale\" content=\"fr_FR\" \/>\n<meta property=\"og:type\" content=\"article\" \/>\n<meta property=\"og:title\" content=\"Valise chapelle - valises chapelle et Laboratorio Gruppo Liturgico\" \/>\n<meta property=\"og:description\" content=\"Valise chapelle 24 heures en cuir \u00e9cologique enti\u00e8rement doubl\u00e9.  Complet avec: calice et ciboire en laiton plaqu\u00e9 or 24k avec martelage, asperges, pat\u00e8ne pour calice, bo\u00eete \u00e0 hosties en laiton dor\u00e9, ampoule pour sacrament des malades, autel en fonte avec support pour croix et bougies, prot\u00e8ge-flamme en verre, bouteilles d&#039;eau et de vin 125 ml, croix pastorale , bougies en cire petite \u00e8stole double face, set nappes d&#039;autel avec croix brod\u00e9e.  Grande place pour ranger aube et \u00e9tole. Dimensions cm 33 x 45 x 10.\" \/>\n<meta property=\"og:url\" content=\"https:\/\/www.gruppoliturgico.com\/fr\/produit\/valise-chapelle-9\/\" \/>\n<meta property=\"og:site_name\" content=\"Laboratorio Gruppo Liturgico\" \/>\n<meta property=\"article:modified_time\" content=\"2023-04-16T09:42:39+00:00\" \/>\n<meta property=\"og:image\" content=\"https:\/\/www.gruppoliturgico.com\/wp-content\/uploads\/2022\/05\/3493202.jpg\" \/>\n\t<meta property=\"og:image:width\" content=\"1392\" \/>\n\t<meta property=\"og:image:height\" content=\"1500\" \/>\n\t<meta property=\"og:image:type\" content=\"image\/jpeg\" \/>\n<meta name=\"twitter:card\" content=\"summary_large_image\" \/>\n<script type=\"application\/ld+json\" class=\"yoast-schema-graph\">{\"@context\":\"https:\/\/schema.org\",\"@graph\":[{\"@type\":\"WebPage\",\"@id\":\"https:\/\/www.gruppoliturgico.com\/fr\/produit\/valise-chapelle-9\/\",\"url\":\"https:\/\/www.gruppoliturgico.com\/fr\/produit\/valise-chapelle-9\/\",\"name\":\"Valise chapelle - valises chapelle et Laboratorio Gruppo Liturgico\",\"isPartOf\":{\"@id\":\"https:\/\/www.gruppoliturgico.com\/es\/#website\"},\"datePublished\":\"2022-05-20T03:24:37+00:00\",\"dateModified\":\"2023-04-16T09:42:39+00:00\",\"description\":\"Valise chapelle 24 heures en cuir \u00e9cologique enti\u00e8rement doubl\u00e9. Complet avec: calice et ciboire en laiton plaqu\u00e9 or 24k avec martelage, asperges, pat\u00e8ne pour calice, bo\u00eete \u00e0 hosties en laiton dor\u00e9, ampoule pour sacrament des malades, autel en fonte avec support pour croix et bougies, prot\u00e8ge-flamme en verre, bouteilles d'eau et de vin 125 ml, croix pastorale , bougies en cire petite \u00e8stole double face, set nappes d'autel avec croix brod\u00e9e. Grande place pour ranger aube et \u00e9tole. Dimensions cm 33 x 45 x 10.\",\"breadcrumb\":{\"@id\":\"https:\/\/www.gruppoliturgico.com\/fr\/produit\/valise-chapelle-9\/#breadcrumb\"},\"inLanguage\":\"fr-FR\",\"potentialAction\":[{\"@type\":\"ReadAction\",\"target\":[\"https:\/\/www.gruppoliturgico.com\/fr\/produit\/valise-chapelle-9\/\"]}]},{\"@type\":\"BreadcrumbList\",\"@id\":\"https:\/\/www.gruppoliturgico.com\/fr\/produit\/valise-chapelle-9\/#breadcrumb\",\"itemListElement\":[{\"@type\":\"ListItem\",\"position\":1,\"name\":\"Home\",\"item\":\"https:\/\/www.gruppoliturgico.com\/fr\/\"},{\"@type\":\"ListItem\",\"position\":2,\"name\":\"Boutique\",\"item\":\"https:\/\/www.gruppoliturgico.com\/fr\/boutique\/\"},{\"@type\":\"ListItem\",\"position\":3,\"name\":\"Valise chapelle\"}]},{\"@type\":\"WebSite\",\"@id\":\"https:\/\/www.gruppoliturgico.com\/es\/#website\",\"url\":\"https:\/\/www.gruppoliturgico.com\/es\/\",\"name\":\"Laboratorio Gruppo Liturgico\",\"description\":\"Articoli Religiosi online\",\"publisher\":{\"@id\":\"https:\/\/www.gruppoliturgico.com\/es\/#organization\"},\"potentialAction\":[{\"@type\":\"SearchAction\",\"target\":{\"@type\":\"EntryPoint\",\"urlTemplate\":\"https:\/\/www.gruppoliturgico.com\/es\/?s={search_term_string}\"},\"query-input\":\"required name=search_term_string\"}],\"inLanguage\":\"fr-FR\"},{\"@type\":\"Organization\",\"@id\":\"https:\/\/www.gruppoliturgico.com\/es\/#organization\",\"name\":\"Laboratorio Gruppo Liturgico\",\"url\":\"https:\/\/www.gruppoliturgico.com\/es\/\",\"logo\":{\"@type\":\"ImageObject\",\"inLanguage\":\"fr-FR\",\"@id\":\"https:\/\/www.gruppoliturgico.com\/es\/#\/schema\/logo\/image\/\",\"url\":\"https:\/\/www.gruppoliturgico.com\/wp-content\/uploads\/2022\/02\/logo-laboratoriogruppoliturgico.png\",\"contentUrl\":\"https:\/\/www.gruppoliturgico.com\/wp-content\/uploads\/2022\/02\/logo-laboratoriogruppoliturgico.png\",\"width\":400,\"height\":114,\"caption\":\"Laboratorio Gruppo Liturgico\"},\"image\":{\"@id\":\"https:\/\/www.gruppoliturgico.com\/es\/#\/schema\/logo\/image\/\"}}]}<\/script>\n<!-- \/ Yoast SEO plugin. -->","yoast_head_json":{"title":"Valise chapelle - valises chapelle et Laboratorio Gruppo Liturgico","description":"Valise chapelle 24 heures en cuir \u00e9cologique enti\u00e8rement doubl\u00e9.  Complet avec: calice et ciboire en laiton plaqu\u00e9 or 24k avec martelage, asperges, pat\u00e8ne pour calice, bo\u00eete \u00e0 hosties en laiton dor\u00e9, ampoule pour sacrament des malades, autel en fonte avec support pour croix et bougies, prot\u00e8ge-flamme en verre, bouteilles d'eau et de vin 125 ml, croix pastorale , bougies en cire petite \u00e8stole double face, set nappes d'autel avec croix brod\u00e9e.  Grande place pour ranger aube et \u00e9tole. Dimensions cm 33 x 45 x 10.","robots":{"index":"index","follow":"follow","max-snippet":"max-snippet:-1","max-image-preview":"max-image-preview:large","max-video-preview":"max-video-preview:-1"},"canonical":"https:\/\/www.gruppoliturgico.com\/fr\/produit\/valise-chapelle-9\/","og_locale":"fr_FR","og_type":"article","og_title":"Valise chapelle - valises chapelle et Laboratorio Gruppo Liturgico","og_description":"Valise chapelle 24 heures en cuir \u00e9cologique enti\u00e8rement doubl\u00e9.  Complet avec: calice et ciboire en laiton plaqu\u00e9 or 24k avec martelage, asperges, pat\u00e8ne pour calice, bo\u00eete \u00e0 hosties en laiton dor\u00e9, ampoule pour sacrament des malades, autel en fonte avec support pour croix et bougies, prot\u00e8ge-flamme en verre, bouteilles d'eau et de vin 125 ml, croix pastorale , bougies en cire petite \u00e8stole double face, set nappes d'autel avec croix brod\u00e9e.  Grande place pour ranger aube et \u00e9tole. Dimensions cm 33 x 45 x 10.","og_url":"https:\/\/www.gruppoliturgico.com\/fr\/produit\/valise-chapelle-9\/","og_site_name":"Laboratorio Gruppo Liturgico","article_modified_time":"2023-04-16T09:42:39+00:00","og_image":[{"width":1392,"height":1500,"url":"https:\/\/www.gruppoliturgico.com\/wp-content\/uploads\/2022\/05\/3493202.jpg","type":"image\/jpeg"}],"twitter_card":"summary_large_image","schema":{"@context":"https:\/\/schema.org","@graph":[{"@type":"WebPage","@id":"https:\/\/www.gruppoliturgico.com\/fr\/produit\/valise-chapelle-9\/","url":"https:\/\/www.gruppoliturgico.com\/fr\/produit\/valise-chapelle-9\/","name":"Valise chapelle - valises chapelle et Laboratorio Gruppo Liturgico","isPartOf":{"@id":"https:\/\/www.gruppoliturgico.com\/es\/#website"},"datePublished":"2022-05-20T03:24:37+00:00","dateModified":"2023-04-16T09:42:39+00:00","description":"Valise chapelle 24 heures en cuir \u00e9cologique enti\u00e8rement doubl\u00e9. Complet avec: calice et ciboire en laiton plaqu\u00e9 or 24k avec martelage, asperges, pat\u00e8ne pour calice, bo\u00eete \u00e0 hosties en laiton dor\u00e9, ampoule pour sacrament des malades, autel en fonte avec support pour croix et bougies, prot\u00e8ge-flamme en verre, bouteilles d'eau et de vin 125 ml, croix pastorale , bougies en cire petite \u00e8stole double face, set nappes d'autel avec croix brod\u00e9e. Grande place pour ranger aube et \u00e9tole. Dimensions cm 33 x 45 x 10.","breadcrumb":{"@id":"https:\/\/www.gruppoliturgico.com\/fr\/produit\/valise-chapelle-9\/#breadcrumb"},"inLanguage":"fr-FR","potentialAction":[{"@type":"ReadAction","target":["https:\/\/www.gruppoliturgico.com\/fr\/produit\/valise-chapelle-9\/"]}]},{"@type":"BreadcrumbList","@id":"https:\/\/www.gruppoliturgico.com\/fr\/produit\/valise-chapelle-9\/#breadcrumb","itemListElement":[{"@type":"ListItem","position":1,"name":"Home","item":"https:\/\/www.gruppoliturgico.com\/fr\/"},{"@type":"ListItem","position":2,"name":"Boutique","item":"https:\/\/www.gruppoliturgico.com\/fr\/boutique\/"},{"@type":"ListItem","position":3,"name":"Valise chapelle"}]},{"@type":"WebSite","@id":"https:\/\/www.gruppoliturgico.com\/es\/#website","url":"https:\/\/www.gruppoliturgico.com\/es\/","name":"Laboratorio Gruppo Liturgico","description":"Articoli Religiosi online","publisher":{"@id":"https:\/\/www.gruppoliturgico.com\/es\/#organization"},"potentialAction":[{"@type":"SearchAction","target":{"@type":"EntryPoint","urlTemplate":"https:\/\/www.gruppoliturgico.com\/es\/?s={search_term_string}"},"query-input":"required name=search_term_string"}],"inLanguage":"fr-FR"},{"@type":"Organization","@id":"https:\/\/www.gruppoliturgico.com\/es\/#organization","name":"Laboratorio Gruppo Liturgico","url":"https:\/\/www.gruppoliturgico.com\/es\/","logo":{"@type":"ImageObject","inLanguage":"fr-FR","@id":"https:\/\/www.gruppoliturgico.com\/es\/#\/schema\/logo\/image\/","url":"https:\/\/www.gruppoliturgico.com\/wp-content\/uploads\/2022\/02\/logo-laboratoriogruppoliturgico.png","contentUrl":"https:\/\/www.gruppoliturgico.com\/wp-content\/uploads\/2022\/02\/logo-laboratoriogruppoliturgico.png","width":400,"height":114,"caption":"Laboratorio Gruppo Liturgico"},"image":{"@id":"https:\/\/www.gruppoliturgico.com\/es\/#\/schema\/logo\/image\/"}}]}},"_links":{"self":[{"href":"https:\/\/www.gruppoliturgico.com\/fr\/wp-json\/wp\/v2\/product\/70818"}],"collection":[{"href":"https:\/\/www.gruppoliturgico.com\/fr\/wp-json\/wp\/v2\/product"}],"about":[{"href":"https:\/\/www.gruppoliturgico.com\/fr\/wp-json\/wp\/v2\/types\/product"}],"wp:featuredmedia":[{"embeddable":true,"href":"https:\/\/www.gruppoliturgico.com\/fr\/wp-json\/wp\/v2\/media\/81138"}],"wp:attachment":[{"href":"https:\/\/www.gruppoliturgico.com\/fr\/wp-json\/wp\/v2\/media?parent=70818"}],"wp:term":[{"taxonomy":"product_cat","embeddable":true,"href":"https:\/\/www.gruppoliturgico.com\/fr\/wp-json\/wp\/v2\/product_cat?post=70818"},{"taxonomy":"product_tag","embeddable":true,"href":"https:\/\/www.gruppoliturgico.com\/fr\/wp-json\/wp\/v2\/product_tag?post=70818"}],"curies":[{"name":"wp","href":"https:\/\/api.w.org\/{rel}","templated":true}]}}