{"id":70814,"date":"2022-05-20T05:24:19","date_gmt":"2022-05-20T03:24:23","guid":{"rendered":"https:\/\/www.gruppoliturgico.com\/prodotto\/valise-chapelle-8\/"},"modified":"2022-05-20T13:11:31","modified_gmt":"2022-05-20T11:11:31","slug":"valise-chapelle-8","status":"publish","type":"product","link":"https:\/\/www.gruppoliturgico.com\/fr\/produit\/valise-chapelle-8\/","title":{"rendered":"Valise chapelle"},"content":{"rendered":"<html><body><p>sac \u00e0 dos en tissu avec dossier rembourr\u00e9.<br>\nComplet avec calice, pat\u00e8ne , bo\u00eete \u00e0 hosties, autel en tissu avec support pour crucifix et bougies, bouteilles d\u2019eau et vin arm\u00e9, croix bicolores et bougies de cire, petite \u00e9tole double face et set linge d\u2019autel. <\/p>\n<p>Mesure 29 x 38 x 12 cm<\/p>\n<\/body><\/html>","protected":false},"excerpt":{"rendered":"<p>sac \u00e0 dos en tissu avec dossier rembourr\u00e9.<br \/>\nComplet avec calice, pat\u00e8ne , bo\u00eete \u00e0 hosties, autel en tissu avec support pour crucifix et bougies, bouteilles d&rsquo;eau et vin arm\u00e9, croix bicolores et bougies de cire, petite \u00e9tole double face et set linge d\u2019autel. <\/p>\n<p>Mesure 29 x 38 x 12 cm<\/p>\n","protected":false},"featured_media":81134,"template":"","meta":[],"product_cat":[11716],"product_tag":[],"yoast_head":"<!-- This site is optimized with the Yoast SEO plugin v20.4 - https:\/\/yoast.com\/wordpress\/plugins\/seo\/ -->\n<title>Valise chapelle - valises chapelle et Laboratorio Gruppo Liturgico<\/title>\n<meta name=\"description\" content=\"sac \u00e0 dos en tissu avec dossier rembourr\u00e9. Complet avec calice, pat\u00e8ne , bo\u00eete \u00e0 hosties, autel en tissu avec support pour crucifix et bougies, bouteilles d&#039;eau et vin arm\u00e9, croix bicolores et bougies de cire, petite \u00e9tole double face et set linge d\u2019autel.   Mesure 29 x 38 x 12 cm\" \/>\n<meta name=\"robots\" content=\"index, follow, max-snippet:-1, max-image-preview:large, max-video-preview:-1\" \/>\n<link rel=\"canonical\" href=\"https:\/\/www.gruppoliturgico.com\/fr\/produit\/valise-chapelle-8\/\" \/>\n<meta property=\"og:locale\" content=\"fr_FR\" \/>\n<meta property=\"og:type\" content=\"article\" \/>\n<meta property=\"og:title\" content=\"Valise chapelle - valises chapelle et Laboratorio Gruppo Liturgico\" \/>\n<meta property=\"og:description\" content=\"sac \u00e0 dos en tissu avec dossier rembourr\u00e9. Complet avec calice, pat\u00e8ne , bo\u00eete \u00e0 hosties, autel en tissu avec support pour crucifix et bougies, bouteilles d&#039;eau et vin arm\u00e9, croix bicolores et bougies de cire, petite \u00e9tole double face et set linge d\u2019autel.   Mesure 29 x 38 x 12 cm\" \/>\n<meta property=\"og:url\" content=\"https:\/\/www.gruppoliturgico.com\/fr\/produit\/valise-chapelle-8\/\" \/>\n<meta property=\"og:site_name\" content=\"Laboratorio Gruppo Liturgico\" \/>\n<meta property=\"article:modified_time\" content=\"2022-05-20T11:11:31+00:00\" \/>\n<meta property=\"og:image\" content=\"https:\/\/www.gruppoliturgico.com\/wp-content\/uploads\/2022\/05\/3496.jpg\" \/>\n\t<meta property=\"og:image:width\" content=\"1500\" \/>\n\t<meta property=\"og:image:height\" content=\"1356\" \/>\n\t<meta property=\"og:image:type\" content=\"image\/jpeg\" \/>\n<meta name=\"twitter:card\" content=\"summary_large_image\" \/>\n<script type=\"application\/ld+json\" class=\"yoast-schema-graph\">{\"@context\":\"https:\/\/schema.org\",\"@graph\":[{\"@type\":\"WebPage\",\"@id\":\"https:\/\/www.gruppoliturgico.com\/fr\/produit\/valise-chapelle-8\/\",\"url\":\"https:\/\/www.gruppoliturgico.com\/fr\/produit\/valise-chapelle-8\/\",\"name\":\"Valise chapelle - valises chapelle et Laboratorio Gruppo Liturgico\",\"isPartOf\":{\"@id\":\"https:\/\/www.gruppoliturgico.com\/es\/#website\"},\"datePublished\":\"2022-05-20T03:24:23+00:00\",\"dateModified\":\"2022-05-20T11:11:31+00:00\",\"description\":\"sac \u00e0 dos en tissu avec dossier rembourr\u00e9. Complet avec calice, pat\u00e8ne , bo\u00eete \u00e0 hosties, autel en tissu avec support pour crucifix et bougies, bouteilles d'eau et vin arm\u00e9, croix bicolores et bougies de cire, petite \u00e9tole double face et set linge d\u2019autel. Mesure 29 x 38 x 12 cm\",\"breadcrumb\":{\"@id\":\"https:\/\/www.gruppoliturgico.com\/fr\/produit\/valise-chapelle-8\/#breadcrumb\"},\"inLanguage\":\"fr-FR\",\"potentialAction\":[{\"@type\":\"ReadAction\",\"target\":[\"https:\/\/www.gruppoliturgico.com\/fr\/produit\/valise-chapelle-8\/\"]}]},{\"@type\":\"BreadcrumbList\",\"@id\":\"https:\/\/www.gruppoliturgico.com\/fr\/produit\/valise-chapelle-8\/#breadcrumb\",\"itemListElement\":[{\"@type\":\"ListItem\",\"position\":1,\"name\":\"Home\",\"item\":\"https:\/\/www.gruppoliturgico.com\/fr\/\"},{\"@type\":\"ListItem\",\"position\":2,\"name\":\"Boutique\",\"item\":\"https:\/\/www.gruppoliturgico.com\/fr\/boutique\/\"},{\"@type\":\"ListItem\",\"position\":3,\"name\":\"Valise chapelle\"}]},{\"@type\":\"WebSite\",\"@id\":\"https:\/\/www.gruppoliturgico.com\/es\/#website\",\"url\":\"https:\/\/www.gruppoliturgico.com\/es\/\",\"name\":\"Laboratorio Gruppo Liturgico\",\"description\":\"Articoli Religiosi online\",\"publisher\":{\"@id\":\"https:\/\/www.gruppoliturgico.com\/es\/#organization\"},\"potentialAction\":[{\"@type\":\"SearchAction\",\"target\":{\"@type\":\"EntryPoint\",\"urlTemplate\":\"https:\/\/www.gruppoliturgico.com\/es\/?s={search_term_string}\"},\"query-input\":\"required name=search_term_string\"}],\"inLanguage\":\"fr-FR\"},{\"@type\":\"Organization\",\"@id\":\"https:\/\/www.gruppoliturgico.com\/es\/#organization\",\"name\":\"Laboratorio Gruppo Liturgico\",\"url\":\"https:\/\/www.gruppoliturgico.com\/es\/\",\"logo\":{\"@type\":\"ImageObject\",\"inLanguage\":\"fr-FR\",\"@id\":\"https:\/\/www.gruppoliturgico.com\/es\/#\/schema\/logo\/image\/\",\"url\":\"https:\/\/www.gruppoliturgico.com\/wp-content\/uploads\/2022\/02\/logo-laboratoriogruppoliturgico.png\",\"contentUrl\":\"https:\/\/www.gruppoliturgico.com\/wp-content\/uploads\/2022\/02\/logo-laboratoriogruppoliturgico.png\",\"width\":400,\"height\":114,\"caption\":\"Laboratorio Gruppo Liturgico\"},\"image\":{\"@id\":\"https:\/\/www.gruppoliturgico.com\/es\/#\/schema\/logo\/image\/\"}}]}<\/script>\n<!-- \/ Yoast SEO plugin. -->","yoast_head_json":{"title":"Valise chapelle - valises chapelle et Laboratorio Gruppo Liturgico","description":"sac \u00e0 dos en tissu avec dossier rembourr\u00e9. Complet avec calice, pat\u00e8ne , bo\u00eete \u00e0 hosties, autel en tissu avec support pour crucifix et bougies, bouteilles d'eau et vin arm\u00e9, croix bicolores et bougies de cire, petite \u00e9tole double face et set linge d\u2019autel.   Mesure 29 x 38 x 12 cm","robots":{"index":"index","follow":"follow","max-snippet":"max-snippet:-1","max-image-preview":"max-image-preview:large","max-video-preview":"max-video-preview:-1"},"canonical":"https:\/\/www.gruppoliturgico.com\/fr\/produit\/valise-chapelle-8\/","og_locale":"fr_FR","og_type":"article","og_title":"Valise chapelle - valises chapelle et Laboratorio Gruppo Liturgico","og_description":"sac \u00e0 dos en tissu avec dossier rembourr\u00e9. Complet avec calice, pat\u00e8ne , bo\u00eete \u00e0 hosties, autel en tissu avec support pour crucifix et bougies, bouteilles d'eau et vin arm\u00e9, croix bicolores et bougies de cire, petite \u00e9tole double face et set linge d\u2019autel.   Mesure 29 x 38 x 12 cm","og_url":"https:\/\/www.gruppoliturgico.com\/fr\/produit\/valise-chapelle-8\/","og_site_name":"Laboratorio Gruppo Liturgico","article_modified_time":"2022-05-20T11:11:31+00:00","og_image":[{"width":1500,"height":1356,"url":"https:\/\/www.gruppoliturgico.com\/wp-content\/uploads\/2022\/05\/3496.jpg","type":"image\/jpeg"}],"twitter_card":"summary_large_image","schema":{"@context":"https:\/\/schema.org","@graph":[{"@type":"WebPage","@id":"https:\/\/www.gruppoliturgico.com\/fr\/produit\/valise-chapelle-8\/","url":"https:\/\/www.gruppoliturgico.com\/fr\/produit\/valise-chapelle-8\/","name":"Valise chapelle - valises chapelle et Laboratorio Gruppo Liturgico","isPartOf":{"@id":"https:\/\/www.gruppoliturgico.com\/es\/#website"},"datePublished":"2022-05-20T03:24:23+00:00","dateModified":"2022-05-20T11:11:31+00:00","description":"sac \u00e0 dos en tissu avec dossier rembourr\u00e9. Complet avec calice, pat\u00e8ne , bo\u00eete \u00e0 hosties, autel en tissu avec support pour crucifix et bougies, bouteilles d'eau et vin arm\u00e9, croix bicolores et bougies de cire, petite \u00e9tole double face et set linge d\u2019autel. Mesure 29 x 38 x 12 cm","breadcrumb":{"@id":"https:\/\/www.gruppoliturgico.com\/fr\/produit\/valise-chapelle-8\/#breadcrumb"},"inLanguage":"fr-FR","potentialAction":[{"@type":"ReadAction","target":["https:\/\/www.gruppoliturgico.com\/fr\/produit\/valise-chapelle-8\/"]}]},{"@type":"BreadcrumbList","@id":"https:\/\/www.gruppoliturgico.com\/fr\/produit\/valise-chapelle-8\/#breadcrumb","itemListElement":[{"@type":"ListItem","position":1,"name":"Home","item":"https:\/\/www.gruppoliturgico.com\/fr\/"},{"@type":"ListItem","position":2,"name":"Boutique","item":"https:\/\/www.gruppoliturgico.com\/fr\/boutique\/"},{"@type":"ListItem","position":3,"name":"Valise chapelle"}]},{"@type":"WebSite","@id":"https:\/\/www.gruppoliturgico.com\/es\/#website","url":"https:\/\/www.gruppoliturgico.com\/es\/","name":"Laboratorio Gruppo Liturgico","description":"Articoli Religiosi online","publisher":{"@id":"https:\/\/www.gruppoliturgico.com\/es\/#organization"},"potentialAction":[{"@type":"SearchAction","target":{"@type":"EntryPoint","urlTemplate":"https:\/\/www.gruppoliturgico.com\/es\/?s={search_term_string}"},"query-input":"required name=search_term_string"}],"inLanguage":"fr-FR"},{"@type":"Organization","@id":"https:\/\/www.gruppoliturgico.com\/es\/#organization","name":"Laboratorio Gruppo Liturgico","url":"https:\/\/www.gruppoliturgico.com\/es\/","logo":{"@type":"ImageObject","inLanguage":"fr-FR","@id":"https:\/\/www.gruppoliturgico.com\/es\/#\/schema\/logo\/image\/","url":"https:\/\/www.gruppoliturgico.com\/wp-content\/uploads\/2022\/02\/logo-laboratoriogruppoliturgico.png","contentUrl":"https:\/\/www.gruppoliturgico.com\/wp-content\/uploads\/2022\/02\/logo-laboratoriogruppoliturgico.png","width":400,"height":114,"caption":"Laboratorio Gruppo Liturgico"},"image":{"@id":"https:\/\/www.gruppoliturgico.com\/es\/#\/schema\/logo\/image\/"}}]}},"_links":{"self":[{"href":"https:\/\/www.gruppoliturgico.com\/fr\/wp-json\/wp\/v2\/product\/70814"}],"collection":[{"href":"https:\/\/www.gruppoliturgico.com\/fr\/wp-json\/wp\/v2\/product"}],"about":[{"href":"https:\/\/www.gruppoliturgico.com\/fr\/wp-json\/wp\/v2\/types\/product"}],"wp:featuredmedia":[{"embeddable":true,"href":"https:\/\/www.gruppoliturgico.com\/fr\/wp-json\/wp\/v2\/media\/81134"}],"wp:attachment":[{"href":"https:\/\/www.gruppoliturgico.com\/fr\/wp-json\/wp\/v2\/media?parent=70814"}],"wp:term":[{"taxonomy":"product_cat","embeddable":true,"href":"https:\/\/www.gruppoliturgico.com\/fr\/wp-json\/wp\/v2\/product_cat?post=70814"},{"taxonomy":"product_tag","embeddable":true,"href":"https:\/\/www.gruppoliturgico.com\/fr\/wp-json\/wp\/v2\/product_tag?post=70814"}],"curies":[{"name":"wp","href":"https:\/\/api.w.org\/{rel}","templated":true}]}}