{"id":70806,"date":"2022-05-20T05:23:58","date_gmt":"2022-05-20T03:24:03","guid":{"rendered":"https:\/\/www.gruppoliturgico.com\/prodotto\/valise-chapelle-6\/"},"modified":"2022-05-20T13:11:10","modified_gmt":"2022-05-20T11:11:10","slug":"valise-chapelle-6","status":"publish","type":"product","link":"https:\/\/www.gruppoliturgico.com\/fr\/produit\/valise-chapelle-6\/","title":{"rendered":"Valise chapelle"},"content":{"rendered":"<html><body><p>valise chapelle en tissu technique et imperm\u00e9able avec bandouli\u00e8re.<br>\nPanneau d\u2019objet doubl\u00e9 de satin.<br>\nElle contient un calice avec pat\u00e8ne, le ciboire, bo\u00eete \u00e0 hosties en laiton dor\u00e9 avec \u00e9maux, goupillon, ampoule sainte huile,  autel avec support pour crucifix et bougies, bouteilles d\u2019eau et de vin blind\u00e9es, croix pastorale et bougies en cire, petite \u00e9tole double face et set linge d\u2019autel. <\/p>\n<p>Dimensions cm 39 x 28 x 4.<\/p>\n<\/body><\/html>","protected":false},"excerpt":{"rendered":"<p>valise chapelle en tissu technique et imperm\u00e9able avec bandouli\u00e8re.<br \/>\nPanneau d&rsquo;objet doubl\u00e9 de satin.<br \/>\nElle contient un calice avec pat\u00e8ne, le ciboire, bo\u00eete \u00e0 hosties en laiton dor\u00e9 avec \u00e9maux, goupillon, ampoule sainte huile,  autel avec support pour crucifix et bougies, bouteilles d&rsquo;eau et de vin blind\u00e9es, croix pastorale et bougies en cire, petite \u00e9tole double face et set linge d\u2019autel. <\/p>\n<p>Dimensions cm 39 x 28 x 4.<\/p>\n","protected":false},"featured_media":81126,"template":"","meta":[],"product_cat":[11716],"product_tag":[],"yoast_head":"<!-- This site is optimized with the Yoast SEO plugin v20.4 - https:\/\/yoast.com\/wordpress\/plugins\/seo\/ -->\n<title>Valise chapelle - valises chapelle et Laboratorio Gruppo Liturgico<\/title>\n<meta name=\"description\" content=\"valise chapelle en tissu technique et imperm\u00e9able avec bandouli\u00e8re.  Panneau d&#039;objet doubl\u00e9 de satin. Elle contient un calice avec pat\u00e8ne, le ciboire, bo\u00eete \u00e0 hosties en laiton dor\u00e9 avec \u00e9maux, goupillon, ampoule sainte huile, autel avec support pour crucifix et bougies, bouteilles d&#039;eau et de vin blind\u00e9es, croix pastorale et bougies en cire, petite \u00e9tole double face et set linge d\u2019autel.   Dimensions cm 39 x 28 x 4.\" \/>\n<meta name=\"robots\" content=\"index, follow, max-snippet:-1, max-image-preview:large, max-video-preview:-1\" \/>\n<link rel=\"canonical\" href=\"https:\/\/www.gruppoliturgico.com\/fr\/produit\/valise-chapelle-6\/\" \/>\n<meta property=\"og:locale\" content=\"fr_FR\" \/>\n<meta property=\"og:type\" content=\"article\" \/>\n<meta property=\"og:title\" content=\"Valise chapelle - valises chapelle et Laboratorio Gruppo Liturgico\" \/>\n<meta property=\"og:description\" content=\"valise chapelle en tissu technique et imperm\u00e9able avec bandouli\u00e8re.  Panneau d&#039;objet doubl\u00e9 de satin. Elle contient un calice avec pat\u00e8ne, le ciboire, bo\u00eete \u00e0 hosties en laiton dor\u00e9 avec \u00e9maux, goupillon, ampoule sainte huile, autel avec support pour crucifix et bougies, bouteilles d&#039;eau et de vin blind\u00e9es, croix pastorale et bougies en cire, petite \u00e9tole double face et set linge d\u2019autel.   Dimensions cm 39 x 28 x 4.\" \/>\n<meta property=\"og:url\" content=\"https:\/\/www.gruppoliturgico.com\/fr\/produit\/valise-chapelle-6\/\" \/>\n<meta property=\"og:site_name\" content=\"Laboratorio Gruppo Liturgico\" \/>\n<meta property=\"article:modified_time\" content=\"2022-05-20T11:11:10+00:00\" \/>\n<meta property=\"og:image\" content=\"https:\/\/www.gruppoliturgico.com\/wp-content\/uploads\/2022\/05\/3495.jpg\" \/>\n\t<meta property=\"og:image:width\" content=\"1423\" \/>\n\t<meta property=\"og:image:height\" content=\"1500\" \/>\n\t<meta property=\"og:image:type\" content=\"image\/jpeg\" \/>\n<meta name=\"twitter:card\" content=\"summary_large_image\" \/>\n<script type=\"application\/ld+json\" class=\"yoast-schema-graph\">{\"@context\":\"https:\/\/schema.org\",\"@graph\":[{\"@type\":\"WebPage\",\"@id\":\"https:\/\/www.gruppoliturgico.com\/fr\/produit\/valise-chapelle-6\/\",\"url\":\"https:\/\/www.gruppoliturgico.com\/fr\/produit\/valise-chapelle-6\/\",\"name\":\"Valise chapelle - valises chapelle et Laboratorio Gruppo Liturgico\",\"isPartOf\":{\"@id\":\"https:\/\/www.gruppoliturgico.com\/es\/#website\"},\"datePublished\":\"2022-05-20T03:24:03+00:00\",\"dateModified\":\"2022-05-20T11:11:10+00:00\",\"description\":\"valise chapelle en tissu technique et imperm\u00e9able avec bandouli\u00e8re. Panneau d'objet doubl\u00e9 de satin. Elle contient un calice avec pat\u00e8ne, le ciboire, bo\u00eete \u00e0 hosties en laiton dor\u00e9 avec \u00e9maux, goupillon, ampoule sainte huile, autel avec support pour crucifix et bougies, bouteilles d'eau et de vin blind\u00e9es, croix pastorale et bougies en cire, petite \u00e9tole double face et set linge d\u2019autel. Dimensions cm 39 x 28 x 4.\",\"breadcrumb\":{\"@id\":\"https:\/\/www.gruppoliturgico.com\/fr\/produit\/valise-chapelle-6\/#breadcrumb\"},\"inLanguage\":\"fr-FR\",\"potentialAction\":[{\"@type\":\"ReadAction\",\"target\":[\"https:\/\/www.gruppoliturgico.com\/fr\/produit\/valise-chapelle-6\/\"]}]},{\"@type\":\"BreadcrumbList\",\"@id\":\"https:\/\/www.gruppoliturgico.com\/fr\/produit\/valise-chapelle-6\/#breadcrumb\",\"itemListElement\":[{\"@type\":\"ListItem\",\"position\":1,\"name\":\"Home\",\"item\":\"https:\/\/www.gruppoliturgico.com\/fr\/\"},{\"@type\":\"ListItem\",\"position\":2,\"name\":\"Boutique\",\"item\":\"https:\/\/www.gruppoliturgico.com\/fr\/boutique\/\"},{\"@type\":\"ListItem\",\"position\":3,\"name\":\"Valise chapelle\"}]},{\"@type\":\"WebSite\",\"@id\":\"https:\/\/www.gruppoliturgico.com\/es\/#website\",\"url\":\"https:\/\/www.gruppoliturgico.com\/es\/\",\"name\":\"Laboratorio Gruppo Liturgico\",\"description\":\"Articoli Religiosi online\",\"publisher\":{\"@id\":\"https:\/\/www.gruppoliturgico.com\/es\/#organization\"},\"potentialAction\":[{\"@type\":\"SearchAction\",\"target\":{\"@type\":\"EntryPoint\",\"urlTemplate\":\"https:\/\/www.gruppoliturgico.com\/es\/?s={search_term_string}\"},\"query-input\":\"required name=search_term_string\"}],\"inLanguage\":\"fr-FR\"},{\"@type\":\"Organization\",\"@id\":\"https:\/\/www.gruppoliturgico.com\/es\/#organization\",\"name\":\"Laboratorio Gruppo Liturgico\",\"url\":\"https:\/\/www.gruppoliturgico.com\/es\/\",\"logo\":{\"@type\":\"ImageObject\",\"inLanguage\":\"fr-FR\",\"@id\":\"https:\/\/www.gruppoliturgico.com\/es\/#\/schema\/logo\/image\/\",\"url\":\"https:\/\/www.gruppoliturgico.com\/wp-content\/uploads\/2022\/02\/logo-laboratoriogruppoliturgico.png\",\"contentUrl\":\"https:\/\/www.gruppoliturgico.com\/wp-content\/uploads\/2022\/02\/logo-laboratoriogruppoliturgico.png\",\"width\":400,\"height\":114,\"caption\":\"Laboratorio Gruppo Liturgico\"},\"image\":{\"@id\":\"https:\/\/www.gruppoliturgico.com\/es\/#\/schema\/logo\/image\/\"}}]}<\/script>\n<!-- \/ Yoast SEO plugin. -->","yoast_head_json":{"title":"Valise chapelle - valises chapelle et Laboratorio Gruppo Liturgico","description":"valise chapelle en tissu technique et imperm\u00e9able avec bandouli\u00e8re.  Panneau d'objet doubl\u00e9 de satin. Elle contient un calice avec pat\u00e8ne, le ciboire, bo\u00eete \u00e0 hosties en laiton dor\u00e9 avec \u00e9maux, goupillon, ampoule sainte huile, autel avec support pour crucifix et bougies, bouteilles d'eau et de vin blind\u00e9es, croix pastorale et bougies en cire, petite \u00e9tole double face et set linge d\u2019autel.   Dimensions cm 39 x 28 x 4.","robots":{"index":"index","follow":"follow","max-snippet":"max-snippet:-1","max-image-preview":"max-image-preview:large","max-video-preview":"max-video-preview:-1"},"canonical":"https:\/\/www.gruppoliturgico.com\/fr\/produit\/valise-chapelle-6\/","og_locale":"fr_FR","og_type":"article","og_title":"Valise chapelle - valises chapelle et Laboratorio Gruppo Liturgico","og_description":"valise chapelle en tissu technique et imperm\u00e9able avec bandouli\u00e8re.  Panneau d'objet doubl\u00e9 de satin. Elle contient un calice avec pat\u00e8ne, le ciboire, bo\u00eete \u00e0 hosties en laiton dor\u00e9 avec \u00e9maux, goupillon, ampoule sainte huile, autel avec support pour crucifix et bougies, bouteilles d'eau et de vin blind\u00e9es, croix pastorale et bougies en cire, petite \u00e9tole double face et set linge d\u2019autel.   Dimensions cm 39 x 28 x 4.","og_url":"https:\/\/www.gruppoliturgico.com\/fr\/produit\/valise-chapelle-6\/","og_site_name":"Laboratorio Gruppo Liturgico","article_modified_time":"2022-05-20T11:11:10+00:00","og_image":[{"width":1423,"height":1500,"url":"https:\/\/www.gruppoliturgico.com\/wp-content\/uploads\/2022\/05\/3495.jpg","type":"image\/jpeg"}],"twitter_card":"summary_large_image","schema":{"@context":"https:\/\/schema.org","@graph":[{"@type":"WebPage","@id":"https:\/\/www.gruppoliturgico.com\/fr\/produit\/valise-chapelle-6\/","url":"https:\/\/www.gruppoliturgico.com\/fr\/produit\/valise-chapelle-6\/","name":"Valise chapelle - valises chapelle et Laboratorio Gruppo Liturgico","isPartOf":{"@id":"https:\/\/www.gruppoliturgico.com\/es\/#website"},"datePublished":"2022-05-20T03:24:03+00:00","dateModified":"2022-05-20T11:11:10+00:00","description":"valise chapelle en tissu technique et imperm\u00e9able avec bandouli\u00e8re. Panneau d'objet doubl\u00e9 de satin. Elle contient un calice avec pat\u00e8ne, le ciboire, bo\u00eete \u00e0 hosties en laiton dor\u00e9 avec \u00e9maux, goupillon, ampoule sainte huile, autel avec support pour crucifix et bougies, bouteilles d'eau et de vin blind\u00e9es, croix pastorale et bougies en cire, petite \u00e9tole double face et set linge d\u2019autel. Dimensions cm 39 x 28 x 4.","breadcrumb":{"@id":"https:\/\/www.gruppoliturgico.com\/fr\/produit\/valise-chapelle-6\/#breadcrumb"},"inLanguage":"fr-FR","potentialAction":[{"@type":"ReadAction","target":["https:\/\/www.gruppoliturgico.com\/fr\/produit\/valise-chapelle-6\/"]}]},{"@type":"BreadcrumbList","@id":"https:\/\/www.gruppoliturgico.com\/fr\/produit\/valise-chapelle-6\/#breadcrumb","itemListElement":[{"@type":"ListItem","position":1,"name":"Home","item":"https:\/\/www.gruppoliturgico.com\/fr\/"},{"@type":"ListItem","position":2,"name":"Boutique","item":"https:\/\/www.gruppoliturgico.com\/fr\/boutique\/"},{"@type":"ListItem","position":3,"name":"Valise chapelle"}]},{"@type":"WebSite","@id":"https:\/\/www.gruppoliturgico.com\/es\/#website","url":"https:\/\/www.gruppoliturgico.com\/es\/","name":"Laboratorio Gruppo Liturgico","description":"Articoli Religiosi online","publisher":{"@id":"https:\/\/www.gruppoliturgico.com\/es\/#organization"},"potentialAction":[{"@type":"SearchAction","target":{"@type":"EntryPoint","urlTemplate":"https:\/\/www.gruppoliturgico.com\/es\/?s={search_term_string}"},"query-input":"required name=search_term_string"}],"inLanguage":"fr-FR"},{"@type":"Organization","@id":"https:\/\/www.gruppoliturgico.com\/es\/#organization","name":"Laboratorio Gruppo Liturgico","url":"https:\/\/www.gruppoliturgico.com\/es\/","logo":{"@type":"ImageObject","inLanguage":"fr-FR","@id":"https:\/\/www.gruppoliturgico.com\/es\/#\/schema\/logo\/image\/","url":"https:\/\/www.gruppoliturgico.com\/wp-content\/uploads\/2022\/02\/logo-laboratoriogruppoliturgico.png","contentUrl":"https:\/\/www.gruppoliturgico.com\/wp-content\/uploads\/2022\/02\/logo-laboratoriogruppoliturgico.png","width":400,"height":114,"caption":"Laboratorio Gruppo Liturgico"},"image":{"@id":"https:\/\/www.gruppoliturgico.com\/es\/#\/schema\/logo\/image\/"}}]}},"_links":{"self":[{"href":"https:\/\/www.gruppoliturgico.com\/fr\/wp-json\/wp\/v2\/product\/70806"}],"collection":[{"href":"https:\/\/www.gruppoliturgico.com\/fr\/wp-json\/wp\/v2\/product"}],"about":[{"href":"https:\/\/www.gruppoliturgico.com\/fr\/wp-json\/wp\/v2\/types\/product"}],"wp:featuredmedia":[{"embeddable":true,"href":"https:\/\/www.gruppoliturgico.com\/fr\/wp-json\/wp\/v2\/media\/81126"}],"wp:attachment":[{"href":"https:\/\/www.gruppoliturgico.com\/fr\/wp-json\/wp\/v2\/media?parent=70806"}],"wp:term":[{"taxonomy":"product_cat","embeddable":true,"href":"https:\/\/www.gruppoliturgico.com\/fr\/wp-json\/wp\/v2\/product_cat?post=70806"},{"taxonomy":"product_tag","embeddable":true,"href":"https:\/\/www.gruppoliturgico.com\/fr\/wp-json\/wp\/v2\/product_tag?post=70806"}],"curies":[{"name":"wp","href":"https:\/\/api.w.org\/{rel}","templated":true}]}}