{"id":70686,"date":"2022-05-20T05:17:41","date_gmt":"2022-05-20T03:17:49","guid":{"rendered":"https:\/\/www.gruppoliturgico.com\/prodotto\/chape-15\/"},"modified":"2022-08-19T15:50:45","modified_gmt":"2022-08-19T13:50:45","slug":"chape-15","status":"publish","type":"product","link":"https:\/\/www.gruppoliturgico.com\/fr\/produit\/chape-15\/","title":{"rendered":"Chape"},"content":{"rendered":"<html><body><p>Chape en tissu polyester.<br>\nLes broderies sont r\u00e9alis\u00e9es sur un tissu de satin de haute qualit\u00e9 et repr\u00e9sentent des fleurs, des \u00e9pis de bl\u00e9 et des grappes de raisin.<br>\nSur la partie arri\u00e8re, dans le chapucon, une grande croix avec symbole IHS en relief.<br>\nDisponible en couleur blanche.<br>\nLongueur cm 145<\/p>\n<p>\u00a0<\/p>\n<\/body><\/html>","protected":false},"excerpt":{"rendered":"<p>Chape en tissu polyester.<br \/>\nLes broderies sont r\u00e9alis\u00e9es sur un tissu de satin de haute qualit\u00e9 et repr\u00e9sentent des fleurs, des \u00e9pis de bl\u00e9 et des grappes de raisin.<br \/>\nSur la partie arri\u00e8re, dans le chapucon, une grande croix avec symbole IHS en relief.<br \/>\nDisponible en couleur blanche.<br \/>\nLongueur cm 145<\/p>\n<p>&nbsp;<\/p>\n","protected":false},"featured_media":136191,"template":"","meta":[],"product_cat":[12288],"product_tag":[],"yoast_head":"<!-- This site is optimized with the Yoast SEO plugin v20.4 - https:\/\/yoast.com\/wordpress\/plugins\/seo\/ -->\n<title>Chape - chapes et Laboratorio Gruppo Liturgico<\/title>\n<meta name=\"description\" content=\"Chape en tissu polyester. Les broderies sont r\u00e9alis\u00e9es sur un tissu de satin de haute qualit\u00e9 et repr\u00e9sentent des fleurs, des \u00e9pis de bl\u00e9 et des grappes de raisin. Sur la partie arri\u00e8re, dans le chapucon, une grande croix avec symbole IHS en relief. Disponible en couleur blanche. Longueur cm 145  &nbsp;\" \/>\n<meta name=\"robots\" content=\"index, follow, max-snippet:-1, max-image-preview:large, max-video-preview:-1\" \/>\n<link rel=\"canonical\" href=\"https:\/\/www.gruppoliturgico.com\/fr\/produit\/chape-15\/\" \/>\n<meta property=\"og:locale\" content=\"fr_FR\" \/>\n<meta property=\"og:type\" content=\"article\" \/>\n<meta property=\"og:title\" content=\"Chape - chapes et Laboratorio Gruppo Liturgico\" \/>\n<meta property=\"og:description\" content=\"Chape en tissu polyester. Les broderies sont r\u00e9alis\u00e9es sur un tissu de satin de haute qualit\u00e9 et repr\u00e9sentent des fleurs, des \u00e9pis de bl\u00e9 et des grappes de raisin. Sur la partie arri\u00e8re, dans le chapucon, une grande croix avec symbole IHS en relief. Disponible en couleur blanche. Longueur cm 145  &nbsp;\" \/>\n<meta property=\"og:url\" content=\"https:\/\/www.gruppoliturgico.com\/fr\/produit\/chape-15\/\" \/>\n<meta property=\"og:site_name\" content=\"Laboratorio Gruppo Liturgico\" \/>\n<meta property=\"article:modified_time\" content=\"2022-08-19T13:50:45+00:00\" \/>\n<meta property=\"og:image\" content=\"https:\/\/www.gruppoliturgico.com\/wp-content\/uploads\/2022\/05\/3473-nv-rit.jpg\" \/>\n\t<meta property=\"og:image:width\" content=\"972\" \/>\n\t<meta property=\"og:image:height\" content=\"1700\" \/>\n\t<meta property=\"og:image:type\" content=\"image\/jpeg\" \/>\n<meta name=\"twitter:card\" content=\"summary_large_image\" \/>\n<meta name=\"twitter:label1\" content=\"Dur\u00e9e de lecture estim\u00e9e\" \/>\n\t<meta name=\"twitter:data1\" content=\"1 minute\" \/>\n<script type=\"application\/ld+json\" class=\"yoast-schema-graph\">{\"@context\":\"https:\/\/schema.org\",\"@graph\":[{\"@type\":\"WebPage\",\"@id\":\"https:\/\/www.gruppoliturgico.com\/fr\/produit\/chape-15\/\",\"url\":\"https:\/\/www.gruppoliturgico.com\/fr\/produit\/chape-15\/\",\"name\":\"Chape - chapes et Laboratorio Gruppo Liturgico\",\"isPartOf\":{\"@id\":\"https:\/\/www.gruppoliturgico.com\/es\/#website\"},\"datePublished\":\"2022-05-20T03:17:49+00:00\",\"dateModified\":\"2022-08-19T13:50:45+00:00\",\"description\":\"Chape en tissu polyester. Les broderies sont r\u00e9alis\u00e9es sur un tissu de satin de haute qualit\u00e9 et repr\u00e9sentent des fleurs, des \u00e9pis de bl\u00e9 et des grappes de raisin. Sur la partie arri\u00e8re, dans le chapucon, une grande croix avec symbole IHS en relief. Disponible en couleur blanche. Longueur cm 145 &nbsp;\",\"breadcrumb\":{\"@id\":\"https:\/\/www.gruppoliturgico.com\/fr\/produit\/chape-15\/#breadcrumb\"},\"inLanguage\":\"fr-FR\",\"potentialAction\":[{\"@type\":\"ReadAction\",\"target\":[\"https:\/\/www.gruppoliturgico.com\/fr\/produit\/chape-15\/\"]}]},{\"@type\":\"BreadcrumbList\",\"@id\":\"https:\/\/www.gruppoliturgico.com\/fr\/produit\/chape-15\/#breadcrumb\",\"itemListElement\":[{\"@type\":\"ListItem\",\"position\":1,\"name\":\"Home\",\"item\":\"https:\/\/www.gruppoliturgico.com\/fr\/\"},{\"@type\":\"ListItem\",\"position\":2,\"name\":\"Boutique\",\"item\":\"https:\/\/www.gruppoliturgico.com\/fr\/boutique\/\"},{\"@type\":\"ListItem\",\"position\":3,\"name\":\"Chape\"}]},{\"@type\":\"WebSite\",\"@id\":\"https:\/\/www.gruppoliturgico.com\/es\/#website\",\"url\":\"https:\/\/www.gruppoliturgico.com\/es\/\",\"name\":\"Laboratorio Gruppo Liturgico\",\"description\":\"Articoli Religiosi online\",\"publisher\":{\"@id\":\"https:\/\/www.gruppoliturgico.com\/es\/#organization\"},\"potentialAction\":[{\"@type\":\"SearchAction\",\"target\":{\"@type\":\"EntryPoint\",\"urlTemplate\":\"https:\/\/www.gruppoliturgico.com\/es\/?s={search_term_string}\"},\"query-input\":\"required name=search_term_string\"}],\"inLanguage\":\"fr-FR\"},{\"@type\":\"Organization\",\"@id\":\"https:\/\/www.gruppoliturgico.com\/es\/#organization\",\"name\":\"Laboratorio Gruppo Liturgico\",\"url\":\"https:\/\/www.gruppoliturgico.com\/es\/\",\"logo\":{\"@type\":\"ImageObject\",\"inLanguage\":\"fr-FR\",\"@id\":\"https:\/\/www.gruppoliturgico.com\/es\/#\/schema\/logo\/image\/\",\"url\":\"https:\/\/www.gruppoliturgico.com\/wp-content\/uploads\/2022\/02\/logo-laboratoriogruppoliturgico.png\",\"contentUrl\":\"https:\/\/www.gruppoliturgico.com\/wp-content\/uploads\/2022\/02\/logo-laboratoriogruppoliturgico.png\",\"width\":400,\"height\":114,\"caption\":\"Laboratorio Gruppo Liturgico\"},\"image\":{\"@id\":\"https:\/\/www.gruppoliturgico.com\/es\/#\/schema\/logo\/image\/\"}}]}<\/script>\n<!-- \/ Yoast SEO plugin. -->","yoast_head_json":{"title":"Chape - chapes et Laboratorio Gruppo Liturgico","description":"Chape en tissu polyester. Les broderies sont r\u00e9alis\u00e9es sur un tissu de satin de haute qualit\u00e9 et repr\u00e9sentent des fleurs, des \u00e9pis de bl\u00e9 et des grappes de raisin. Sur la partie arri\u00e8re, dans le chapucon, une grande croix avec symbole IHS en relief. Disponible en couleur blanche. Longueur cm 145  &nbsp;","robots":{"index":"index","follow":"follow","max-snippet":"max-snippet:-1","max-image-preview":"max-image-preview:large","max-video-preview":"max-video-preview:-1"},"canonical":"https:\/\/www.gruppoliturgico.com\/fr\/produit\/chape-15\/","og_locale":"fr_FR","og_type":"article","og_title":"Chape - chapes et Laboratorio Gruppo Liturgico","og_description":"Chape en tissu polyester. Les broderies sont r\u00e9alis\u00e9es sur un tissu de satin de haute qualit\u00e9 et repr\u00e9sentent des fleurs, des \u00e9pis de bl\u00e9 et des grappes de raisin. Sur la partie arri\u00e8re, dans le chapucon, une grande croix avec symbole IHS en relief. Disponible en couleur blanche. Longueur cm 145  &nbsp;","og_url":"https:\/\/www.gruppoliturgico.com\/fr\/produit\/chape-15\/","og_site_name":"Laboratorio Gruppo Liturgico","article_modified_time":"2022-08-19T13:50:45+00:00","og_image":[{"width":972,"height":1700,"url":"https:\/\/www.gruppoliturgico.com\/wp-content\/uploads\/2022\/05\/3473-nv-rit.jpg","type":"image\/jpeg"}],"twitter_card":"summary_large_image","twitter_misc":{"Dur\u00e9e de lecture estim\u00e9e":"1 minute"},"schema":{"@context":"https:\/\/schema.org","@graph":[{"@type":"WebPage","@id":"https:\/\/www.gruppoliturgico.com\/fr\/produit\/chape-15\/","url":"https:\/\/www.gruppoliturgico.com\/fr\/produit\/chape-15\/","name":"Chape - chapes et Laboratorio Gruppo Liturgico","isPartOf":{"@id":"https:\/\/www.gruppoliturgico.com\/es\/#website"},"datePublished":"2022-05-20T03:17:49+00:00","dateModified":"2022-08-19T13:50:45+00:00","description":"Chape en tissu polyester. Les broderies sont r\u00e9alis\u00e9es sur un tissu de satin de haute qualit\u00e9 et repr\u00e9sentent des fleurs, des \u00e9pis de bl\u00e9 et des grappes de raisin. Sur la partie arri\u00e8re, dans le chapucon, une grande croix avec symbole IHS en relief. Disponible en couleur blanche. Longueur cm 145 &nbsp;","breadcrumb":{"@id":"https:\/\/www.gruppoliturgico.com\/fr\/produit\/chape-15\/#breadcrumb"},"inLanguage":"fr-FR","potentialAction":[{"@type":"ReadAction","target":["https:\/\/www.gruppoliturgico.com\/fr\/produit\/chape-15\/"]}]},{"@type":"BreadcrumbList","@id":"https:\/\/www.gruppoliturgico.com\/fr\/produit\/chape-15\/#breadcrumb","itemListElement":[{"@type":"ListItem","position":1,"name":"Home","item":"https:\/\/www.gruppoliturgico.com\/fr\/"},{"@type":"ListItem","position":2,"name":"Boutique","item":"https:\/\/www.gruppoliturgico.com\/fr\/boutique\/"},{"@type":"ListItem","position":3,"name":"Chape"}]},{"@type":"WebSite","@id":"https:\/\/www.gruppoliturgico.com\/es\/#website","url":"https:\/\/www.gruppoliturgico.com\/es\/","name":"Laboratorio Gruppo Liturgico","description":"Articoli Religiosi online","publisher":{"@id":"https:\/\/www.gruppoliturgico.com\/es\/#organization"},"potentialAction":[{"@type":"SearchAction","target":{"@type":"EntryPoint","urlTemplate":"https:\/\/www.gruppoliturgico.com\/es\/?s={search_term_string}"},"query-input":"required name=search_term_string"}],"inLanguage":"fr-FR"},{"@type":"Organization","@id":"https:\/\/www.gruppoliturgico.com\/es\/#organization","name":"Laboratorio Gruppo Liturgico","url":"https:\/\/www.gruppoliturgico.com\/es\/","logo":{"@type":"ImageObject","inLanguage":"fr-FR","@id":"https:\/\/www.gruppoliturgico.com\/es\/#\/schema\/logo\/image\/","url":"https:\/\/www.gruppoliturgico.com\/wp-content\/uploads\/2022\/02\/logo-laboratoriogruppoliturgico.png","contentUrl":"https:\/\/www.gruppoliturgico.com\/wp-content\/uploads\/2022\/02\/logo-laboratoriogruppoliturgico.png","width":400,"height":114,"caption":"Laboratorio Gruppo Liturgico"},"image":{"@id":"https:\/\/www.gruppoliturgico.com\/es\/#\/schema\/logo\/image\/"}}]}},"_links":{"self":[{"href":"https:\/\/www.gruppoliturgico.com\/fr\/wp-json\/wp\/v2\/product\/70686"}],"collection":[{"href":"https:\/\/www.gruppoliturgico.com\/fr\/wp-json\/wp\/v2\/product"}],"about":[{"href":"https:\/\/www.gruppoliturgico.com\/fr\/wp-json\/wp\/v2\/types\/product"}],"wp:featuredmedia":[{"embeddable":true,"href":"https:\/\/www.gruppoliturgico.com\/fr\/wp-json\/wp\/v2\/media\/136191"}],"wp:attachment":[{"href":"https:\/\/www.gruppoliturgico.com\/fr\/wp-json\/wp\/v2\/media?parent=70686"}],"wp:term":[{"taxonomy":"product_cat","embeddable":true,"href":"https:\/\/www.gruppoliturgico.com\/fr\/wp-json\/wp\/v2\/product_cat?post=70686"},{"taxonomy":"product_tag","embeddable":true,"href":"https:\/\/www.gruppoliturgico.com\/fr\/wp-json\/wp\/v2\/product_tag?post=70686"}],"curies":[{"name":"wp","href":"https:\/\/api.w.org\/{rel}","templated":true}]}}