{"id":70674,"date":"2022-05-20T05:16:59","date_gmt":"2022-05-20T03:17:08","guid":{"rendered":"https:\/\/www.gruppoliturgico.com\/prodotto\/chasuble-141\/"},"modified":"2022-09-03T10:07:35","modified_gmt":"2022-09-03T08:07:35","slug":"chasuble-141","status":"publish","type":"product","link":"https:\/\/www.gruppoliturgico.com\/fr\/produit\/chasuble-141\/","title":{"rendered":"Chasuble mariale"},"content":{"rendered":"<html><body><p>Chasuble mariale tiss\u00e9e \u00e0 la main 62% laine, 38% polyester.<br>\nLa merveilleuse grande \u00e9tole centrale repr\u00e9sente un lys stylis\u00e9 brod\u00e9 sur fond bleu clair.<br>\nD\u2019autres broderies lin\u00e9aires, en fil\u00e9 dor\u00e9 et tonalit\u00e9s, sont pr\u00e9sentes dans la trame du tissu blanc ivoire.<br>\nLa broderie est \u00e9gale sur les deux c\u00f4t\u00e9s. <\/p>\n<\/body><\/html>","protected":false},"excerpt":{"rendered":"<p>Chasuble mariale tiss\u00e9e \u00e0 la main 62% laine, 38% polyester.<br \/>\nLa merveilleuse grande \u00e9tole centrale repr\u00e9sente un lys stylis\u00e9 brod\u00e9 sur fond bleu clair.<br \/>\nD\u2019autres broderies lin\u00e9aires, en fil\u00e9 dor\u00e9 et tonalit\u00e9s, sont pr\u00e9sentes dans la trame du tissu blanc ivoire.<br \/>\nLa broderie est \u00e9gale sur les deux c\u00f4t\u00e9s. <\/p>\n","protected":false},"featured_media":128774,"template":"","meta":[],"product_cat":[12240,12264],"product_tag":[15301],"yoast_head":"<!-- This site is optimized with the Yoast SEO plugin v20.4 - https:\/\/yoast.com\/wordpress\/plugins\/seo\/ -->\n<title>Chasuble mariale - tiss\u00e9s \u00e0 la main, mariales et Laboratorio Gruppo Liturgico<\/title>\n<meta name=\"description\" content=\"Chasuble mariale tiss\u00e9e \u00e0 la main 62% laine, 38% polyester. La merveilleuse grande \u00e9tole centrale repr\u00e9sente un lys stylis\u00e9 brod\u00e9 sur fond bleu clair. D\u2019autres broderies lin\u00e9aires, en fil\u00e9 dor\u00e9 et tonalit\u00e9s, sont pr\u00e9sentes dans la trame du tissu blanc ivoire. La broderie est \u00e9gale sur les deux c\u00f4t\u00e9s.\" \/>\n<meta name=\"robots\" content=\"index, follow, max-snippet:-1, max-image-preview:large, max-video-preview:-1\" \/>\n<link rel=\"canonical\" href=\"https:\/\/www.gruppoliturgico.com\/fr\/produit\/chasuble-141\/\" \/>\n<meta property=\"og:locale\" content=\"fr_FR\" \/>\n<meta property=\"og:type\" content=\"article\" \/>\n<meta property=\"og:title\" content=\"Chasuble mariale - tiss\u00e9s \u00e0 la main, mariales et Laboratorio Gruppo Liturgico\" \/>\n<meta property=\"og:description\" content=\"Chasuble mariale tiss\u00e9e \u00e0 la main 62% laine, 38% polyester. La merveilleuse grande \u00e9tole centrale repr\u00e9sente un lys stylis\u00e9 brod\u00e9 sur fond bleu clair. D\u2019autres broderies lin\u00e9aires, en fil\u00e9 dor\u00e9 et tonalit\u00e9s, sont pr\u00e9sentes dans la trame du tissu blanc ivoire. La broderie est \u00e9gale sur les deux c\u00f4t\u00e9s.\" \/>\n<meta property=\"og:url\" content=\"https:\/\/www.gruppoliturgico.com\/fr\/produit\/chasuble-141\/\" \/>\n<meta property=\"og:site_name\" content=\"Laboratorio Gruppo Liturgico\" \/>\n<meta property=\"article:modified_time\" content=\"2022-09-03T08:07:35+00:00\" \/>\n<meta property=\"og:image\" content=\"https:\/\/www.gruppoliturgico.com\/wp-content\/uploads\/2022\/05\/csula.jpg\" \/>\n\t<meta property=\"og:image:width\" content=\"1197\" \/>\n\t<meta property=\"og:image:height\" content=\"1500\" \/>\n\t<meta property=\"og:image:type\" content=\"image\/jpeg\" \/>\n<meta name=\"twitter:card\" content=\"summary_large_image\" \/>\n<script type=\"application\/ld+json\" class=\"yoast-schema-graph\">{\"@context\":\"https:\/\/schema.org\",\"@graph\":[{\"@type\":\"WebPage\",\"@id\":\"https:\/\/www.gruppoliturgico.com\/fr\/produit\/chasuble-141\/\",\"url\":\"https:\/\/www.gruppoliturgico.com\/fr\/produit\/chasuble-141\/\",\"name\":\"Chasuble mariale - tiss\u00e9s \u00e0 la main, mariales et Laboratorio Gruppo Liturgico\",\"isPartOf\":{\"@id\":\"https:\/\/www.gruppoliturgico.com\/es\/#website\"},\"datePublished\":\"2022-05-20T03:17:08+00:00\",\"dateModified\":\"2022-09-03T08:07:35+00:00\",\"description\":\"Chasuble mariale tiss\u00e9e \u00e0 la main 62% laine, 38% polyester. La merveilleuse grande \u00e9tole centrale repr\u00e9sente un lys stylis\u00e9 brod\u00e9 sur fond bleu clair. D\u2019autres broderies lin\u00e9aires, en fil\u00e9 dor\u00e9 et tonalit\u00e9s, sont pr\u00e9sentes dans la trame du tissu blanc ivoire. La broderie est \u00e9gale sur les deux c\u00f4t\u00e9s.\",\"breadcrumb\":{\"@id\":\"https:\/\/www.gruppoliturgico.com\/fr\/produit\/chasuble-141\/#breadcrumb\"},\"inLanguage\":\"fr-FR\",\"potentialAction\":[{\"@type\":\"ReadAction\",\"target\":[\"https:\/\/www.gruppoliturgico.com\/fr\/produit\/chasuble-141\/\"]}]},{\"@type\":\"BreadcrumbList\",\"@id\":\"https:\/\/www.gruppoliturgico.com\/fr\/produit\/chasuble-141\/#breadcrumb\",\"itemListElement\":[{\"@type\":\"ListItem\",\"position\":1,\"name\":\"Home\",\"item\":\"https:\/\/www.gruppoliturgico.com\/fr\/\"},{\"@type\":\"ListItem\",\"position\":2,\"name\":\"Boutique\",\"item\":\"https:\/\/www.gruppoliturgico.com\/fr\/boutique\/\"},{\"@type\":\"ListItem\",\"position\":3,\"name\":\"Chasuble mariale\"}]},{\"@type\":\"WebSite\",\"@id\":\"https:\/\/www.gruppoliturgico.com\/es\/#website\",\"url\":\"https:\/\/www.gruppoliturgico.com\/es\/\",\"name\":\"Laboratorio Gruppo Liturgico\",\"description\":\"Articoli Religiosi online\",\"publisher\":{\"@id\":\"https:\/\/www.gruppoliturgico.com\/es\/#organization\"},\"potentialAction\":[{\"@type\":\"SearchAction\",\"target\":{\"@type\":\"EntryPoint\",\"urlTemplate\":\"https:\/\/www.gruppoliturgico.com\/es\/?s={search_term_string}\"},\"query-input\":\"required name=search_term_string\"}],\"inLanguage\":\"fr-FR\"},{\"@type\":\"Organization\",\"@id\":\"https:\/\/www.gruppoliturgico.com\/es\/#organization\",\"name\":\"Laboratorio Gruppo Liturgico\",\"url\":\"https:\/\/www.gruppoliturgico.com\/es\/\",\"logo\":{\"@type\":\"ImageObject\",\"inLanguage\":\"fr-FR\",\"@id\":\"https:\/\/www.gruppoliturgico.com\/es\/#\/schema\/logo\/image\/\",\"url\":\"https:\/\/www.gruppoliturgico.com\/wp-content\/uploads\/2022\/02\/logo-laboratoriogruppoliturgico.png\",\"contentUrl\":\"https:\/\/www.gruppoliturgico.com\/wp-content\/uploads\/2022\/02\/logo-laboratoriogruppoliturgico.png\",\"width\":400,\"height\":114,\"caption\":\"Laboratorio Gruppo Liturgico\"},\"image\":{\"@id\":\"https:\/\/www.gruppoliturgico.com\/es\/#\/schema\/logo\/image\/\"}}]}<\/script>\n<!-- \/ Yoast SEO plugin. -->","yoast_head_json":{"title":"Chasuble mariale - tiss\u00e9s \u00e0 la main, mariales et Laboratorio Gruppo Liturgico","description":"Chasuble mariale tiss\u00e9e \u00e0 la main 62% laine, 38% polyester. La merveilleuse grande \u00e9tole centrale repr\u00e9sente un lys stylis\u00e9 brod\u00e9 sur fond bleu clair. D\u2019autres broderies lin\u00e9aires, en fil\u00e9 dor\u00e9 et tonalit\u00e9s, sont pr\u00e9sentes dans la trame du tissu blanc ivoire. La broderie est \u00e9gale sur les deux c\u00f4t\u00e9s.","robots":{"index":"index","follow":"follow","max-snippet":"max-snippet:-1","max-image-preview":"max-image-preview:large","max-video-preview":"max-video-preview:-1"},"canonical":"https:\/\/www.gruppoliturgico.com\/fr\/produit\/chasuble-141\/","og_locale":"fr_FR","og_type":"article","og_title":"Chasuble mariale - tiss\u00e9s \u00e0 la main, mariales et Laboratorio Gruppo Liturgico","og_description":"Chasuble mariale tiss\u00e9e \u00e0 la main 62% laine, 38% polyester. La merveilleuse grande \u00e9tole centrale repr\u00e9sente un lys stylis\u00e9 brod\u00e9 sur fond bleu clair. D\u2019autres broderies lin\u00e9aires, en fil\u00e9 dor\u00e9 et tonalit\u00e9s, sont pr\u00e9sentes dans la trame du tissu blanc ivoire. La broderie est \u00e9gale sur les deux c\u00f4t\u00e9s.","og_url":"https:\/\/www.gruppoliturgico.com\/fr\/produit\/chasuble-141\/","og_site_name":"Laboratorio Gruppo Liturgico","article_modified_time":"2022-09-03T08:07:35+00:00","og_image":[{"width":1197,"height":1500,"url":"https:\/\/www.gruppoliturgico.com\/wp-content\/uploads\/2022\/05\/csula.jpg","type":"image\/jpeg"}],"twitter_card":"summary_large_image","schema":{"@context":"https:\/\/schema.org","@graph":[{"@type":"WebPage","@id":"https:\/\/www.gruppoliturgico.com\/fr\/produit\/chasuble-141\/","url":"https:\/\/www.gruppoliturgico.com\/fr\/produit\/chasuble-141\/","name":"Chasuble mariale - tiss\u00e9s \u00e0 la main, mariales et Laboratorio Gruppo Liturgico","isPartOf":{"@id":"https:\/\/www.gruppoliturgico.com\/es\/#website"},"datePublished":"2022-05-20T03:17:08+00:00","dateModified":"2022-09-03T08:07:35+00:00","description":"Chasuble mariale tiss\u00e9e \u00e0 la main 62% laine, 38% polyester. La merveilleuse grande \u00e9tole centrale repr\u00e9sente un lys stylis\u00e9 brod\u00e9 sur fond bleu clair. D\u2019autres broderies lin\u00e9aires, en fil\u00e9 dor\u00e9 et tonalit\u00e9s, sont pr\u00e9sentes dans la trame du tissu blanc ivoire. La broderie est \u00e9gale sur les deux c\u00f4t\u00e9s.","breadcrumb":{"@id":"https:\/\/www.gruppoliturgico.com\/fr\/produit\/chasuble-141\/#breadcrumb"},"inLanguage":"fr-FR","potentialAction":[{"@type":"ReadAction","target":["https:\/\/www.gruppoliturgico.com\/fr\/produit\/chasuble-141\/"]}]},{"@type":"BreadcrumbList","@id":"https:\/\/www.gruppoliturgico.com\/fr\/produit\/chasuble-141\/#breadcrumb","itemListElement":[{"@type":"ListItem","position":1,"name":"Home","item":"https:\/\/www.gruppoliturgico.com\/fr\/"},{"@type":"ListItem","position":2,"name":"Boutique","item":"https:\/\/www.gruppoliturgico.com\/fr\/boutique\/"},{"@type":"ListItem","position":3,"name":"Chasuble mariale"}]},{"@type":"WebSite","@id":"https:\/\/www.gruppoliturgico.com\/es\/#website","url":"https:\/\/www.gruppoliturgico.com\/es\/","name":"Laboratorio Gruppo Liturgico","description":"Articoli Religiosi online","publisher":{"@id":"https:\/\/www.gruppoliturgico.com\/es\/#organization"},"potentialAction":[{"@type":"SearchAction","target":{"@type":"EntryPoint","urlTemplate":"https:\/\/www.gruppoliturgico.com\/es\/?s={search_term_string}"},"query-input":"required name=search_term_string"}],"inLanguage":"fr-FR"},{"@type":"Organization","@id":"https:\/\/www.gruppoliturgico.com\/es\/#organization","name":"Laboratorio Gruppo Liturgico","url":"https:\/\/www.gruppoliturgico.com\/es\/","logo":{"@type":"ImageObject","inLanguage":"fr-FR","@id":"https:\/\/www.gruppoliturgico.com\/es\/#\/schema\/logo\/image\/","url":"https:\/\/www.gruppoliturgico.com\/wp-content\/uploads\/2022\/02\/logo-laboratoriogruppoliturgico.png","contentUrl":"https:\/\/www.gruppoliturgico.com\/wp-content\/uploads\/2022\/02\/logo-laboratoriogruppoliturgico.png","width":400,"height":114,"caption":"Laboratorio Gruppo Liturgico"},"image":{"@id":"https:\/\/www.gruppoliturgico.com\/es\/#\/schema\/logo\/image\/"}}]}},"_links":{"self":[{"href":"https:\/\/www.gruppoliturgico.com\/fr\/wp-json\/wp\/v2\/product\/70674"}],"collection":[{"href":"https:\/\/www.gruppoliturgico.com\/fr\/wp-json\/wp\/v2\/product"}],"about":[{"href":"https:\/\/www.gruppoliturgico.com\/fr\/wp-json\/wp\/v2\/types\/product"}],"wp:featuredmedia":[{"embeddable":true,"href":"https:\/\/www.gruppoliturgico.com\/fr\/wp-json\/wp\/v2\/media\/128774"}],"wp:attachment":[{"href":"https:\/\/www.gruppoliturgico.com\/fr\/wp-json\/wp\/v2\/media?parent=70674"}],"wp:term":[{"taxonomy":"product_cat","embeddable":true,"href":"https:\/\/www.gruppoliturgico.com\/fr\/wp-json\/wp\/v2\/product_cat?post=70674"},{"taxonomy":"product_tag","embeddable":true,"href":"https:\/\/www.gruppoliturgico.com\/fr\/wp-json\/wp\/v2\/product_tag?post=70674"}],"curies":[{"name":"wp","href":"https:\/\/api.w.org\/{rel}","templated":true}]}}