{"id":70670,"date":"2022-05-20T05:16:44","date_gmt":"2022-05-20T03:16:51","guid":{"rendered":"https:\/\/www.gruppoliturgico.com\/prodotto\/chasuble-140\/"},"modified":"2022-09-03T10:05:37","modified_gmt":"2022-09-03T08:05:37","slug":"chasuble-140","status":"publish","type":"product","link":"https:\/\/www.gruppoliturgico.com\/fr\/produit\/chasuble-140\/","title":{"rendered":"Chasuble mariale"},"content":{"rendered":"<html><body><p>Chasuble mariale tiss\u00e9e \u00e0 la main 62% laine, 38% polyester.<br>\nLe tr\u00e8s riche galon, \u00e9gale sur les deux c\u00f4t\u00e9s, pr\u00e9sente une broderie riche du type \u201cmatelass\u00e9\u201d en relief.<br>\nSimple et \u00e9l\u00e9gante, cette chasuble pr\u00e9sente un tissu de base parcouru par des broderies de lignes de couleur blanche.<\/p>\n<\/body><\/html>","protected":false},"excerpt":{"rendered":"<p>Chasuble mariale tiss\u00e9e \u00e0 la main 62% laine, 38% polyester.<br \/>\nLe tr\u00e8s riche galon, \u00e9gale sur les deux c\u00f4t\u00e9s, pr\u00e9sente une broderie riche du type \u201cmatelass\u00e9\u201d en relief.<br \/>\nSimple et \u00e9l\u00e9gante, cette chasuble pr\u00e9sente un tissu de base parcouru par des broderies de lignes de couleur blanche.<\/p>\n","protected":false},"featured_media":128762,"template":"","meta":[],"product_cat":[12240,12264],"product_tag":[15301],"yoast_head":"<!-- This site is optimized with the Yoast SEO plugin v20.4 - https:\/\/yoast.com\/wordpress\/plugins\/seo\/ -->\n<title>Chasuble mariale - tiss\u00e9s \u00e0 la main, mariales et Laboratorio Gruppo Liturgico<\/title>\n<meta name=\"description\" content=\"Chasuble mariale tiss\u00e9e \u00e0 la main 62% laine, 38% polyester. Le tr\u00e8s riche galon, \u00e9gale sur les deux c\u00f4t\u00e9s, pr\u00e9sente une broderie riche du type \u201cmatelass\u00e9\u201d en relief. Simple et \u00e9l\u00e9gante, cette chasuble pr\u00e9sente un tissu de base parcouru par des broderies de lignes de couleur blanche.\" \/>\n<meta name=\"robots\" content=\"index, follow, max-snippet:-1, max-image-preview:large, max-video-preview:-1\" \/>\n<link rel=\"canonical\" href=\"https:\/\/www.gruppoliturgico.com\/fr\/produit\/chasuble-140\/\" \/>\n<meta property=\"og:locale\" content=\"fr_FR\" \/>\n<meta property=\"og:type\" content=\"article\" \/>\n<meta property=\"og:title\" content=\"Chasuble mariale - tiss\u00e9s \u00e0 la main, mariales et Laboratorio Gruppo Liturgico\" \/>\n<meta property=\"og:description\" content=\"Chasuble mariale tiss\u00e9e \u00e0 la main 62% laine, 38% polyester. Le tr\u00e8s riche galon, \u00e9gale sur les deux c\u00f4t\u00e9s, pr\u00e9sente une broderie riche du type \u201cmatelass\u00e9\u201d en relief. Simple et \u00e9l\u00e9gante, cette chasuble pr\u00e9sente un tissu de base parcouru par des broderies de lignes de couleur blanche.\" \/>\n<meta property=\"og:url\" content=\"https:\/\/www.gruppoliturgico.com\/fr\/produit\/chasuble-140\/\" \/>\n<meta property=\"og:site_name\" content=\"Laboratorio Gruppo Liturgico\" \/>\n<meta property=\"article:modified_time\" content=\"2022-09-03T08:05:37+00:00\" \/>\n<meta property=\"og:image\" content=\"https:\/\/www.gruppoliturgico.com\/wp-content\/uploads\/2022\/05\/3466206.jpg\" \/>\n\t<meta property=\"og:image:width\" content=\"1362\" \/>\n\t<meta property=\"og:image:height\" content=\"1500\" \/>\n\t<meta property=\"og:image:type\" content=\"image\/jpeg\" \/>\n<meta name=\"twitter:card\" content=\"summary_large_image\" \/>\n<script type=\"application\/ld+json\" class=\"yoast-schema-graph\">{\"@context\":\"https:\/\/schema.org\",\"@graph\":[{\"@type\":\"WebPage\",\"@id\":\"https:\/\/www.gruppoliturgico.com\/fr\/produit\/chasuble-140\/\",\"url\":\"https:\/\/www.gruppoliturgico.com\/fr\/produit\/chasuble-140\/\",\"name\":\"Chasuble mariale - tiss\u00e9s \u00e0 la main, mariales et Laboratorio Gruppo Liturgico\",\"isPartOf\":{\"@id\":\"https:\/\/www.gruppoliturgico.com\/es\/#website\"},\"datePublished\":\"2022-05-20T03:16:51+00:00\",\"dateModified\":\"2022-09-03T08:05:37+00:00\",\"description\":\"Chasuble mariale tiss\u00e9e \u00e0 la main 62% laine, 38% polyester. Le tr\u00e8s riche galon, \u00e9gale sur les deux c\u00f4t\u00e9s, pr\u00e9sente une broderie riche du type \u201cmatelass\u00e9\u201d en relief. Simple et \u00e9l\u00e9gante, cette chasuble pr\u00e9sente un tissu de base parcouru par des broderies de lignes de couleur blanche.\",\"breadcrumb\":{\"@id\":\"https:\/\/www.gruppoliturgico.com\/fr\/produit\/chasuble-140\/#breadcrumb\"},\"inLanguage\":\"fr-FR\",\"potentialAction\":[{\"@type\":\"ReadAction\",\"target\":[\"https:\/\/www.gruppoliturgico.com\/fr\/produit\/chasuble-140\/\"]}]},{\"@type\":\"BreadcrumbList\",\"@id\":\"https:\/\/www.gruppoliturgico.com\/fr\/produit\/chasuble-140\/#breadcrumb\",\"itemListElement\":[{\"@type\":\"ListItem\",\"position\":1,\"name\":\"Home\",\"item\":\"https:\/\/www.gruppoliturgico.com\/fr\/\"},{\"@type\":\"ListItem\",\"position\":2,\"name\":\"Boutique\",\"item\":\"https:\/\/www.gruppoliturgico.com\/fr\/boutique\/\"},{\"@type\":\"ListItem\",\"position\":3,\"name\":\"Chasuble mariale\"}]},{\"@type\":\"WebSite\",\"@id\":\"https:\/\/www.gruppoliturgico.com\/es\/#website\",\"url\":\"https:\/\/www.gruppoliturgico.com\/es\/\",\"name\":\"Laboratorio Gruppo Liturgico\",\"description\":\"Articoli Religiosi online\",\"publisher\":{\"@id\":\"https:\/\/www.gruppoliturgico.com\/es\/#organization\"},\"potentialAction\":[{\"@type\":\"SearchAction\",\"target\":{\"@type\":\"EntryPoint\",\"urlTemplate\":\"https:\/\/www.gruppoliturgico.com\/es\/?s={search_term_string}\"},\"query-input\":\"required name=search_term_string\"}],\"inLanguage\":\"fr-FR\"},{\"@type\":\"Organization\",\"@id\":\"https:\/\/www.gruppoliturgico.com\/es\/#organization\",\"name\":\"Laboratorio Gruppo Liturgico\",\"url\":\"https:\/\/www.gruppoliturgico.com\/es\/\",\"logo\":{\"@type\":\"ImageObject\",\"inLanguage\":\"fr-FR\",\"@id\":\"https:\/\/www.gruppoliturgico.com\/es\/#\/schema\/logo\/image\/\",\"url\":\"https:\/\/www.gruppoliturgico.com\/wp-content\/uploads\/2022\/02\/logo-laboratoriogruppoliturgico.png\",\"contentUrl\":\"https:\/\/www.gruppoliturgico.com\/wp-content\/uploads\/2022\/02\/logo-laboratoriogruppoliturgico.png\",\"width\":400,\"height\":114,\"caption\":\"Laboratorio Gruppo Liturgico\"},\"image\":{\"@id\":\"https:\/\/www.gruppoliturgico.com\/es\/#\/schema\/logo\/image\/\"}}]}<\/script>\n<!-- \/ Yoast SEO plugin. -->","yoast_head_json":{"title":"Chasuble mariale - tiss\u00e9s \u00e0 la main, mariales et Laboratorio Gruppo Liturgico","description":"Chasuble mariale tiss\u00e9e \u00e0 la main 62% laine, 38% polyester. Le tr\u00e8s riche galon, \u00e9gale sur les deux c\u00f4t\u00e9s, pr\u00e9sente une broderie riche du type \u201cmatelass\u00e9\u201d en relief. Simple et \u00e9l\u00e9gante, cette chasuble pr\u00e9sente un tissu de base parcouru par des broderies de lignes de couleur blanche.","robots":{"index":"index","follow":"follow","max-snippet":"max-snippet:-1","max-image-preview":"max-image-preview:large","max-video-preview":"max-video-preview:-1"},"canonical":"https:\/\/www.gruppoliturgico.com\/fr\/produit\/chasuble-140\/","og_locale":"fr_FR","og_type":"article","og_title":"Chasuble mariale - tiss\u00e9s \u00e0 la main, mariales et Laboratorio Gruppo Liturgico","og_description":"Chasuble mariale tiss\u00e9e \u00e0 la main 62% laine, 38% polyester. Le tr\u00e8s riche galon, \u00e9gale sur les deux c\u00f4t\u00e9s, pr\u00e9sente une broderie riche du type \u201cmatelass\u00e9\u201d en relief. Simple et \u00e9l\u00e9gante, cette chasuble pr\u00e9sente un tissu de base parcouru par des broderies de lignes de couleur blanche.","og_url":"https:\/\/www.gruppoliturgico.com\/fr\/produit\/chasuble-140\/","og_site_name":"Laboratorio Gruppo Liturgico","article_modified_time":"2022-09-03T08:05:37+00:00","og_image":[{"width":1362,"height":1500,"url":"https:\/\/www.gruppoliturgico.com\/wp-content\/uploads\/2022\/05\/3466206.jpg","type":"image\/jpeg"}],"twitter_card":"summary_large_image","schema":{"@context":"https:\/\/schema.org","@graph":[{"@type":"WebPage","@id":"https:\/\/www.gruppoliturgico.com\/fr\/produit\/chasuble-140\/","url":"https:\/\/www.gruppoliturgico.com\/fr\/produit\/chasuble-140\/","name":"Chasuble mariale - tiss\u00e9s \u00e0 la main, mariales et Laboratorio Gruppo Liturgico","isPartOf":{"@id":"https:\/\/www.gruppoliturgico.com\/es\/#website"},"datePublished":"2022-05-20T03:16:51+00:00","dateModified":"2022-09-03T08:05:37+00:00","description":"Chasuble mariale tiss\u00e9e \u00e0 la main 62% laine, 38% polyester. Le tr\u00e8s riche galon, \u00e9gale sur les deux c\u00f4t\u00e9s, pr\u00e9sente une broderie riche du type \u201cmatelass\u00e9\u201d en relief. Simple et \u00e9l\u00e9gante, cette chasuble pr\u00e9sente un tissu de base parcouru par des broderies de lignes de couleur blanche.","breadcrumb":{"@id":"https:\/\/www.gruppoliturgico.com\/fr\/produit\/chasuble-140\/#breadcrumb"},"inLanguage":"fr-FR","potentialAction":[{"@type":"ReadAction","target":["https:\/\/www.gruppoliturgico.com\/fr\/produit\/chasuble-140\/"]}]},{"@type":"BreadcrumbList","@id":"https:\/\/www.gruppoliturgico.com\/fr\/produit\/chasuble-140\/#breadcrumb","itemListElement":[{"@type":"ListItem","position":1,"name":"Home","item":"https:\/\/www.gruppoliturgico.com\/fr\/"},{"@type":"ListItem","position":2,"name":"Boutique","item":"https:\/\/www.gruppoliturgico.com\/fr\/boutique\/"},{"@type":"ListItem","position":3,"name":"Chasuble mariale"}]},{"@type":"WebSite","@id":"https:\/\/www.gruppoliturgico.com\/es\/#website","url":"https:\/\/www.gruppoliturgico.com\/es\/","name":"Laboratorio Gruppo Liturgico","description":"Articoli Religiosi online","publisher":{"@id":"https:\/\/www.gruppoliturgico.com\/es\/#organization"},"potentialAction":[{"@type":"SearchAction","target":{"@type":"EntryPoint","urlTemplate":"https:\/\/www.gruppoliturgico.com\/es\/?s={search_term_string}"},"query-input":"required name=search_term_string"}],"inLanguage":"fr-FR"},{"@type":"Organization","@id":"https:\/\/www.gruppoliturgico.com\/es\/#organization","name":"Laboratorio Gruppo Liturgico","url":"https:\/\/www.gruppoliturgico.com\/es\/","logo":{"@type":"ImageObject","inLanguage":"fr-FR","@id":"https:\/\/www.gruppoliturgico.com\/es\/#\/schema\/logo\/image\/","url":"https:\/\/www.gruppoliturgico.com\/wp-content\/uploads\/2022\/02\/logo-laboratoriogruppoliturgico.png","contentUrl":"https:\/\/www.gruppoliturgico.com\/wp-content\/uploads\/2022\/02\/logo-laboratoriogruppoliturgico.png","width":400,"height":114,"caption":"Laboratorio Gruppo Liturgico"},"image":{"@id":"https:\/\/www.gruppoliturgico.com\/es\/#\/schema\/logo\/image\/"}}]}},"_links":{"self":[{"href":"https:\/\/www.gruppoliturgico.com\/fr\/wp-json\/wp\/v2\/product\/70670"}],"collection":[{"href":"https:\/\/www.gruppoliturgico.com\/fr\/wp-json\/wp\/v2\/product"}],"about":[{"href":"https:\/\/www.gruppoliturgico.com\/fr\/wp-json\/wp\/v2\/types\/product"}],"wp:featuredmedia":[{"embeddable":true,"href":"https:\/\/www.gruppoliturgico.com\/fr\/wp-json\/wp\/v2\/media\/128762"}],"wp:attachment":[{"href":"https:\/\/www.gruppoliturgico.com\/fr\/wp-json\/wp\/v2\/media?parent=70670"}],"wp:term":[{"taxonomy":"product_cat","embeddable":true,"href":"https:\/\/www.gruppoliturgico.com\/fr\/wp-json\/wp\/v2\/product_cat?post=70670"},{"taxonomy":"product_tag","embeddable":true,"href":"https:\/\/www.gruppoliturgico.com\/fr\/wp-json\/wp\/v2\/product_tag?post=70670"}],"curies":[{"name":"wp","href":"https:\/\/api.w.org\/{rel}","templated":true}]}}