{"id":70662,"date":"2022-05-20T05:16:00","date_gmt":"2022-05-20T03:16:22","guid":{"rendered":"https:\/\/www.gruppoliturgico.com\/prodotto\/chasuble-138\/"},"modified":"2022-06-02T13:56:01","modified_gmt":"2022-06-02T11:56:01","slug":"chasuble-138","status":"publish","type":"product","link":"https:\/\/www.gruppoliturgico.com\/fr\/produit\/chasuble-138\/","title":{"rendered":"Chasuble"},"content":{"rendered":"<html><body><p>Chasuble en tissu laine 62%, acrylique 11% et polyester 11%.<br>\nBroderie r\u00e9alis\u00e9e au m\u00e9tier avec effet broderie \u00e0 la main.<br>\nUn ornement simple de ligne en fil\u00e9 or, argent, qui part du centre pour se dissiper vers l\u2019ourlet, \u00e9gal sur les deux c\u00f4t\u00e9s.<br>\nDisponible dans les quatre couleurs liturgiques et en vieux rose.<\/p>\n<\/body><\/html>","protected":false},"excerpt":{"rendered":"<p>Chasuble en tissu laine 62%, acrylique 11% et polyester 11%.<br \/>\nBroderie r\u00e9alis\u00e9e au m\u00e9tier avec effet broderie \u00e0 la main.<br \/>\nUn ornement simple de ligne en fil\u00e9 or, argent, qui part du centre pour se dissiper vers l\u2019ourlet, \u00e9gal sur les deux c\u00f4t\u00e9s.<br \/>\nDisponible dans les quatre couleurs liturgiques et en vieux rose.<\/p>\n","protected":false},"featured_media":128749,"template":"","meta":[],"product_cat":[12244,12256],"product_tag":[],"yoast_head":"<!-- This site is optimized with the Yoast SEO plugin v20.4 - https:\/\/yoast.com\/wordpress\/plugins\/seo\/ -->\n<title>Chasuble - solennelles, broderie au m\u00e9tier et Laboratorio Gruppo Liturgico<\/title>\n<meta name=\"description\" content=\"Chasuble en tissu laine 62%, acrylique 11% et polyester 11%. Broderie r\u00e9alis\u00e9e au m\u00e9tier avec effet broderie \u00e0 la main. Un ornement simple de ligne en fil\u00e9 or, argent, qui part du centre pour se dissiper vers l\u2019ourlet, \u00e9gal sur les deux c\u00f4t\u00e9s. Disponible dans les quatre couleurs liturgiques et en vieux rose.\" \/>\n<meta name=\"robots\" content=\"index, follow, max-snippet:-1, max-image-preview:large, max-video-preview:-1\" \/>\n<link rel=\"canonical\" href=\"https:\/\/www.gruppoliturgico.com\/fr\/produit\/chasuble-138\/\" \/>\n<meta property=\"og:locale\" content=\"fr_FR\" \/>\n<meta property=\"og:type\" content=\"article\" \/>\n<meta property=\"og:title\" content=\"Chasuble - solennelles, broderie au m\u00e9tier et Laboratorio Gruppo Liturgico\" \/>\n<meta property=\"og:description\" content=\"Chasuble en tissu laine 62%, acrylique 11% et polyester 11%. Broderie r\u00e9alis\u00e9e au m\u00e9tier avec effet broderie \u00e0 la main. Un ornement simple de ligne en fil\u00e9 or, argent, qui part du centre pour se dissiper vers l\u2019ourlet, \u00e9gal sur les deux c\u00f4t\u00e9s. Disponible dans les quatre couleurs liturgiques et en vieux rose.\" \/>\n<meta property=\"og:url\" content=\"https:\/\/www.gruppoliturgico.com\/fr\/produit\/chasuble-138\/\" \/>\n<meta property=\"og:site_name\" content=\"Laboratorio Gruppo Liturgico\" \/>\n<meta property=\"article:modified_time\" content=\"2022-06-02T11:56:01+00:00\" \/>\n<meta property=\"og:image\" content=\"https:\/\/www.gruppoliturgico.com\/wp-content\/uploads\/2022\/05\/3465-.jpg\" \/>\n\t<meta property=\"og:image:width\" content=\"1390\" \/>\n\t<meta property=\"og:image:height\" content=\"2000\" \/>\n\t<meta property=\"og:image:type\" content=\"image\/jpeg\" \/>\n<meta name=\"twitter:card\" content=\"summary_large_image\" \/>\n<script type=\"application\/ld+json\" class=\"yoast-schema-graph\">{\"@context\":\"https:\/\/schema.org\",\"@graph\":[{\"@type\":\"WebPage\",\"@id\":\"https:\/\/www.gruppoliturgico.com\/fr\/produit\/chasuble-138\/\",\"url\":\"https:\/\/www.gruppoliturgico.com\/fr\/produit\/chasuble-138\/\",\"name\":\"Chasuble - solennelles, broderie au m\u00e9tier et Laboratorio Gruppo Liturgico\",\"isPartOf\":{\"@id\":\"https:\/\/www.gruppoliturgico.com\/es\/#website\"},\"datePublished\":\"2022-05-20T03:16:22+00:00\",\"dateModified\":\"2022-06-02T11:56:01+00:00\",\"description\":\"Chasuble en tissu laine 62%, acrylique 11% et polyester 11%. Broderie r\u00e9alis\u00e9e au m\u00e9tier avec effet broderie \u00e0 la main. Un ornement simple de ligne en fil\u00e9 or, argent, qui part du centre pour se dissiper vers l\u2019ourlet, \u00e9gal sur les deux c\u00f4t\u00e9s. Disponible dans les quatre couleurs liturgiques et en vieux rose.\",\"breadcrumb\":{\"@id\":\"https:\/\/www.gruppoliturgico.com\/fr\/produit\/chasuble-138\/#breadcrumb\"},\"inLanguage\":\"fr-FR\",\"potentialAction\":[{\"@type\":\"ReadAction\",\"target\":[\"https:\/\/www.gruppoliturgico.com\/fr\/produit\/chasuble-138\/\"]}]},{\"@type\":\"BreadcrumbList\",\"@id\":\"https:\/\/www.gruppoliturgico.com\/fr\/produit\/chasuble-138\/#breadcrumb\",\"itemListElement\":[{\"@type\":\"ListItem\",\"position\":1,\"name\":\"Home\",\"item\":\"https:\/\/www.gruppoliturgico.com\/fr\/\"},{\"@type\":\"ListItem\",\"position\":2,\"name\":\"Boutique\",\"item\":\"https:\/\/www.gruppoliturgico.com\/fr\/boutique\/\"},{\"@type\":\"ListItem\",\"position\":3,\"name\":\"Chasuble\"}]},{\"@type\":\"WebSite\",\"@id\":\"https:\/\/www.gruppoliturgico.com\/es\/#website\",\"url\":\"https:\/\/www.gruppoliturgico.com\/es\/\",\"name\":\"Laboratorio Gruppo Liturgico\",\"description\":\"Articoli Religiosi online\",\"publisher\":{\"@id\":\"https:\/\/www.gruppoliturgico.com\/es\/#organization\"},\"potentialAction\":[{\"@type\":\"SearchAction\",\"target\":{\"@type\":\"EntryPoint\",\"urlTemplate\":\"https:\/\/www.gruppoliturgico.com\/es\/?s={search_term_string}\"},\"query-input\":\"required name=search_term_string\"}],\"inLanguage\":\"fr-FR\"},{\"@type\":\"Organization\",\"@id\":\"https:\/\/www.gruppoliturgico.com\/es\/#organization\",\"name\":\"Laboratorio Gruppo Liturgico\",\"url\":\"https:\/\/www.gruppoliturgico.com\/es\/\",\"logo\":{\"@type\":\"ImageObject\",\"inLanguage\":\"fr-FR\",\"@id\":\"https:\/\/www.gruppoliturgico.com\/es\/#\/schema\/logo\/image\/\",\"url\":\"https:\/\/www.gruppoliturgico.com\/wp-content\/uploads\/2022\/02\/logo-laboratoriogruppoliturgico.png\",\"contentUrl\":\"https:\/\/www.gruppoliturgico.com\/wp-content\/uploads\/2022\/02\/logo-laboratoriogruppoliturgico.png\",\"width\":400,\"height\":114,\"caption\":\"Laboratorio Gruppo Liturgico\"},\"image\":{\"@id\":\"https:\/\/www.gruppoliturgico.com\/es\/#\/schema\/logo\/image\/\"}}]}<\/script>\n<!-- \/ Yoast SEO plugin. -->","yoast_head_json":{"title":"Chasuble - solennelles, broderie au m\u00e9tier et Laboratorio Gruppo Liturgico","description":"Chasuble en tissu laine 62%, acrylique 11% et polyester 11%. Broderie r\u00e9alis\u00e9e au m\u00e9tier avec effet broderie \u00e0 la main. Un ornement simple de ligne en fil\u00e9 or, argent, qui part du centre pour se dissiper vers l\u2019ourlet, \u00e9gal sur les deux c\u00f4t\u00e9s. Disponible dans les quatre couleurs liturgiques et en vieux rose.","robots":{"index":"index","follow":"follow","max-snippet":"max-snippet:-1","max-image-preview":"max-image-preview:large","max-video-preview":"max-video-preview:-1"},"canonical":"https:\/\/www.gruppoliturgico.com\/fr\/produit\/chasuble-138\/","og_locale":"fr_FR","og_type":"article","og_title":"Chasuble - solennelles, broderie au m\u00e9tier et Laboratorio Gruppo Liturgico","og_description":"Chasuble en tissu laine 62%, acrylique 11% et polyester 11%. Broderie r\u00e9alis\u00e9e au m\u00e9tier avec effet broderie \u00e0 la main. Un ornement simple de ligne en fil\u00e9 or, argent, qui part du centre pour se dissiper vers l\u2019ourlet, \u00e9gal sur les deux c\u00f4t\u00e9s. Disponible dans les quatre couleurs liturgiques et en vieux rose.","og_url":"https:\/\/www.gruppoliturgico.com\/fr\/produit\/chasuble-138\/","og_site_name":"Laboratorio Gruppo Liturgico","article_modified_time":"2022-06-02T11:56:01+00:00","og_image":[{"width":1390,"height":2000,"url":"https:\/\/www.gruppoliturgico.com\/wp-content\/uploads\/2022\/05\/3465-.jpg","type":"image\/jpeg"}],"twitter_card":"summary_large_image","schema":{"@context":"https:\/\/schema.org","@graph":[{"@type":"WebPage","@id":"https:\/\/www.gruppoliturgico.com\/fr\/produit\/chasuble-138\/","url":"https:\/\/www.gruppoliturgico.com\/fr\/produit\/chasuble-138\/","name":"Chasuble - solennelles, broderie au m\u00e9tier et Laboratorio Gruppo Liturgico","isPartOf":{"@id":"https:\/\/www.gruppoliturgico.com\/es\/#website"},"datePublished":"2022-05-20T03:16:22+00:00","dateModified":"2022-06-02T11:56:01+00:00","description":"Chasuble en tissu laine 62%, acrylique 11% et polyester 11%. Broderie r\u00e9alis\u00e9e au m\u00e9tier avec effet broderie \u00e0 la main. Un ornement simple de ligne en fil\u00e9 or, argent, qui part du centre pour se dissiper vers l\u2019ourlet, \u00e9gal sur les deux c\u00f4t\u00e9s. Disponible dans les quatre couleurs liturgiques et en vieux rose.","breadcrumb":{"@id":"https:\/\/www.gruppoliturgico.com\/fr\/produit\/chasuble-138\/#breadcrumb"},"inLanguage":"fr-FR","potentialAction":[{"@type":"ReadAction","target":["https:\/\/www.gruppoliturgico.com\/fr\/produit\/chasuble-138\/"]}]},{"@type":"BreadcrumbList","@id":"https:\/\/www.gruppoliturgico.com\/fr\/produit\/chasuble-138\/#breadcrumb","itemListElement":[{"@type":"ListItem","position":1,"name":"Home","item":"https:\/\/www.gruppoliturgico.com\/fr\/"},{"@type":"ListItem","position":2,"name":"Boutique","item":"https:\/\/www.gruppoliturgico.com\/fr\/boutique\/"},{"@type":"ListItem","position":3,"name":"Chasuble"}]},{"@type":"WebSite","@id":"https:\/\/www.gruppoliturgico.com\/es\/#website","url":"https:\/\/www.gruppoliturgico.com\/es\/","name":"Laboratorio Gruppo Liturgico","description":"Articoli Religiosi online","publisher":{"@id":"https:\/\/www.gruppoliturgico.com\/es\/#organization"},"potentialAction":[{"@type":"SearchAction","target":{"@type":"EntryPoint","urlTemplate":"https:\/\/www.gruppoliturgico.com\/es\/?s={search_term_string}"},"query-input":"required name=search_term_string"}],"inLanguage":"fr-FR"},{"@type":"Organization","@id":"https:\/\/www.gruppoliturgico.com\/es\/#organization","name":"Laboratorio Gruppo Liturgico","url":"https:\/\/www.gruppoliturgico.com\/es\/","logo":{"@type":"ImageObject","inLanguage":"fr-FR","@id":"https:\/\/www.gruppoliturgico.com\/es\/#\/schema\/logo\/image\/","url":"https:\/\/www.gruppoliturgico.com\/wp-content\/uploads\/2022\/02\/logo-laboratoriogruppoliturgico.png","contentUrl":"https:\/\/www.gruppoliturgico.com\/wp-content\/uploads\/2022\/02\/logo-laboratoriogruppoliturgico.png","width":400,"height":114,"caption":"Laboratorio Gruppo Liturgico"},"image":{"@id":"https:\/\/www.gruppoliturgico.com\/es\/#\/schema\/logo\/image\/"}}]}},"_links":{"self":[{"href":"https:\/\/www.gruppoliturgico.com\/fr\/wp-json\/wp\/v2\/product\/70662"}],"collection":[{"href":"https:\/\/www.gruppoliturgico.com\/fr\/wp-json\/wp\/v2\/product"}],"about":[{"href":"https:\/\/www.gruppoliturgico.com\/fr\/wp-json\/wp\/v2\/types\/product"}],"wp:featuredmedia":[{"embeddable":true,"href":"https:\/\/www.gruppoliturgico.com\/fr\/wp-json\/wp\/v2\/media\/128749"}],"wp:attachment":[{"href":"https:\/\/www.gruppoliturgico.com\/fr\/wp-json\/wp\/v2\/media?parent=70662"}],"wp:term":[{"taxonomy":"product_cat","embeddable":true,"href":"https:\/\/www.gruppoliturgico.com\/fr\/wp-json\/wp\/v2\/product_cat?post=70662"},{"taxonomy":"product_tag","embeddable":true,"href":"https:\/\/www.gruppoliturgico.com\/fr\/wp-json\/wp\/v2\/product_tag?post=70662"}],"curies":[{"name":"wp","href":"https:\/\/api.w.org\/{rel}","templated":true}]}}