{"id":70658,"date":"2022-05-20T05:16:02","date_gmt":"2022-05-20T03:16:07","guid":{"rendered":"https:\/\/www.gruppoliturgico.com\/prodotto\/chasuble-137\/"},"modified":"2022-09-03T09:59:00","modified_gmt":"2022-09-03T07:59:00","slug":"chasuble-137","status":"publish","type":"product","link":"https:\/\/www.gruppoliturgico.com\/fr\/produit\/chasuble-137\/","title":{"rendered":"Chasuble mariale"},"content":{"rendered":"<html><body><p>Chasuble mariale 62% laine, 27% acrylique, 11% polyester.<br>\nChasuble tiss\u00e9e au m\u00e9tier avec effet broderie \u00e0 la main.<br>\nSur le fond blanc du tissu se d\u00e9tachent les broderies en fil\u00e9s de couleur bleu clair et or \u00e9gaux sur les deux c\u00f4t\u00e9s.<\/p>\n<\/body><\/html>","protected":false},"excerpt":{"rendered":"<p>Chasuble mariale 62% laine, 27% acrylique, 11% polyester.<br \/>\nChasuble tiss\u00e9e au m\u00e9tier avec effet broderie \u00e0 la main.<br \/>\nSur le fond blanc du tissu se d\u00e9tachent les broderies en fil\u00e9s de couleur bleu clair et or \u00e9gaux sur les deux c\u00f4t\u00e9s.<\/p>\n","protected":false},"featured_media":135820,"template":"","meta":[],"product_cat":[12240,12264],"product_tag":[15301],"yoast_head":"<!-- This site is optimized with the Yoast SEO plugin v20.4 - https:\/\/yoast.com\/wordpress\/plugins\/seo\/ -->\n<title>Chasuble mariale - tiss\u00e9s \u00e0 la main, mariales et Laboratorio Gruppo Liturgico<\/title>\n<meta name=\"description\" content=\"Chasuble mariale 62% laine, 27% acrylique, 11% polyester. Chasuble tiss\u00e9e au m\u00e9tier avec effet broderie \u00e0 la main. Sur le fond blanc du tissu se d\u00e9tachent les broderies en fil\u00e9s de couleur bleu clair et or \u00e9gaux sur les deux c\u00f4t\u00e9s.\" \/>\n<meta name=\"robots\" content=\"index, follow, max-snippet:-1, max-image-preview:large, max-video-preview:-1\" \/>\n<link rel=\"canonical\" href=\"https:\/\/www.gruppoliturgico.com\/fr\/produit\/chasuble-137\/\" \/>\n<meta property=\"og:locale\" content=\"fr_FR\" \/>\n<meta property=\"og:type\" content=\"article\" \/>\n<meta property=\"og:title\" content=\"Chasuble mariale - tiss\u00e9s \u00e0 la main, mariales et Laboratorio Gruppo Liturgico\" \/>\n<meta property=\"og:description\" content=\"Chasuble mariale 62% laine, 27% acrylique, 11% polyester. Chasuble tiss\u00e9e au m\u00e9tier avec effet broderie \u00e0 la main. Sur le fond blanc du tissu se d\u00e9tachent les broderies en fil\u00e9s de couleur bleu clair et or \u00e9gaux sur les deux c\u00f4t\u00e9s.\" \/>\n<meta property=\"og:url\" content=\"https:\/\/www.gruppoliturgico.com\/fr\/produit\/chasuble-137\/\" \/>\n<meta property=\"og:site_name\" content=\"Laboratorio Gruppo Liturgico\" \/>\n<meta property=\"article:modified_time\" content=\"2022-09-03T07:59:00+00:00\" \/>\n<meta property=\"og:image\" content=\"https:\/\/www.gruppoliturgico.com\/wp-content\/uploads\/2022\/05\/34642014.jpg\" \/>\n\t<meta property=\"og:image:width\" content=\"1269\" \/>\n\t<meta property=\"og:image:height\" content=\"1500\" \/>\n\t<meta property=\"og:image:type\" content=\"image\/jpeg\" \/>\n<meta name=\"twitter:card\" content=\"summary_large_image\" \/>\n<script type=\"application\/ld+json\" class=\"yoast-schema-graph\">{\"@context\":\"https:\/\/schema.org\",\"@graph\":[{\"@type\":\"WebPage\",\"@id\":\"https:\/\/www.gruppoliturgico.com\/fr\/produit\/chasuble-137\/\",\"url\":\"https:\/\/www.gruppoliturgico.com\/fr\/produit\/chasuble-137\/\",\"name\":\"Chasuble mariale - tiss\u00e9s \u00e0 la main, mariales et Laboratorio Gruppo Liturgico\",\"isPartOf\":{\"@id\":\"https:\/\/www.gruppoliturgico.com\/es\/#website\"},\"datePublished\":\"2022-05-20T03:16:07+00:00\",\"dateModified\":\"2022-09-03T07:59:00+00:00\",\"description\":\"Chasuble mariale 62% laine, 27% acrylique, 11% polyester. Chasuble tiss\u00e9e au m\u00e9tier avec effet broderie \u00e0 la main. Sur le fond blanc du tissu se d\u00e9tachent les broderies en fil\u00e9s de couleur bleu clair et or \u00e9gaux sur les deux c\u00f4t\u00e9s.\",\"breadcrumb\":{\"@id\":\"https:\/\/www.gruppoliturgico.com\/fr\/produit\/chasuble-137\/#breadcrumb\"},\"inLanguage\":\"fr-FR\",\"potentialAction\":[{\"@type\":\"ReadAction\",\"target\":[\"https:\/\/www.gruppoliturgico.com\/fr\/produit\/chasuble-137\/\"]}]},{\"@type\":\"BreadcrumbList\",\"@id\":\"https:\/\/www.gruppoliturgico.com\/fr\/produit\/chasuble-137\/#breadcrumb\",\"itemListElement\":[{\"@type\":\"ListItem\",\"position\":1,\"name\":\"Home\",\"item\":\"https:\/\/www.gruppoliturgico.com\/fr\/\"},{\"@type\":\"ListItem\",\"position\":2,\"name\":\"Boutique\",\"item\":\"https:\/\/www.gruppoliturgico.com\/fr\/boutique\/\"},{\"@type\":\"ListItem\",\"position\":3,\"name\":\"Chasuble mariale\"}]},{\"@type\":\"WebSite\",\"@id\":\"https:\/\/www.gruppoliturgico.com\/es\/#website\",\"url\":\"https:\/\/www.gruppoliturgico.com\/es\/\",\"name\":\"Laboratorio Gruppo Liturgico\",\"description\":\"Articoli Religiosi online\",\"publisher\":{\"@id\":\"https:\/\/www.gruppoliturgico.com\/es\/#organization\"},\"potentialAction\":[{\"@type\":\"SearchAction\",\"target\":{\"@type\":\"EntryPoint\",\"urlTemplate\":\"https:\/\/www.gruppoliturgico.com\/es\/?s={search_term_string}\"},\"query-input\":\"required name=search_term_string\"}],\"inLanguage\":\"fr-FR\"},{\"@type\":\"Organization\",\"@id\":\"https:\/\/www.gruppoliturgico.com\/es\/#organization\",\"name\":\"Laboratorio Gruppo Liturgico\",\"url\":\"https:\/\/www.gruppoliturgico.com\/es\/\",\"logo\":{\"@type\":\"ImageObject\",\"inLanguage\":\"fr-FR\",\"@id\":\"https:\/\/www.gruppoliturgico.com\/es\/#\/schema\/logo\/image\/\",\"url\":\"https:\/\/www.gruppoliturgico.com\/wp-content\/uploads\/2022\/02\/logo-laboratoriogruppoliturgico.png\",\"contentUrl\":\"https:\/\/www.gruppoliturgico.com\/wp-content\/uploads\/2022\/02\/logo-laboratoriogruppoliturgico.png\",\"width\":400,\"height\":114,\"caption\":\"Laboratorio Gruppo Liturgico\"},\"image\":{\"@id\":\"https:\/\/www.gruppoliturgico.com\/es\/#\/schema\/logo\/image\/\"}}]}<\/script>\n<!-- \/ Yoast SEO plugin. -->","yoast_head_json":{"title":"Chasuble mariale - tiss\u00e9s \u00e0 la main, mariales et Laboratorio Gruppo Liturgico","description":"Chasuble mariale 62% laine, 27% acrylique, 11% polyester. Chasuble tiss\u00e9e au m\u00e9tier avec effet broderie \u00e0 la main. Sur le fond blanc du tissu se d\u00e9tachent les broderies en fil\u00e9s de couleur bleu clair et or \u00e9gaux sur les deux c\u00f4t\u00e9s.","robots":{"index":"index","follow":"follow","max-snippet":"max-snippet:-1","max-image-preview":"max-image-preview:large","max-video-preview":"max-video-preview:-1"},"canonical":"https:\/\/www.gruppoliturgico.com\/fr\/produit\/chasuble-137\/","og_locale":"fr_FR","og_type":"article","og_title":"Chasuble mariale - tiss\u00e9s \u00e0 la main, mariales et Laboratorio Gruppo Liturgico","og_description":"Chasuble mariale 62% laine, 27% acrylique, 11% polyester. Chasuble tiss\u00e9e au m\u00e9tier avec effet broderie \u00e0 la main. Sur le fond blanc du tissu se d\u00e9tachent les broderies en fil\u00e9s de couleur bleu clair et or \u00e9gaux sur les deux c\u00f4t\u00e9s.","og_url":"https:\/\/www.gruppoliturgico.com\/fr\/produit\/chasuble-137\/","og_site_name":"Laboratorio Gruppo Liturgico","article_modified_time":"2022-09-03T07:59:00+00:00","og_image":[{"width":1269,"height":1500,"url":"https:\/\/www.gruppoliturgico.com\/wp-content\/uploads\/2022\/05\/34642014.jpg","type":"image\/jpeg"}],"twitter_card":"summary_large_image","schema":{"@context":"https:\/\/schema.org","@graph":[{"@type":"WebPage","@id":"https:\/\/www.gruppoliturgico.com\/fr\/produit\/chasuble-137\/","url":"https:\/\/www.gruppoliturgico.com\/fr\/produit\/chasuble-137\/","name":"Chasuble mariale - tiss\u00e9s \u00e0 la main, mariales et Laboratorio Gruppo Liturgico","isPartOf":{"@id":"https:\/\/www.gruppoliturgico.com\/es\/#website"},"datePublished":"2022-05-20T03:16:07+00:00","dateModified":"2022-09-03T07:59:00+00:00","description":"Chasuble mariale 62% laine, 27% acrylique, 11% polyester. Chasuble tiss\u00e9e au m\u00e9tier avec effet broderie \u00e0 la main. Sur le fond blanc du tissu se d\u00e9tachent les broderies en fil\u00e9s de couleur bleu clair et or \u00e9gaux sur les deux c\u00f4t\u00e9s.","breadcrumb":{"@id":"https:\/\/www.gruppoliturgico.com\/fr\/produit\/chasuble-137\/#breadcrumb"},"inLanguage":"fr-FR","potentialAction":[{"@type":"ReadAction","target":["https:\/\/www.gruppoliturgico.com\/fr\/produit\/chasuble-137\/"]}]},{"@type":"BreadcrumbList","@id":"https:\/\/www.gruppoliturgico.com\/fr\/produit\/chasuble-137\/#breadcrumb","itemListElement":[{"@type":"ListItem","position":1,"name":"Home","item":"https:\/\/www.gruppoliturgico.com\/fr\/"},{"@type":"ListItem","position":2,"name":"Boutique","item":"https:\/\/www.gruppoliturgico.com\/fr\/boutique\/"},{"@type":"ListItem","position":3,"name":"Chasuble mariale"}]},{"@type":"WebSite","@id":"https:\/\/www.gruppoliturgico.com\/es\/#website","url":"https:\/\/www.gruppoliturgico.com\/es\/","name":"Laboratorio Gruppo Liturgico","description":"Articoli Religiosi online","publisher":{"@id":"https:\/\/www.gruppoliturgico.com\/es\/#organization"},"potentialAction":[{"@type":"SearchAction","target":{"@type":"EntryPoint","urlTemplate":"https:\/\/www.gruppoliturgico.com\/es\/?s={search_term_string}"},"query-input":"required name=search_term_string"}],"inLanguage":"fr-FR"},{"@type":"Organization","@id":"https:\/\/www.gruppoliturgico.com\/es\/#organization","name":"Laboratorio Gruppo Liturgico","url":"https:\/\/www.gruppoliturgico.com\/es\/","logo":{"@type":"ImageObject","inLanguage":"fr-FR","@id":"https:\/\/www.gruppoliturgico.com\/es\/#\/schema\/logo\/image\/","url":"https:\/\/www.gruppoliturgico.com\/wp-content\/uploads\/2022\/02\/logo-laboratoriogruppoliturgico.png","contentUrl":"https:\/\/www.gruppoliturgico.com\/wp-content\/uploads\/2022\/02\/logo-laboratoriogruppoliturgico.png","width":400,"height":114,"caption":"Laboratorio Gruppo Liturgico"},"image":{"@id":"https:\/\/www.gruppoliturgico.com\/es\/#\/schema\/logo\/image\/"}}]}},"_links":{"self":[{"href":"https:\/\/www.gruppoliturgico.com\/fr\/wp-json\/wp\/v2\/product\/70658"}],"collection":[{"href":"https:\/\/www.gruppoliturgico.com\/fr\/wp-json\/wp\/v2\/product"}],"about":[{"href":"https:\/\/www.gruppoliturgico.com\/fr\/wp-json\/wp\/v2\/types\/product"}],"wp:featuredmedia":[{"embeddable":true,"href":"https:\/\/www.gruppoliturgico.com\/fr\/wp-json\/wp\/v2\/media\/135820"}],"wp:attachment":[{"href":"https:\/\/www.gruppoliturgico.com\/fr\/wp-json\/wp\/v2\/media?parent=70658"}],"wp:term":[{"taxonomy":"product_cat","embeddable":true,"href":"https:\/\/www.gruppoliturgico.com\/fr\/wp-json\/wp\/v2\/product_cat?post=70658"},{"taxonomy":"product_tag","embeddable":true,"href":"https:\/\/www.gruppoliturgico.com\/fr\/wp-json\/wp\/v2\/product_tag?post=70658"}],"curies":[{"name":"wp","href":"https:\/\/api.w.org\/{rel}","templated":true}]}}