{"id":70646,"date":"2022-05-20T05:15:00","date_gmt":"2022-05-20T03:15:22","guid":{"rendered":"https:\/\/www.gruppoliturgico.com\/prodotto\/chasule\/"},"modified":"2022-09-03T09:50:16","modified_gmt":"2022-09-03T07:50:16","slug":"chasule","status":"publish","type":"product","link":"https:\/\/www.gruppoliturgico.com\/fr\/produit\/chasule\/","title":{"rendered":"Chasule"},"content":{"rendered":"<html><body><p>Chasuble tiss\u00e9e \u00e0 la main 62% laine, 38% polyester.<br>\nUn syst\u00e8me moderne de broderies.<br>\nTrois petites croix d\u00e9licates sont mises en relief par des encadr\u00e9s \u00e0 forme de croix stylis\u00e9e de tonalit\u00e9 plus marqu\u00e9e par rapport au tissu de fond.<br>\nUne broderie fine de lignes dor\u00e9es, \u00e9gale sur les deux c\u00f4t\u00e9s, se r\u00e9p\u00e8te sur toute l\u2019ampleur de la chasuble<br>\nDisponible dans les coloris liturgiques.<\/p>\n<\/body><\/html>","protected":false},"excerpt":{"rendered":"<p>Chasuble tiss\u00e9e \u00e0 la main 62% laine, 38% polyester.<br \/>\nUn syst\u00e8me moderne de broderies.<br \/>\nTrois petites croix d\u00e9licates sont mises en relief par des encadr\u00e9s \u00e0 forme de croix stylis\u00e9e de tonalit\u00e9 plus marqu\u00e9e par rapport au tissu de fond.<br \/>\nUne broderie fine de lignes dor\u00e9es, \u00e9gale sur les deux c\u00f4t\u00e9s, se r\u00e9p\u00e8te sur toute l\u2019ampleur de la chasuble<br \/>\nDisponible dans les coloris liturgiques.<\/p>\n","protected":false},"featured_media":128726,"template":"","meta":[],"product_cat":[12240,12244],"product_tag":[],"yoast_head":"<!-- This site is optimized with the Yoast SEO plugin v20.4 - https:\/\/yoast.com\/wordpress\/plugins\/seo\/ -->\n<title>Chasule - tiss\u00e9s \u00e0 la main, solennelles et Laboratorio Gruppo Liturgico<\/title>\n<meta name=\"description\" content=\"Chasuble tiss\u00e9e \u00e0 la main 62% laine, 38% polyester. Un syst\u00e8me moderne de broderies.  Trois petites croix d\u00e9licates sont mises en relief par des encadr\u00e9s \u00e0 forme de croix stylis\u00e9e de tonalit\u00e9 plus marqu\u00e9e par rapport au tissu de fond.  Une broderie fine de lignes dor\u00e9es, \u00e9gale sur les deux c\u00f4t\u00e9s, se r\u00e9p\u00e8te sur toute l\u2019ampleur de la chasuble  Disponible dans les coloris liturgiques.\" \/>\n<meta name=\"robots\" content=\"index, follow, max-snippet:-1, max-image-preview:large, max-video-preview:-1\" \/>\n<link rel=\"canonical\" href=\"https:\/\/www.gruppoliturgico.com\/fr\/produit\/chasule\/\" \/>\n<meta property=\"og:locale\" content=\"fr_FR\" \/>\n<meta property=\"og:type\" content=\"article\" \/>\n<meta property=\"og:title\" content=\"Chasule - tiss\u00e9s \u00e0 la main, solennelles et Laboratorio Gruppo Liturgico\" \/>\n<meta property=\"og:description\" content=\"Chasuble tiss\u00e9e \u00e0 la main 62% laine, 38% polyester. Un syst\u00e8me moderne de broderies.  Trois petites croix d\u00e9licates sont mises en relief par des encadr\u00e9s \u00e0 forme de croix stylis\u00e9e de tonalit\u00e9 plus marqu\u00e9e par rapport au tissu de fond.  Une broderie fine de lignes dor\u00e9es, \u00e9gale sur les deux c\u00f4t\u00e9s, se r\u00e9p\u00e8te sur toute l\u2019ampleur de la chasuble  Disponible dans les coloris liturgiques.\" \/>\n<meta property=\"og:url\" content=\"https:\/\/www.gruppoliturgico.com\/fr\/produit\/chasule\/\" \/>\n<meta property=\"og:site_name\" content=\"Laboratorio Gruppo Liturgico\" \/>\n<meta property=\"article:modified_time\" content=\"2022-09-03T07:50:16+00:00\" \/>\n<meta property=\"og:image\" content=\"https:\/\/www.gruppoliturgico.com\/wp-content\/uploads\/2022\/09\/3460-verde-1.jpg\" \/>\n\t<meta property=\"og:image:width\" content=\"1274\" \/>\n\t<meta property=\"og:image:height\" content=\"1500\" \/>\n\t<meta property=\"og:image:type\" content=\"image\/jpeg\" \/>\n<meta name=\"twitter:card\" content=\"summary_large_image\" \/>\n<script type=\"application\/ld+json\" class=\"yoast-schema-graph\">{\"@context\":\"https:\/\/schema.org\",\"@graph\":[{\"@type\":\"WebPage\",\"@id\":\"https:\/\/www.gruppoliturgico.com\/fr\/produit\/chasule\/\",\"url\":\"https:\/\/www.gruppoliturgico.com\/fr\/produit\/chasule\/\",\"name\":\"Chasule - tiss\u00e9s \u00e0 la main, solennelles et Laboratorio Gruppo Liturgico\",\"isPartOf\":{\"@id\":\"https:\/\/www.gruppoliturgico.com\/es\/#website\"},\"datePublished\":\"2022-05-20T03:15:22+00:00\",\"dateModified\":\"2022-09-03T07:50:16+00:00\",\"description\":\"Chasuble tiss\u00e9e \u00e0 la main 62% laine, 38% polyester. Un syst\u00e8me moderne de broderies. Trois petites croix d\u00e9licates sont mises en relief par des encadr\u00e9s \u00e0 forme de croix stylis\u00e9e de tonalit\u00e9 plus marqu\u00e9e par rapport au tissu de fond. Une broderie fine de lignes dor\u00e9es, \u00e9gale sur les deux c\u00f4t\u00e9s, se r\u00e9p\u00e8te sur toute l\u2019ampleur de la chasuble Disponible dans les coloris liturgiques.\",\"breadcrumb\":{\"@id\":\"https:\/\/www.gruppoliturgico.com\/fr\/produit\/chasule\/#breadcrumb\"},\"inLanguage\":\"fr-FR\",\"potentialAction\":[{\"@type\":\"ReadAction\",\"target\":[\"https:\/\/www.gruppoliturgico.com\/fr\/produit\/chasule\/\"]}]},{\"@type\":\"BreadcrumbList\",\"@id\":\"https:\/\/www.gruppoliturgico.com\/fr\/produit\/chasule\/#breadcrumb\",\"itemListElement\":[{\"@type\":\"ListItem\",\"position\":1,\"name\":\"Home\",\"item\":\"https:\/\/www.gruppoliturgico.com\/fr\/\"},{\"@type\":\"ListItem\",\"position\":2,\"name\":\"Boutique\",\"item\":\"https:\/\/www.gruppoliturgico.com\/fr\/boutique\/\"},{\"@type\":\"ListItem\",\"position\":3,\"name\":\"Chasule\"}]},{\"@type\":\"WebSite\",\"@id\":\"https:\/\/www.gruppoliturgico.com\/es\/#website\",\"url\":\"https:\/\/www.gruppoliturgico.com\/es\/\",\"name\":\"Laboratorio Gruppo Liturgico\",\"description\":\"Articoli Religiosi online\",\"publisher\":{\"@id\":\"https:\/\/www.gruppoliturgico.com\/es\/#organization\"},\"potentialAction\":[{\"@type\":\"SearchAction\",\"target\":{\"@type\":\"EntryPoint\",\"urlTemplate\":\"https:\/\/www.gruppoliturgico.com\/es\/?s={search_term_string}\"},\"query-input\":\"required name=search_term_string\"}],\"inLanguage\":\"fr-FR\"},{\"@type\":\"Organization\",\"@id\":\"https:\/\/www.gruppoliturgico.com\/es\/#organization\",\"name\":\"Laboratorio Gruppo Liturgico\",\"url\":\"https:\/\/www.gruppoliturgico.com\/es\/\",\"logo\":{\"@type\":\"ImageObject\",\"inLanguage\":\"fr-FR\",\"@id\":\"https:\/\/www.gruppoliturgico.com\/es\/#\/schema\/logo\/image\/\",\"url\":\"https:\/\/www.gruppoliturgico.com\/wp-content\/uploads\/2022\/02\/logo-laboratoriogruppoliturgico.png\",\"contentUrl\":\"https:\/\/www.gruppoliturgico.com\/wp-content\/uploads\/2022\/02\/logo-laboratoriogruppoliturgico.png\",\"width\":400,\"height\":114,\"caption\":\"Laboratorio Gruppo Liturgico\"},\"image\":{\"@id\":\"https:\/\/www.gruppoliturgico.com\/es\/#\/schema\/logo\/image\/\"}}]}<\/script>\n<!-- \/ Yoast SEO plugin. -->","yoast_head_json":{"title":"Chasule - tiss\u00e9s \u00e0 la main, solennelles et Laboratorio Gruppo Liturgico","description":"Chasuble tiss\u00e9e \u00e0 la main 62% laine, 38% polyester. Un syst\u00e8me moderne de broderies.  Trois petites croix d\u00e9licates sont mises en relief par des encadr\u00e9s \u00e0 forme de croix stylis\u00e9e de tonalit\u00e9 plus marqu\u00e9e par rapport au tissu de fond.  Une broderie fine de lignes dor\u00e9es, \u00e9gale sur les deux c\u00f4t\u00e9s, se r\u00e9p\u00e8te sur toute l\u2019ampleur de la chasuble  Disponible dans les coloris liturgiques.","robots":{"index":"index","follow":"follow","max-snippet":"max-snippet:-1","max-image-preview":"max-image-preview:large","max-video-preview":"max-video-preview:-1"},"canonical":"https:\/\/www.gruppoliturgico.com\/fr\/produit\/chasule\/","og_locale":"fr_FR","og_type":"article","og_title":"Chasule - tiss\u00e9s \u00e0 la main, solennelles et Laboratorio Gruppo Liturgico","og_description":"Chasuble tiss\u00e9e \u00e0 la main 62% laine, 38% polyester. Un syst\u00e8me moderne de broderies.  Trois petites croix d\u00e9licates sont mises en relief par des encadr\u00e9s \u00e0 forme de croix stylis\u00e9e de tonalit\u00e9 plus marqu\u00e9e par rapport au tissu de fond.  Une broderie fine de lignes dor\u00e9es, \u00e9gale sur les deux c\u00f4t\u00e9s, se r\u00e9p\u00e8te sur toute l\u2019ampleur de la chasuble  Disponible dans les coloris liturgiques.","og_url":"https:\/\/www.gruppoliturgico.com\/fr\/produit\/chasule\/","og_site_name":"Laboratorio Gruppo Liturgico","article_modified_time":"2022-09-03T07:50:16+00:00","og_image":[{"width":1274,"height":1500,"url":"https:\/\/www.gruppoliturgico.com\/wp-content\/uploads\/2022\/09\/3460-verde-1.jpg","type":"image\/jpeg"}],"twitter_card":"summary_large_image","schema":{"@context":"https:\/\/schema.org","@graph":[{"@type":"WebPage","@id":"https:\/\/www.gruppoliturgico.com\/fr\/produit\/chasule\/","url":"https:\/\/www.gruppoliturgico.com\/fr\/produit\/chasule\/","name":"Chasule - tiss\u00e9s \u00e0 la main, solennelles et Laboratorio Gruppo Liturgico","isPartOf":{"@id":"https:\/\/www.gruppoliturgico.com\/es\/#website"},"datePublished":"2022-05-20T03:15:22+00:00","dateModified":"2022-09-03T07:50:16+00:00","description":"Chasuble tiss\u00e9e \u00e0 la main 62% laine, 38% polyester. Un syst\u00e8me moderne de broderies. Trois petites croix d\u00e9licates sont mises en relief par des encadr\u00e9s \u00e0 forme de croix stylis\u00e9e de tonalit\u00e9 plus marqu\u00e9e par rapport au tissu de fond. Une broderie fine de lignes dor\u00e9es, \u00e9gale sur les deux c\u00f4t\u00e9s, se r\u00e9p\u00e8te sur toute l\u2019ampleur de la chasuble Disponible dans les coloris liturgiques.","breadcrumb":{"@id":"https:\/\/www.gruppoliturgico.com\/fr\/produit\/chasule\/#breadcrumb"},"inLanguage":"fr-FR","potentialAction":[{"@type":"ReadAction","target":["https:\/\/www.gruppoliturgico.com\/fr\/produit\/chasule\/"]}]},{"@type":"BreadcrumbList","@id":"https:\/\/www.gruppoliturgico.com\/fr\/produit\/chasule\/#breadcrumb","itemListElement":[{"@type":"ListItem","position":1,"name":"Home","item":"https:\/\/www.gruppoliturgico.com\/fr\/"},{"@type":"ListItem","position":2,"name":"Boutique","item":"https:\/\/www.gruppoliturgico.com\/fr\/boutique\/"},{"@type":"ListItem","position":3,"name":"Chasule"}]},{"@type":"WebSite","@id":"https:\/\/www.gruppoliturgico.com\/es\/#website","url":"https:\/\/www.gruppoliturgico.com\/es\/","name":"Laboratorio Gruppo Liturgico","description":"Articoli Religiosi online","publisher":{"@id":"https:\/\/www.gruppoliturgico.com\/es\/#organization"},"potentialAction":[{"@type":"SearchAction","target":{"@type":"EntryPoint","urlTemplate":"https:\/\/www.gruppoliturgico.com\/es\/?s={search_term_string}"},"query-input":"required name=search_term_string"}],"inLanguage":"fr-FR"},{"@type":"Organization","@id":"https:\/\/www.gruppoliturgico.com\/es\/#organization","name":"Laboratorio Gruppo Liturgico","url":"https:\/\/www.gruppoliturgico.com\/es\/","logo":{"@type":"ImageObject","inLanguage":"fr-FR","@id":"https:\/\/www.gruppoliturgico.com\/es\/#\/schema\/logo\/image\/","url":"https:\/\/www.gruppoliturgico.com\/wp-content\/uploads\/2022\/02\/logo-laboratoriogruppoliturgico.png","contentUrl":"https:\/\/www.gruppoliturgico.com\/wp-content\/uploads\/2022\/02\/logo-laboratoriogruppoliturgico.png","width":400,"height":114,"caption":"Laboratorio Gruppo Liturgico"},"image":{"@id":"https:\/\/www.gruppoliturgico.com\/es\/#\/schema\/logo\/image\/"}}]}},"_links":{"self":[{"href":"https:\/\/www.gruppoliturgico.com\/fr\/wp-json\/wp\/v2\/product\/70646"}],"collection":[{"href":"https:\/\/www.gruppoliturgico.com\/fr\/wp-json\/wp\/v2\/product"}],"about":[{"href":"https:\/\/www.gruppoliturgico.com\/fr\/wp-json\/wp\/v2\/types\/product"}],"wp:featuredmedia":[{"embeddable":true,"href":"https:\/\/www.gruppoliturgico.com\/fr\/wp-json\/wp\/v2\/media\/128726"}],"wp:attachment":[{"href":"https:\/\/www.gruppoliturgico.com\/fr\/wp-json\/wp\/v2\/media?parent=70646"}],"wp:term":[{"taxonomy":"product_cat","embeddable":true,"href":"https:\/\/www.gruppoliturgico.com\/fr\/wp-json\/wp\/v2\/product_cat?post=70646"},{"taxonomy":"product_tag","embeddable":true,"href":"https:\/\/www.gruppoliturgico.com\/fr\/wp-json\/wp\/v2\/product_tag?post=70646"}],"curies":[{"name":"wp","href":"https:\/\/api.w.org\/{rel}","templated":true}]}}