{"id":70642,"date":"2022-05-20T05:15:00","date_gmt":"2022-05-20T03:15:08","guid":{"rendered":"https:\/\/www.gruppoliturgico.com\/prodotto\/chasuble-134\/"},"modified":"2022-06-02T13:54:50","modified_gmt":"2022-06-02T11:54:50","slug":"chasuble-134","status":"publish","type":"product","link":"https:\/\/www.gruppoliturgico.com\/fr\/produit\/chasuble-134\/","title":{"rendered":"Chasuble"},"content":{"rendered":"<html><body><p>Chasuble tiss\u00e9e \u00e0 la main 54% laine, 18% polyester, 28% acrylique.<br>\nCaract\u00e9ris\u00e9e par un syst\u00e8me important de broderies pr\u00e9sentes sur les deux c\u00f4t\u00e9s.<br>\nUne grande croix stylis\u00e9e est mise en relief par deux panneaux asym\u00e9triques de gradation et tonalit\u00e9 plus sombre.<br>\nLa broderie pr\u00e9sente sur la grande bande centrale et sur les manches est particuli\u00e8rement d\u00e9licate.<br>\nDisponible dans les coloris liturgiques.<\/p>\n<\/body><\/html>","protected":false},"excerpt":{"rendered":"<p>Chasuble tiss\u00e9e \u00e0 la main 54% laine, 18% polyester, 28% acrylique.<br \/>\nCaract\u00e9ris\u00e9e par un syst\u00e8me important de broderies pr\u00e9sentes sur les deux c\u00f4t\u00e9s.<br \/>\nUne grande croix stylis\u00e9e est mise en relief par deux panneaux asym\u00e9triques de gradation et tonalit\u00e9 plus sombre.<br \/>\nLa broderie pr\u00e9sente sur la grande bande centrale et sur les manches est particuli\u00e8rement d\u00e9licate.<br \/>\nDisponible dans les coloris liturgiques.<\/p>\n","protected":false},"featured_media":128722,"template":"","meta":[],"product_cat":[12240,12244],"product_tag":[],"yoast_head":"<!-- This site is optimized with the Yoast SEO plugin v20.4 - https:\/\/yoast.com\/wordpress\/plugins\/seo\/ -->\n<title>Chasuble - tiss\u00e9s \u00e0 la main, solennelles et Laboratorio Gruppo Liturgico<\/title>\n<meta name=\"description\" content=\"Chasuble tiss\u00e9e \u00e0 la main 54% laine, 18% polyester, 28% acrylique. Caract\u00e9ris\u00e9e par un syst\u00e8me important de broderies pr\u00e9sentes sur les deux c\u00f4t\u00e9s. Une grande croix stylis\u00e9e est mise en relief par deux panneaux asym\u00e9triques de gradation et tonalit\u00e9 plus sombre. La broderie pr\u00e9sente sur la grande bande centrale et sur les manches est particuli\u00e8rement d\u00e9licate.  Disponible dans les coloris liturgiques.\" \/>\n<meta name=\"robots\" content=\"index, follow, max-snippet:-1, max-image-preview:large, max-video-preview:-1\" \/>\n<link rel=\"canonical\" href=\"https:\/\/www.gruppoliturgico.com\/fr\/produit\/chasuble-134\/\" \/>\n<meta property=\"og:locale\" content=\"fr_FR\" \/>\n<meta property=\"og:type\" content=\"article\" \/>\n<meta property=\"og:title\" content=\"Chasuble - tiss\u00e9s \u00e0 la main, solennelles et Laboratorio Gruppo Liturgico\" \/>\n<meta property=\"og:description\" content=\"Chasuble tiss\u00e9e \u00e0 la main 54% laine, 18% polyester, 28% acrylique. Caract\u00e9ris\u00e9e par un syst\u00e8me important de broderies pr\u00e9sentes sur les deux c\u00f4t\u00e9s. Une grande croix stylis\u00e9e est mise en relief par deux panneaux asym\u00e9triques de gradation et tonalit\u00e9 plus sombre. La broderie pr\u00e9sente sur la grande bande centrale et sur les manches est particuli\u00e8rement d\u00e9licate.  Disponible dans les coloris liturgiques.\" \/>\n<meta property=\"og:url\" content=\"https:\/\/www.gruppoliturgico.com\/fr\/produit\/chasuble-134\/\" \/>\n<meta property=\"og:site_name\" content=\"Laboratorio Gruppo Liturgico\" \/>\n<meta property=\"article:modified_time\" content=\"2022-06-02T11:54:50+00:00\" \/>\n<meta property=\"og:image\" content=\"https:\/\/www.gruppoliturgico.com\/wp-content\/uploads\/2022\/09\/3459-bianco-15.jpg\" \/>\n\t<meta property=\"og:image:width\" content=\"1151\" \/>\n\t<meta property=\"og:image:height\" content=\"1500\" \/>\n\t<meta property=\"og:image:type\" content=\"image\/jpeg\" \/>\n<meta name=\"twitter:card\" content=\"summary_large_image\" \/>\n<script type=\"application\/ld+json\" class=\"yoast-schema-graph\">{\"@context\":\"https:\/\/schema.org\",\"@graph\":[{\"@type\":\"WebPage\",\"@id\":\"https:\/\/www.gruppoliturgico.com\/fr\/produit\/chasuble-134\/\",\"url\":\"https:\/\/www.gruppoliturgico.com\/fr\/produit\/chasuble-134\/\",\"name\":\"Chasuble - tiss\u00e9s \u00e0 la main, solennelles et Laboratorio Gruppo Liturgico\",\"isPartOf\":{\"@id\":\"https:\/\/www.gruppoliturgico.com\/es\/#website\"},\"datePublished\":\"2022-05-20T03:15:08+00:00\",\"dateModified\":\"2022-06-02T11:54:50+00:00\",\"description\":\"Chasuble tiss\u00e9e \u00e0 la main 54% laine, 18% polyester, 28% acrylique. Caract\u00e9ris\u00e9e par un syst\u00e8me important de broderies pr\u00e9sentes sur les deux c\u00f4t\u00e9s. Une grande croix stylis\u00e9e est mise en relief par deux panneaux asym\u00e9triques de gradation et tonalit\u00e9 plus sombre. La broderie pr\u00e9sente sur la grande bande centrale et sur les manches est particuli\u00e8rement d\u00e9licate. Disponible dans les coloris liturgiques.\",\"breadcrumb\":{\"@id\":\"https:\/\/www.gruppoliturgico.com\/fr\/produit\/chasuble-134\/#breadcrumb\"},\"inLanguage\":\"fr-FR\",\"potentialAction\":[{\"@type\":\"ReadAction\",\"target\":[\"https:\/\/www.gruppoliturgico.com\/fr\/produit\/chasuble-134\/\"]}]},{\"@type\":\"BreadcrumbList\",\"@id\":\"https:\/\/www.gruppoliturgico.com\/fr\/produit\/chasuble-134\/#breadcrumb\",\"itemListElement\":[{\"@type\":\"ListItem\",\"position\":1,\"name\":\"Home\",\"item\":\"https:\/\/www.gruppoliturgico.com\/fr\/\"},{\"@type\":\"ListItem\",\"position\":2,\"name\":\"Boutique\",\"item\":\"https:\/\/www.gruppoliturgico.com\/fr\/boutique\/\"},{\"@type\":\"ListItem\",\"position\":3,\"name\":\"Chasuble\"}]},{\"@type\":\"WebSite\",\"@id\":\"https:\/\/www.gruppoliturgico.com\/es\/#website\",\"url\":\"https:\/\/www.gruppoliturgico.com\/es\/\",\"name\":\"Laboratorio Gruppo Liturgico\",\"description\":\"Articoli Religiosi online\",\"publisher\":{\"@id\":\"https:\/\/www.gruppoliturgico.com\/es\/#organization\"},\"potentialAction\":[{\"@type\":\"SearchAction\",\"target\":{\"@type\":\"EntryPoint\",\"urlTemplate\":\"https:\/\/www.gruppoliturgico.com\/es\/?s={search_term_string}\"},\"query-input\":\"required name=search_term_string\"}],\"inLanguage\":\"fr-FR\"},{\"@type\":\"Organization\",\"@id\":\"https:\/\/www.gruppoliturgico.com\/es\/#organization\",\"name\":\"Laboratorio Gruppo Liturgico\",\"url\":\"https:\/\/www.gruppoliturgico.com\/es\/\",\"logo\":{\"@type\":\"ImageObject\",\"inLanguage\":\"fr-FR\",\"@id\":\"https:\/\/www.gruppoliturgico.com\/es\/#\/schema\/logo\/image\/\",\"url\":\"https:\/\/www.gruppoliturgico.com\/wp-content\/uploads\/2022\/02\/logo-laboratoriogruppoliturgico.png\",\"contentUrl\":\"https:\/\/www.gruppoliturgico.com\/wp-content\/uploads\/2022\/02\/logo-laboratoriogruppoliturgico.png\",\"width\":400,\"height\":114,\"caption\":\"Laboratorio Gruppo Liturgico\"},\"image\":{\"@id\":\"https:\/\/www.gruppoliturgico.com\/es\/#\/schema\/logo\/image\/\"}}]}<\/script>\n<!-- \/ Yoast SEO plugin. -->","yoast_head_json":{"title":"Chasuble - tiss\u00e9s \u00e0 la main, solennelles et Laboratorio Gruppo Liturgico","description":"Chasuble tiss\u00e9e \u00e0 la main 54% laine, 18% polyester, 28% acrylique. Caract\u00e9ris\u00e9e par un syst\u00e8me important de broderies pr\u00e9sentes sur les deux c\u00f4t\u00e9s. Une grande croix stylis\u00e9e est mise en relief par deux panneaux asym\u00e9triques de gradation et tonalit\u00e9 plus sombre. La broderie pr\u00e9sente sur la grande bande centrale et sur les manches est particuli\u00e8rement d\u00e9licate.  Disponible dans les coloris liturgiques.","robots":{"index":"index","follow":"follow","max-snippet":"max-snippet:-1","max-image-preview":"max-image-preview:large","max-video-preview":"max-video-preview:-1"},"canonical":"https:\/\/www.gruppoliturgico.com\/fr\/produit\/chasuble-134\/","og_locale":"fr_FR","og_type":"article","og_title":"Chasuble - tiss\u00e9s \u00e0 la main, solennelles et Laboratorio Gruppo Liturgico","og_description":"Chasuble tiss\u00e9e \u00e0 la main 54% laine, 18% polyester, 28% acrylique. Caract\u00e9ris\u00e9e par un syst\u00e8me important de broderies pr\u00e9sentes sur les deux c\u00f4t\u00e9s. Une grande croix stylis\u00e9e est mise en relief par deux panneaux asym\u00e9triques de gradation et tonalit\u00e9 plus sombre. La broderie pr\u00e9sente sur la grande bande centrale et sur les manches est particuli\u00e8rement d\u00e9licate.  Disponible dans les coloris liturgiques.","og_url":"https:\/\/www.gruppoliturgico.com\/fr\/produit\/chasuble-134\/","og_site_name":"Laboratorio Gruppo Liturgico","article_modified_time":"2022-06-02T11:54:50+00:00","og_image":[{"width":1151,"height":1500,"url":"https:\/\/www.gruppoliturgico.com\/wp-content\/uploads\/2022\/09\/3459-bianco-15.jpg","type":"image\/jpeg"}],"twitter_card":"summary_large_image","schema":{"@context":"https:\/\/schema.org","@graph":[{"@type":"WebPage","@id":"https:\/\/www.gruppoliturgico.com\/fr\/produit\/chasuble-134\/","url":"https:\/\/www.gruppoliturgico.com\/fr\/produit\/chasuble-134\/","name":"Chasuble - tiss\u00e9s \u00e0 la main, solennelles et Laboratorio Gruppo Liturgico","isPartOf":{"@id":"https:\/\/www.gruppoliturgico.com\/es\/#website"},"datePublished":"2022-05-20T03:15:08+00:00","dateModified":"2022-06-02T11:54:50+00:00","description":"Chasuble tiss\u00e9e \u00e0 la main 54% laine, 18% polyester, 28% acrylique. Caract\u00e9ris\u00e9e par un syst\u00e8me important de broderies pr\u00e9sentes sur les deux c\u00f4t\u00e9s. Une grande croix stylis\u00e9e est mise en relief par deux panneaux asym\u00e9triques de gradation et tonalit\u00e9 plus sombre. La broderie pr\u00e9sente sur la grande bande centrale et sur les manches est particuli\u00e8rement d\u00e9licate. Disponible dans les coloris liturgiques.","breadcrumb":{"@id":"https:\/\/www.gruppoliturgico.com\/fr\/produit\/chasuble-134\/#breadcrumb"},"inLanguage":"fr-FR","potentialAction":[{"@type":"ReadAction","target":["https:\/\/www.gruppoliturgico.com\/fr\/produit\/chasuble-134\/"]}]},{"@type":"BreadcrumbList","@id":"https:\/\/www.gruppoliturgico.com\/fr\/produit\/chasuble-134\/#breadcrumb","itemListElement":[{"@type":"ListItem","position":1,"name":"Home","item":"https:\/\/www.gruppoliturgico.com\/fr\/"},{"@type":"ListItem","position":2,"name":"Boutique","item":"https:\/\/www.gruppoliturgico.com\/fr\/boutique\/"},{"@type":"ListItem","position":3,"name":"Chasuble"}]},{"@type":"WebSite","@id":"https:\/\/www.gruppoliturgico.com\/es\/#website","url":"https:\/\/www.gruppoliturgico.com\/es\/","name":"Laboratorio Gruppo Liturgico","description":"Articoli Religiosi online","publisher":{"@id":"https:\/\/www.gruppoliturgico.com\/es\/#organization"},"potentialAction":[{"@type":"SearchAction","target":{"@type":"EntryPoint","urlTemplate":"https:\/\/www.gruppoliturgico.com\/es\/?s={search_term_string}"},"query-input":"required name=search_term_string"}],"inLanguage":"fr-FR"},{"@type":"Organization","@id":"https:\/\/www.gruppoliturgico.com\/es\/#organization","name":"Laboratorio Gruppo Liturgico","url":"https:\/\/www.gruppoliturgico.com\/es\/","logo":{"@type":"ImageObject","inLanguage":"fr-FR","@id":"https:\/\/www.gruppoliturgico.com\/es\/#\/schema\/logo\/image\/","url":"https:\/\/www.gruppoliturgico.com\/wp-content\/uploads\/2022\/02\/logo-laboratoriogruppoliturgico.png","contentUrl":"https:\/\/www.gruppoliturgico.com\/wp-content\/uploads\/2022\/02\/logo-laboratoriogruppoliturgico.png","width":400,"height":114,"caption":"Laboratorio Gruppo Liturgico"},"image":{"@id":"https:\/\/www.gruppoliturgico.com\/es\/#\/schema\/logo\/image\/"}}]}},"_links":{"self":[{"href":"https:\/\/www.gruppoliturgico.com\/fr\/wp-json\/wp\/v2\/product\/70642"}],"collection":[{"href":"https:\/\/www.gruppoliturgico.com\/fr\/wp-json\/wp\/v2\/product"}],"about":[{"href":"https:\/\/www.gruppoliturgico.com\/fr\/wp-json\/wp\/v2\/types\/product"}],"wp:featuredmedia":[{"embeddable":true,"href":"https:\/\/www.gruppoliturgico.com\/fr\/wp-json\/wp\/v2\/media\/128722"}],"wp:attachment":[{"href":"https:\/\/www.gruppoliturgico.com\/fr\/wp-json\/wp\/v2\/media?parent=70642"}],"wp:term":[{"taxonomy":"product_cat","embeddable":true,"href":"https:\/\/www.gruppoliturgico.com\/fr\/wp-json\/wp\/v2\/product_cat?post=70642"},{"taxonomy":"product_tag","embeddable":true,"href":"https:\/\/www.gruppoliturgico.com\/fr\/wp-json\/wp\/v2\/product_tag?post=70642"}],"curies":[{"name":"wp","href":"https:\/\/api.w.org\/{rel}","templated":true}]}}