{"id":70578,"date":"2022-05-20T05:11:50","date_gmt":"2022-05-20T03:11:56","guid":{"rendered":"https:\/\/www.gruppoliturgico.com\/prodotto\/ciboire-60\/"},"modified":"2022-05-20T13:00:11","modified_gmt":"2022-05-20T11:00:11","slug":"ciboire-60","status":"publish","type":"product","link":"https:\/\/www.gruppoliturgico.com\/fr\/produit\/ciboire-60\/","title":{"rendered":"Ciboire"},"content":{"rendered":"<html><body><p>Ciboire en laiton argent\u00e9 avec ciselets r\u00e9alis\u00e9s \u00e0 la main dans la base, dans la coupe et sur le couvercle.<br>\nN\u0153ud central avec fonte de raisin et feuilles de vigne.<br>\nPeut contenir environ 250 hosties.<\/p>\n<p>Hauteur cm 17,5<br>\nDiam\u00e8tre cm 12,5<\/p>\n<\/body><\/html>","protected":false},"excerpt":{"rendered":"<p>Ciboire en laiton argent\u00e9 avec ciselets r\u00e9alis\u00e9s \u00e0 la main dans la base, dans la coupe et sur le couvercle.<br \/>\nN\u0153ud central avec fonte de raisin et feuilles de vigne.<br \/>\nPeut contenir environ 250 hosties.<\/p>\n<p>Hauteur cm 17,5<br \/>\nDiam\u00e8tre cm 12,5<\/p>\n","protected":false},"featured_media":80898,"template":"","meta":[],"product_cat":[12032],"product_tag":[],"yoast_head":"<!-- This site is optimized with the Yoast SEO plugin v20.4 - https:\/\/yoast.com\/wordpress\/plugins\/seo\/ -->\n<title>Ciboire - collection ciboires et Laboratorio Gruppo Liturgico<\/title>\n<meta name=\"description\" content=\"Ciboire en laiton argent\u00e9 avec ciselets r\u00e9alis\u00e9s \u00e0 la main dans la base, dans la coupe et sur le couvercle.  N\u0153ud central avec fonte de raisin et feuilles de vigne. Peut contenir environ 250 hosties.  Hauteur cm 17,5 Diam\u00e8tre cm 12,5\" \/>\n<meta name=\"robots\" content=\"index, follow, max-snippet:-1, max-image-preview:large, max-video-preview:-1\" \/>\n<link rel=\"canonical\" href=\"https:\/\/www.gruppoliturgico.com\/fr\/produit\/ciboire-60\/\" \/>\n<meta property=\"og:locale\" content=\"fr_FR\" \/>\n<meta property=\"og:type\" content=\"article\" \/>\n<meta property=\"og:title\" content=\"Ciboire - collection ciboires et Laboratorio Gruppo Liturgico\" \/>\n<meta property=\"og:description\" content=\"Ciboire en laiton argent\u00e9 avec ciselets r\u00e9alis\u00e9s \u00e0 la main dans la base, dans la coupe et sur le couvercle.  N\u0153ud central avec fonte de raisin et feuilles de vigne. Peut contenir environ 250 hosties.  Hauteur cm 17,5 Diam\u00e8tre cm 12,5\" \/>\n<meta property=\"og:url\" content=\"https:\/\/www.gruppoliturgico.com\/fr\/produit\/ciboire-60\/\" \/>\n<meta property=\"og:site_name\" content=\"Laboratorio Gruppo Liturgico\" \/>\n<meta property=\"article:modified_time\" content=\"2022-05-20T11:00:11+00:00\" \/>\n<meta property=\"og:image\" content=\"https:\/\/www.gruppoliturgico.com\/wp-content\/uploads\/2022\/05\/3396203.jpg\" \/>\n\t<meta property=\"og:image:width\" content=\"1059\" \/>\n\t<meta property=\"og:image:height\" content=\"1500\" \/>\n\t<meta property=\"og:image:type\" content=\"image\/jpeg\" \/>\n<meta name=\"twitter:card\" content=\"summary_large_image\" \/>\n<script type=\"application\/ld+json\" class=\"yoast-schema-graph\">{\"@context\":\"https:\/\/schema.org\",\"@graph\":[{\"@type\":\"WebPage\",\"@id\":\"https:\/\/www.gruppoliturgico.com\/fr\/produit\/ciboire-60\/\",\"url\":\"https:\/\/www.gruppoliturgico.com\/fr\/produit\/ciboire-60\/\",\"name\":\"Ciboire - collection ciboires et Laboratorio Gruppo Liturgico\",\"isPartOf\":{\"@id\":\"https:\/\/www.gruppoliturgico.com\/es\/#website\"},\"datePublished\":\"2022-05-20T03:11:56+00:00\",\"dateModified\":\"2022-05-20T11:00:11+00:00\",\"description\":\"Ciboire en laiton argent\u00e9 avec ciselets r\u00e9alis\u00e9s \u00e0 la main dans la base, dans la coupe et sur le couvercle. N\u0153ud central avec fonte de raisin et feuilles de vigne. Peut contenir environ 250 hosties. Hauteur cm 17,5 Diam\u00e8tre cm 12,5\",\"breadcrumb\":{\"@id\":\"https:\/\/www.gruppoliturgico.com\/fr\/produit\/ciboire-60\/#breadcrumb\"},\"inLanguage\":\"fr-FR\",\"potentialAction\":[{\"@type\":\"ReadAction\",\"target\":[\"https:\/\/www.gruppoliturgico.com\/fr\/produit\/ciboire-60\/\"]}]},{\"@type\":\"BreadcrumbList\",\"@id\":\"https:\/\/www.gruppoliturgico.com\/fr\/produit\/ciboire-60\/#breadcrumb\",\"itemListElement\":[{\"@type\":\"ListItem\",\"position\":1,\"name\":\"Home\",\"item\":\"https:\/\/www.gruppoliturgico.com\/fr\/\"},{\"@type\":\"ListItem\",\"position\":2,\"name\":\"Boutique\",\"item\":\"https:\/\/www.gruppoliturgico.com\/fr\/boutique\/\"},{\"@type\":\"ListItem\",\"position\":3,\"name\":\"Ciboire\"}]},{\"@type\":\"WebSite\",\"@id\":\"https:\/\/www.gruppoliturgico.com\/es\/#website\",\"url\":\"https:\/\/www.gruppoliturgico.com\/es\/\",\"name\":\"Laboratorio Gruppo Liturgico\",\"description\":\"Articoli Religiosi online\",\"publisher\":{\"@id\":\"https:\/\/www.gruppoliturgico.com\/es\/#organization\"},\"potentialAction\":[{\"@type\":\"SearchAction\",\"target\":{\"@type\":\"EntryPoint\",\"urlTemplate\":\"https:\/\/www.gruppoliturgico.com\/es\/?s={search_term_string}\"},\"query-input\":\"required name=search_term_string\"}],\"inLanguage\":\"fr-FR\"},{\"@type\":\"Organization\",\"@id\":\"https:\/\/www.gruppoliturgico.com\/es\/#organization\",\"name\":\"Laboratorio Gruppo Liturgico\",\"url\":\"https:\/\/www.gruppoliturgico.com\/es\/\",\"logo\":{\"@type\":\"ImageObject\",\"inLanguage\":\"fr-FR\",\"@id\":\"https:\/\/www.gruppoliturgico.com\/es\/#\/schema\/logo\/image\/\",\"url\":\"https:\/\/www.gruppoliturgico.com\/wp-content\/uploads\/2022\/02\/logo-laboratoriogruppoliturgico.png\",\"contentUrl\":\"https:\/\/www.gruppoliturgico.com\/wp-content\/uploads\/2022\/02\/logo-laboratoriogruppoliturgico.png\",\"width\":400,\"height\":114,\"caption\":\"Laboratorio Gruppo Liturgico\"},\"image\":{\"@id\":\"https:\/\/www.gruppoliturgico.com\/es\/#\/schema\/logo\/image\/\"}}]}<\/script>\n<!-- \/ Yoast SEO plugin. -->","yoast_head_json":{"title":"Ciboire - collection ciboires et Laboratorio Gruppo Liturgico","description":"Ciboire en laiton argent\u00e9 avec ciselets r\u00e9alis\u00e9s \u00e0 la main dans la base, dans la coupe et sur le couvercle.  N\u0153ud central avec fonte de raisin et feuilles de vigne. Peut contenir environ 250 hosties.  Hauteur cm 17,5 Diam\u00e8tre cm 12,5","robots":{"index":"index","follow":"follow","max-snippet":"max-snippet:-1","max-image-preview":"max-image-preview:large","max-video-preview":"max-video-preview:-1"},"canonical":"https:\/\/www.gruppoliturgico.com\/fr\/produit\/ciboire-60\/","og_locale":"fr_FR","og_type":"article","og_title":"Ciboire - collection ciboires et Laboratorio Gruppo Liturgico","og_description":"Ciboire en laiton argent\u00e9 avec ciselets r\u00e9alis\u00e9s \u00e0 la main dans la base, dans la coupe et sur le couvercle.  N\u0153ud central avec fonte de raisin et feuilles de vigne. Peut contenir environ 250 hosties.  Hauteur cm 17,5 Diam\u00e8tre cm 12,5","og_url":"https:\/\/www.gruppoliturgico.com\/fr\/produit\/ciboire-60\/","og_site_name":"Laboratorio Gruppo Liturgico","article_modified_time":"2022-05-20T11:00:11+00:00","og_image":[{"width":1059,"height":1500,"url":"https:\/\/www.gruppoliturgico.com\/wp-content\/uploads\/2022\/05\/3396203.jpg","type":"image\/jpeg"}],"twitter_card":"summary_large_image","schema":{"@context":"https:\/\/schema.org","@graph":[{"@type":"WebPage","@id":"https:\/\/www.gruppoliturgico.com\/fr\/produit\/ciboire-60\/","url":"https:\/\/www.gruppoliturgico.com\/fr\/produit\/ciboire-60\/","name":"Ciboire - collection ciboires et Laboratorio Gruppo Liturgico","isPartOf":{"@id":"https:\/\/www.gruppoliturgico.com\/es\/#website"},"datePublished":"2022-05-20T03:11:56+00:00","dateModified":"2022-05-20T11:00:11+00:00","description":"Ciboire en laiton argent\u00e9 avec ciselets r\u00e9alis\u00e9s \u00e0 la main dans la base, dans la coupe et sur le couvercle. N\u0153ud central avec fonte de raisin et feuilles de vigne. Peut contenir environ 250 hosties. Hauteur cm 17,5 Diam\u00e8tre cm 12,5","breadcrumb":{"@id":"https:\/\/www.gruppoliturgico.com\/fr\/produit\/ciboire-60\/#breadcrumb"},"inLanguage":"fr-FR","potentialAction":[{"@type":"ReadAction","target":["https:\/\/www.gruppoliturgico.com\/fr\/produit\/ciboire-60\/"]}]},{"@type":"BreadcrumbList","@id":"https:\/\/www.gruppoliturgico.com\/fr\/produit\/ciboire-60\/#breadcrumb","itemListElement":[{"@type":"ListItem","position":1,"name":"Home","item":"https:\/\/www.gruppoliturgico.com\/fr\/"},{"@type":"ListItem","position":2,"name":"Boutique","item":"https:\/\/www.gruppoliturgico.com\/fr\/boutique\/"},{"@type":"ListItem","position":3,"name":"Ciboire"}]},{"@type":"WebSite","@id":"https:\/\/www.gruppoliturgico.com\/es\/#website","url":"https:\/\/www.gruppoliturgico.com\/es\/","name":"Laboratorio Gruppo Liturgico","description":"Articoli Religiosi online","publisher":{"@id":"https:\/\/www.gruppoliturgico.com\/es\/#organization"},"potentialAction":[{"@type":"SearchAction","target":{"@type":"EntryPoint","urlTemplate":"https:\/\/www.gruppoliturgico.com\/es\/?s={search_term_string}"},"query-input":"required name=search_term_string"}],"inLanguage":"fr-FR"},{"@type":"Organization","@id":"https:\/\/www.gruppoliturgico.com\/es\/#organization","name":"Laboratorio Gruppo Liturgico","url":"https:\/\/www.gruppoliturgico.com\/es\/","logo":{"@type":"ImageObject","inLanguage":"fr-FR","@id":"https:\/\/www.gruppoliturgico.com\/es\/#\/schema\/logo\/image\/","url":"https:\/\/www.gruppoliturgico.com\/wp-content\/uploads\/2022\/02\/logo-laboratoriogruppoliturgico.png","contentUrl":"https:\/\/www.gruppoliturgico.com\/wp-content\/uploads\/2022\/02\/logo-laboratoriogruppoliturgico.png","width":400,"height":114,"caption":"Laboratorio Gruppo Liturgico"},"image":{"@id":"https:\/\/www.gruppoliturgico.com\/es\/#\/schema\/logo\/image\/"}}]}},"_links":{"self":[{"href":"https:\/\/www.gruppoliturgico.com\/fr\/wp-json\/wp\/v2\/product\/70578"}],"collection":[{"href":"https:\/\/www.gruppoliturgico.com\/fr\/wp-json\/wp\/v2\/product"}],"about":[{"href":"https:\/\/www.gruppoliturgico.com\/fr\/wp-json\/wp\/v2\/types\/product"}],"wp:featuredmedia":[{"embeddable":true,"href":"https:\/\/www.gruppoliturgico.com\/fr\/wp-json\/wp\/v2\/media\/80898"}],"wp:attachment":[{"href":"https:\/\/www.gruppoliturgico.com\/fr\/wp-json\/wp\/v2\/media?parent=70578"}],"wp:term":[{"taxonomy":"product_cat","embeddable":true,"href":"https:\/\/www.gruppoliturgico.com\/fr\/wp-json\/wp\/v2\/product_cat?post=70578"},{"taxonomy":"product_tag","embeddable":true,"href":"https:\/\/www.gruppoliturgico.com\/fr\/wp-json\/wp\/v2\/product_tag?post=70578"}],"curies":[{"name":"wp","href":"https:\/\/api.w.org\/{rel}","templated":true}]}}