{"id":70306,"date":"2022-05-20T04:58:05","date_gmt":"2022-05-20T02:58:10","guid":{"rendered":"https:\/\/www.gruppoliturgico.com\/prodotto\/crucifix-6\/"},"modified":"2022-05-20T12:46:10","modified_gmt":"2022-05-20T10:46:10","slug":"crucifix-6","status":"publish","type":"product","link":"https:\/\/www.gruppoliturgico.com\/fr\/produit\/crucifix-6\/","title":{"rendered":"Crucifix"},"content":{"rendered":"<html><body><p>\u0153uvre grandiose de style baroque.<br>\nLa croix en bois laqu\u00e9 est orn\u00e9e de nombreuses frises en bois sculpt\u00e9es et dor\u00e9es \u00e0 la main.<br>\nCorps de J\u00e9sus crucifi\u00e9 en bois sculpt\u00e9 et d\u00e9cor\u00e9 \u00e0 la main de parties dor\u00e9es \u00e0 la feuille d\u2019or.<\/p>\n<p>Dimensions croix 165 x 145 cm<br>\nCorps de J\u00e9sus 70 cm<\/p>\n<\/body><\/html>","protected":false},"excerpt":{"rendered":"<p>\u0153uvre grandiose de style baroque.<br \/>\nLa croix en bois laqu\u00e9 est orn\u00e9e de nombreuses frises en bois sculpt\u00e9es et dor\u00e9es \u00e0 la main.<br \/>\nCorps de J\u00e9sus crucifi\u00e9 en bois sculpt\u00e9 et d\u00e9cor\u00e9 \u00e0 la main de parties dor\u00e9es \u00e0 la feuille d&rsquo;or.<\/p>\n<p>Dimensions croix 165 x 145 cm<br \/>\nCorps de J\u00e9sus 70 cm<\/p>\n","protected":false},"featured_media":134956,"template":"","meta":[],"product_cat":[11592],"product_tag":[],"yoast_head":"<!-- This site is optimized with the Yoast SEO plugin v20.4 - https:\/\/yoast.com\/wordpress\/plugins\/seo\/ -->\n<title>Crucifix - crucifix en bois sculpt\u00e9 et Laboratorio Gruppo Liturgico<\/title>\n<meta name=\"description\" content=\"\u0153uvre grandiose de style baroque. La croix en bois laqu\u00e9 est orn\u00e9e de nombreuses frises en bois sculpt\u00e9es et dor\u00e9es \u00e0 la main. Corps de J\u00e9sus crucifi\u00e9 en bois sculpt\u00e9 et d\u00e9cor\u00e9 \u00e0 la main de parties dor\u00e9es \u00e0 la feuille d&#039;or.  Dimensions croix 165 x 145 cm Corps de J\u00e9sus 70 cm\" \/>\n<meta name=\"robots\" content=\"index, follow, max-snippet:-1, max-image-preview:large, max-video-preview:-1\" \/>\n<link rel=\"canonical\" href=\"https:\/\/www.gruppoliturgico.com\/fr\/produit\/crucifix-6\/\" \/>\n<meta property=\"og:locale\" content=\"fr_FR\" \/>\n<meta property=\"og:type\" content=\"article\" \/>\n<meta property=\"og:title\" content=\"Crucifix - crucifix en bois sculpt\u00e9 et Laboratorio Gruppo Liturgico\" \/>\n<meta property=\"og:description\" content=\"\u0153uvre grandiose de style baroque. La croix en bois laqu\u00e9 est orn\u00e9e de nombreuses frises en bois sculpt\u00e9es et dor\u00e9es \u00e0 la main. Corps de J\u00e9sus crucifi\u00e9 en bois sculpt\u00e9 et d\u00e9cor\u00e9 \u00e0 la main de parties dor\u00e9es \u00e0 la feuille d&#039;or.  Dimensions croix 165 x 145 cm Corps de J\u00e9sus 70 cm\" \/>\n<meta property=\"og:url\" content=\"https:\/\/www.gruppoliturgico.com\/fr\/produit\/crucifix-6\/\" \/>\n<meta property=\"og:site_name\" content=\"Laboratorio Gruppo Liturgico\" \/>\n<meta property=\"article:modified_time\" content=\"2022-05-20T10:46:10+00:00\" \/>\n<meta property=\"og:image\" content=\"https:\/\/www.gruppoliturgico.com\/wp-content\/uploads\/2022\/05\/250.jpg\" \/>\n\t<meta property=\"og:image:width\" content=\"1343\" \/>\n\t<meta property=\"og:image:height\" content=\"1500\" \/>\n\t<meta property=\"og:image:type\" content=\"image\/jpeg\" \/>\n<meta name=\"twitter:card\" content=\"summary_large_image\" \/>\n<script type=\"application\/ld+json\" class=\"yoast-schema-graph\">{\"@context\":\"https:\/\/schema.org\",\"@graph\":[{\"@type\":\"WebPage\",\"@id\":\"https:\/\/www.gruppoliturgico.com\/fr\/produit\/crucifix-6\/\",\"url\":\"https:\/\/www.gruppoliturgico.com\/fr\/produit\/crucifix-6\/\",\"name\":\"Crucifix - crucifix en bois sculpt\u00e9 et Laboratorio Gruppo Liturgico\",\"isPartOf\":{\"@id\":\"https:\/\/www.gruppoliturgico.com\/es\/#website\"},\"datePublished\":\"2022-05-20T02:58:10+00:00\",\"dateModified\":\"2022-05-20T10:46:10+00:00\",\"description\":\"\u0153uvre grandiose de style baroque. La croix en bois laqu\u00e9 est orn\u00e9e de nombreuses frises en bois sculpt\u00e9es et dor\u00e9es \u00e0 la main. Corps de J\u00e9sus crucifi\u00e9 en bois sculpt\u00e9 et d\u00e9cor\u00e9 \u00e0 la main de parties dor\u00e9es \u00e0 la feuille d'or. Dimensions croix 165 x 145 cm Corps de J\u00e9sus 70 cm\",\"breadcrumb\":{\"@id\":\"https:\/\/www.gruppoliturgico.com\/fr\/produit\/crucifix-6\/#breadcrumb\"},\"inLanguage\":\"fr-FR\",\"potentialAction\":[{\"@type\":\"ReadAction\",\"target\":[\"https:\/\/www.gruppoliturgico.com\/fr\/produit\/crucifix-6\/\"]}]},{\"@type\":\"BreadcrumbList\",\"@id\":\"https:\/\/www.gruppoliturgico.com\/fr\/produit\/crucifix-6\/#breadcrumb\",\"itemListElement\":[{\"@type\":\"ListItem\",\"position\":1,\"name\":\"Home\",\"item\":\"https:\/\/www.gruppoliturgico.com\/fr\/\"},{\"@type\":\"ListItem\",\"position\":2,\"name\":\"Boutique\",\"item\":\"https:\/\/www.gruppoliturgico.com\/fr\/boutique\/\"},{\"@type\":\"ListItem\",\"position\":3,\"name\":\"Crucifix\"}]},{\"@type\":\"WebSite\",\"@id\":\"https:\/\/www.gruppoliturgico.com\/es\/#website\",\"url\":\"https:\/\/www.gruppoliturgico.com\/es\/\",\"name\":\"Laboratorio Gruppo Liturgico\",\"description\":\"Articoli Religiosi online\",\"publisher\":{\"@id\":\"https:\/\/www.gruppoliturgico.com\/es\/#organization\"},\"potentialAction\":[{\"@type\":\"SearchAction\",\"target\":{\"@type\":\"EntryPoint\",\"urlTemplate\":\"https:\/\/www.gruppoliturgico.com\/es\/?s={search_term_string}\"},\"query-input\":\"required name=search_term_string\"}],\"inLanguage\":\"fr-FR\"},{\"@type\":\"Organization\",\"@id\":\"https:\/\/www.gruppoliturgico.com\/es\/#organization\",\"name\":\"Laboratorio Gruppo Liturgico\",\"url\":\"https:\/\/www.gruppoliturgico.com\/es\/\",\"logo\":{\"@type\":\"ImageObject\",\"inLanguage\":\"fr-FR\",\"@id\":\"https:\/\/www.gruppoliturgico.com\/es\/#\/schema\/logo\/image\/\",\"url\":\"https:\/\/www.gruppoliturgico.com\/wp-content\/uploads\/2022\/02\/logo-laboratoriogruppoliturgico.png\",\"contentUrl\":\"https:\/\/www.gruppoliturgico.com\/wp-content\/uploads\/2022\/02\/logo-laboratoriogruppoliturgico.png\",\"width\":400,\"height\":114,\"caption\":\"Laboratorio Gruppo Liturgico\"},\"image\":{\"@id\":\"https:\/\/www.gruppoliturgico.com\/es\/#\/schema\/logo\/image\/\"}}]}<\/script>\n<!-- \/ Yoast SEO plugin. -->","yoast_head_json":{"title":"Crucifix - crucifix en bois sculpt\u00e9 et Laboratorio Gruppo Liturgico","description":"\u0153uvre grandiose de style baroque. La croix en bois laqu\u00e9 est orn\u00e9e de nombreuses frises en bois sculpt\u00e9es et dor\u00e9es \u00e0 la main. Corps de J\u00e9sus crucifi\u00e9 en bois sculpt\u00e9 et d\u00e9cor\u00e9 \u00e0 la main de parties dor\u00e9es \u00e0 la feuille d'or.  Dimensions croix 165 x 145 cm Corps de J\u00e9sus 70 cm","robots":{"index":"index","follow":"follow","max-snippet":"max-snippet:-1","max-image-preview":"max-image-preview:large","max-video-preview":"max-video-preview:-1"},"canonical":"https:\/\/www.gruppoliturgico.com\/fr\/produit\/crucifix-6\/","og_locale":"fr_FR","og_type":"article","og_title":"Crucifix - crucifix en bois sculpt\u00e9 et Laboratorio Gruppo Liturgico","og_description":"\u0153uvre grandiose de style baroque. La croix en bois laqu\u00e9 est orn\u00e9e de nombreuses frises en bois sculpt\u00e9es et dor\u00e9es \u00e0 la main. Corps de J\u00e9sus crucifi\u00e9 en bois sculpt\u00e9 et d\u00e9cor\u00e9 \u00e0 la main de parties dor\u00e9es \u00e0 la feuille d'or.  Dimensions croix 165 x 145 cm Corps de J\u00e9sus 70 cm","og_url":"https:\/\/www.gruppoliturgico.com\/fr\/produit\/crucifix-6\/","og_site_name":"Laboratorio Gruppo Liturgico","article_modified_time":"2022-05-20T10:46:10+00:00","og_image":[{"width":1343,"height":1500,"url":"https:\/\/www.gruppoliturgico.com\/wp-content\/uploads\/2022\/05\/250.jpg","type":"image\/jpeg"}],"twitter_card":"summary_large_image","schema":{"@context":"https:\/\/schema.org","@graph":[{"@type":"WebPage","@id":"https:\/\/www.gruppoliturgico.com\/fr\/produit\/crucifix-6\/","url":"https:\/\/www.gruppoliturgico.com\/fr\/produit\/crucifix-6\/","name":"Crucifix - crucifix en bois sculpt\u00e9 et Laboratorio Gruppo Liturgico","isPartOf":{"@id":"https:\/\/www.gruppoliturgico.com\/es\/#website"},"datePublished":"2022-05-20T02:58:10+00:00","dateModified":"2022-05-20T10:46:10+00:00","description":"\u0153uvre grandiose de style baroque. La croix en bois laqu\u00e9 est orn\u00e9e de nombreuses frises en bois sculpt\u00e9es et dor\u00e9es \u00e0 la main. Corps de J\u00e9sus crucifi\u00e9 en bois sculpt\u00e9 et d\u00e9cor\u00e9 \u00e0 la main de parties dor\u00e9es \u00e0 la feuille d'or. Dimensions croix 165 x 145 cm Corps de J\u00e9sus 70 cm","breadcrumb":{"@id":"https:\/\/www.gruppoliturgico.com\/fr\/produit\/crucifix-6\/#breadcrumb"},"inLanguage":"fr-FR","potentialAction":[{"@type":"ReadAction","target":["https:\/\/www.gruppoliturgico.com\/fr\/produit\/crucifix-6\/"]}]},{"@type":"BreadcrumbList","@id":"https:\/\/www.gruppoliturgico.com\/fr\/produit\/crucifix-6\/#breadcrumb","itemListElement":[{"@type":"ListItem","position":1,"name":"Home","item":"https:\/\/www.gruppoliturgico.com\/fr\/"},{"@type":"ListItem","position":2,"name":"Boutique","item":"https:\/\/www.gruppoliturgico.com\/fr\/boutique\/"},{"@type":"ListItem","position":3,"name":"Crucifix"}]},{"@type":"WebSite","@id":"https:\/\/www.gruppoliturgico.com\/es\/#website","url":"https:\/\/www.gruppoliturgico.com\/es\/","name":"Laboratorio Gruppo Liturgico","description":"Articoli Religiosi online","publisher":{"@id":"https:\/\/www.gruppoliturgico.com\/es\/#organization"},"potentialAction":[{"@type":"SearchAction","target":{"@type":"EntryPoint","urlTemplate":"https:\/\/www.gruppoliturgico.com\/es\/?s={search_term_string}"},"query-input":"required name=search_term_string"}],"inLanguage":"fr-FR"},{"@type":"Organization","@id":"https:\/\/www.gruppoliturgico.com\/es\/#organization","name":"Laboratorio Gruppo Liturgico","url":"https:\/\/www.gruppoliturgico.com\/es\/","logo":{"@type":"ImageObject","inLanguage":"fr-FR","@id":"https:\/\/www.gruppoliturgico.com\/es\/#\/schema\/logo\/image\/","url":"https:\/\/www.gruppoliturgico.com\/wp-content\/uploads\/2022\/02\/logo-laboratoriogruppoliturgico.png","contentUrl":"https:\/\/www.gruppoliturgico.com\/wp-content\/uploads\/2022\/02\/logo-laboratoriogruppoliturgico.png","width":400,"height":114,"caption":"Laboratorio Gruppo Liturgico"},"image":{"@id":"https:\/\/www.gruppoliturgico.com\/es\/#\/schema\/logo\/image\/"}}]}},"_links":{"self":[{"href":"https:\/\/www.gruppoliturgico.com\/fr\/wp-json\/wp\/v2\/product\/70306"}],"collection":[{"href":"https:\/\/www.gruppoliturgico.com\/fr\/wp-json\/wp\/v2\/product"}],"about":[{"href":"https:\/\/www.gruppoliturgico.com\/fr\/wp-json\/wp\/v2\/types\/product"}],"wp:featuredmedia":[{"embeddable":true,"href":"https:\/\/www.gruppoliturgico.com\/fr\/wp-json\/wp\/v2\/media\/134956"}],"wp:attachment":[{"href":"https:\/\/www.gruppoliturgico.com\/fr\/wp-json\/wp\/v2\/media?parent=70306"}],"wp:term":[{"taxonomy":"product_cat","embeddable":true,"href":"https:\/\/www.gruppoliturgico.com\/fr\/wp-json\/wp\/v2\/product_cat?post=70306"},{"taxonomy":"product_tag","embeddable":true,"href":"https:\/\/www.gruppoliturgico.com\/fr\/wp-json\/wp\/v2\/product_tag?post=70306"}],"curies":[{"name":"wp","href":"https:\/\/api.w.org\/{rel}","templated":true}]}}