{"id":70286,"date":"2022-05-20T04:57:10","date_gmt":"2022-05-20T02:57:15","guid":{"rendered":"https:\/\/www.gruppoliturgico.com\/prodotto\/ciboire-58\/"},"modified":"2022-05-20T12:45:17","modified_gmt":"2022-05-20T10:45:17","slug":"ciboire-58","status":"publish","type":"product","link":"https:\/\/www.gruppoliturgico.com\/fr\/produit\/ciboire-58\/","title":{"rendered":"Ciboire"},"content":{"rendered":"<html><body><p>Travaux artisanaux ex\u00e9cut\u00e9s \u00e0 la main enti\u00e8rement en laiton dor\u00e9 \u00e0 l\u2019or fin.<br>\nSur le ciboire sont entrelac\u00e9s de minces fils dor\u00e9s avec travail \u00e0 entrelacement.<br>\nLe r\u00e9sultat de ce travail est un \u00e9l\u00e9gant effet de structure ajour\u00e9e.<br>\nLa d\u00e9coration est compl\u00e9t\u00e9e par de nombreuses petites perles blanches et color\u00e9es.<\/p>\n<p>Hauteur cm 9,5<br>\ndiam\u00e8tre coupe cm 16<\/p>\n<\/body><\/html>","protected":false},"excerpt":{"rendered":"<p>Travaux artisanaux ex\u00e9cut\u00e9s \u00e0 la main enti\u00e8rement en laiton dor\u00e9 \u00e0 l\u2019or fin.<br \/>\nSur le ciboire sont entrelac\u00e9s de minces fils dor\u00e9s avec travail \u00e0 entrelacement.<br \/>\nLe r\u00e9sultat de ce travail est un \u00e9l\u00e9gant effet de structure ajour\u00e9e.<br \/>\nLa d\u00e9coration est compl\u00e9t\u00e9e par de nombreuses petites perles blanches et color\u00e9es.<\/p>\n<p>Hauteur cm 9,5<br \/>\ndiam\u00e8tre coupe cm 16<\/p>\n","protected":false},"featured_media":130983,"template":"","meta":[],"product_cat":[12032],"product_tag":[],"yoast_head":"<!-- This site is optimized with the Yoast SEO plugin v20.4 - https:\/\/yoast.com\/wordpress\/plugins\/seo\/ -->\n<title>Ciboire - collection ciboires et Laboratorio Gruppo Liturgico<\/title>\n<meta name=\"description\" content=\"Travaux artisanaux ex\u00e9cut\u00e9s \u00e0 la main enti\u00e8rement en laiton dor\u00e9 \u00e0 l\u2019or fin.  Sur le ciboire sont entrelac\u00e9s de minces fils dor\u00e9s avec travail \u00e0 entrelacement.  Le r\u00e9sultat de ce travail est un \u00e9l\u00e9gant effet de structure ajour\u00e9e.  La d\u00e9coration est compl\u00e9t\u00e9e par de nombreuses petites perles blanches et color\u00e9es.  Hauteur cm 9,5 diam\u00e8tre coupe cm 16\" \/>\n<meta name=\"robots\" content=\"index, follow, max-snippet:-1, max-image-preview:large, max-video-preview:-1\" \/>\n<link rel=\"canonical\" href=\"https:\/\/www.gruppoliturgico.com\/fr\/produit\/ciboire-58\/\" \/>\n<meta property=\"og:locale\" content=\"fr_FR\" \/>\n<meta property=\"og:type\" content=\"article\" \/>\n<meta property=\"og:title\" content=\"Ciboire - collection ciboires et Laboratorio Gruppo Liturgico\" \/>\n<meta property=\"og:description\" content=\"Travaux artisanaux ex\u00e9cut\u00e9s \u00e0 la main enti\u00e8rement en laiton dor\u00e9 \u00e0 l\u2019or fin.  Sur le ciboire sont entrelac\u00e9s de minces fils dor\u00e9s avec travail \u00e0 entrelacement.  Le r\u00e9sultat de ce travail est un \u00e9l\u00e9gant effet de structure ajour\u00e9e.  La d\u00e9coration est compl\u00e9t\u00e9e par de nombreuses petites perles blanches et color\u00e9es.  Hauteur cm 9,5 diam\u00e8tre coupe cm 16\" \/>\n<meta property=\"og:url\" content=\"https:\/\/www.gruppoliturgico.com\/fr\/produit\/ciboire-58\/\" \/>\n<meta property=\"og:site_name\" content=\"Laboratorio Gruppo Liturgico\" \/>\n<meta property=\"article:modified_time\" content=\"2022-05-20T10:45:17+00:00\" \/>\n<meta property=\"og:image\" content=\"https:\/\/www.gruppoliturgico.com\/wp-content\/uploads\/2022\/05\/3272204_1.jpg\" \/>\n\t<meta property=\"og:image:width\" content=\"1500\" \/>\n\t<meta property=\"og:image:height\" content=\"976\" \/>\n\t<meta property=\"og:image:type\" content=\"image\/jpeg\" \/>\n<meta name=\"twitter:card\" content=\"summary_large_image\" \/>\n<script type=\"application\/ld+json\" class=\"yoast-schema-graph\">{\"@context\":\"https:\/\/schema.org\",\"@graph\":[{\"@type\":\"WebPage\",\"@id\":\"https:\/\/www.gruppoliturgico.com\/fr\/produit\/ciboire-58\/\",\"url\":\"https:\/\/www.gruppoliturgico.com\/fr\/produit\/ciboire-58\/\",\"name\":\"Ciboire - collection ciboires et Laboratorio Gruppo Liturgico\",\"isPartOf\":{\"@id\":\"https:\/\/www.gruppoliturgico.com\/es\/#website\"},\"datePublished\":\"2022-05-20T02:57:15+00:00\",\"dateModified\":\"2022-05-20T10:45:17+00:00\",\"description\":\"Travaux artisanaux ex\u00e9cut\u00e9s \u00e0 la main enti\u00e8rement en laiton dor\u00e9 \u00e0 l\u2019or fin. Sur le ciboire sont entrelac\u00e9s de minces fils dor\u00e9s avec travail \u00e0 entrelacement. Le r\u00e9sultat de ce travail est un \u00e9l\u00e9gant effet de structure ajour\u00e9e. La d\u00e9coration est compl\u00e9t\u00e9e par de nombreuses petites perles blanches et color\u00e9es. Hauteur cm 9,5 diam\u00e8tre coupe cm 16\",\"breadcrumb\":{\"@id\":\"https:\/\/www.gruppoliturgico.com\/fr\/produit\/ciboire-58\/#breadcrumb\"},\"inLanguage\":\"fr-FR\",\"potentialAction\":[{\"@type\":\"ReadAction\",\"target\":[\"https:\/\/www.gruppoliturgico.com\/fr\/produit\/ciboire-58\/\"]}]},{\"@type\":\"BreadcrumbList\",\"@id\":\"https:\/\/www.gruppoliturgico.com\/fr\/produit\/ciboire-58\/#breadcrumb\",\"itemListElement\":[{\"@type\":\"ListItem\",\"position\":1,\"name\":\"Home\",\"item\":\"https:\/\/www.gruppoliturgico.com\/fr\/\"},{\"@type\":\"ListItem\",\"position\":2,\"name\":\"Boutique\",\"item\":\"https:\/\/www.gruppoliturgico.com\/fr\/boutique\/\"},{\"@type\":\"ListItem\",\"position\":3,\"name\":\"Ciboire\"}]},{\"@type\":\"WebSite\",\"@id\":\"https:\/\/www.gruppoliturgico.com\/es\/#website\",\"url\":\"https:\/\/www.gruppoliturgico.com\/es\/\",\"name\":\"Laboratorio Gruppo Liturgico\",\"description\":\"Articoli Religiosi online\",\"publisher\":{\"@id\":\"https:\/\/www.gruppoliturgico.com\/es\/#organization\"},\"potentialAction\":[{\"@type\":\"SearchAction\",\"target\":{\"@type\":\"EntryPoint\",\"urlTemplate\":\"https:\/\/www.gruppoliturgico.com\/es\/?s={search_term_string}\"},\"query-input\":\"required name=search_term_string\"}],\"inLanguage\":\"fr-FR\"},{\"@type\":\"Organization\",\"@id\":\"https:\/\/www.gruppoliturgico.com\/es\/#organization\",\"name\":\"Laboratorio Gruppo Liturgico\",\"url\":\"https:\/\/www.gruppoliturgico.com\/es\/\",\"logo\":{\"@type\":\"ImageObject\",\"inLanguage\":\"fr-FR\",\"@id\":\"https:\/\/www.gruppoliturgico.com\/es\/#\/schema\/logo\/image\/\",\"url\":\"https:\/\/www.gruppoliturgico.com\/wp-content\/uploads\/2022\/02\/logo-laboratoriogruppoliturgico.png\",\"contentUrl\":\"https:\/\/www.gruppoliturgico.com\/wp-content\/uploads\/2022\/02\/logo-laboratoriogruppoliturgico.png\",\"width\":400,\"height\":114,\"caption\":\"Laboratorio Gruppo Liturgico\"},\"image\":{\"@id\":\"https:\/\/www.gruppoliturgico.com\/es\/#\/schema\/logo\/image\/\"}}]}<\/script>\n<!-- \/ Yoast SEO plugin. -->","yoast_head_json":{"title":"Ciboire - collection ciboires et Laboratorio Gruppo Liturgico","description":"Travaux artisanaux ex\u00e9cut\u00e9s \u00e0 la main enti\u00e8rement en laiton dor\u00e9 \u00e0 l\u2019or fin.  Sur le ciboire sont entrelac\u00e9s de minces fils dor\u00e9s avec travail \u00e0 entrelacement.  Le r\u00e9sultat de ce travail est un \u00e9l\u00e9gant effet de structure ajour\u00e9e.  La d\u00e9coration est compl\u00e9t\u00e9e par de nombreuses petites perles blanches et color\u00e9es.  Hauteur cm 9,5 diam\u00e8tre coupe cm 16","robots":{"index":"index","follow":"follow","max-snippet":"max-snippet:-1","max-image-preview":"max-image-preview:large","max-video-preview":"max-video-preview:-1"},"canonical":"https:\/\/www.gruppoliturgico.com\/fr\/produit\/ciboire-58\/","og_locale":"fr_FR","og_type":"article","og_title":"Ciboire - collection ciboires et Laboratorio Gruppo Liturgico","og_description":"Travaux artisanaux ex\u00e9cut\u00e9s \u00e0 la main enti\u00e8rement en laiton dor\u00e9 \u00e0 l\u2019or fin.  Sur le ciboire sont entrelac\u00e9s de minces fils dor\u00e9s avec travail \u00e0 entrelacement.  Le r\u00e9sultat de ce travail est un \u00e9l\u00e9gant effet de structure ajour\u00e9e.  La d\u00e9coration est compl\u00e9t\u00e9e par de nombreuses petites perles blanches et color\u00e9es.  Hauteur cm 9,5 diam\u00e8tre coupe cm 16","og_url":"https:\/\/www.gruppoliturgico.com\/fr\/produit\/ciboire-58\/","og_site_name":"Laboratorio Gruppo Liturgico","article_modified_time":"2022-05-20T10:45:17+00:00","og_image":[{"width":1500,"height":976,"url":"https:\/\/www.gruppoliturgico.com\/wp-content\/uploads\/2022\/05\/3272204_1.jpg","type":"image\/jpeg"}],"twitter_card":"summary_large_image","schema":{"@context":"https:\/\/schema.org","@graph":[{"@type":"WebPage","@id":"https:\/\/www.gruppoliturgico.com\/fr\/produit\/ciboire-58\/","url":"https:\/\/www.gruppoliturgico.com\/fr\/produit\/ciboire-58\/","name":"Ciboire - collection ciboires et Laboratorio Gruppo Liturgico","isPartOf":{"@id":"https:\/\/www.gruppoliturgico.com\/es\/#website"},"datePublished":"2022-05-20T02:57:15+00:00","dateModified":"2022-05-20T10:45:17+00:00","description":"Travaux artisanaux ex\u00e9cut\u00e9s \u00e0 la main enti\u00e8rement en laiton dor\u00e9 \u00e0 l\u2019or fin. Sur le ciboire sont entrelac\u00e9s de minces fils dor\u00e9s avec travail \u00e0 entrelacement. Le r\u00e9sultat de ce travail est un \u00e9l\u00e9gant effet de structure ajour\u00e9e. La d\u00e9coration est compl\u00e9t\u00e9e par de nombreuses petites perles blanches et color\u00e9es. Hauteur cm 9,5 diam\u00e8tre coupe cm 16","breadcrumb":{"@id":"https:\/\/www.gruppoliturgico.com\/fr\/produit\/ciboire-58\/#breadcrumb"},"inLanguage":"fr-FR","potentialAction":[{"@type":"ReadAction","target":["https:\/\/www.gruppoliturgico.com\/fr\/produit\/ciboire-58\/"]}]},{"@type":"BreadcrumbList","@id":"https:\/\/www.gruppoliturgico.com\/fr\/produit\/ciboire-58\/#breadcrumb","itemListElement":[{"@type":"ListItem","position":1,"name":"Home","item":"https:\/\/www.gruppoliturgico.com\/fr\/"},{"@type":"ListItem","position":2,"name":"Boutique","item":"https:\/\/www.gruppoliturgico.com\/fr\/boutique\/"},{"@type":"ListItem","position":3,"name":"Ciboire"}]},{"@type":"WebSite","@id":"https:\/\/www.gruppoliturgico.com\/es\/#website","url":"https:\/\/www.gruppoliturgico.com\/es\/","name":"Laboratorio Gruppo Liturgico","description":"Articoli Religiosi online","publisher":{"@id":"https:\/\/www.gruppoliturgico.com\/es\/#organization"},"potentialAction":[{"@type":"SearchAction","target":{"@type":"EntryPoint","urlTemplate":"https:\/\/www.gruppoliturgico.com\/es\/?s={search_term_string}"},"query-input":"required name=search_term_string"}],"inLanguage":"fr-FR"},{"@type":"Organization","@id":"https:\/\/www.gruppoliturgico.com\/es\/#organization","name":"Laboratorio Gruppo Liturgico","url":"https:\/\/www.gruppoliturgico.com\/es\/","logo":{"@type":"ImageObject","inLanguage":"fr-FR","@id":"https:\/\/www.gruppoliturgico.com\/es\/#\/schema\/logo\/image\/","url":"https:\/\/www.gruppoliturgico.com\/wp-content\/uploads\/2022\/02\/logo-laboratoriogruppoliturgico.png","contentUrl":"https:\/\/www.gruppoliturgico.com\/wp-content\/uploads\/2022\/02\/logo-laboratoriogruppoliturgico.png","width":400,"height":114,"caption":"Laboratorio Gruppo Liturgico"},"image":{"@id":"https:\/\/www.gruppoliturgico.com\/es\/#\/schema\/logo\/image\/"}}]}},"_links":{"self":[{"href":"https:\/\/www.gruppoliturgico.com\/fr\/wp-json\/wp\/v2\/product\/70286"}],"collection":[{"href":"https:\/\/www.gruppoliturgico.com\/fr\/wp-json\/wp\/v2\/product"}],"about":[{"href":"https:\/\/www.gruppoliturgico.com\/fr\/wp-json\/wp\/v2\/types\/product"}],"wp:featuredmedia":[{"embeddable":true,"href":"https:\/\/www.gruppoliturgico.com\/fr\/wp-json\/wp\/v2\/media\/130983"}],"wp:attachment":[{"href":"https:\/\/www.gruppoliturgico.com\/fr\/wp-json\/wp\/v2\/media?parent=70286"}],"wp:term":[{"taxonomy":"product_cat","embeddable":true,"href":"https:\/\/www.gruppoliturgico.com\/fr\/wp-json\/wp\/v2\/product_cat?post=70286"},{"taxonomy":"product_tag","embeddable":true,"href":"https:\/\/www.gruppoliturgico.com\/fr\/wp-json\/wp\/v2\/product_tag?post=70286"}],"curies":[{"name":"wp","href":"https:\/\/api.w.org\/{rel}","templated":true}]}}