{"id":70190,"date":"2022-05-20T04:52:00","date_gmt":"2022-05-20T02:52:44","guid":{"rendered":"https:\/\/www.gruppoliturgico.com\/prodotto\/chasuble-128\/"},"modified":"2022-06-02T13:47:04","modified_gmt":"2022-06-02T11:47:04","slug":"chasuble-128","status":"publish","type":"product","link":"https:\/\/www.gruppoliturgico.com\/fr\/produit\/chasuble-128\/","title":{"rendered":"Chasuble"},"content":{"rendered":"<html><body><p>chasuble prestigieuse en tissu m\u00e9lange de laine de haute qualit\u00e9, tr\u00e8s souple et l\u00e9g\u00e8re.<br>\nLa partie avant qui accueille une broderie importante du symbole IHS et la croix sur la partie arri\u00e8re compl\u00e8tent l\u2019ensemble de broderies d\u2019\u00e9pis de bl\u00e9 et de feuilles de vigne pr\u00e9sentes sur les deux c\u00f4t\u00e9s.<br>\nDisponible dans les 4 coloris liturgiques.<\/p>\n<\/body><\/html>","protected":false},"excerpt":{"rendered":"<p>chasuble prestigieuse en tissu m\u00e9lange de laine de haute qualit\u00e9, tr\u00e8s souple et l\u00e9g\u00e8re.<br \/>\nLa partie avant qui accueille une broderie importante du symbole IHS et la croix sur la partie arri\u00e8re compl\u00e8tent l\u2019ensemble de broderies d\u2019\u00e9pis de bl\u00e9 et de feuilles de vigne pr\u00e9sentes sur les deux c\u00f4t\u00e9s.<br \/>\nDisponible dans les 4 coloris liturgiques.<\/p>\n","protected":false},"featured_media":129342,"template":"","meta":[],"product_cat":[12256],"product_tag":[],"yoast_head":"<!-- This site is optimized with the Yoast SEO plugin v20.4 - https:\/\/yoast.com\/wordpress\/plugins\/seo\/ -->\n<title>Chasuble - broderie au m\u00e9tier et Laboratorio Gruppo Liturgico<\/title>\n<meta name=\"description\" content=\"chasuble prestigieuse en tissu m\u00e9lange de laine de haute qualit\u00e9, tr\u00e8s souple et l\u00e9g\u00e8re.  La partie avant qui accueille une broderie importante du symbole IHS et la croix sur la partie arri\u00e8re compl\u00e8tent l\u2019ensemble de broderies d\u2019\u00e9pis de bl\u00e9 et de feuilles de vigne pr\u00e9sentes sur les deux c\u00f4t\u00e9s. Disponible dans les 4 coloris liturgiques.\" \/>\n<meta name=\"robots\" content=\"index, follow, max-snippet:-1, max-image-preview:large, max-video-preview:-1\" \/>\n<link rel=\"canonical\" href=\"https:\/\/www.gruppoliturgico.com\/fr\/produit\/chasuble-128\/\" \/>\n<meta property=\"og:locale\" content=\"fr_FR\" \/>\n<meta property=\"og:type\" content=\"article\" \/>\n<meta property=\"og:title\" content=\"Chasuble - broderie au m\u00e9tier et Laboratorio Gruppo Liturgico\" \/>\n<meta property=\"og:description\" content=\"chasuble prestigieuse en tissu m\u00e9lange de laine de haute qualit\u00e9, tr\u00e8s souple et l\u00e9g\u00e8re.  La partie avant qui accueille une broderie importante du symbole IHS et la croix sur la partie arri\u00e8re compl\u00e8tent l\u2019ensemble de broderies d\u2019\u00e9pis de bl\u00e9 et de feuilles de vigne pr\u00e9sentes sur les deux c\u00f4t\u00e9s. Disponible dans les 4 coloris liturgiques.\" \/>\n<meta property=\"og:url\" content=\"https:\/\/www.gruppoliturgico.com\/fr\/produit\/chasuble-128\/\" \/>\n<meta property=\"og:site_name\" content=\"Laboratorio Gruppo Liturgico\" \/>\n<meta property=\"article:modified_time\" content=\"2022-06-02T11:47:04+00:00\" \/>\n<meta property=\"og:image\" content=\"https:\/\/www.gruppoliturgico.com\/wp-content\/uploads\/2022\/05\/3259-bianca_inPixio.jpg\" \/>\n\t<meta property=\"og:image:width\" content=\"1360\" \/>\n\t<meta property=\"og:image:height\" content=\"2000\" \/>\n\t<meta property=\"og:image:type\" content=\"image\/jpeg\" \/>\n<meta name=\"twitter:card\" content=\"summary_large_image\" \/>\n<script type=\"application\/ld+json\" class=\"yoast-schema-graph\">{\"@context\":\"https:\/\/schema.org\",\"@graph\":[{\"@type\":\"WebPage\",\"@id\":\"https:\/\/www.gruppoliturgico.com\/fr\/produit\/chasuble-128\/\",\"url\":\"https:\/\/www.gruppoliturgico.com\/fr\/produit\/chasuble-128\/\",\"name\":\"Chasuble - broderie au m\u00e9tier et Laboratorio Gruppo Liturgico\",\"isPartOf\":{\"@id\":\"https:\/\/www.gruppoliturgico.com\/es\/#website\"},\"datePublished\":\"2022-05-20T02:52:44+00:00\",\"dateModified\":\"2022-06-02T11:47:04+00:00\",\"description\":\"chasuble prestigieuse en tissu m\u00e9lange de laine de haute qualit\u00e9, tr\u00e8s souple et l\u00e9g\u00e8re. La partie avant qui accueille une broderie importante du symbole IHS et la croix sur la partie arri\u00e8re compl\u00e8tent l\u2019ensemble de broderies d\u2019\u00e9pis de bl\u00e9 et de feuilles de vigne pr\u00e9sentes sur les deux c\u00f4t\u00e9s. Disponible dans les 4 coloris liturgiques.\",\"breadcrumb\":{\"@id\":\"https:\/\/www.gruppoliturgico.com\/fr\/produit\/chasuble-128\/#breadcrumb\"},\"inLanguage\":\"fr-FR\",\"potentialAction\":[{\"@type\":\"ReadAction\",\"target\":[\"https:\/\/www.gruppoliturgico.com\/fr\/produit\/chasuble-128\/\"]}]},{\"@type\":\"BreadcrumbList\",\"@id\":\"https:\/\/www.gruppoliturgico.com\/fr\/produit\/chasuble-128\/#breadcrumb\",\"itemListElement\":[{\"@type\":\"ListItem\",\"position\":1,\"name\":\"Home\",\"item\":\"https:\/\/www.gruppoliturgico.com\/fr\/\"},{\"@type\":\"ListItem\",\"position\":2,\"name\":\"Boutique\",\"item\":\"https:\/\/www.gruppoliturgico.com\/fr\/boutique\/\"},{\"@type\":\"ListItem\",\"position\":3,\"name\":\"Chasuble\"}]},{\"@type\":\"WebSite\",\"@id\":\"https:\/\/www.gruppoliturgico.com\/es\/#website\",\"url\":\"https:\/\/www.gruppoliturgico.com\/es\/\",\"name\":\"Laboratorio Gruppo Liturgico\",\"description\":\"Articoli Religiosi online\",\"publisher\":{\"@id\":\"https:\/\/www.gruppoliturgico.com\/es\/#organization\"},\"potentialAction\":[{\"@type\":\"SearchAction\",\"target\":{\"@type\":\"EntryPoint\",\"urlTemplate\":\"https:\/\/www.gruppoliturgico.com\/es\/?s={search_term_string}\"},\"query-input\":\"required name=search_term_string\"}],\"inLanguage\":\"fr-FR\"},{\"@type\":\"Organization\",\"@id\":\"https:\/\/www.gruppoliturgico.com\/es\/#organization\",\"name\":\"Laboratorio Gruppo Liturgico\",\"url\":\"https:\/\/www.gruppoliturgico.com\/es\/\",\"logo\":{\"@type\":\"ImageObject\",\"inLanguage\":\"fr-FR\",\"@id\":\"https:\/\/www.gruppoliturgico.com\/es\/#\/schema\/logo\/image\/\",\"url\":\"https:\/\/www.gruppoliturgico.com\/wp-content\/uploads\/2022\/02\/logo-laboratoriogruppoliturgico.png\",\"contentUrl\":\"https:\/\/www.gruppoliturgico.com\/wp-content\/uploads\/2022\/02\/logo-laboratoriogruppoliturgico.png\",\"width\":400,\"height\":114,\"caption\":\"Laboratorio Gruppo Liturgico\"},\"image\":{\"@id\":\"https:\/\/www.gruppoliturgico.com\/es\/#\/schema\/logo\/image\/\"}}]}<\/script>\n<!-- \/ Yoast SEO plugin. -->","yoast_head_json":{"title":"Chasuble - broderie au m\u00e9tier et Laboratorio Gruppo Liturgico","description":"chasuble prestigieuse en tissu m\u00e9lange de laine de haute qualit\u00e9, tr\u00e8s souple et l\u00e9g\u00e8re.  La partie avant qui accueille une broderie importante du symbole IHS et la croix sur la partie arri\u00e8re compl\u00e8tent l\u2019ensemble de broderies d\u2019\u00e9pis de bl\u00e9 et de feuilles de vigne pr\u00e9sentes sur les deux c\u00f4t\u00e9s. Disponible dans les 4 coloris liturgiques.","robots":{"index":"index","follow":"follow","max-snippet":"max-snippet:-1","max-image-preview":"max-image-preview:large","max-video-preview":"max-video-preview:-1"},"canonical":"https:\/\/www.gruppoliturgico.com\/fr\/produit\/chasuble-128\/","og_locale":"fr_FR","og_type":"article","og_title":"Chasuble - broderie au m\u00e9tier et Laboratorio Gruppo Liturgico","og_description":"chasuble prestigieuse en tissu m\u00e9lange de laine de haute qualit\u00e9, tr\u00e8s souple et l\u00e9g\u00e8re.  La partie avant qui accueille une broderie importante du symbole IHS et la croix sur la partie arri\u00e8re compl\u00e8tent l\u2019ensemble de broderies d\u2019\u00e9pis de bl\u00e9 et de feuilles de vigne pr\u00e9sentes sur les deux c\u00f4t\u00e9s. Disponible dans les 4 coloris liturgiques.","og_url":"https:\/\/www.gruppoliturgico.com\/fr\/produit\/chasuble-128\/","og_site_name":"Laboratorio Gruppo Liturgico","article_modified_time":"2022-06-02T11:47:04+00:00","og_image":[{"width":1360,"height":2000,"url":"https:\/\/www.gruppoliturgico.com\/wp-content\/uploads\/2022\/05\/3259-bianca_inPixio.jpg","type":"image\/jpeg"}],"twitter_card":"summary_large_image","schema":{"@context":"https:\/\/schema.org","@graph":[{"@type":"WebPage","@id":"https:\/\/www.gruppoliturgico.com\/fr\/produit\/chasuble-128\/","url":"https:\/\/www.gruppoliturgico.com\/fr\/produit\/chasuble-128\/","name":"Chasuble - broderie au m\u00e9tier et Laboratorio Gruppo Liturgico","isPartOf":{"@id":"https:\/\/www.gruppoliturgico.com\/es\/#website"},"datePublished":"2022-05-20T02:52:44+00:00","dateModified":"2022-06-02T11:47:04+00:00","description":"chasuble prestigieuse en tissu m\u00e9lange de laine de haute qualit\u00e9, tr\u00e8s souple et l\u00e9g\u00e8re. La partie avant qui accueille une broderie importante du symbole IHS et la croix sur la partie arri\u00e8re compl\u00e8tent l\u2019ensemble de broderies d\u2019\u00e9pis de bl\u00e9 et de feuilles de vigne pr\u00e9sentes sur les deux c\u00f4t\u00e9s. Disponible dans les 4 coloris liturgiques.","breadcrumb":{"@id":"https:\/\/www.gruppoliturgico.com\/fr\/produit\/chasuble-128\/#breadcrumb"},"inLanguage":"fr-FR","potentialAction":[{"@type":"ReadAction","target":["https:\/\/www.gruppoliturgico.com\/fr\/produit\/chasuble-128\/"]}]},{"@type":"BreadcrumbList","@id":"https:\/\/www.gruppoliturgico.com\/fr\/produit\/chasuble-128\/#breadcrumb","itemListElement":[{"@type":"ListItem","position":1,"name":"Home","item":"https:\/\/www.gruppoliturgico.com\/fr\/"},{"@type":"ListItem","position":2,"name":"Boutique","item":"https:\/\/www.gruppoliturgico.com\/fr\/boutique\/"},{"@type":"ListItem","position":3,"name":"Chasuble"}]},{"@type":"WebSite","@id":"https:\/\/www.gruppoliturgico.com\/es\/#website","url":"https:\/\/www.gruppoliturgico.com\/es\/","name":"Laboratorio Gruppo Liturgico","description":"Articoli Religiosi online","publisher":{"@id":"https:\/\/www.gruppoliturgico.com\/es\/#organization"},"potentialAction":[{"@type":"SearchAction","target":{"@type":"EntryPoint","urlTemplate":"https:\/\/www.gruppoliturgico.com\/es\/?s={search_term_string}"},"query-input":"required name=search_term_string"}],"inLanguage":"fr-FR"},{"@type":"Organization","@id":"https:\/\/www.gruppoliturgico.com\/es\/#organization","name":"Laboratorio Gruppo Liturgico","url":"https:\/\/www.gruppoliturgico.com\/es\/","logo":{"@type":"ImageObject","inLanguage":"fr-FR","@id":"https:\/\/www.gruppoliturgico.com\/es\/#\/schema\/logo\/image\/","url":"https:\/\/www.gruppoliturgico.com\/wp-content\/uploads\/2022\/02\/logo-laboratoriogruppoliturgico.png","contentUrl":"https:\/\/www.gruppoliturgico.com\/wp-content\/uploads\/2022\/02\/logo-laboratoriogruppoliturgico.png","width":400,"height":114,"caption":"Laboratorio Gruppo Liturgico"},"image":{"@id":"https:\/\/www.gruppoliturgico.com\/es\/#\/schema\/logo\/image\/"}}]}},"_links":{"self":[{"href":"https:\/\/www.gruppoliturgico.com\/fr\/wp-json\/wp\/v2\/product\/70190"}],"collection":[{"href":"https:\/\/www.gruppoliturgico.com\/fr\/wp-json\/wp\/v2\/product"}],"about":[{"href":"https:\/\/www.gruppoliturgico.com\/fr\/wp-json\/wp\/v2\/types\/product"}],"wp:featuredmedia":[{"embeddable":true,"href":"https:\/\/www.gruppoliturgico.com\/fr\/wp-json\/wp\/v2\/media\/129342"}],"wp:attachment":[{"href":"https:\/\/www.gruppoliturgico.com\/fr\/wp-json\/wp\/v2\/media?parent=70190"}],"wp:term":[{"taxonomy":"product_cat","embeddable":true,"href":"https:\/\/www.gruppoliturgico.com\/fr\/wp-json\/wp\/v2\/product_cat?post=70190"},{"taxonomy":"product_tag","embeddable":true,"href":"https:\/\/www.gruppoliturgico.com\/fr\/wp-json\/wp\/v2\/product_tag?post=70190"}],"curies":[{"name":"wp","href":"https:\/\/api.w.org\/{rel}","templated":true}]}}