{"id":70150,"date":"2022-05-20T04:50:00","date_gmt":"2022-05-20T02:50:53","guid":{"rendered":"https:\/\/www.gruppoliturgico.com\/prodotto\/dalmatique-10\/"},"modified":"2022-09-19T11:43:45","modified_gmt":"2022-09-19T09:43:45","slug":"dalmatique-10","status":"publish","type":"product","link":"https:\/\/www.gruppoliturgico.com\/fr\/produit\/dalmatique-10\/","title":{"rendered":"Dalmatique"},"content":{"rendered":"<html><body><p>Dalmatique en tissu polyeste enti\u00e8rement brod\u00e9e avec des fils d\u2019or.<br>\nDes petites croix et des ornements se r\u00e9p\u00e8tent sur le devant et sur le dos.<br>\nCompl\u00e8te d\u2019\u00e9tole de diacre.<br>\nDisponible dans les quattre coloris Liturgiques, en rose et violet pour l\u2019Avent.<\/p>\n<\/body><\/html>","protected":false},"excerpt":{"rendered":"<p>Dalmatique en tissu polyeste enti\u00e8rement brod\u00e9e avec des fils d&rsquo;or.<br \/>\nDes petites croix et des ornements se r\u00e9p\u00e8tent sur le devant et sur le dos.<br \/>\nCompl\u00e8te d&rsquo;\u00e9tole de diacre.<br \/>\nDisponible dans les quattre coloris Liturgiques, en rose et violet pour l&rsquo;Avent.<\/p>\n","protected":false},"featured_media":130594,"template":"","meta":[],"product_cat":[12324],"product_tag":[],"yoast_head":"<!-- This site is optimized with the Yoast SEO plugin v20.4 - https:\/\/yoast.com\/wordpress\/plugins\/seo\/ -->\n<title>Dalmatique - dalmatiques et Laboratorio Gruppo Liturgico<\/title>\n<meta name=\"description\" content=\"Dalmatique en tissu polyeste enti\u00e8rement brod\u00e9e avec des fils d&#039;or. Des petites croix et des ornements se r\u00e9p\u00e8tent sur le devant et sur le dos. Compl\u00e8te d&#039;\u00e9tole de diacre. Disponible dans les quattre coloris Liturgiques, en rose et violet pour l&#039;Avent.\" \/>\n<meta name=\"robots\" content=\"index, follow, max-snippet:-1, max-image-preview:large, max-video-preview:-1\" \/>\n<link rel=\"canonical\" href=\"https:\/\/www.gruppoliturgico.com\/fr\/produit\/dalmatique-10\/\" \/>\n<meta property=\"og:locale\" content=\"fr_FR\" \/>\n<meta property=\"og:type\" content=\"article\" \/>\n<meta property=\"og:title\" content=\"Dalmatique - dalmatiques et Laboratorio Gruppo Liturgico\" \/>\n<meta property=\"og:description\" content=\"Dalmatique en tissu polyeste enti\u00e8rement brod\u00e9e avec des fils d&#039;or. Des petites croix et des ornements se r\u00e9p\u00e8tent sur le devant et sur le dos. Compl\u00e8te d&#039;\u00e9tole de diacre. Disponible dans les quattre coloris Liturgiques, en rose et violet pour l&#039;Avent.\" \/>\n<meta property=\"og:url\" content=\"https:\/\/www.gruppoliturgico.com\/fr\/produit\/dalmatique-10\/\" \/>\n<meta property=\"og:site_name\" content=\"Laboratorio Gruppo Liturgico\" \/>\n<meta property=\"article:modified_time\" content=\"2022-09-19T09:43:45+00:00\" \/>\n<meta property=\"og:image\" content=\"https:\/\/www.gruppoliturgico.com\/wp-content\/uploads\/2022\/09\/3188-bianca.jpg\" \/>\n\t<meta property=\"og:image:width\" content=\"878\" \/>\n\t<meta property=\"og:image:height\" content=\"1500\" \/>\n\t<meta property=\"og:image:type\" content=\"image\/jpeg\" \/>\n<meta name=\"twitter:card\" content=\"summary_large_image\" \/>\n<meta name=\"twitter:label1\" content=\"Dur\u00e9e de lecture estim\u00e9e\" \/>\n\t<meta name=\"twitter:data1\" content=\"1 minute\" \/>\n<script type=\"application\/ld+json\" class=\"yoast-schema-graph\">{\"@context\":\"https:\/\/schema.org\",\"@graph\":[{\"@type\":\"WebPage\",\"@id\":\"https:\/\/www.gruppoliturgico.com\/fr\/produit\/dalmatique-10\/\",\"url\":\"https:\/\/www.gruppoliturgico.com\/fr\/produit\/dalmatique-10\/\",\"name\":\"Dalmatique - dalmatiques et Laboratorio Gruppo Liturgico\",\"isPartOf\":{\"@id\":\"https:\/\/www.gruppoliturgico.com\/es\/#website\"},\"datePublished\":\"2022-05-20T02:50:53+00:00\",\"dateModified\":\"2022-09-19T09:43:45+00:00\",\"description\":\"Dalmatique en tissu polyeste enti\u00e8rement brod\u00e9e avec des fils d'or. Des petites croix et des ornements se r\u00e9p\u00e8tent sur le devant et sur le dos. Compl\u00e8te d'\u00e9tole de diacre. Disponible dans les quattre coloris Liturgiques, en rose et violet pour l'Avent.\",\"breadcrumb\":{\"@id\":\"https:\/\/www.gruppoliturgico.com\/fr\/produit\/dalmatique-10\/#breadcrumb\"},\"inLanguage\":\"fr-FR\",\"potentialAction\":[{\"@type\":\"ReadAction\",\"target\":[\"https:\/\/www.gruppoliturgico.com\/fr\/produit\/dalmatique-10\/\"]}]},{\"@type\":\"BreadcrumbList\",\"@id\":\"https:\/\/www.gruppoliturgico.com\/fr\/produit\/dalmatique-10\/#breadcrumb\",\"itemListElement\":[{\"@type\":\"ListItem\",\"position\":1,\"name\":\"Home\",\"item\":\"https:\/\/www.gruppoliturgico.com\/fr\/\"},{\"@type\":\"ListItem\",\"position\":2,\"name\":\"Boutique\",\"item\":\"https:\/\/www.gruppoliturgico.com\/fr\/boutique\/\"},{\"@type\":\"ListItem\",\"position\":3,\"name\":\"Dalmatique\"}]},{\"@type\":\"WebSite\",\"@id\":\"https:\/\/www.gruppoliturgico.com\/es\/#website\",\"url\":\"https:\/\/www.gruppoliturgico.com\/es\/\",\"name\":\"Laboratorio Gruppo Liturgico\",\"description\":\"Articoli Religiosi online\",\"publisher\":{\"@id\":\"https:\/\/www.gruppoliturgico.com\/es\/#organization\"},\"potentialAction\":[{\"@type\":\"SearchAction\",\"target\":{\"@type\":\"EntryPoint\",\"urlTemplate\":\"https:\/\/www.gruppoliturgico.com\/es\/?s={search_term_string}\"},\"query-input\":\"required name=search_term_string\"}],\"inLanguage\":\"fr-FR\"},{\"@type\":\"Organization\",\"@id\":\"https:\/\/www.gruppoliturgico.com\/es\/#organization\",\"name\":\"Laboratorio Gruppo Liturgico\",\"url\":\"https:\/\/www.gruppoliturgico.com\/es\/\",\"logo\":{\"@type\":\"ImageObject\",\"inLanguage\":\"fr-FR\",\"@id\":\"https:\/\/www.gruppoliturgico.com\/es\/#\/schema\/logo\/image\/\",\"url\":\"https:\/\/www.gruppoliturgico.com\/wp-content\/uploads\/2022\/02\/logo-laboratoriogruppoliturgico.png\",\"contentUrl\":\"https:\/\/www.gruppoliturgico.com\/wp-content\/uploads\/2022\/02\/logo-laboratoriogruppoliturgico.png\",\"width\":400,\"height\":114,\"caption\":\"Laboratorio Gruppo Liturgico\"},\"image\":{\"@id\":\"https:\/\/www.gruppoliturgico.com\/es\/#\/schema\/logo\/image\/\"}}]}<\/script>\n<!-- \/ Yoast SEO plugin. -->","yoast_head_json":{"title":"Dalmatique - dalmatiques et Laboratorio Gruppo Liturgico","description":"Dalmatique en tissu polyeste enti\u00e8rement brod\u00e9e avec des fils d'or. Des petites croix et des ornements se r\u00e9p\u00e8tent sur le devant et sur le dos. Compl\u00e8te d'\u00e9tole de diacre. Disponible dans les quattre coloris Liturgiques, en rose et violet pour l'Avent.","robots":{"index":"index","follow":"follow","max-snippet":"max-snippet:-1","max-image-preview":"max-image-preview:large","max-video-preview":"max-video-preview:-1"},"canonical":"https:\/\/www.gruppoliturgico.com\/fr\/produit\/dalmatique-10\/","og_locale":"fr_FR","og_type":"article","og_title":"Dalmatique - dalmatiques et Laboratorio Gruppo Liturgico","og_description":"Dalmatique en tissu polyeste enti\u00e8rement brod\u00e9e avec des fils d'or. Des petites croix et des ornements se r\u00e9p\u00e8tent sur le devant et sur le dos. Compl\u00e8te d'\u00e9tole de diacre. Disponible dans les quattre coloris Liturgiques, en rose et violet pour l'Avent.","og_url":"https:\/\/www.gruppoliturgico.com\/fr\/produit\/dalmatique-10\/","og_site_name":"Laboratorio Gruppo Liturgico","article_modified_time":"2022-09-19T09:43:45+00:00","og_image":[{"width":878,"height":1500,"url":"https:\/\/www.gruppoliturgico.com\/wp-content\/uploads\/2022\/09\/3188-bianca.jpg","type":"image\/jpeg"}],"twitter_card":"summary_large_image","twitter_misc":{"Dur\u00e9e de lecture estim\u00e9e":"1 minute"},"schema":{"@context":"https:\/\/schema.org","@graph":[{"@type":"WebPage","@id":"https:\/\/www.gruppoliturgico.com\/fr\/produit\/dalmatique-10\/","url":"https:\/\/www.gruppoliturgico.com\/fr\/produit\/dalmatique-10\/","name":"Dalmatique - dalmatiques et Laboratorio Gruppo Liturgico","isPartOf":{"@id":"https:\/\/www.gruppoliturgico.com\/es\/#website"},"datePublished":"2022-05-20T02:50:53+00:00","dateModified":"2022-09-19T09:43:45+00:00","description":"Dalmatique en tissu polyeste enti\u00e8rement brod\u00e9e avec des fils d'or. Des petites croix et des ornements se r\u00e9p\u00e8tent sur le devant et sur le dos. Compl\u00e8te d'\u00e9tole de diacre. Disponible dans les quattre coloris Liturgiques, en rose et violet pour l'Avent.","breadcrumb":{"@id":"https:\/\/www.gruppoliturgico.com\/fr\/produit\/dalmatique-10\/#breadcrumb"},"inLanguage":"fr-FR","potentialAction":[{"@type":"ReadAction","target":["https:\/\/www.gruppoliturgico.com\/fr\/produit\/dalmatique-10\/"]}]},{"@type":"BreadcrumbList","@id":"https:\/\/www.gruppoliturgico.com\/fr\/produit\/dalmatique-10\/#breadcrumb","itemListElement":[{"@type":"ListItem","position":1,"name":"Home","item":"https:\/\/www.gruppoliturgico.com\/fr\/"},{"@type":"ListItem","position":2,"name":"Boutique","item":"https:\/\/www.gruppoliturgico.com\/fr\/boutique\/"},{"@type":"ListItem","position":3,"name":"Dalmatique"}]},{"@type":"WebSite","@id":"https:\/\/www.gruppoliturgico.com\/es\/#website","url":"https:\/\/www.gruppoliturgico.com\/es\/","name":"Laboratorio Gruppo Liturgico","description":"Articoli Religiosi online","publisher":{"@id":"https:\/\/www.gruppoliturgico.com\/es\/#organization"},"potentialAction":[{"@type":"SearchAction","target":{"@type":"EntryPoint","urlTemplate":"https:\/\/www.gruppoliturgico.com\/es\/?s={search_term_string}"},"query-input":"required name=search_term_string"}],"inLanguage":"fr-FR"},{"@type":"Organization","@id":"https:\/\/www.gruppoliturgico.com\/es\/#organization","name":"Laboratorio Gruppo Liturgico","url":"https:\/\/www.gruppoliturgico.com\/es\/","logo":{"@type":"ImageObject","inLanguage":"fr-FR","@id":"https:\/\/www.gruppoliturgico.com\/es\/#\/schema\/logo\/image\/","url":"https:\/\/www.gruppoliturgico.com\/wp-content\/uploads\/2022\/02\/logo-laboratoriogruppoliturgico.png","contentUrl":"https:\/\/www.gruppoliturgico.com\/wp-content\/uploads\/2022\/02\/logo-laboratoriogruppoliturgico.png","width":400,"height":114,"caption":"Laboratorio Gruppo Liturgico"},"image":{"@id":"https:\/\/www.gruppoliturgico.com\/es\/#\/schema\/logo\/image\/"}}]}},"_links":{"self":[{"href":"https:\/\/www.gruppoliturgico.com\/fr\/wp-json\/wp\/v2\/product\/70150"}],"collection":[{"href":"https:\/\/www.gruppoliturgico.com\/fr\/wp-json\/wp\/v2\/product"}],"about":[{"href":"https:\/\/www.gruppoliturgico.com\/fr\/wp-json\/wp\/v2\/types\/product"}],"wp:featuredmedia":[{"embeddable":true,"href":"https:\/\/www.gruppoliturgico.com\/fr\/wp-json\/wp\/v2\/media\/130594"}],"wp:attachment":[{"href":"https:\/\/www.gruppoliturgico.com\/fr\/wp-json\/wp\/v2\/media?parent=70150"}],"wp:term":[{"taxonomy":"product_cat","embeddable":true,"href":"https:\/\/www.gruppoliturgico.com\/fr\/wp-json\/wp\/v2\/product_cat?post=70150"},{"taxonomy":"product_tag","embeddable":true,"href":"https:\/\/www.gruppoliturgico.com\/fr\/wp-json\/wp\/v2\/product_tag?post=70150"}],"curies":[{"name":"wp","href":"https:\/\/api.w.org\/{rel}","templated":true}]}}