{"id":70146,"date":"2022-05-20T04:50:37","date_gmt":"2022-05-20T02:50:42","guid":{"rendered":"https:\/\/www.gruppoliturgico.com\/prodotto\/mitre-11\/"},"modified":"2022-06-02T13:46:05","modified_gmt":"2022-06-02T11:46:05","slug":"mitre-11","status":"publish","type":"product","link":"https:\/\/www.gruppoliturgico.com\/fr\/produit\/mitre-11\/","title":{"rendered":"Mitre"},"content":{"rendered":"<html><body><p>mitre prestigieuse en satin avec broderies \u00e0 motifs classiques r\u00e9alis\u00e9s avec fil en or.<br>\nCe type de broderie, avec l\u2019ajout d\u2019un support entre le fil et le tissu de fond produit un effet tridimensionnel d\u00e9licat.<br>\nSont \u00e9galement pr\u00e9sents de nombreux strass ornementaux avec chaton.<br>\nLors de la commande, veuillez indiquer le tour de t\u00eate.<\/p>\n<\/body><\/html>","protected":false},"excerpt":{"rendered":"<p>mitre prestigieuse en satin avec broderies \u00e0 motifs classiques r\u00e9alis\u00e9s avec fil en or.<br \/>\nCe type de broderie, avec l\u2019ajout d\u2019un support entre le fil et le tissu de fond produit un effet tridimensionnel d\u00e9licat.<br \/>\nSont \u00e9galement pr\u00e9sents de nombreux strass ornementaux avec chaton.<br \/>\nLors de la commande, veuillez indiquer le tour de t\u00eate.<\/p>\n","protected":false},"featured_media":135409,"template":"","meta":[],"product_cat":[11964],"product_tag":[],"yoast_head":"<!-- This site is optimized with the Yoast SEO plugin v20.4 - https:\/\/yoast.com\/wordpress\/plugins\/seo\/ -->\n<title>Mitre - mitres et Laboratorio Gruppo Liturgico<\/title>\n<meta name=\"description\" content=\"mitre prestigieuse en satin avec broderies \u00e0 motifs classiques r\u00e9alis\u00e9s avec fil en or.  Ce type de broderie, avec l\u2019ajout d\u2019un support entre le fil et le tissu de fond produit un effet tridimensionnel d\u00e9licat. Sont \u00e9galement pr\u00e9sents de nombreux strass ornementaux avec chaton.  Lors de la commande, veuillez indiquer le tour de t\u00eate.\" \/>\n<meta name=\"robots\" content=\"index, follow, max-snippet:-1, max-image-preview:large, max-video-preview:-1\" \/>\n<link rel=\"canonical\" href=\"https:\/\/www.gruppoliturgico.com\/fr\/produit\/mitre-11\/\" \/>\n<meta property=\"og:locale\" content=\"fr_FR\" \/>\n<meta property=\"og:type\" content=\"article\" \/>\n<meta property=\"og:title\" content=\"Mitre - mitres et Laboratorio Gruppo Liturgico\" \/>\n<meta property=\"og:description\" content=\"mitre prestigieuse en satin avec broderies \u00e0 motifs classiques r\u00e9alis\u00e9s avec fil en or.  Ce type de broderie, avec l\u2019ajout d\u2019un support entre le fil et le tissu de fond produit un effet tridimensionnel d\u00e9licat. Sont \u00e9galement pr\u00e9sents de nombreux strass ornementaux avec chaton.  Lors de la commande, veuillez indiquer le tour de t\u00eate.\" \/>\n<meta property=\"og:url\" content=\"https:\/\/www.gruppoliturgico.com\/fr\/produit\/mitre-11\/\" \/>\n<meta property=\"og:site_name\" content=\"Laboratorio Gruppo Liturgico\" \/>\n<meta property=\"article:modified_time\" content=\"2022-06-02T11:46:05+00:00\" \/>\n<meta property=\"og:image\" content=\"https:\/\/www.gruppoliturgico.com\/wp-content\/uploads\/2022\/05\/3195-nv-rit.jpg\" \/>\n\t<meta property=\"og:image:width\" content=\"1241\" \/>\n\t<meta property=\"og:image:height\" content=\"2000\" \/>\n\t<meta property=\"og:image:type\" content=\"image\/jpeg\" \/>\n<meta name=\"twitter:card\" content=\"summary_large_image\" \/>\n<script type=\"application\/ld+json\" class=\"yoast-schema-graph\">{\"@context\":\"https:\/\/schema.org\",\"@graph\":[{\"@type\":\"WebPage\",\"@id\":\"https:\/\/www.gruppoliturgico.com\/fr\/produit\/mitre-11\/\",\"url\":\"https:\/\/www.gruppoliturgico.com\/fr\/produit\/mitre-11\/\",\"name\":\"Mitre - mitres et Laboratorio Gruppo Liturgico\",\"isPartOf\":{\"@id\":\"https:\/\/www.gruppoliturgico.com\/es\/#website\"},\"datePublished\":\"2022-05-20T02:50:42+00:00\",\"dateModified\":\"2022-06-02T11:46:05+00:00\",\"description\":\"mitre prestigieuse en satin avec broderies \u00e0 motifs classiques r\u00e9alis\u00e9s avec fil en or. Ce type de broderie, avec l\u2019ajout d\u2019un support entre le fil et le tissu de fond produit un effet tridimensionnel d\u00e9licat. Sont \u00e9galement pr\u00e9sents de nombreux strass ornementaux avec chaton. Lors de la commande, veuillez indiquer le tour de t\u00eate.\",\"breadcrumb\":{\"@id\":\"https:\/\/www.gruppoliturgico.com\/fr\/produit\/mitre-11\/#breadcrumb\"},\"inLanguage\":\"fr-FR\",\"potentialAction\":[{\"@type\":\"ReadAction\",\"target\":[\"https:\/\/www.gruppoliturgico.com\/fr\/produit\/mitre-11\/\"]}]},{\"@type\":\"BreadcrumbList\",\"@id\":\"https:\/\/www.gruppoliturgico.com\/fr\/produit\/mitre-11\/#breadcrumb\",\"itemListElement\":[{\"@type\":\"ListItem\",\"position\":1,\"name\":\"Home\",\"item\":\"https:\/\/www.gruppoliturgico.com\/fr\/\"},{\"@type\":\"ListItem\",\"position\":2,\"name\":\"Boutique\",\"item\":\"https:\/\/www.gruppoliturgico.com\/fr\/boutique\/\"},{\"@type\":\"ListItem\",\"position\":3,\"name\":\"Mitre\"}]},{\"@type\":\"WebSite\",\"@id\":\"https:\/\/www.gruppoliturgico.com\/es\/#website\",\"url\":\"https:\/\/www.gruppoliturgico.com\/es\/\",\"name\":\"Laboratorio Gruppo Liturgico\",\"description\":\"Articoli Religiosi online\",\"publisher\":{\"@id\":\"https:\/\/www.gruppoliturgico.com\/es\/#organization\"},\"potentialAction\":[{\"@type\":\"SearchAction\",\"target\":{\"@type\":\"EntryPoint\",\"urlTemplate\":\"https:\/\/www.gruppoliturgico.com\/es\/?s={search_term_string}\"},\"query-input\":\"required name=search_term_string\"}],\"inLanguage\":\"fr-FR\"},{\"@type\":\"Organization\",\"@id\":\"https:\/\/www.gruppoliturgico.com\/es\/#organization\",\"name\":\"Laboratorio Gruppo Liturgico\",\"url\":\"https:\/\/www.gruppoliturgico.com\/es\/\",\"logo\":{\"@type\":\"ImageObject\",\"inLanguage\":\"fr-FR\",\"@id\":\"https:\/\/www.gruppoliturgico.com\/es\/#\/schema\/logo\/image\/\",\"url\":\"https:\/\/www.gruppoliturgico.com\/wp-content\/uploads\/2022\/02\/logo-laboratoriogruppoliturgico.png\",\"contentUrl\":\"https:\/\/www.gruppoliturgico.com\/wp-content\/uploads\/2022\/02\/logo-laboratoriogruppoliturgico.png\",\"width\":400,\"height\":114,\"caption\":\"Laboratorio Gruppo Liturgico\"},\"image\":{\"@id\":\"https:\/\/www.gruppoliturgico.com\/es\/#\/schema\/logo\/image\/\"}}]}<\/script>\n<!-- \/ Yoast SEO plugin. -->","yoast_head_json":{"title":"Mitre - mitres et Laboratorio Gruppo Liturgico","description":"mitre prestigieuse en satin avec broderies \u00e0 motifs classiques r\u00e9alis\u00e9s avec fil en or.  Ce type de broderie, avec l\u2019ajout d\u2019un support entre le fil et le tissu de fond produit un effet tridimensionnel d\u00e9licat. Sont \u00e9galement pr\u00e9sents de nombreux strass ornementaux avec chaton.  Lors de la commande, veuillez indiquer le tour de t\u00eate.","robots":{"index":"index","follow":"follow","max-snippet":"max-snippet:-1","max-image-preview":"max-image-preview:large","max-video-preview":"max-video-preview:-1"},"canonical":"https:\/\/www.gruppoliturgico.com\/fr\/produit\/mitre-11\/","og_locale":"fr_FR","og_type":"article","og_title":"Mitre - mitres et Laboratorio Gruppo Liturgico","og_description":"mitre prestigieuse en satin avec broderies \u00e0 motifs classiques r\u00e9alis\u00e9s avec fil en or.  Ce type de broderie, avec l\u2019ajout d\u2019un support entre le fil et le tissu de fond produit un effet tridimensionnel d\u00e9licat. Sont \u00e9galement pr\u00e9sents de nombreux strass ornementaux avec chaton.  Lors de la commande, veuillez indiquer le tour de t\u00eate.","og_url":"https:\/\/www.gruppoliturgico.com\/fr\/produit\/mitre-11\/","og_site_name":"Laboratorio Gruppo Liturgico","article_modified_time":"2022-06-02T11:46:05+00:00","og_image":[{"width":1241,"height":2000,"url":"https:\/\/www.gruppoliturgico.com\/wp-content\/uploads\/2022\/05\/3195-nv-rit.jpg","type":"image\/jpeg"}],"twitter_card":"summary_large_image","schema":{"@context":"https:\/\/schema.org","@graph":[{"@type":"WebPage","@id":"https:\/\/www.gruppoliturgico.com\/fr\/produit\/mitre-11\/","url":"https:\/\/www.gruppoliturgico.com\/fr\/produit\/mitre-11\/","name":"Mitre - mitres et Laboratorio Gruppo Liturgico","isPartOf":{"@id":"https:\/\/www.gruppoliturgico.com\/es\/#website"},"datePublished":"2022-05-20T02:50:42+00:00","dateModified":"2022-06-02T11:46:05+00:00","description":"mitre prestigieuse en satin avec broderies \u00e0 motifs classiques r\u00e9alis\u00e9s avec fil en or. Ce type de broderie, avec l\u2019ajout d\u2019un support entre le fil et le tissu de fond produit un effet tridimensionnel d\u00e9licat. Sont \u00e9galement pr\u00e9sents de nombreux strass ornementaux avec chaton. Lors de la commande, veuillez indiquer le tour de t\u00eate.","breadcrumb":{"@id":"https:\/\/www.gruppoliturgico.com\/fr\/produit\/mitre-11\/#breadcrumb"},"inLanguage":"fr-FR","potentialAction":[{"@type":"ReadAction","target":["https:\/\/www.gruppoliturgico.com\/fr\/produit\/mitre-11\/"]}]},{"@type":"BreadcrumbList","@id":"https:\/\/www.gruppoliturgico.com\/fr\/produit\/mitre-11\/#breadcrumb","itemListElement":[{"@type":"ListItem","position":1,"name":"Home","item":"https:\/\/www.gruppoliturgico.com\/fr\/"},{"@type":"ListItem","position":2,"name":"Boutique","item":"https:\/\/www.gruppoliturgico.com\/fr\/boutique\/"},{"@type":"ListItem","position":3,"name":"Mitre"}]},{"@type":"WebSite","@id":"https:\/\/www.gruppoliturgico.com\/es\/#website","url":"https:\/\/www.gruppoliturgico.com\/es\/","name":"Laboratorio Gruppo Liturgico","description":"Articoli Religiosi online","publisher":{"@id":"https:\/\/www.gruppoliturgico.com\/es\/#organization"},"potentialAction":[{"@type":"SearchAction","target":{"@type":"EntryPoint","urlTemplate":"https:\/\/www.gruppoliturgico.com\/es\/?s={search_term_string}"},"query-input":"required name=search_term_string"}],"inLanguage":"fr-FR"},{"@type":"Organization","@id":"https:\/\/www.gruppoliturgico.com\/es\/#organization","name":"Laboratorio Gruppo Liturgico","url":"https:\/\/www.gruppoliturgico.com\/es\/","logo":{"@type":"ImageObject","inLanguage":"fr-FR","@id":"https:\/\/www.gruppoliturgico.com\/es\/#\/schema\/logo\/image\/","url":"https:\/\/www.gruppoliturgico.com\/wp-content\/uploads\/2022\/02\/logo-laboratoriogruppoliturgico.png","contentUrl":"https:\/\/www.gruppoliturgico.com\/wp-content\/uploads\/2022\/02\/logo-laboratoriogruppoliturgico.png","width":400,"height":114,"caption":"Laboratorio Gruppo Liturgico"},"image":{"@id":"https:\/\/www.gruppoliturgico.com\/es\/#\/schema\/logo\/image\/"}}]}},"_links":{"self":[{"href":"https:\/\/www.gruppoliturgico.com\/fr\/wp-json\/wp\/v2\/product\/70146"}],"collection":[{"href":"https:\/\/www.gruppoliturgico.com\/fr\/wp-json\/wp\/v2\/product"}],"about":[{"href":"https:\/\/www.gruppoliturgico.com\/fr\/wp-json\/wp\/v2\/types\/product"}],"wp:featuredmedia":[{"embeddable":true,"href":"https:\/\/www.gruppoliturgico.com\/fr\/wp-json\/wp\/v2\/media\/135409"}],"wp:attachment":[{"href":"https:\/\/www.gruppoliturgico.com\/fr\/wp-json\/wp\/v2\/media?parent=70146"}],"wp:term":[{"taxonomy":"product_cat","embeddable":true,"href":"https:\/\/www.gruppoliturgico.com\/fr\/wp-json\/wp\/v2\/product_cat?post=70146"},{"taxonomy":"product_tag","embeddable":true,"href":"https:\/\/www.gruppoliturgico.com\/fr\/wp-json\/wp\/v2\/product_tag?post=70146"}],"curies":[{"name":"wp","href":"https:\/\/api.w.org\/{rel}","templated":true}]}}