{"id":70106,"date":"2022-05-20T04:48:44","date_gmt":"2022-05-20T02:48:50","guid":{"rendered":"https:\/\/www.gruppoliturgico.com\/prodotto\/chasuble-118\/"},"modified":"2022-06-15T15:56:09","modified_gmt":"2022-06-15T13:56:09","slug":"chasuble-118","status":"publish","type":"product","link":"https:\/\/www.gruppoliturgico.com\/fr\/produit\/chasuble-118\/","title":{"rendered":"Chasuble"},"content":{"rendered":"<html><body><p>chasuble prestigieuse en tissu m\u00e9lange de laine de haute qualit\u00e9 tr\u00e8s souple et l\u00e9g\u00e8re.<br>\nUne broderie importante du symbole IHS entour\u00e9 de rameaux de vigne, grappes de raisin, \u00e9pis de bl\u00e9 et fleurs se r\u00e9p\u00e8te aussi sur la partie arri\u00e8re de la chasuble.<br>\nBroderie originale et riche sur le collet et sur le faux capuchon arri\u00e8re.<\/p>\n<\/body><\/html>","protected":false},"excerpt":{"rendered":"<p>chasuble prestigieuse en tissu m\u00e9lange de laine de haute qualit\u00e9 tr\u00e8s souple et l\u00e9g\u00e8re.<br \/>\nUne broderie importante du symbole IHS entour\u00e9 de rameaux de vigne, grappes de raisin, \u00e9pis de bl\u00e9 et fleurs se r\u00e9p\u00e8te aussi sur la partie arri\u00e8re de la chasuble.<br \/>\nBroderie originale et riche sur le collet et sur le faux capuchon arri\u00e8re.<\/p>\n","protected":false},"featured_media":128878,"template":"","meta":[],"product_cat":[12244],"product_tag":[],"yoast_head":"<!-- This site is optimized with the Yoast SEO plugin v20.4 - https:\/\/yoast.com\/wordpress\/plugins\/seo\/ -->\n<title>Chasuble - solennelles et Laboratorio Gruppo Liturgico<\/title>\n<meta name=\"description\" content=\"chasuble prestigieuse en tissu m\u00e9lange de laine de haute qualit\u00e9 tr\u00e8s souple et l\u00e9g\u00e8re. Une broderie importante du symbole IHS entour\u00e9 de rameaux de vigne, grappes de raisin, \u00e9pis de bl\u00e9 et fleurs se r\u00e9p\u00e8te aussi sur la partie arri\u00e8re de la chasuble. Broderie originale et riche sur le collet et sur le faux capuchon arri\u00e8re.\" \/>\n<meta name=\"robots\" content=\"index, follow, max-snippet:-1, max-image-preview:large, max-video-preview:-1\" \/>\n<link rel=\"canonical\" href=\"https:\/\/www.gruppoliturgico.com\/fr\/produit\/chasuble-118\/\" \/>\n<meta property=\"og:locale\" content=\"fr_FR\" \/>\n<meta property=\"og:type\" content=\"article\" \/>\n<meta property=\"og:title\" content=\"Chasuble - solennelles et Laboratorio Gruppo Liturgico\" \/>\n<meta property=\"og:description\" content=\"chasuble prestigieuse en tissu m\u00e9lange de laine de haute qualit\u00e9 tr\u00e8s souple et l\u00e9g\u00e8re. Une broderie importante du symbole IHS entour\u00e9 de rameaux de vigne, grappes de raisin, \u00e9pis de bl\u00e9 et fleurs se r\u00e9p\u00e8te aussi sur la partie arri\u00e8re de la chasuble. Broderie originale et riche sur le collet et sur le faux capuchon arri\u00e8re.\" \/>\n<meta property=\"og:url\" content=\"https:\/\/www.gruppoliturgico.com\/fr\/produit\/chasuble-118\/\" \/>\n<meta property=\"og:site_name\" content=\"Laboratorio Gruppo Liturgico\" \/>\n<meta property=\"article:modified_time\" content=\"2022-06-15T13:56:09+00:00\" \/>\n<meta property=\"og:image\" content=\"https:\/\/www.gruppoliturgico.com\/wp-content\/uploads\/2022\/05\/3191-1.jpg\" \/>\n\t<meta property=\"og:image:width\" content=\"1317\" \/>\n\t<meta property=\"og:image:height\" content=\"2000\" \/>\n\t<meta property=\"og:image:type\" content=\"image\/jpeg\" \/>\n<meta name=\"twitter:card\" content=\"summary_large_image\" \/>\n<script type=\"application\/ld+json\" class=\"yoast-schema-graph\">{\"@context\":\"https:\/\/schema.org\",\"@graph\":[{\"@type\":\"WebPage\",\"@id\":\"https:\/\/www.gruppoliturgico.com\/fr\/produit\/chasuble-118\/\",\"url\":\"https:\/\/www.gruppoliturgico.com\/fr\/produit\/chasuble-118\/\",\"name\":\"Chasuble - solennelles et Laboratorio Gruppo Liturgico\",\"isPartOf\":{\"@id\":\"https:\/\/www.gruppoliturgico.com\/es\/#website\"},\"datePublished\":\"2022-05-20T02:48:50+00:00\",\"dateModified\":\"2022-06-15T13:56:09+00:00\",\"description\":\"chasuble prestigieuse en tissu m\u00e9lange de laine de haute qualit\u00e9 tr\u00e8s souple et l\u00e9g\u00e8re. Une broderie importante du symbole IHS entour\u00e9 de rameaux de vigne, grappes de raisin, \u00e9pis de bl\u00e9 et fleurs se r\u00e9p\u00e8te aussi sur la partie arri\u00e8re de la chasuble. Broderie originale et riche sur le collet et sur le faux capuchon arri\u00e8re.\",\"breadcrumb\":{\"@id\":\"https:\/\/www.gruppoliturgico.com\/fr\/produit\/chasuble-118\/#breadcrumb\"},\"inLanguage\":\"fr-FR\",\"potentialAction\":[{\"@type\":\"ReadAction\",\"target\":[\"https:\/\/www.gruppoliturgico.com\/fr\/produit\/chasuble-118\/\"]}]},{\"@type\":\"BreadcrumbList\",\"@id\":\"https:\/\/www.gruppoliturgico.com\/fr\/produit\/chasuble-118\/#breadcrumb\",\"itemListElement\":[{\"@type\":\"ListItem\",\"position\":1,\"name\":\"Home\",\"item\":\"https:\/\/www.gruppoliturgico.com\/fr\/\"},{\"@type\":\"ListItem\",\"position\":2,\"name\":\"Boutique\",\"item\":\"https:\/\/www.gruppoliturgico.com\/fr\/boutique\/\"},{\"@type\":\"ListItem\",\"position\":3,\"name\":\"Chasuble\"}]},{\"@type\":\"WebSite\",\"@id\":\"https:\/\/www.gruppoliturgico.com\/es\/#website\",\"url\":\"https:\/\/www.gruppoliturgico.com\/es\/\",\"name\":\"Laboratorio Gruppo Liturgico\",\"description\":\"Articoli Religiosi online\",\"publisher\":{\"@id\":\"https:\/\/www.gruppoliturgico.com\/es\/#organization\"},\"potentialAction\":[{\"@type\":\"SearchAction\",\"target\":{\"@type\":\"EntryPoint\",\"urlTemplate\":\"https:\/\/www.gruppoliturgico.com\/es\/?s={search_term_string}\"},\"query-input\":\"required name=search_term_string\"}],\"inLanguage\":\"fr-FR\"},{\"@type\":\"Organization\",\"@id\":\"https:\/\/www.gruppoliturgico.com\/es\/#organization\",\"name\":\"Laboratorio Gruppo Liturgico\",\"url\":\"https:\/\/www.gruppoliturgico.com\/es\/\",\"logo\":{\"@type\":\"ImageObject\",\"inLanguage\":\"fr-FR\",\"@id\":\"https:\/\/www.gruppoliturgico.com\/es\/#\/schema\/logo\/image\/\",\"url\":\"https:\/\/www.gruppoliturgico.com\/wp-content\/uploads\/2022\/02\/logo-laboratoriogruppoliturgico.png\",\"contentUrl\":\"https:\/\/www.gruppoliturgico.com\/wp-content\/uploads\/2022\/02\/logo-laboratoriogruppoliturgico.png\",\"width\":400,\"height\":114,\"caption\":\"Laboratorio Gruppo Liturgico\"},\"image\":{\"@id\":\"https:\/\/www.gruppoliturgico.com\/es\/#\/schema\/logo\/image\/\"}}]}<\/script>\n<!-- \/ Yoast SEO plugin. -->","yoast_head_json":{"title":"Chasuble - solennelles et Laboratorio Gruppo Liturgico","description":"chasuble prestigieuse en tissu m\u00e9lange de laine de haute qualit\u00e9 tr\u00e8s souple et l\u00e9g\u00e8re. Une broderie importante du symbole IHS entour\u00e9 de rameaux de vigne, grappes de raisin, \u00e9pis de bl\u00e9 et fleurs se r\u00e9p\u00e8te aussi sur la partie arri\u00e8re de la chasuble. Broderie originale et riche sur le collet et sur le faux capuchon arri\u00e8re.","robots":{"index":"index","follow":"follow","max-snippet":"max-snippet:-1","max-image-preview":"max-image-preview:large","max-video-preview":"max-video-preview:-1"},"canonical":"https:\/\/www.gruppoliturgico.com\/fr\/produit\/chasuble-118\/","og_locale":"fr_FR","og_type":"article","og_title":"Chasuble - solennelles et Laboratorio Gruppo Liturgico","og_description":"chasuble prestigieuse en tissu m\u00e9lange de laine de haute qualit\u00e9 tr\u00e8s souple et l\u00e9g\u00e8re. Une broderie importante du symbole IHS entour\u00e9 de rameaux de vigne, grappes de raisin, \u00e9pis de bl\u00e9 et fleurs se r\u00e9p\u00e8te aussi sur la partie arri\u00e8re de la chasuble. Broderie originale et riche sur le collet et sur le faux capuchon arri\u00e8re.","og_url":"https:\/\/www.gruppoliturgico.com\/fr\/produit\/chasuble-118\/","og_site_name":"Laboratorio Gruppo Liturgico","article_modified_time":"2022-06-15T13:56:09+00:00","og_image":[{"width":1317,"height":2000,"url":"https:\/\/www.gruppoliturgico.com\/wp-content\/uploads\/2022\/05\/3191-1.jpg","type":"image\/jpeg"}],"twitter_card":"summary_large_image","schema":{"@context":"https:\/\/schema.org","@graph":[{"@type":"WebPage","@id":"https:\/\/www.gruppoliturgico.com\/fr\/produit\/chasuble-118\/","url":"https:\/\/www.gruppoliturgico.com\/fr\/produit\/chasuble-118\/","name":"Chasuble - solennelles et Laboratorio Gruppo Liturgico","isPartOf":{"@id":"https:\/\/www.gruppoliturgico.com\/es\/#website"},"datePublished":"2022-05-20T02:48:50+00:00","dateModified":"2022-06-15T13:56:09+00:00","description":"chasuble prestigieuse en tissu m\u00e9lange de laine de haute qualit\u00e9 tr\u00e8s souple et l\u00e9g\u00e8re. Une broderie importante du symbole IHS entour\u00e9 de rameaux de vigne, grappes de raisin, \u00e9pis de bl\u00e9 et fleurs se r\u00e9p\u00e8te aussi sur la partie arri\u00e8re de la chasuble. Broderie originale et riche sur le collet et sur le faux capuchon arri\u00e8re.","breadcrumb":{"@id":"https:\/\/www.gruppoliturgico.com\/fr\/produit\/chasuble-118\/#breadcrumb"},"inLanguage":"fr-FR","potentialAction":[{"@type":"ReadAction","target":["https:\/\/www.gruppoliturgico.com\/fr\/produit\/chasuble-118\/"]}]},{"@type":"BreadcrumbList","@id":"https:\/\/www.gruppoliturgico.com\/fr\/produit\/chasuble-118\/#breadcrumb","itemListElement":[{"@type":"ListItem","position":1,"name":"Home","item":"https:\/\/www.gruppoliturgico.com\/fr\/"},{"@type":"ListItem","position":2,"name":"Boutique","item":"https:\/\/www.gruppoliturgico.com\/fr\/boutique\/"},{"@type":"ListItem","position":3,"name":"Chasuble"}]},{"@type":"WebSite","@id":"https:\/\/www.gruppoliturgico.com\/es\/#website","url":"https:\/\/www.gruppoliturgico.com\/es\/","name":"Laboratorio Gruppo Liturgico","description":"Articoli Religiosi online","publisher":{"@id":"https:\/\/www.gruppoliturgico.com\/es\/#organization"},"potentialAction":[{"@type":"SearchAction","target":{"@type":"EntryPoint","urlTemplate":"https:\/\/www.gruppoliturgico.com\/es\/?s={search_term_string}"},"query-input":"required name=search_term_string"}],"inLanguage":"fr-FR"},{"@type":"Organization","@id":"https:\/\/www.gruppoliturgico.com\/es\/#organization","name":"Laboratorio Gruppo Liturgico","url":"https:\/\/www.gruppoliturgico.com\/es\/","logo":{"@type":"ImageObject","inLanguage":"fr-FR","@id":"https:\/\/www.gruppoliturgico.com\/es\/#\/schema\/logo\/image\/","url":"https:\/\/www.gruppoliturgico.com\/wp-content\/uploads\/2022\/02\/logo-laboratoriogruppoliturgico.png","contentUrl":"https:\/\/www.gruppoliturgico.com\/wp-content\/uploads\/2022\/02\/logo-laboratoriogruppoliturgico.png","width":400,"height":114,"caption":"Laboratorio Gruppo Liturgico"},"image":{"@id":"https:\/\/www.gruppoliturgico.com\/es\/#\/schema\/logo\/image\/"}}]}},"_links":{"self":[{"href":"https:\/\/www.gruppoliturgico.com\/fr\/wp-json\/wp\/v2\/product\/70106"}],"collection":[{"href":"https:\/\/www.gruppoliturgico.com\/fr\/wp-json\/wp\/v2\/product"}],"about":[{"href":"https:\/\/www.gruppoliturgico.com\/fr\/wp-json\/wp\/v2\/types\/product"}],"wp:featuredmedia":[{"embeddable":true,"href":"https:\/\/www.gruppoliturgico.com\/fr\/wp-json\/wp\/v2\/media\/128878"}],"wp:attachment":[{"href":"https:\/\/www.gruppoliturgico.com\/fr\/wp-json\/wp\/v2\/media?parent=70106"}],"wp:term":[{"taxonomy":"product_cat","embeddable":true,"href":"https:\/\/www.gruppoliturgico.com\/fr\/wp-json\/wp\/v2\/product_cat?post=70106"},{"taxonomy":"product_tag","embeddable":true,"href":"https:\/\/www.gruppoliturgico.com\/fr\/wp-json\/wp\/v2\/product_tag?post=70106"}],"curies":[{"name":"wp","href":"https:\/\/api.w.org\/{rel}","templated":true}]}}