{"id":70102,"date":"2022-05-20T04:48:00","date_gmt":"2022-05-20T02:48:38","guid":{"rendered":"https:\/\/www.gruppoliturgico.com\/prodotto\/chasuble-117\/"},"modified":"2022-09-13T15:09:23","modified_gmt":"2022-09-13T13:09:23","slug":"chasuble-117","status":"publish","type":"product","link":"https:\/\/www.gruppoliturgico.com\/fr\/produit\/chasuble-117\/","title":{"rendered":"Chasuble"},"content":{"rendered":"<html><body><p>Chasuble confectionn\u00e9e en tissu de polyester.<br>\nLe tr\u00e8s riche galon brod\u00e9 est un entrelacement baroque ex\u00e9cut\u00e9 avec de pr\u00e9cieux fils en or.<br>\nLa broderie est \u00e9galement pr\u00e9sente au dos.<br>\nDisponible dans les 4 coloris Liturgiques.<\/p>\n<\/body><\/html>","protected":false},"excerpt":{"rendered":"<p>Chasuble confectionn\u00e9e en tissu de polyester.<br \/>\nLe tr\u00e8s riche galon brod\u00e9 est un entrelacement baroque ex\u00e9cut\u00e9 avec de pr\u00e9cieux fils en or.<br \/>\nLa broderie est \u00e9galement pr\u00e9sente au dos.<br \/>\nDisponible dans les 4 coloris Liturgiques.<\/p>\n","protected":false},"featured_media":129038,"template":"","meta":[],"product_cat":[12248],"product_tag":[],"yoast_head":"<!-- This site is optimized with the Yoast SEO plugin v20.4 - https:\/\/yoast.com\/wordpress\/plugins\/seo\/ -->\n<title>Chasuble - broderie traditionnelles et Laboratorio Gruppo Liturgico<\/title>\n<meta name=\"description\" content=\"Chasuble confectionn\u00e9e en tissu de polyester. Le tr\u00e8s riche galon brod\u00e9 est un entrelacement baroque ex\u00e9cut\u00e9 avec de pr\u00e9cieux fils en or. La broderie est \u00e9galement pr\u00e9sente au dos. Disponible dans les 4 coloris Liturgiques.\" \/>\n<meta name=\"robots\" content=\"index, follow, max-snippet:-1, max-image-preview:large, max-video-preview:-1\" \/>\n<link rel=\"canonical\" href=\"https:\/\/www.gruppoliturgico.com\/fr\/produit\/chasuble-117\/\" \/>\n<meta property=\"og:locale\" content=\"fr_FR\" \/>\n<meta property=\"og:type\" content=\"article\" \/>\n<meta property=\"og:title\" content=\"Chasuble - broderie traditionnelles et Laboratorio Gruppo Liturgico\" \/>\n<meta property=\"og:description\" content=\"Chasuble confectionn\u00e9e en tissu de polyester. Le tr\u00e8s riche galon brod\u00e9 est un entrelacement baroque ex\u00e9cut\u00e9 avec de pr\u00e9cieux fils en or. La broderie est \u00e9galement pr\u00e9sente au dos. Disponible dans les 4 coloris Liturgiques.\" \/>\n<meta property=\"og:url\" content=\"https:\/\/www.gruppoliturgico.com\/fr\/produit\/chasuble-117\/\" \/>\n<meta property=\"og:site_name\" content=\"Laboratorio Gruppo Liturgico\" \/>\n<meta property=\"article:modified_time\" content=\"2022-09-13T13:09:23+00:00\" \/>\n<meta property=\"og:image\" content=\"https:\/\/www.gruppoliturgico.com\/wp-content\/uploads\/2022\/05\/3172.jpg\" \/>\n\t<meta property=\"og:image:width\" content=\"1378\" \/>\n\t<meta property=\"og:image:height\" content=\"2000\" \/>\n\t<meta property=\"og:image:type\" content=\"image\/jpeg\" \/>\n<meta name=\"twitter:card\" content=\"summary_large_image\" \/>\n<script type=\"application\/ld+json\" class=\"yoast-schema-graph\">{\"@context\":\"https:\/\/schema.org\",\"@graph\":[{\"@type\":\"WebPage\",\"@id\":\"https:\/\/www.gruppoliturgico.com\/fr\/produit\/chasuble-117\/\",\"url\":\"https:\/\/www.gruppoliturgico.com\/fr\/produit\/chasuble-117\/\",\"name\":\"Chasuble - broderie traditionnelles et Laboratorio Gruppo Liturgico\",\"isPartOf\":{\"@id\":\"https:\/\/www.gruppoliturgico.com\/es\/#website\"},\"datePublished\":\"2022-05-20T02:48:38+00:00\",\"dateModified\":\"2022-09-13T13:09:23+00:00\",\"description\":\"Chasuble confectionn\u00e9e en tissu de polyester. Le tr\u00e8s riche galon brod\u00e9 est un entrelacement baroque ex\u00e9cut\u00e9 avec de pr\u00e9cieux fils en or. La broderie est \u00e9galement pr\u00e9sente au dos. Disponible dans les 4 coloris Liturgiques.\",\"breadcrumb\":{\"@id\":\"https:\/\/www.gruppoliturgico.com\/fr\/produit\/chasuble-117\/#breadcrumb\"},\"inLanguage\":\"fr-FR\",\"potentialAction\":[{\"@type\":\"ReadAction\",\"target\":[\"https:\/\/www.gruppoliturgico.com\/fr\/produit\/chasuble-117\/\"]}]},{\"@type\":\"BreadcrumbList\",\"@id\":\"https:\/\/www.gruppoliturgico.com\/fr\/produit\/chasuble-117\/#breadcrumb\",\"itemListElement\":[{\"@type\":\"ListItem\",\"position\":1,\"name\":\"Home\",\"item\":\"https:\/\/www.gruppoliturgico.com\/fr\/\"},{\"@type\":\"ListItem\",\"position\":2,\"name\":\"Boutique\",\"item\":\"https:\/\/www.gruppoliturgico.com\/fr\/boutique\/\"},{\"@type\":\"ListItem\",\"position\":3,\"name\":\"Chasuble\"}]},{\"@type\":\"WebSite\",\"@id\":\"https:\/\/www.gruppoliturgico.com\/es\/#website\",\"url\":\"https:\/\/www.gruppoliturgico.com\/es\/\",\"name\":\"Laboratorio Gruppo Liturgico\",\"description\":\"Articoli Religiosi online\",\"publisher\":{\"@id\":\"https:\/\/www.gruppoliturgico.com\/es\/#organization\"},\"potentialAction\":[{\"@type\":\"SearchAction\",\"target\":{\"@type\":\"EntryPoint\",\"urlTemplate\":\"https:\/\/www.gruppoliturgico.com\/es\/?s={search_term_string}\"},\"query-input\":\"required name=search_term_string\"}],\"inLanguage\":\"fr-FR\"},{\"@type\":\"Organization\",\"@id\":\"https:\/\/www.gruppoliturgico.com\/es\/#organization\",\"name\":\"Laboratorio Gruppo Liturgico\",\"url\":\"https:\/\/www.gruppoliturgico.com\/es\/\",\"logo\":{\"@type\":\"ImageObject\",\"inLanguage\":\"fr-FR\",\"@id\":\"https:\/\/www.gruppoliturgico.com\/es\/#\/schema\/logo\/image\/\",\"url\":\"https:\/\/www.gruppoliturgico.com\/wp-content\/uploads\/2022\/02\/logo-laboratoriogruppoliturgico.png\",\"contentUrl\":\"https:\/\/www.gruppoliturgico.com\/wp-content\/uploads\/2022\/02\/logo-laboratoriogruppoliturgico.png\",\"width\":400,\"height\":114,\"caption\":\"Laboratorio Gruppo Liturgico\"},\"image\":{\"@id\":\"https:\/\/www.gruppoliturgico.com\/es\/#\/schema\/logo\/image\/\"}}]}<\/script>\n<!-- \/ Yoast SEO plugin. -->","yoast_head_json":{"title":"Chasuble - broderie traditionnelles et Laboratorio Gruppo Liturgico","description":"Chasuble confectionn\u00e9e en tissu de polyester. Le tr\u00e8s riche galon brod\u00e9 est un entrelacement baroque ex\u00e9cut\u00e9 avec de pr\u00e9cieux fils en or. La broderie est \u00e9galement pr\u00e9sente au dos. Disponible dans les 4 coloris Liturgiques.","robots":{"index":"index","follow":"follow","max-snippet":"max-snippet:-1","max-image-preview":"max-image-preview:large","max-video-preview":"max-video-preview:-1"},"canonical":"https:\/\/www.gruppoliturgico.com\/fr\/produit\/chasuble-117\/","og_locale":"fr_FR","og_type":"article","og_title":"Chasuble - broderie traditionnelles et Laboratorio Gruppo Liturgico","og_description":"Chasuble confectionn\u00e9e en tissu de polyester. Le tr\u00e8s riche galon brod\u00e9 est un entrelacement baroque ex\u00e9cut\u00e9 avec de pr\u00e9cieux fils en or. La broderie est \u00e9galement pr\u00e9sente au dos. Disponible dans les 4 coloris Liturgiques.","og_url":"https:\/\/www.gruppoliturgico.com\/fr\/produit\/chasuble-117\/","og_site_name":"Laboratorio Gruppo Liturgico","article_modified_time":"2022-09-13T13:09:23+00:00","og_image":[{"width":1378,"height":2000,"url":"https:\/\/www.gruppoliturgico.com\/wp-content\/uploads\/2022\/05\/3172.jpg","type":"image\/jpeg"}],"twitter_card":"summary_large_image","schema":{"@context":"https:\/\/schema.org","@graph":[{"@type":"WebPage","@id":"https:\/\/www.gruppoliturgico.com\/fr\/produit\/chasuble-117\/","url":"https:\/\/www.gruppoliturgico.com\/fr\/produit\/chasuble-117\/","name":"Chasuble - broderie traditionnelles et Laboratorio Gruppo Liturgico","isPartOf":{"@id":"https:\/\/www.gruppoliturgico.com\/es\/#website"},"datePublished":"2022-05-20T02:48:38+00:00","dateModified":"2022-09-13T13:09:23+00:00","description":"Chasuble confectionn\u00e9e en tissu de polyester. Le tr\u00e8s riche galon brod\u00e9 est un entrelacement baroque ex\u00e9cut\u00e9 avec de pr\u00e9cieux fils en or. La broderie est \u00e9galement pr\u00e9sente au dos. Disponible dans les 4 coloris Liturgiques.","breadcrumb":{"@id":"https:\/\/www.gruppoliturgico.com\/fr\/produit\/chasuble-117\/#breadcrumb"},"inLanguage":"fr-FR","potentialAction":[{"@type":"ReadAction","target":["https:\/\/www.gruppoliturgico.com\/fr\/produit\/chasuble-117\/"]}]},{"@type":"BreadcrumbList","@id":"https:\/\/www.gruppoliturgico.com\/fr\/produit\/chasuble-117\/#breadcrumb","itemListElement":[{"@type":"ListItem","position":1,"name":"Home","item":"https:\/\/www.gruppoliturgico.com\/fr\/"},{"@type":"ListItem","position":2,"name":"Boutique","item":"https:\/\/www.gruppoliturgico.com\/fr\/boutique\/"},{"@type":"ListItem","position":3,"name":"Chasuble"}]},{"@type":"WebSite","@id":"https:\/\/www.gruppoliturgico.com\/es\/#website","url":"https:\/\/www.gruppoliturgico.com\/es\/","name":"Laboratorio Gruppo Liturgico","description":"Articoli Religiosi online","publisher":{"@id":"https:\/\/www.gruppoliturgico.com\/es\/#organization"},"potentialAction":[{"@type":"SearchAction","target":{"@type":"EntryPoint","urlTemplate":"https:\/\/www.gruppoliturgico.com\/es\/?s={search_term_string}"},"query-input":"required name=search_term_string"}],"inLanguage":"fr-FR"},{"@type":"Organization","@id":"https:\/\/www.gruppoliturgico.com\/es\/#organization","name":"Laboratorio Gruppo Liturgico","url":"https:\/\/www.gruppoliturgico.com\/es\/","logo":{"@type":"ImageObject","inLanguage":"fr-FR","@id":"https:\/\/www.gruppoliturgico.com\/es\/#\/schema\/logo\/image\/","url":"https:\/\/www.gruppoliturgico.com\/wp-content\/uploads\/2022\/02\/logo-laboratoriogruppoliturgico.png","contentUrl":"https:\/\/www.gruppoliturgico.com\/wp-content\/uploads\/2022\/02\/logo-laboratoriogruppoliturgico.png","width":400,"height":114,"caption":"Laboratorio Gruppo Liturgico"},"image":{"@id":"https:\/\/www.gruppoliturgico.com\/es\/#\/schema\/logo\/image\/"}}]}},"_links":{"self":[{"href":"https:\/\/www.gruppoliturgico.com\/fr\/wp-json\/wp\/v2\/product\/70102"}],"collection":[{"href":"https:\/\/www.gruppoliturgico.com\/fr\/wp-json\/wp\/v2\/product"}],"about":[{"href":"https:\/\/www.gruppoliturgico.com\/fr\/wp-json\/wp\/v2\/types\/product"}],"wp:featuredmedia":[{"embeddable":true,"href":"https:\/\/www.gruppoliturgico.com\/fr\/wp-json\/wp\/v2\/media\/129038"}],"wp:attachment":[{"href":"https:\/\/www.gruppoliturgico.com\/fr\/wp-json\/wp\/v2\/media?parent=70102"}],"wp:term":[{"taxonomy":"product_cat","embeddable":true,"href":"https:\/\/www.gruppoliturgico.com\/fr\/wp-json\/wp\/v2\/product_cat?post=70102"},{"taxonomy":"product_tag","embeddable":true,"href":"https:\/\/www.gruppoliturgico.com\/fr\/wp-json\/wp\/v2\/product_tag?post=70102"}],"curies":[{"name":"wp","href":"https:\/\/api.w.org\/{rel}","templated":true}]}}