{"id":70082,"date":"2022-05-20T04:47:39","date_gmt":"2022-05-20T02:47:46","guid":{"rendered":"https:\/\/www.gruppoliturgico.com\/prodotto\/petit-ostensoir-15\/"},"modified":"2022-05-20T12:34:42","modified_gmt":"2022-05-20T10:34:42","slug":"petit-ostensoir-15","status":"publish","type":"product","link":"https:\/\/www.gruppoliturgico.com\/fr\/produit\/petit-ostensoir-15\/","title":{"rendered":"Petit ostensoir"},"content":{"rendered":"<html><body><p>en fonte avec n\u0153ud central qui repr\u00e9sente des \u00e9pis de bl\u00e9 stylis\u00e9s.<br>\nBicolore or et argent.<br>\nIl peut accueillir une hostie au diam\u00e8tre de cm 7,5.<\/p>\n<p>Hauteur  cm 23<br>\nDiam\u00e8tre  cm 14,5<\/p>\n<\/body><\/html>","protected":false},"excerpt":{"rendered":"<p>en fonte avec n\u0153ud central qui repr\u00e9sente des \u00e9pis de bl\u00e9 stylis\u00e9s.<br \/>\nBicolore or et argent.<br \/>\nIl peut accueillir une hostie au diam\u00e8tre de cm 7,5.<\/p>\n<p>Hauteur  cm 23<br \/>\nDiam\u00e8tre  cm 14,5<\/p>\n","protected":false},"featured_media":80402,"template":"","meta":[],"product_cat":[12068],"product_tag":[],"yoast_head":"<!-- This site is optimized with the Yoast SEO plugin v20.4 - https:\/\/yoast.com\/wordpress\/plugins\/seo\/ -->\n<title>Petit ostensoir - petits ostensoirs et Laboratorio Gruppo Liturgico<\/title>\n<meta name=\"description\" content=\"en fonte avec n\u0153ud central qui repr\u00e9sente des \u00e9pis de bl\u00e9 stylis\u00e9s. Bicolore or et argent.  Il peut accueillir une hostie au diam\u00e8tre de cm 7,5.  Hauteur cm 23 Diam\u00e8tre cm 14,5\" \/>\n<meta name=\"robots\" content=\"index, follow, max-snippet:-1, max-image-preview:large, max-video-preview:-1\" \/>\n<link rel=\"canonical\" href=\"https:\/\/www.gruppoliturgico.com\/fr\/produit\/petit-ostensoir-15\/\" \/>\n<meta property=\"og:locale\" content=\"fr_FR\" \/>\n<meta property=\"og:type\" content=\"article\" \/>\n<meta property=\"og:title\" content=\"Petit ostensoir - petits ostensoirs et Laboratorio Gruppo Liturgico\" \/>\n<meta property=\"og:description\" content=\"en fonte avec n\u0153ud central qui repr\u00e9sente des \u00e9pis de bl\u00e9 stylis\u00e9s. Bicolore or et argent.  Il peut accueillir une hostie au diam\u00e8tre de cm 7,5.  Hauteur cm 23 Diam\u00e8tre cm 14,5\" \/>\n<meta property=\"og:url\" content=\"https:\/\/www.gruppoliturgico.com\/fr\/produit\/petit-ostensoir-15\/\" \/>\n<meta property=\"og:site_name\" content=\"Laboratorio Gruppo Liturgico\" \/>\n<meta property=\"article:modified_time\" content=\"2022-05-20T10:34:42+00:00\" \/>\n<meta property=\"og:image\" content=\"https:\/\/www.gruppoliturgico.com\/wp-content\/uploads\/2022\/05\/320620ori.jpg\" \/>\n\t<meta property=\"og:image:width\" content=\"964\" \/>\n\t<meta property=\"og:image:height\" content=\"1500\" \/>\n\t<meta property=\"og:image:type\" content=\"image\/jpeg\" \/>\n<meta name=\"twitter:card\" content=\"summary_large_image\" \/>\n<script type=\"application\/ld+json\" class=\"yoast-schema-graph\">{\"@context\":\"https:\/\/schema.org\",\"@graph\":[{\"@type\":\"WebPage\",\"@id\":\"https:\/\/www.gruppoliturgico.com\/fr\/produit\/petit-ostensoir-15\/\",\"url\":\"https:\/\/www.gruppoliturgico.com\/fr\/produit\/petit-ostensoir-15\/\",\"name\":\"Petit ostensoir - petits ostensoirs et Laboratorio Gruppo Liturgico\",\"isPartOf\":{\"@id\":\"https:\/\/www.gruppoliturgico.com\/es\/#website\"},\"datePublished\":\"2022-05-20T02:47:46+00:00\",\"dateModified\":\"2022-05-20T10:34:42+00:00\",\"description\":\"en fonte avec n\u0153ud central qui repr\u00e9sente des \u00e9pis de bl\u00e9 stylis\u00e9s. Bicolore or et argent. Il peut accueillir une hostie au diam\u00e8tre de cm 7,5. Hauteur cm 23 Diam\u00e8tre cm 14,5\",\"breadcrumb\":{\"@id\":\"https:\/\/www.gruppoliturgico.com\/fr\/produit\/petit-ostensoir-15\/#breadcrumb\"},\"inLanguage\":\"fr-FR\",\"potentialAction\":[{\"@type\":\"ReadAction\",\"target\":[\"https:\/\/www.gruppoliturgico.com\/fr\/produit\/petit-ostensoir-15\/\"]}]},{\"@type\":\"BreadcrumbList\",\"@id\":\"https:\/\/www.gruppoliturgico.com\/fr\/produit\/petit-ostensoir-15\/#breadcrumb\",\"itemListElement\":[{\"@type\":\"ListItem\",\"position\":1,\"name\":\"Home\",\"item\":\"https:\/\/www.gruppoliturgico.com\/fr\/\"},{\"@type\":\"ListItem\",\"position\":2,\"name\":\"Boutique\",\"item\":\"https:\/\/www.gruppoliturgico.com\/fr\/boutique\/\"},{\"@type\":\"ListItem\",\"position\":3,\"name\":\"Petit ostensoir\"}]},{\"@type\":\"WebSite\",\"@id\":\"https:\/\/www.gruppoliturgico.com\/es\/#website\",\"url\":\"https:\/\/www.gruppoliturgico.com\/es\/\",\"name\":\"Laboratorio Gruppo Liturgico\",\"description\":\"Articoli Religiosi online\",\"publisher\":{\"@id\":\"https:\/\/www.gruppoliturgico.com\/es\/#organization\"},\"potentialAction\":[{\"@type\":\"SearchAction\",\"target\":{\"@type\":\"EntryPoint\",\"urlTemplate\":\"https:\/\/www.gruppoliturgico.com\/es\/?s={search_term_string}\"},\"query-input\":\"required name=search_term_string\"}],\"inLanguage\":\"fr-FR\"},{\"@type\":\"Organization\",\"@id\":\"https:\/\/www.gruppoliturgico.com\/es\/#organization\",\"name\":\"Laboratorio Gruppo Liturgico\",\"url\":\"https:\/\/www.gruppoliturgico.com\/es\/\",\"logo\":{\"@type\":\"ImageObject\",\"inLanguage\":\"fr-FR\",\"@id\":\"https:\/\/www.gruppoliturgico.com\/es\/#\/schema\/logo\/image\/\",\"url\":\"https:\/\/www.gruppoliturgico.com\/wp-content\/uploads\/2022\/02\/logo-laboratoriogruppoliturgico.png\",\"contentUrl\":\"https:\/\/www.gruppoliturgico.com\/wp-content\/uploads\/2022\/02\/logo-laboratoriogruppoliturgico.png\",\"width\":400,\"height\":114,\"caption\":\"Laboratorio Gruppo Liturgico\"},\"image\":{\"@id\":\"https:\/\/www.gruppoliturgico.com\/es\/#\/schema\/logo\/image\/\"}}]}<\/script>\n<!-- \/ Yoast SEO plugin. -->","yoast_head_json":{"title":"Petit ostensoir - petits ostensoirs et Laboratorio Gruppo Liturgico","description":"en fonte avec n\u0153ud central qui repr\u00e9sente des \u00e9pis de bl\u00e9 stylis\u00e9s. Bicolore or et argent.  Il peut accueillir une hostie au diam\u00e8tre de cm 7,5.  Hauteur cm 23 Diam\u00e8tre cm 14,5","robots":{"index":"index","follow":"follow","max-snippet":"max-snippet:-1","max-image-preview":"max-image-preview:large","max-video-preview":"max-video-preview:-1"},"canonical":"https:\/\/www.gruppoliturgico.com\/fr\/produit\/petit-ostensoir-15\/","og_locale":"fr_FR","og_type":"article","og_title":"Petit ostensoir - petits ostensoirs et Laboratorio Gruppo Liturgico","og_description":"en fonte avec n\u0153ud central qui repr\u00e9sente des \u00e9pis de bl\u00e9 stylis\u00e9s. Bicolore or et argent.  Il peut accueillir une hostie au diam\u00e8tre de cm 7,5.  Hauteur cm 23 Diam\u00e8tre cm 14,5","og_url":"https:\/\/www.gruppoliturgico.com\/fr\/produit\/petit-ostensoir-15\/","og_site_name":"Laboratorio Gruppo Liturgico","article_modified_time":"2022-05-20T10:34:42+00:00","og_image":[{"width":964,"height":1500,"url":"https:\/\/www.gruppoliturgico.com\/wp-content\/uploads\/2022\/05\/320620ori.jpg","type":"image\/jpeg"}],"twitter_card":"summary_large_image","schema":{"@context":"https:\/\/schema.org","@graph":[{"@type":"WebPage","@id":"https:\/\/www.gruppoliturgico.com\/fr\/produit\/petit-ostensoir-15\/","url":"https:\/\/www.gruppoliturgico.com\/fr\/produit\/petit-ostensoir-15\/","name":"Petit ostensoir - petits ostensoirs et Laboratorio Gruppo Liturgico","isPartOf":{"@id":"https:\/\/www.gruppoliturgico.com\/es\/#website"},"datePublished":"2022-05-20T02:47:46+00:00","dateModified":"2022-05-20T10:34:42+00:00","description":"en fonte avec n\u0153ud central qui repr\u00e9sente des \u00e9pis de bl\u00e9 stylis\u00e9s. Bicolore or et argent. Il peut accueillir une hostie au diam\u00e8tre de cm 7,5. Hauteur cm 23 Diam\u00e8tre cm 14,5","breadcrumb":{"@id":"https:\/\/www.gruppoliturgico.com\/fr\/produit\/petit-ostensoir-15\/#breadcrumb"},"inLanguage":"fr-FR","potentialAction":[{"@type":"ReadAction","target":["https:\/\/www.gruppoliturgico.com\/fr\/produit\/petit-ostensoir-15\/"]}]},{"@type":"BreadcrumbList","@id":"https:\/\/www.gruppoliturgico.com\/fr\/produit\/petit-ostensoir-15\/#breadcrumb","itemListElement":[{"@type":"ListItem","position":1,"name":"Home","item":"https:\/\/www.gruppoliturgico.com\/fr\/"},{"@type":"ListItem","position":2,"name":"Boutique","item":"https:\/\/www.gruppoliturgico.com\/fr\/boutique\/"},{"@type":"ListItem","position":3,"name":"Petit ostensoir"}]},{"@type":"WebSite","@id":"https:\/\/www.gruppoliturgico.com\/es\/#website","url":"https:\/\/www.gruppoliturgico.com\/es\/","name":"Laboratorio Gruppo Liturgico","description":"Articoli Religiosi online","publisher":{"@id":"https:\/\/www.gruppoliturgico.com\/es\/#organization"},"potentialAction":[{"@type":"SearchAction","target":{"@type":"EntryPoint","urlTemplate":"https:\/\/www.gruppoliturgico.com\/es\/?s={search_term_string}"},"query-input":"required name=search_term_string"}],"inLanguage":"fr-FR"},{"@type":"Organization","@id":"https:\/\/www.gruppoliturgico.com\/es\/#organization","name":"Laboratorio Gruppo Liturgico","url":"https:\/\/www.gruppoliturgico.com\/es\/","logo":{"@type":"ImageObject","inLanguage":"fr-FR","@id":"https:\/\/www.gruppoliturgico.com\/es\/#\/schema\/logo\/image\/","url":"https:\/\/www.gruppoliturgico.com\/wp-content\/uploads\/2022\/02\/logo-laboratoriogruppoliturgico.png","contentUrl":"https:\/\/www.gruppoliturgico.com\/wp-content\/uploads\/2022\/02\/logo-laboratoriogruppoliturgico.png","width":400,"height":114,"caption":"Laboratorio Gruppo Liturgico"},"image":{"@id":"https:\/\/www.gruppoliturgico.com\/es\/#\/schema\/logo\/image\/"}}]}},"_links":{"self":[{"href":"https:\/\/www.gruppoliturgico.com\/fr\/wp-json\/wp\/v2\/product\/70082"}],"collection":[{"href":"https:\/\/www.gruppoliturgico.com\/fr\/wp-json\/wp\/v2\/product"}],"about":[{"href":"https:\/\/www.gruppoliturgico.com\/fr\/wp-json\/wp\/v2\/types\/product"}],"wp:featuredmedia":[{"embeddable":true,"href":"https:\/\/www.gruppoliturgico.com\/fr\/wp-json\/wp\/v2\/media\/80402"}],"wp:attachment":[{"href":"https:\/\/www.gruppoliturgico.com\/fr\/wp-json\/wp\/v2\/media?parent=70082"}],"wp:term":[{"taxonomy":"product_cat","embeddable":true,"href":"https:\/\/www.gruppoliturgico.com\/fr\/wp-json\/wp\/v2\/product_cat?post=70082"},{"taxonomy":"product_tag","embeddable":true,"href":"https:\/\/www.gruppoliturgico.com\/fr\/wp-json\/wp\/v2\/product_tag?post=70082"}],"curies":[{"name":"wp","href":"https:\/\/api.w.org\/{rel}","templated":true}]}}