{"id":70006,"date":"2022-05-20T04:43:52","date_gmt":"2022-05-20T02:43:57","guid":{"rendered":"https:\/\/www.gruppoliturgico.com\/prodotto\/coupe-patene-26\/"},"modified":"2022-09-23T16:17:41","modified_gmt":"2022-09-23T14:17:41","slug":"coupe-patene-26","status":"publish","type":"product","link":"https:\/\/www.gruppoliturgico.com\/fr\/produit\/coupe-patene-26\/","title":{"rendered":"Coupe-pat\u00e8ne"},"content":{"rendered":"<html><body><p>Coupe-pat\u00e8ne en laiton dor\u00e9 \u00e0 l\u2019or fin.<br>\nTr\u00e8s simple et \u00e9l\u00e9gant avec des ciseaux ornementaux faits \u00e0 la main.<br>\nIl peut contenir environ 250 hosties.<br>\nHauteur cm 9,5<br>\ncoupe \u00d8 cm 13,5<\/p>\n<\/body><\/html>","protected":false},"excerpt":{"rendered":"<p>Coupe-pat\u00e8ne en laiton dor\u00e9 \u00e0 l&rsquo;or fin.<br \/>\nTr\u00e8s simple et \u00e9l\u00e9gant avec des ciseaux ornementaux faits \u00e0 la main.<br \/>\nIl peut contenir environ 250 hosties.<br \/>\nHauteur cm 9,5<br \/>\ncoupe \u00d8 cm 13,5<\/p>\n","protected":false},"featured_media":80326,"template":"","meta":[],"product_cat":[12036],"product_tag":[],"yoast_head":"<!-- This site is optimized with the Yoast SEO plugin v20.4 - https:\/\/yoast.com\/wordpress\/plugins\/seo\/ -->\n<title>Coupe-pat\u00e8ne - collection coupes pat\u00e8nes et Laboratorio Gruppo Liturgico<\/title>\n<meta name=\"description\" content=\"Coupe-pat\u00e8ne en laiton dor\u00e9 \u00e0 l&#039;or fin. Tr\u00e8s simple et \u00e9l\u00e9gant avec des ciseaux ornementaux faits \u00e0 la main. Il peut contenir environ 250 hosties. Hauteur cm 9,5 coupe \u00d8 cm 13,5\" \/>\n<meta name=\"robots\" content=\"index, follow, max-snippet:-1, max-image-preview:large, max-video-preview:-1\" \/>\n<link rel=\"canonical\" href=\"https:\/\/www.gruppoliturgico.com\/fr\/produit\/coupe-patene-26\/\" \/>\n<meta property=\"og:locale\" content=\"fr_FR\" \/>\n<meta property=\"og:type\" content=\"article\" \/>\n<meta property=\"og:title\" content=\"Coupe-pat\u00e8ne - collection coupes pat\u00e8nes et Laboratorio Gruppo Liturgico\" \/>\n<meta property=\"og:description\" content=\"Coupe-pat\u00e8ne en laiton dor\u00e9 \u00e0 l&#039;or fin. Tr\u00e8s simple et \u00e9l\u00e9gant avec des ciseaux ornementaux faits \u00e0 la main. Il peut contenir environ 250 hosties. Hauteur cm 9,5 coupe \u00d8 cm 13,5\" \/>\n<meta property=\"og:url\" content=\"https:\/\/www.gruppoliturgico.com\/fr\/produit\/coupe-patene-26\/\" \/>\n<meta property=\"og:site_name\" content=\"Laboratorio Gruppo Liturgico\" \/>\n<meta property=\"article:modified_time\" content=\"2022-09-23T14:17:41+00:00\" \/>\n<meta property=\"og:image\" content=\"https:\/\/www.gruppoliturgico.com\/wp-content\/uploads\/2022\/05\/312920ns.jpg\" \/>\n\t<meta property=\"og:image:width\" content=\"1500\" \/>\n\t<meta property=\"og:image:height\" content=\"1396\" \/>\n\t<meta property=\"og:image:type\" content=\"image\/jpeg\" \/>\n<meta name=\"twitter:card\" content=\"summary_large_image\" \/>\n<script type=\"application\/ld+json\" class=\"yoast-schema-graph\">{\"@context\":\"https:\/\/schema.org\",\"@graph\":[{\"@type\":\"WebPage\",\"@id\":\"https:\/\/www.gruppoliturgico.com\/fr\/produit\/coupe-patene-26\/\",\"url\":\"https:\/\/www.gruppoliturgico.com\/fr\/produit\/coupe-patene-26\/\",\"name\":\"Coupe-pat\u00e8ne - collection coupes pat\u00e8nes et Laboratorio Gruppo Liturgico\",\"isPartOf\":{\"@id\":\"https:\/\/www.gruppoliturgico.com\/es\/#website\"},\"datePublished\":\"2022-05-20T02:43:57+00:00\",\"dateModified\":\"2022-09-23T14:17:41+00:00\",\"description\":\"Coupe-pat\u00e8ne en laiton dor\u00e9 \u00e0 l'or fin. Tr\u00e8s simple et \u00e9l\u00e9gant avec des ciseaux ornementaux faits \u00e0 la main. Il peut contenir environ 250 hosties. Hauteur cm 9,5 coupe \u00d8 cm 13,5\",\"breadcrumb\":{\"@id\":\"https:\/\/www.gruppoliturgico.com\/fr\/produit\/coupe-patene-26\/#breadcrumb\"},\"inLanguage\":\"fr-FR\",\"potentialAction\":[{\"@type\":\"ReadAction\",\"target\":[\"https:\/\/www.gruppoliturgico.com\/fr\/produit\/coupe-patene-26\/\"]}]},{\"@type\":\"BreadcrumbList\",\"@id\":\"https:\/\/www.gruppoliturgico.com\/fr\/produit\/coupe-patene-26\/#breadcrumb\",\"itemListElement\":[{\"@type\":\"ListItem\",\"position\":1,\"name\":\"Home\",\"item\":\"https:\/\/www.gruppoliturgico.com\/fr\/\"},{\"@type\":\"ListItem\",\"position\":2,\"name\":\"Boutique\",\"item\":\"https:\/\/www.gruppoliturgico.com\/fr\/boutique\/\"},{\"@type\":\"ListItem\",\"position\":3,\"name\":\"Coupe-pat\u00e8ne\"}]},{\"@type\":\"WebSite\",\"@id\":\"https:\/\/www.gruppoliturgico.com\/es\/#website\",\"url\":\"https:\/\/www.gruppoliturgico.com\/es\/\",\"name\":\"Laboratorio Gruppo Liturgico\",\"description\":\"Articoli Religiosi online\",\"publisher\":{\"@id\":\"https:\/\/www.gruppoliturgico.com\/es\/#organization\"},\"potentialAction\":[{\"@type\":\"SearchAction\",\"target\":{\"@type\":\"EntryPoint\",\"urlTemplate\":\"https:\/\/www.gruppoliturgico.com\/es\/?s={search_term_string}\"},\"query-input\":\"required name=search_term_string\"}],\"inLanguage\":\"fr-FR\"},{\"@type\":\"Organization\",\"@id\":\"https:\/\/www.gruppoliturgico.com\/es\/#organization\",\"name\":\"Laboratorio Gruppo Liturgico\",\"url\":\"https:\/\/www.gruppoliturgico.com\/es\/\",\"logo\":{\"@type\":\"ImageObject\",\"inLanguage\":\"fr-FR\",\"@id\":\"https:\/\/www.gruppoliturgico.com\/es\/#\/schema\/logo\/image\/\",\"url\":\"https:\/\/www.gruppoliturgico.com\/wp-content\/uploads\/2022\/02\/logo-laboratoriogruppoliturgico.png\",\"contentUrl\":\"https:\/\/www.gruppoliturgico.com\/wp-content\/uploads\/2022\/02\/logo-laboratoriogruppoliturgico.png\",\"width\":400,\"height\":114,\"caption\":\"Laboratorio Gruppo Liturgico\"},\"image\":{\"@id\":\"https:\/\/www.gruppoliturgico.com\/es\/#\/schema\/logo\/image\/\"}}]}<\/script>\n<!-- \/ Yoast SEO plugin. -->","yoast_head_json":{"title":"Coupe-pat\u00e8ne - collection coupes pat\u00e8nes et Laboratorio Gruppo Liturgico","description":"Coupe-pat\u00e8ne en laiton dor\u00e9 \u00e0 l'or fin. Tr\u00e8s simple et \u00e9l\u00e9gant avec des ciseaux ornementaux faits \u00e0 la main. Il peut contenir environ 250 hosties. Hauteur cm 9,5 coupe \u00d8 cm 13,5","robots":{"index":"index","follow":"follow","max-snippet":"max-snippet:-1","max-image-preview":"max-image-preview:large","max-video-preview":"max-video-preview:-1"},"canonical":"https:\/\/www.gruppoliturgico.com\/fr\/produit\/coupe-patene-26\/","og_locale":"fr_FR","og_type":"article","og_title":"Coupe-pat\u00e8ne - collection coupes pat\u00e8nes et Laboratorio Gruppo Liturgico","og_description":"Coupe-pat\u00e8ne en laiton dor\u00e9 \u00e0 l'or fin. Tr\u00e8s simple et \u00e9l\u00e9gant avec des ciseaux ornementaux faits \u00e0 la main. Il peut contenir environ 250 hosties. Hauteur cm 9,5 coupe \u00d8 cm 13,5","og_url":"https:\/\/www.gruppoliturgico.com\/fr\/produit\/coupe-patene-26\/","og_site_name":"Laboratorio Gruppo Liturgico","article_modified_time":"2022-09-23T14:17:41+00:00","og_image":[{"width":1500,"height":1396,"url":"https:\/\/www.gruppoliturgico.com\/wp-content\/uploads\/2022\/05\/312920ns.jpg","type":"image\/jpeg"}],"twitter_card":"summary_large_image","schema":{"@context":"https:\/\/schema.org","@graph":[{"@type":"WebPage","@id":"https:\/\/www.gruppoliturgico.com\/fr\/produit\/coupe-patene-26\/","url":"https:\/\/www.gruppoliturgico.com\/fr\/produit\/coupe-patene-26\/","name":"Coupe-pat\u00e8ne - collection coupes pat\u00e8nes et Laboratorio Gruppo Liturgico","isPartOf":{"@id":"https:\/\/www.gruppoliturgico.com\/es\/#website"},"datePublished":"2022-05-20T02:43:57+00:00","dateModified":"2022-09-23T14:17:41+00:00","description":"Coupe-pat\u00e8ne en laiton dor\u00e9 \u00e0 l'or fin. Tr\u00e8s simple et \u00e9l\u00e9gant avec des ciseaux ornementaux faits \u00e0 la main. Il peut contenir environ 250 hosties. Hauteur cm 9,5 coupe \u00d8 cm 13,5","breadcrumb":{"@id":"https:\/\/www.gruppoliturgico.com\/fr\/produit\/coupe-patene-26\/#breadcrumb"},"inLanguage":"fr-FR","potentialAction":[{"@type":"ReadAction","target":["https:\/\/www.gruppoliturgico.com\/fr\/produit\/coupe-patene-26\/"]}]},{"@type":"BreadcrumbList","@id":"https:\/\/www.gruppoliturgico.com\/fr\/produit\/coupe-patene-26\/#breadcrumb","itemListElement":[{"@type":"ListItem","position":1,"name":"Home","item":"https:\/\/www.gruppoliturgico.com\/fr\/"},{"@type":"ListItem","position":2,"name":"Boutique","item":"https:\/\/www.gruppoliturgico.com\/fr\/boutique\/"},{"@type":"ListItem","position":3,"name":"Coupe-pat\u00e8ne"}]},{"@type":"WebSite","@id":"https:\/\/www.gruppoliturgico.com\/es\/#website","url":"https:\/\/www.gruppoliturgico.com\/es\/","name":"Laboratorio Gruppo Liturgico","description":"Articoli Religiosi online","publisher":{"@id":"https:\/\/www.gruppoliturgico.com\/es\/#organization"},"potentialAction":[{"@type":"SearchAction","target":{"@type":"EntryPoint","urlTemplate":"https:\/\/www.gruppoliturgico.com\/es\/?s={search_term_string}"},"query-input":"required name=search_term_string"}],"inLanguage":"fr-FR"},{"@type":"Organization","@id":"https:\/\/www.gruppoliturgico.com\/es\/#organization","name":"Laboratorio Gruppo Liturgico","url":"https:\/\/www.gruppoliturgico.com\/es\/","logo":{"@type":"ImageObject","inLanguage":"fr-FR","@id":"https:\/\/www.gruppoliturgico.com\/es\/#\/schema\/logo\/image\/","url":"https:\/\/www.gruppoliturgico.com\/wp-content\/uploads\/2022\/02\/logo-laboratoriogruppoliturgico.png","contentUrl":"https:\/\/www.gruppoliturgico.com\/wp-content\/uploads\/2022\/02\/logo-laboratoriogruppoliturgico.png","width":400,"height":114,"caption":"Laboratorio Gruppo Liturgico"},"image":{"@id":"https:\/\/www.gruppoliturgico.com\/es\/#\/schema\/logo\/image\/"}}]}},"_links":{"self":[{"href":"https:\/\/www.gruppoliturgico.com\/fr\/wp-json\/wp\/v2\/product\/70006"}],"collection":[{"href":"https:\/\/www.gruppoliturgico.com\/fr\/wp-json\/wp\/v2\/product"}],"about":[{"href":"https:\/\/www.gruppoliturgico.com\/fr\/wp-json\/wp\/v2\/types\/product"}],"wp:featuredmedia":[{"embeddable":true,"href":"https:\/\/www.gruppoliturgico.com\/fr\/wp-json\/wp\/v2\/media\/80326"}],"wp:attachment":[{"href":"https:\/\/www.gruppoliturgico.com\/fr\/wp-json\/wp\/v2\/media?parent=70006"}],"wp:term":[{"taxonomy":"product_cat","embeddable":true,"href":"https:\/\/www.gruppoliturgico.com\/fr\/wp-json\/wp\/v2\/product_cat?post=70006"},{"taxonomy":"product_tag","embeddable":true,"href":"https:\/\/www.gruppoliturgico.com\/fr\/wp-json\/wp\/v2\/product_tag?post=70006"}],"curies":[{"name":"wp","href":"https:\/\/api.w.org\/{rel}","templated":true}]}}