{"id":69922,"date":"2022-05-20T04:39:00","date_gmt":"2022-05-20T02:39:06","guid":{"rendered":"https:\/\/www.gruppoliturgico.com\/prodotto\/chasuble-109\/"},"modified":"2022-05-20T12:26:37","modified_gmt":"2022-05-20T10:26:37","slug":"chasuble-109","status":"publish","type":"product","link":"https:\/\/www.gruppoliturgico.com\/fr\/produit\/chasuble-109\/","title":{"rendered":"chasuble"},"content":{"rendered":"<html><body><p>Tr\u00e8s belle chasuble en laine 80% et polyester 20% enti\u00e8rement tiss\u00e9e \u00e0 la main.<br>\nToutes les broderies se r\u00e9p\u00e8tent dans la partie avant, arri\u00e8re et sur les bords.<br>\nLes fil\u00e9s utilis\u00e9s pour les broderies sont particuli\u00e8rement brillants et rendent cette chasuble tr\u00e8s \u00e9l\u00e9gante et solennelle.  <\/p>\n<p>Disponible en couleur blanche.<\/p>\n<\/body><\/html>","protected":false},"excerpt":{"rendered":"<p>Tr\u00e8s belle chasuble en laine 80% et polyester 20% enti\u00e8rement tiss\u00e9e \u00e0 la main.<br \/>\nToutes les broderies se r\u00e9p\u00e8tent dans la partie avant, arri\u00e8re et sur les bords.<br \/>\nLes fil\u00e9s utilis\u00e9s pour les broderies sont particuli\u00e8rement brillants et rendent cette chasuble tr\u00e8s \u00e9l\u00e9gante et solennelle.  <\/p>\n<p>Disponible en couleur blanche.<\/p>\n","protected":false},"featured_media":128706,"template":"","meta":[],"product_cat":[12240],"product_tag":[],"yoast_head":"<!-- This site is optimized with the Yoast SEO plugin v20.4 - https:\/\/yoast.com\/wordpress\/plugins\/seo\/ -->\n<title>chasuble - tiss\u00e9s \u00e0 la main et Laboratorio Gruppo Liturgico<\/title>\n<meta name=\"description\" content=\"Tr\u00e8s belle chasuble en laine 80% et polyester 20% enti\u00e8rement tiss\u00e9e \u00e0 la main.  Toutes les broderies se r\u00e9p\u00e8tent dans la partie avant, arri\u00e8re et sur les bords.  Les fil\u00e9s utilis\u00e9s pour les broderies sont particuli\u00e8rement brillants et rendent cette chasuble tr\u00e8s \u00e9l\u00e9gante et solennelle.   Disponible en couleur blanche.\" \/>\n<meta name=\"robots\" content=\"index, follow, max-snippet:-1, max-image-preview:large, max-video-preview:-1\" \/>\n<link rel=\"canonical\" href=\"https:\/\/www.gruppoliturgico.com\/fr\/produit\/chasuble-109\/\" \/>\n<meta property=\"og:locale\" content=\"fr_FR\" \/>\n<meta property=\"og:type\" content=\"article\" \/>\n<meta property=\"og:title\" content=\"chasuble - tiss\u00e9s \u00e0 la main et Laboratorio Gruppo Liturgico\" \/>\n<meta property=\"og:description\" content=\"Tr\u00e8s belle chasuble en laine 80% et polyester 20% enti\u00e8rement tiss\u00e9e \u00e0 la main.  Toutes les broderies se r\u00e9p\u00e8tent dans la partie avant, arri\u00e8re et sur les bords.  Les fil\u00e9s utilis\u00e9s pour les broderies sont particuli\u00e8rement brillants et rendent cette chasuble tr\u00e8s \u00e9l\u00e9gante et solennelle.   Disponible en couleur blanche.\" \/>\n<meta property=\"og:url\" content=\"https:\/\/www.gruppoliturgico.com\/fr\/produit\/chasuble-109\/\" \/>\n<meta property=\"og:site_name\" content=\"Laboratorio Gruppo Liturgico\" \/>\n<meta property=\"article:modified_time\" content=\"2022-05-20T10:26:37+00:00\" \/>\n<meta property=\"og:image\" content=\"https:\/\/www.gruppoliturgico.com\/wp-content\/uploads\/2022\/05\/3093.jpg\" \/>\n\t<meta property=\"og:image:width\" content=\"1242\" \/>\n\t<meta property=\"og:image:height\" content=\"2000\" \/>\n\t<meta property=\"og:image:type\" content=\"image\/jpeg\" \/>\n<meta name=\"twitter:card\" content=\"summary_large_image\" \/>\n<script type=\"application\/ld+json\" class=\"yoast-schema-graph\">{\"@context\":\"https:\/\/schema.org\",\"@graph\":[{\"@type\":\"WebPage\",\"@id\":\"https:\/\/www.gruppoliturgico.com\/fr\/produit\/chasuble-109\/\",\"url\":\"https:\/\/www.gruppoliturgico.com\/fr\/produit\/chasuble-109\/\",\"name\":\"chasuble - tiss\u00e9s \u00e0 la main et Laboratorio Gruppo Liturgico\",\"isPartOf\":{\"@id\":\"https:\/\/www.gruppoliturgico.com\/es\/#website\"},\"datePublished\":\"2022-05-20T02:39:06+00:00\",\"dateModified\":\"2022-05-20T10:26:37+00:00\",\"description\":\"Tr\u00e8s belle chasuble en laine 80% et polyester 20% enti\u00e8rement tiss\u00e9e \u00e0 la main. Toutes les broderies se r\u00e9p\u00e8tent dans la partie avant, arri\u00e8re et sur les bords. Les fil\u00e9s utilis\u00e9s pour les broderies sont particuli\u00e8rement brillants et rendent cette chasuble tr\u00e8s \u00e9l\u00e9gante et solennelle. Disponible en couleur blanche.\",\"breadcrumb\":{\"@id\":\"https:\/\/www.gruppoliturgico.com\/fr\/produit\/chasuble-109\/#breadcrumb\"},\"inLanguage\":\"fr-FR\",\"potentialAction\":[{\"@type\":\"ReadAction\",\"target\":[\"https:\/\/www.gruppoliturgico.com\/fr\/produit\/chasuble-109\/\"]}]},{\"@type\":\"BreadcrumbList\",\"@id\":\"https:\/\/www.gruppoliturgico.com\/fr\/produit\/chasuble-109\/#breadcrumb\",\"itemListElement\":[{\"@type\":\"ListItem\",\"position\":1,\"name\":\"Home\",\"item\":\"https:\/\/www.gruppoliturgico.com\/fr\/\"},{\"@type\":\"ListItem\",\"position\":2,\"name\":\"Boutique\",\"item\":\"https:\/\/www.gruppoliturgico.com\/fr\/boutique\/\"},{\"@type\":\"ListItem\",\"position\":3,\"name\":\"chasuble\"}]},{\"@type\":\"WebSite\",\"@id\":\"https:\/\/www.gruppoliturgico.com\/es\/#website\",\"url\":\"https:\/\/www.gruppoliturgico.com\/es\/\",\"name\":\"Laboratorio Gruppo Liturgico\",\"description\":\"Articoli Religiosi online\",\"publisher\":{\"@id\":\"https:\/\/www.gruppoliturgico.com\/es\/#organization\"},\"potentialAction\":[{\"@type\":\"SearchAction\",\"target\":{\"@type\":\"EntryPoint\",\"urlTemplate\":\"https:\/\/www.gruppoliturgico.com\/es\/?s={search_term_string}\"},\"query-input\":\"required name=search_term_string\"}],\"inLanguage\":\"fr-FR\"},{\"@type\":\"Organization\",\"@id\":\"https:\/\/www.gruppoliturgico.com\/es\/#organization\",\"name\":\"Laboratorio Gruppo Liturgico\",\"url\":\"https:\/\/www.gruppoliturgico.com\/es\/\",\"logo\":{\"@type\":\"ImageObject\",\"inLanguage\":\"fr-FR\",\"@id\":\"https:\/\/www.gruppoliturgico.com\/es\/#\/schema\/logo\/image\/\",\"url\":\"https:\/\/www.gruppoliturgico.com\/wp-content\/uploads\/2022\/02\/logo-laboratoriogruppoliturgico.png\",\"contentUrl\":\"https:\/\/www.gruppoliturgico.com\/wp-content\/uploads\/2022\/02\/logo-laboratoriogruppoliturgico.png\",\"width\":400,\"height\":114,\"caption\":\"Laboratorio Gruppo Liturgico\"},\"image\":{\"@id\":\"https:\/\/www.gruppoliturgico.com\/es\/#\/schema\/logo\/image\/\"}}]}<\/script>\n<!-- \/ Yoast SEO plugin. -->","yoast_head_json":{"title":"chasuble - tiss\u00e9s \u00e0 la main et Laboratorio Gruppo Liturgico","description":"Tr\u00e8s belle chasuble en laine 80% et polyester 20% enti\u00e8rement tiss\u00e9e \u00e0 la main.  Toutes les broderies se r\u00e9p\u00e8tent dans la partie avant, arri\u00e8re et sur les bords.  Les fil\u00e9s utilis\u00e9s pour les broderies sont particuli\u00e8rement brillants et rendent cette chasuble tr\u00e8s \u00e9l\u00e9gante et solennelle.   Disponible en couleur blanche.","robots":{"index":"index","follow":"follow","max-snippet":"max-snippet:-1","max-image-preview":"max-image-preview:large","max-video-preview":"max-video-preview:-1"},"canonical":"https:\/\/www.gruppoliturgico.com\/fr\/produit\/chasuble-109\/","og_locale":"fr_FR","og_type":"article","og_title":"chasuble - tiss\u00e9s \u00e0 la main et Laboratorio Gruppo Liturgico","og_description":"Tr\u00e8s belle chasuble en laine 80% et polyester 20% enti\u00e8rement tiss\u00e9e \u00e0 la main.  Toutes les broderies se r\u00e9p\u00e8tent dans la partie avant, arri\u00e8re et sur les bords.  Les fil\u00e9s utilis\u00e9s pour les broderies sont particuli\u00e8rement brillants et rendent cette chasuble tr\u00e8s \u00e9l\u00e9gante et solennelle.   Disponible en couleur blanche.","og_url":"https:\/\/www.gruppoliturgico.com\/fr\/produit\/chasuble-109\/","og_site_name":"Laboratorio Gruppo Liturgico","article_modified_time":"2022-05-20T10:26:37+00:00","og_image":[{"width":1242,"height":2000,"url":"https:\/\/www.gruppoliturgico.com\/wp-content\/uploads\/2022\/05\/3093.jpg","type":"image\/jpeg"}],"twitter_card":"summary_large_image","schema":{"@context":"https:\/\/schema.org","@graph":[{"@type":"WebPage","@id":"https:\/\/www.gruppoliturgico.com\/fr\/produit\/chasuble-109\/","url":"https:\/\/www.gruppoliturgico.com\/fr\/produit\/chasuble-109\/","name":"chasuble - tiss\u00e9s \u00e0 la main et Laboratorio Gruppo Liturgico","isPartOf":{"@id":"https:\/\/www.gruppoliturgico.com\/es\/#website"},"datePublished":"2022-05-20T02:39:06+00:00","dateModified":"2022-05-20T10:26:37+00:00","description":"Tr\u00e8s belle chasuble en laine 80% et polyester 20% enti\u00e8rement tiss\u00e9e \u00e0 la main. Toutes les broderies se r\u00e9p\u00e8tent dans la partie avant, arri\u00e8re et sur les bords. Les fil\u00e9s utilis\u00e9s pour les broderies sont particuli\u00e8rement brillants et rendent cette chasuble tr\u00e8s \u00e9l\u00e9gante et solennelle. Disponible en couleur blanche.","breadcrumb":{"@id":"https:\/\/www.gruppoliturgico.com\/fr\/produit\/chasuble-109\/#breadcrumb"},"inLanguage":"fr-FR","potentialAction":[{"@type":"ReadAction","target":["https:\/\/www.gruppoliturgico.com\/fr\/produit\/chasuble-109\/"]}]},{"@type":"BreadcrumbList","@id":"https:\/\/www.gruppoliturgico.com\/fr\/produit\/chasuble-109\/#breadcrumb","itemListElement":[{"@type":"ListItem","position":1,"name":"Home","item":"https:\/\/www.gruppoliturgico.com\/fr\/"},{"@type":"ListItem","position":2,"name":"Boutique","item":"https:\/\/www.gruppoliturgico.com\/fr\/boutique\/"},{"@type":"ListItem","position":3,"name":"chasuble"}]},{"@type":"WebSite","@id":"https:\/\/www.gruppoliturgico.com\/es\/#website","url":"https:\/\/www.gruppoliturgico.com\/es\/","name":"Laboratorio Gruppo Liturgico","description":"Articoli Religiosi online","publisher":{"@id":"https:\/\/www.gruppoliturgico.com\/es\/#organization"},"potentialAction":[{"@type":"SearchAction","target":{"@type":"EntryPoint","urlTemplate":"https:\/\/www.gruppoliturgico.com\/es\/?s={search_term_string}"},"query-input":"required name=search_term_string"}],"inLanguage":"fr-FR"},{"@type":"Organization","@id":"https:\/\/www.gruppoliturgico.com\/es\/#organization","name":"Laboratorio Gruppo Liturgico","url":"https:\/\/www.gruppoliturgico.com\/es\/","logo":{"@type":"ImageObject","inLanguage":"fr-FR","@id":"https:\/\/www.gruppoliturgico.com\/es\/#\/schema\/logo\/image\/","url":"https:\/\/www.gruppoliturgico.com\/wp-content\/uploads\/2022\/02\/logo-laboratoriogruppoliturgico.png","contentUrl":"https:\/\/www.gruppoliturgico.com\/wp-content\/uploads\/2022\/02\/logo-laboratoriogruppoliturgico.png","width":400,"height":114,"caption":"Laboratorio Gruppo Liturgico"},"image":{"@id":"https:\/\/www.gruppoliturgico.com\/es\/#\/schema\/logo\/image\/"}}]}},"_links":{"self":[{"href":"https:\/\/www.gruppoliturgico.com\/fr\/wp-json\/wp\/v2\/product\/69922"}],"collection":[{"href":"https:\/\/www.gruppoliturgico.com\/fr\/wp-json\/wp\/v2\/product"}],"about":[{"href":"https:\/\/www.gruppoliturgico.com\/fr\/wp-json\/wp\/v2\/types\/product"}],"wp:featuredmedia":[{"embeddable":true,"href":"https:\/\/www.gruppoliturgico.com\/fr\/wp-json\/wp\/v2\/media\/128706"}],"wp:attachment":[{"href":"https:\/\/www.gruppoliturgico.com\/fr\/wp-json\/wp\/v2\/media?parent=69922"}],"wp:term":[{"taxonomy":"product_cat","embeddable":true,"href":"https:\/\/www.gruppoliturgico.com\/fr\/wp-json\/wp\/v2\/product_cat?post=69922"},{"taxonomy":"product_tag","embeddable":true,"href":"https:\/\/www.gruppoliturgico.com\/fr\/wp-json\/wp\/v2\/product_tag?post=69922"}],"curies":[{"name":"wp","href":"https:\/\/api.w.org\/{rel}","templated":true}]}}