{"id":69894,"date":"2022-05-20T04:37:32","date_gmt":"2022-05-20T02:37:37","guid":{"rendered":"https:\/\/www.gruppoliturgico.com\/prodotto\/colonne-13\/"},"modified":"2023-01-24T14:55:56","modified_gmt":"2023-01-24T13:55:56","slug":"colonne-13","status":"publish","type":"product","link":"https:\/\/www.gruppoliturgico.com\/fr\/produit\/colonne-13\/","title":{"rendered":"Colonne"},"content":{"rendered":"<html><body><p>Colonne en bois massif, avec d\u00e9licate d\u00e9coration imitation marbre.<br>\nSoutien-tabernacle ou statue.<br>\nOrnement central en bois sculpt\u00e9 et dor\u00e9 \u00e0 la feuille d\u2019or.<br>\nLa gradation chromatique de la peinture peut \u00eatre ex\u00e9cut\u00e9e en teintes au choix.<br>\nDimensions<br>\nHauteur cm 110<br>\nBase cm 36 x 52<br>\nPlan d\u2019appui de cm 60 x 40 ou sur demande<\/p>\n<\/body><\/html>","protected":false},"excerpt":{"rendered":"<p>Colonne en bois massif, avec d\u00e9licate d\u00e9coration imitation marbre.<br \/>\nSoutien-tabernacle ou statue.<br \/>\nOrnement central en bois sculpt\u00e9 et dor\u00e9 \u00e0 la feuille d\u2019or.<br \/>\nLa gradation chromatique de la peinture peut \u00eatre ex\u00e9cut\u00e9e en teintes au choix.<br \/>\nDimensions<br \/>\nHauteur cm 110<br \/>\nBase cm 36 x 52<br \/>\nPlan d&rsquo;appui de cm 60 x 40 ou sur demande<\/p>\n","protected":false},"featured_media":131145,"template":"","meta":[],"product_cat":[12172,15263],"product_tag":[],"yoast_head":"<!-- This site is optimized with the Yoast SEO plugin v20.4 - https:\/\/yoast.com\/wordpress\/plugins\/seo\/ -->\n<title>Colonne - art 2787, Colonnes soutien statue ou tabernacle et Laboratorio Gruppo Liturgico<\/title>\n<meta name=\"description\" content=\"Colonne en bois massif, avec d\u00e9licate d\u00e9coration imitation marbre. Soutien-tabernacle ou statue. Ornement central en bois sculpt\u00e9 et dor\u00e9 \u00e0 la feuille d\u2019or. La gradation chromatique de la peinture peut \u00eatre ex\u00e9cut\u00e9e en teintes au choix. Dimensions Hauteur cm 110  Base cm 36 x 52 Plan d&#039;appui de cm 60 x 40 ou sur demande\" \/>\n<meta name=\"robots\" content=\"index, follow, max-snippet:-1, max-image-preview:large, max-video-preview:-1\" \/>\n<link rel=\"canonical\" href=\"https:\/\/www.gruppoliturgico.com\/fr\/produit\/colonne-13\/\" \/>\n<meta property=\"og:locale\" content=\"fr_FR\" \/>\n<meta property=\"og:type\" content=\"article\" \/>\n<meta property=\"og:title\" content=\"Colonne - art 2787, Colonnes soutien statue ou tabernacle et Laboratorio Gruppo Liturgico\" \/>\n<meta property=\"og:description\" content=\"Colonne en bois massif, avec d\u00e9licate d\u00e9coration imitation marbre. Soutien-tabernacle ou statue. Ornement central en bois sculpt\u00e9 et dor\u00e9 \u00e0 la feuille d\u2019or. La gradation chromatique de la peinture peut \u00eatre ex\u00e9cut\u00e9e en teintes au choix. Dimensions Hauteur cm 110  Base cm 36 x 52 Plan d&#039;appui de cm 60 x 40 ou sur demande\" \/>\n<meta property=\"og:url\" content=\"https:\/\/www.gruppoliturgico.com\/fr\/produit\/colonne-13\/\" \/>\n<meta property=\"og:site_name\" content=\"Laboratorio Gruppo Liturgico\" \/>\n<meta property=\"article:modified_time\" content=\"2023-01-24T13:55:56+00:00\" \/>\n<meta property=\"og:image\" content=\"https:\/\/www.gruppoliturgico.com\/wp-content\/uploads\/2022\/05\/2789.jpg\" \/>\n\t<meta property=\"og:image:width\" content=\"956\" \/>\n\t<meta property=\"og:image:height\" content=\"1500\" \/>\n\t<meta property=\"og:image:type\" content=\"image\/jpeg\" \/>\n<meta name=\"twitter:card\" content=\"summary_large_image\" \/>\n<script type=\"application\/ld+json\" class=\"yoast-schema-graph\">{\"@context\":\"https:\/\/schema.org\",\"@graph\":[{\"@type\":\"WebPage\",\"@id\":\"https:\/\/www.gruppoliturgico.com\/fr\/produit\/colonne-13\/\",\"url\":\"https:\/\/www.gruppoliturgico.com\/fr\/produit\/colonne-13\/\",\"name\":\"Colonne - art 2787, Colonnes soutien statue ou tabernacle et Laboratorio Gruppo Liturgico\",\"isPartOf\":{\"@id\":\"https:\/\/www.gruppoliturgico.com\/es\/#website\"},\"datePublished\":\"2022-05-20T02:37:37+00:00\",\"dateModified\":\"2023-01-24T13:55:56+00:00\",\"description\":\"Colonne en bois massif, avec d\u00e9licate d\u00e9coration imitation marbre. Soutien-tabernacle ou statue. Ornement central en bois sculpt\u00e9 et dor\u00e9 \u00e0 la feuille d\u2019or. La gradation chromatique de la peinture peut \u00eatre ex\u00e9cut\u00e9e en teintes au choix. Dimensions Hauteur cm 110 Base cm 36 x 52 Plan d'appui de cm 60 x 40 ou sur demande\",\"breadcrumb\":{\"@id\":\"https:\/\/www.gruppoliturgico.com\/fr\/produit\/colonne-13\/#breadcrumb\"},\"inLanguage\":\"fr-FR\",\"potentialAction\":[{\"@type\":\"ReadAction\",\"target\":[\"https:\/\/www.gruppoliturgico.com\/fr\/produit\/colonne-13\/\"]}]},{\"@type\":\"BreadcrumbList\",\"@id\":\"https:\/\/www.gruppoliturgico.com\/fr\/produit\/colonne-13\/#breadcrumb\",\"itemListElement\":[{\"@type\":\"ListItem\",\"position\":1,\"name\":\"Home\",\"item\":\"https:\/\/www.gruppoliturgico.com\/fr\/\"},{\"@type\":\"ListItem\",\"position\":2,\"name\":\"Boutique\",\"item\":\"https:\/\/www.gruppoliturgico.com\/fr\/boutique\/\"},{\"@type\":\"ListItem\",\"position\":3,\"name\":\"Colonne\"}]},{\"@type\":\"WebSite\",\"@id\":\"https:\/\/www.gruppoliturgico.com\/es\/#website\",\"url\":\"https:\/\/www.gruppoliturgico.com\/es\/\",\"name\":\"Laboratorio Gruppo Liturgico\",\"description\":\"Articoli Religiosi online\",\"publisher\":{\"@id\":\"https:\/\/www.gruppoliturgico.com\/es\/#organization\"},\"potentialAction\":[{\"@type\":\"SearchAction\",\"target\":{\"@type\":\"EntryPoint\",\"urlTemplate\":\"https:\/\/www.gruppoliturgico.com\/es\/?s={search_term_string}\"},\"query-input\":\"required name=search_term_string\"}],\"inLanguage\":\"fr-FR\"},{\"@type\":\"Organization\",\"@id\":\"https:\/\/www.gruppoliturgico.com\/es\/#organization\",\"name\":\"Laboratorio Gruppo Liturgico\",\"url\":\"https:\/\/www.gruppoliturgico.com\/es\/\",\"logo\":{\"@type\":\"ImageObject\",\"inLanguage\":\"fr-FR\",\"@id\":\"https:\/\/www.gruppoliturgico.com\/es\/#\/schema\/logo\/image\/\",\"url\":\"https:\/\/www.gruppoliturgico.com\/wp-content\/uploads\/2022\/02\/logo-laboratoriogruppoliturgico.png\",\"contentUrl\":\"https:\/\/www.gruppoliturgico.com\/wp-content\/uploads\/2022\/02\/logo-laboratoriogruppoliturgico.png\",\"width\":400,\"height\":114,\"caption\":\"Laboratorio Gruppo Liturgico\"},\"image\":{\"@id\":\"https:\/\/www.gruppoliturgico.com\/es\/#\/schema\/logo\/image\/\"}}]}<\/script>\n<!-- \/ Yoast SEO plugin. -->","yoast_head_json":{"title":"Colonne - art 2787, Colonnes soutien statue ou tabernacle et Laboratorio Gruppo Liturgico","description":"Colonne en bois massif, avec d\u00e9licate d\u00e9coration imitation marbre. Soutien-tabernacle ou statue. Ornement central en bois sculpt\u00e9 et dor\u00e9 \u00e0 la feuille d\u2019or. La gradation chromatique de la peinture peut \u00eatre ex\u00e9cut\u00e9e en teintes au choix. Dimensions Hauteur cm 110  Base cm 36 x 52 Plan d'appui de cm 60 x 40 ou sur demande","robots":{"index":"index","follow":"follow","max-snippet":"max-snippet:-1","max-image-preview":"max-image-preview:large","max-video-preview":"max-video-preview:-1"},"canonical":"https:\/\/www.gruppoliturgico.com\/fr\/produit\/colonne-13\/","og_locale":"fr_FR","og_type":"article","og_title":"Colonne - art 2787, Colonnes soutien statue ou tabernacle et Laboratorio Gruppo Liturgico","og_description":"Colonne en bois massif, avec d\u00e9licate d\u00e9coration imitation marbre. Soutien-tabernacle ou statue. Ornement central en bois sculpt\u00e9 et dor\u00e9 \u00e0 la feuille d\u2019or. La gradation chromatique de la peinture peut \u00eatre ex\u00e9cut\u00e9e en teintes au choix. Dimensions Hauteur cm 110  Base cm 36 x 52 Plan d'appui de cm 60 x 40 ou sur demande","og_url":"https:\/\/www.gruppoliturgico.com\/fr\/produit\/colonne-13\/","og_site_name":"Laboratorio Gruppo Liturgico","article_modified_time":"2023-01-24T13:55:56+00:00","og_image":[{"width":956,"height":1500,"url":"https:\/\/www.gruppoliturgico.com\/wp-content\/uploads\/2022\/05\/2789.jpg","type":"image\/jpeg"}],"twitter_card":"summary_large_image","schema":{"@context":"https:\/\/schema.org","@graph":[{"@type":"WebPage","@id":"https:\/\/www.gruppoliturgico.com\/fr\/produit\/colonne-13\/","url":"https:\/\/www.gruppoliturgico.com\/fr\/produit\/colonne-13\/","name":"Colonne - art 2787, Colonnes soutien statue ou tabernacle et Laboratorio Gruppo Liturgico","isPartOf":{"@id":"https:\/\/www.gruppoliturgico.com\/es\/#website"},"datePublished":"2022-05-20T02:37:37+00:00","dateModified":"2023-01-24T13:55:56+00:00","description":"Colonne en bois massif, avec d\u00e9licate d\u00e9coration imitation marbre. Soutien-tabernacle ou statue. Ornement central en bois sculpt\u00e9 et dor\u00e9 \u00e0 la feuille d\u2019or. La gradation chromatique de la peinture peut \u00eatre ex\u00e9cut\u00e9e en teintes au choix. Dimensions Hauteur cm 110 Base cm 36 x 52 Plan d'appui de cm 60 x 40 ou sur demande","breadcrumb":{"@id":"https:\/\/www.gruppoliturgico.com\/fr\/produit\/colonne-13\/#breadcrumb"},"inLanguage":"fr-FR","potentialAction":[{"@type":"ReadAction","target":["https:\/\/www.gruppoliturgico.com\/fr\/produit\/colonne-13\/"]}]},{"@type":"BreadcrumbList","@id":"https:\/\/www.gruppoliturgico.com\/fr\/produit\/colonne-13\/#breadcrumb","itemListElement":[{"@type":"ListItem","position":1,"name":"Home","item":"https:\/\/www.gruppoliturgico.com\/fr\/"},{"@type":"ListItem","position":2,"name":"Boutique","item":"https:\/\/www.gruppoliturgico.com\/fr\/boutique\/"},{"@type":"ListItem","position":3,"name":"Colonne"}]},{"@type":"WebSite","@id":"https:\/\/www.gruppoliturgico.com\/es\/#website","url":"https:\/\/www.gruppoliturgico.com\/es\/","name":"Laboratorio Gruppo Liturgico","description":"Articoli Religiosi online","publisher":{"@id":"https:\/\/www.gruppoliturgico.com\/es\/#organization"},"potentialAction":[{"@type":"SearchAction","target":{"@type":"EntryPoint","urlTemplate":"https:\/\/www.gruppoliturgico.com\/es\/?s={search_term_string}"},"query-input":"required name=search_term_string"}],"inLanguage":"fr-FR"},{"@type":"Organization","@id":"https:\/\/www.gruppoliturgico.com\/es\/#organization","name":"Laboratorio Gruppo Liturgico","url":"https:\/\/www.gruppoliturgico.com\/es\/","logo":{"@type":"ImageObject","inLanguage":"fr-FR","@id":"https:\/\/www.gruppoliturgico.com\/es\/#\/schema\/logo\/image\/","url":"https:\/\/www.gruppoliturgico.com\/wp-content\/uploads\/2022\/02\/logo-laboratoriogruppoliturgico.png","contentUrl":"https:\/\/www.gruppoliturgico.com\/wp-content\/uploads\/2022\/02\/logo-laboratoriogruppoliturgico.png","width":400,"height":114,"caption":"Laboratorio Gruppo Liturgico"},"image":{"@id":"https:\/\/www.gruppoliturgico.com\/es\/#\/schema\/logo\/image\/"}}]}},"_links":{"self":[{"href":"https:\/\/www.gruppoliturgico.com\/fr\/wp-json\/wp\/v2\/product\/69894"}],"collection":[{"href":"https:\/\/www.gruppoliturgico.com\/fr\/wp-json\/wp\/v2\/product"}],"about":[{"href":"https:\/\/www.gruppoliturgico.com\/fr\/wp-json\/wp\/v2\/types\/product"}],"wp:featuredmedia":[{"embeddable":true,"href":"https:\/\/www.gruppoliturgico.com\/fr\/wp-json\/wp\/v2\/media\/131145"}],"wp:attachment":[{"href":"https:\/\/www.gruppoliturgico.com\/fr\/wp-json\/wp\/v2\/media?parent=69894"}],"wp:term":[{"taxonomy":"product_cat","embeddable":true,"href":"https:\/\/www.gruppoliturgico.com\/fr\/wp-json\/wp\/v2\/product_cat?post=69894"},{"taxonomy":"product_tag","embeddable":true,"href":"https:\/\/www.gruppoliturgico.com\/fr\/wp-json\/wp\/v2\/product_tag?post=69894"}],"curies":[{"name":"wp","href":"https:\/\/api.w.org\/{rel}","templated":true}]}}