{"id":69890,"date":"2022-05-20T04:37:19","date_gmt":"2022-05-20T02:37:25","guid":{"rendered":"https:\/\/www.gruppoliturgico.com\/prodotto\/ambon-19\/"},"modified":"2022-10-22T10:13:35","modified_gmt":"2022-10-22T08:13:35","slug":"ambon-19","status":"publish","type":"product","link":"https:\/\/www.gruppoliturgico.com\/fr\/produit\/ambon-19\/","title":{"rendered":"Ambon"},"content":{"rendered":"<html><body><p>Ambon en bois massif, avec d\u00e9licate d\u00e9coration imitation marbre.<br>\nOrnement central en bois sculpt\u00e9 et dor\u00e9 \u00e0 la feuille d\u2019or.<br>\nLa gradation chromatique de la peinture peut \u00eatre ex\u00e9cut\u00e9e en teintes au choix.<br>\nHauteur cm 125<br>\nbase cm 36 x 52<\/p>\n<\/body><\/html>","protected":false},"excerpt":{"rendered":"<p>Ambon en bois massif, avec d\u00e9licate d\u00e9coration imitation marbre.<br \/>\nOrnement central en bois sculpt\u00e9 et dor\u00e9 \u00e0 la feuille d\u2019or.<br \/>\nLa gradation chromatique de la peinture peut \u00eatre ex\u00e9cut\u00e9e en teintes au choix.<br \/>\nHauteur cm 125<br \/>\nBase cm 36 x 52<\/p>\n","protected":false},"featured_media":131141,"template":"","meta":[],"product_cat":[12172,12184],"product_tag":[],"yoast_head":"<!-- This site is optimized with the Yoast SEO plugin v20.4 - https:\/\/yoast.com\/wordpress\/plugins\/seo\/ -->\n<title>Ambon - art 2787, ambons et lutrins en bois et Laboratorio Gruppo Liturgico<\/title>\n<meta name=\"description\" content=\"Ambon en bois massif, avec d\u00e9licate d\u00e9coration imitation marbre. Ornement central en bois sculpt\u00e9 et dor\u00e9 \u00e0 la feuille d\u2019or. La gradation chromatique de la peinture peut \u00eatre ex\u00e9cut\u00e9e en teintes au choix. Hauteur cm 125 Base cm 36 x 52\" \/>\n<meta name=\"robots\" content=\"index, follow, max-snippet:-1, max-image-preview:large, max-video-preview:-1\" \/>\n<link rel=\"canonical\" href=\"https:\/\/www.gruppoliturgico.com\/fr\/produit\/ambon-19\/\" \/>\n<meta property=\"og:locale\" content=\"fr_FR\" \/>\n<meta property=\"og:type\" content=\"article\" \/>\n<meta property=\"og:title\" content=\"Ambon - art 2787, ambons et lutrins en bois et Laboratorio Gruppo Liturgico\" \/>\n<meta property=\"og:description\" content=\"Ambon en bois massif, avec d\u00e9licate d\u00e9coration imitation marbre. Ornement central en bois sculpt\u00e9 et dor\u00e9 \u00e0 la feuille d\u2019or. La gradation chromatique de la peinture peut \u00eatre ex\u00e9cut\u00e9e en teintes au choix. Hauteur cm 125 Base cm 36 x 52\" \/>\n<meta property=\"og:url\" content=\"https:\/\/www.gruppoliturgico.com\/fr\/produit\/ambon-19\/\" \/>\n<meta property=\"og:site_name\" content=\"Laboratorio Gruppo Liturgico\" \/>\n<meta property=\"article:modified_time\" content=\"2022-10-22T08:13:35+00:00\" \/>\n<meta property=\"og:image\" content=\"https:\/\/www.gruppoliturgico.com\/wp-content\/uploads\/2022\/05\/2788.jpg\" \/>\n\t<meta property=\"og:image:width\" content=\"792\" \/>\n\t<meta property=\"og:image:height\" content=\"1500\" \/>\n\t<meta property=\"og:image:type\" content=\"image\/jpeg\" \/>\n<meta name=\"twitter:card\" content=\"summary_large_image\" \/>\n<script type=\"application\/ld+json\" class=\"yoast-schema-graph\">{\"@context\":\"https:\/\/schema.org\",\"@graph\":[{\"@type\":\"WebPage\",\"@id\":\"https:\/\/www.gruppoliturgico.com\/fr\/produit\/ambon-19\/\",\"url\":\"https:\/\/www.gruppoliturgico.com\/fr\/produit\/ambon-19\/\",\"name\":\"Ambon - art 2787, ambons et lutrins en bois et Laboratorio Gruppo Liturgico\",\"isPartOf\":{\"@id\":\"https:\/\/www.gruppoliturgico.com\/es\/#website\"},\"datePublished\":\"2022-05-20T02:37:25+00:00\",\"dateModified\":\"2022-10-22T08:13:35+00:00\",\"description\":\"Ambon en bois massif, avec d\u00e9licate d\u00e9coration imitation marbre. Ornement central en bois sculpt\u00e9 et dor\u00e9 \u00e0 la feuille d\u2019or. La gradation chromatique de la peinture peut \u00eatre ex\u00e9cut\u00e9e en teintes au choix. Hauteur cm 125 Base cm 36 x 52\",\"breadcrumb\":{\"@id\":\"https:\/\/www.gruppoliturgico.com\/fr\/produit\/ambon-19\/#breadcrumb\"},\"inLanguage\":\"fr-FR\",\"potentialAction\":[{\"@type\":\"ReadAction\",\"target\":[\"https:\/\/www.gruppoliturgico.com\/fr\/produit\/ambon-19\/\"]}]},{\"@type\":\"BreadcrumbList\",\"@id\":\"https:\/\/www.gruppoliturgico.com\/fr\/produit\/ambon-19\/#breadcrumb\",\"itemListElement\":[{\"@type\":\"ListItem\",\"position\":1,\"name\":\"Home\",\"item\":\"https:\/\/www.gruppoliturgico.com\/fr\/\"},{\"@type\":\"ListItem\",\"position\":2,\"name\":\"Boutique\",\"item\":\"https:\/\/www.gruppoliturgico.com\/fr\/boutique\/\"},{\"@type\":\"ListItem\",\"position\":3,\"name\":\"Ambon\"}]},{\"@type\":\"WebSite\",\"@id\":\"https:\/\/www.gruppoliturgico.com\/es\/#website\",\"url\":\"https:\/\/www.gruppoliturgico.com\/es\/\",\"name\":\"Laboratorio Gruppo Liturgico\",\"description\":\"Articoli Religiosi online\",\"publisher\":{\"@id\":\"https:\/\/www.gruppoliturgico.com\/es\/#organization\"},\"potentialAction\":[{\"@type\":\"SearchAction\",\"target\":{\"@type\":\"EntryPoint\",\"urlTemplate\":\"https:\/\/www.gruppoliturgico.com\/es\/?s={search_term_string}\"},\"query-input\":\"required name=search_term_string\"}],\"inLanguage\":\"fr-FR\"},{\"@type\":\"Organization\",\"@id\":\"https:\/\/www.gruppoliturgico.com\/es\/#organization\",\"name\":\"Laboratorio Gruppo Liturgico\",\"url\":\"https:\/\/www.gruppoliturgico.com\/es\/\",\"logo\":{\"@type\":\"ImageObject\",\"inLanguage\":\"fr-FR\",\"@id\":\"https:\/\/www.gruppoliturgico.com\/es\/#\/schema\/logo\/image\/\",\"url\":\"https:\/\/www.gruppoliturgico.com\/wp-content\/uploads\/2022\/02\/logo-laboratoriogruppoliturgico.png\",\"contentUrl\":\"https:\/\/www.gruppoliturgico.com\/wp-content\/uploads\/2022\/02\/logo-laboratoriogruppoliturgico.png\",\"width\":400,\"height\":114,\"caption\":\"Laboratorio Gruppo Liturgico\"},\"image\":{\"@id\":\"https:\/\/www.gruppoliturgico.com\/es\/#\/schema\/logo\/image\/\"}}]}<\/script>\n<!-- \/ Yoast SEO plugin. -->","yoast_head_json":{"title":"Ambon - art 2787, ambons et lutrins en bois et Laboratorio Gruppo Liturgico","description":"Ambon en bois massif, avec d\u00e9licate d\u00e9coration imitation marbre. Ornement central en bois sculpt\u00e9 et dor\u00e9 \u00e0 la feuille d\u2019or. La gradation chromatique de la peinture peut \u00eatre ex\u00e9cut\u00e9e en teintes au choix. Hauteur cm 125 Base cm 36 x 52","robots":{"index":"index","follow":"follow","max-snippet":"max-snippet:-1","max-image-preview":"max-image-preview:large","max-video-preview":"max-video-preview:-1"},"canonical":"https:\/\/www.gruppoliturgico.com\/fr\/produit\/ambon-19\/","og_locale":"fr_FR","og_type":"article","og_title":"Ambon - art 2787, ambons et lutrins en bois et Laboratorio Gruppo Liturgico","og_description":"Ambon en bois massif, avec d\u00e9licate d\u00e9coration imitation marbre. Ornement central en bois sculpt\u00e9 et dor\u00e9 \u00e0 la feuille d\u2019or. La gradation chromatique de la peinture peut \u00eatre ex\u00e9cut\u00e9e en teintes au choix. Hauteur cm 125 Base cm 36 x 52","og_url":"https:\/\/www.gruppoliturgico.com\/fr\/produit\/ambon-19\/","og_site_name":"Laboratorio Gruppo Liturgico","article_modified_time":"2022-10-22T08:13:35+00:00","og_image":[{"width":792,"height":1500,"url":"https:\/\/www.gruppoliturgico.com\/wp-content\/uploads\/2022\/05\/2788.jpg","type":"image\/jpeg"}],"twitter_card":"summary_large_image","schema":{"@context":"https:\/\/schema.org","@graph":[{"@type":"WebPage","@id":"https:\/\/www.gruppoliturgico.com\/fr\/produit\/ambon-19\/","url":"https:\/\/www.gruppoliturgico.com\/fr\/produit\/ambon-19\/","name":"Ambon - art 2787, ambons et lutrins en bois et Laboratorio Gruppo Liturgico","isPartOf":{"@id":"https:\/\/www.gruppoliturgico.com\/es\/#website"},"datePublished":"2022-05-20T02:37:25+00:00","dateModified":"2022-10-22T08:13:35+00:00","description":"Ambon en bois massif, avec d\u00e9licate d\u00e9coration imitation marbre. Ornement central en bois sculpt\u00e9 et dor\u00e9 \u00e0 la feuille d\u2019or. La gradation chromatique de la peinture peut \u00eatre ex\u00e9cut\u00e9e en teintes au choix. Hauteur cm 125 Base cm 36 x 52","breadcrumb":{"@id":"https:\/\/www.gruppoliturgico.com\/fr\/produit\/ambon-19\/#breadcrumb"},"inLanguage":"fr-FR","potentialAction":[{"@type":"ReadAction","target":["https:\/\/www.gruppoliturgico.com\/fr\/produit\/ambon-19\/"]}]},{"@type":"BreadcrumbList","@id":"https:\/\/www.gruppoliturgico.com\/fr\/produit\/ambon-19\/#breadcrumb","itemListElement":[{"@type":"ListItem","position":1,"name":"Home","item":"https:\/\/www.gruppoliturgico.com\/fr\/"},{"@type":"ListItem","position":2,"name":"Boutique","item":"https:\/\/www.gruppoliturgico.com\/fr\/boutique\/"},{"@type":"ListItem","position":3,"name":"Ambon"}]},{"@type":"WebSite","@id":"https:\/\/www.gruppoliturgico.com\/es\/#website","url":"https:\/\/www.gruppoliturgico.com\/es\/","name":"Laboratorio Gruppo Liturgico","description":"Articoli Religiosi online","publisher":{"@id":"https:\/\/www.gruppoliturgico.com\/es\/#organization"},"potentialAction":[{"@type":"SearchAction","target":{"@type":"EntryPoint","urlTemplate":"https:\/\/www.gruppoliturgico.com\/es\/?s={search_term_string}"},"query-input":"required name=search_term_string"}],"inLanguage":"fr-FR"},{"@type":"Organization","@id":"https:\/\/www.gruppoliturgico.com\/es\/#organization","name":"Laboratorio Gruppo Liturgico","url":"https:\/\/www.gruppoliturgico.com\/es\/","logo":{"@type":"ImageObject","inLanguage":"fr-FR","@id":"https:\/\/www.gruppoliturgico.com\/es\/#\/schema\/logo\/image\/","url":"https:\/\/www.gruppoliturgico.com\/wp-content\/uploads\/2022\/02\/logo-laboratoriogruppoliturgico.png","contentUrl":"https:\/\/www.gruppoliturgico.com\/wp-content\/uploads\/2022\/02\/logo-laboratoriogruppoliturgico.png","width":400,"height":114,"caption":"Laboratorio Gruppo Liturgico"},"image":{"@id":"https:\/\/www.gruppoliturgico.com\/es\/#\/schema\/logo\/image\/"}}]}},"_links":{"self":[{"href":"https:\/\/www.gruppoliturgico.com\/fr\/wp-json\/wp\/v2\/product\/69890"}],"collection":[{"href":"https:\/\/www.gruppoliturgico.com\/fr\/wp-json\/wp\/v2\/product"}],"about":[{"href":"https:\/\/www.gruppoliturgico.com\/fr\/wp-json\/wp\/v2\/types\/product"}],"wp:featuredmedia":[{"embeddable":true,"href":"https:\/\/www.gruppoliturgico.com\/fr\/wp-json\/wp\/v2\/media\/131141"}],"wp:attachment":[{"href":"https:\/\/www.gruppoliturgico.com\/fr\/wp-json\/wp\/v2\/media?parent=69890"}],"wp:term":[{"taxonomy":"product_cat","embeddable":true,"href":"https:\/\/www.gruppoliturgico.com\/fr\/wp-json\/wp\/v2\/product_cat?post=69890"},{"taxonomy":"product_tag","embeddable":true,"href":"https:\/\/www.gruppoliturgico.com\/fr\/wp-json\/wp\/v2\/product_tag?post=69890"}],"curies":[{"name":"wp","href":"https:\/\/api.w.org\/{rel}","templated":true}]}}