{"id":69878,"date":"2022-05-20T04:36:40","date_gmt":"2022-05-20T02:36:47","guid":{"rendered":"https:\/\/www.gruppoliturgico.com\/prodotto\/baptistere-10\/"},"modified":"2022-10-21T17:16:36","modified_gmt":"2022-10-21T15:16:36","slug":"baptistere-10","status":"publish","type":"product","link":"https:\/\/www.gruppoliturgico.com\/fr\/produit\/baptistere-10\/","title":{"rendered":"Baptist\u00e8re"},"content":{"rendered":"<html><body><p>Baptist\u00e8re avec structure en bois d\u00e9cor\u00e9 effet marbre de forme octogonale.<br>\nAvec le bassin pour l\u2019eau et le couvercle en cuivre repouss\u00e9 \u00e0 la main \u00d8 40 cm<br>\nLe d\u00e9grad\u00e9 chromatique de la peinture peut se faire avec des couleurs sur demande ainsi que les d\u00e9cors.<br>\nDimensions<br>\nHauteur cm 95<br>\nDiam\u00e8tre cm 60.<\/p>\n<\/body><\/html>","protected":false},"excerpt":{"rendered":"<p>Baptist\u00e8re avec structure en bois d\u00e9cor\u00e9 effet marbre de forme octogonale.<br \/>\nAvec le bassin pour l&rsquo;eau et le couvercle en cuivre repouss\u00e9 \u00e0 la main \u00d8 40 cm<br \/>\nLe d\u00e9grad\u00e9 chromatique de la peinture peut se faire avec des couleurs sur demande ainsi que les d\u00e9cors.<br \/>\nDimensions<br \/>\nHauteur cm 95<br \/>\nDiam\u00e8tre cm 60.<\/p>\n","protected":false},"featured_media":131637,"template":"","meta":[],"product_cat":[12168,11732],"product_tag":[],"yoast_head":"<!-- This site is optimized with the Yoast SEO plugin v20.4 - https:\/\/yoast.com\/wordpress\/plugins\/seo\/ -->\n<title>Baptist\u00e8re - art 2639, baptist\u00e8res et Laboratorio Gruppo Liturgico<\/title>\n<meta name=\"description\" content=\"Baptist\u00e8re avec structure en bois d\u00e9cor\u00e9 effet marbre de forme octogonale.  Avec le bassin pour l&#039;eau et le couvercle en cuivre repouss\u00e9 \u00e0 la main \u00d8 40 cm  Le d\u00e9grad\u00e9 chromatique de la peinture peut se faire avec des couleurs sur demande ainsi que les d\u00e9cors. Dimensions Hauteur cm 95 Diam\u00e8tre cm 60.\" \/>\n<meta name=\"robots\" content=\"index, follow, max-snippet:-1, max-image-preview:large, max-video-preview:-1\" \/>\n<link rel=\"canonical\" href=\"https:\/\/www.gruppoliturgico.com\/fr\/produit\/baptistere-10\/\" \/>\n<meta property=\"og:locale\" content=\"fr_FR\" \/>\n<meta property=\"og:type\" content=\"article\" \/>\n<meta property=\"og:title\" content=\"Baptist\u00e8re - art 2639, baptist\u00e8res et Laboratorio Gruppo Liturgico\" \/>\n<meta property=\"og:description\" content=\"Baptist\u00e8re avec structure en bois d\u00e9cor\u00e9 effet marbre de forme octogonale.  Avec le bassin pour l&#039;eau et le couvercle en cuivre repouss\u00e9 \u00e0 la main \u00d8 40 cm  Le d\u00e9grad\u00e9 chromatique de la peinture peut se faire avec des couleurs sur demande ainsi que les d\u00e9cors. Dimensions Hauteur cm 95 Diam\u00e8tre cm 60.\" \/>\n<meta property=\"og:url\" content=\"https:\/\/www.gruppoliturgico.com\/fr\/produit\/baptistere-10\/\" \/>\n<meta property=\"og:site_name\" content=\"Laboratorio Gruppo Liturgico\" \/>\n<meta property=\"article:modified_time\" content=\"2022-10-21T15:16:36+00:00\" \/>\n<meta property=\"og:image\" content=\"https:\/\/www.gruppoliturgico.com\/wp-content\/uploads\/2022\/05\/2643_nv.jpg\" \/>\n\t<meta property=\"og:image:width\" content=\"1146\" \/>\n\t<meta property=\"og:image:height\" content=\"2000\" \/>\n\t<meta property=\"og:image:type\" content=\"image\/jpeg\" \/>\n<meta name=\"twitter:card\" content=\"summary_large_image\" \/>\n<script type=\"application\/ld+json\" class=\"yoast-schema-graph\">{\"@context\":\"https:\/\/schema.org\",\"@graph\":[{\"@type\":\"WebPage\",\"@id\":\"https:\/\/www.gruppoliturgico.com\/fr\/produit\/baptistere-10\/\",\"url\":\"https:\/\/www.gruppoliturgico.com\/fr\/produit\/baptistere-10\/\",\"name\":\"Baptist\u00e8re - art 2639, baptist\u00e8res et Laboratorio Gruppo Liturgico\",\"isPartOf\":{\"@id\":\"https:\/\/www.gruppoliturgico.com\/es\/#website\"},\"datePublished\":\"2022-05-20T02:36:47+00:00\",\"dateModified\":\"2022-10-21T15:16:36+00:00\",\"description\":\"Baptist\u00e8re avec structure en bois d\u00e9cor\u00e9 effet marbre de forme octogonale. Avec le bassin pour l'eau et le couvercle en cuivre repouss\u00e9 \u00e0 la main \u00d8 40 cm Le d\u00e9grad\u00e9 chromatique de la peinture peut se faire avec des couleurs sur demande ainsi que les d\u00e9cors. Dimensions Hauteur cm 95 Diam\u00e8tre cm 60.\",\"breadcrumb\":{\"@id\":\"https:\/\/www.gruppoliturgico.com\/fr\/produit\/baptistere-10\/#breadcrumb\"},\"inLanguage\":\"fr-FR\",\"potentialAction\":[{\"@type\":\"ReadAction\",\"target\":[\"https:\/\/www.gruppoliturgico.com\/fr\/produit\/baptistere-10\/\"]}]},{\"@type\":\"BreadcrumbList\",\"@id\":\"https:\/\/www.gruppoliturgico.com\/fr\/produit\/baptistere-10\/#breadcrumb\",\"itemListElement\":[{\"@type\":\"ListItem\",\"position\":1,\"name\":\"Home\",\"item\":\"https:\/\/www.gruppoliturgico.com\/fr\/\"},{\"@type\":\"ListItem\",\"position\":2,\"name\":\"Boutique\",\"item\":\"https:\/\/www.gruppoliturgico.com\/fr\/boutique\/\"},{\"@type\":\"ListItem\",\"position\":3,\"name\":\"Baptist\u00e8re\"}]},{\"@type\":\"WebSite\",\"@id\":\"https:\/\/www.gruppoliturgico.com\/es\/#website\",\"url\":\"https:\/\/www.gruppoliturgico.com\/es\/\",\"name\":\"Laboratorio Gruppo Liturgico\",\"description\":\"Articoli Religiosi online\",\"publisher\":{\"@id\":\"https:\/\/www.gruppoliturgico.com\/es\/#organization\"},\"potentialAction\":[{\"@type\":\"SearchAction\",\"target\":{\"@type\":\"EntryPoint\",\"urlTemplate\":\"https:\/\/www.gruppoliturgico.com\/es\/?s={search_term_string}\"},\"query-input\":\"required name=search_term_string\"}],\"inLanguage\":\"fr-FR\"},{\"@type\":\"Organization\",\"@id\":\"https:\/\/www.gruppoliturgico.com\/es\/#organization\",\"name\":\"Laboratorio Gruppo Liturgico\",\"url\":\"https:\/\/www.gruppoliturgico.com\/es\/\",\"logo\":{\"@type\":\"ImageObject\",\"inLanguage\":\"fr-FR\",\"@id\":\"https:\/\/www.gruppoliturgico.com\/es\/#\/schema\/logo\/image\/\",\"url\":\"https:\/\/www.gruppoliturgico.com\/wp-content\/uploads\/2022\/02\/logo-laboratoriogruppoliturgico.png\",\"contentUrl\":\"https:\/\/www.gruppoliturgico.com\/wp-content\/uploads\/2022\/02\/logo-laboratoriogruppoliturgico.png\",\"width\":400,\"height\":114,\"caption\":\"Laboratorio Gruppo Liturgico\"},\"image\":{\"@id\":\"https:\/\/www.gruppoliturgico.com\/es\/#\/schema\/logo\/image\/\"}}]}<\/script>\n<!-- \/ Yoast SEO plugin. -->","yoast_head_json":{"title":"Baptist\u00e8re - art 2639, baptist\u00e8res et Laboratorio Gruppo Liturgico","description":"Baptist\u00e8re avec structure en bois d\u00e9cor\u00e9 effet marbre de forme octogonale.  Avec le bassin pour l'eau et le couvercle en cuivre repouss\u00e9 \u00e0 la main \u00d8 40 cm  Le d\u00e9grad\u00e9 chromatique de la peinture peut se faire avec des couleurs sur demande ainsi que les d\u00e9cors. Dimensions Hauteur cm 95 Diam\u00e8tre cm 60.","robots":{"index":"index","follow":"follow","max-snippet":"max-snippet:-1","max-image-preview":"max-image-preview:large","max-video-preview":"max-video-preview:-1"},"canonical":"https:\/\/www.gruppoliturgico.com\/fr\/produit\/baptistere-10\/","og_locale":"fr_FR","og_type":"article","og_title":"Baptist\u00e8re - art 2639, baptist\u00e8res et Laboratorio Gruppo Liturgico","og_description":"Baptist\u00e8re avec structure en bois d\u00e9cor\u00e9 effet marbre de forme octogonale.  Avec le bassin pour l'eau et le couvercle en cuivre repouss\u00e9 \u00e0 la main \u00d8 40 cm  Le d\u00e9grad\u00e9 chromatique de la peinture peut se faire avec des couleurs sur demande ainsi que les d\u00e9cors. Dimensions Hauteur cm 95 Diam\u00e8tre cm 60.","og_url":"https:\/\/www.gruppoliturgico.com\/fr\/produit\/baptistere-10\/","og_site_name":"Laboratorio Gruppo Liturgico","article_modified_time":"2022-10-21T15:16:36+00:00","og_image":[{"width":1146,"height":2000,"url":"https:\/\/www.gruppoliturgico.com\/wp-content\/uploads\/2022\/05\/2643_nv.jpg","type":"image\/jpeg"}],"twitter_card":"summary_large_image","schema":{"@context":"https:\/\/schema.org","@graph":[{"@type":"WebPage","@id":"https:\/\/www.gruppoliturgico.com\/fr\/produit\/baptistere-10\/","url":"https:\/\/www.gruppoliturgico.com\/fr\/produit\/baptistere-10\/","name":"Baptist\u00e8re - art 2639, baptist\u00e8res et Laboratorio Gruppo Liturgico","isPartOf":{"@id":"https:\/\/www.gruppoliturgico.com\/es\/#website"},"datePublished":"2022-05-20T02:36:47+00:00","dateModified":"2022-10-21T15:16:36+00:00","description":"Baptist\u00e8re avec structure en bois d\u00e9cor\u00e9 effet marbre de forme octogonale. Avec le bassin pour l'eau et le couvercle en cuivre repouss\u00e9 \u00e0 la main \u00d8 40 cm Le d\u00e9grad\u00e9 chromatique de la peinture peut se faire avec des couleurs sur demande ainsi que les d\u00e9cors. Dimensions Hauteur cm 95 Diam\u00e8tre cm 60.","breadcrumb":{"@id":"https:\/\/www.gruppoliturgico.com\/fr\/produit\/baptistere-10\/#breadcrumb"},"inLanguage":"fr-FR","potentialAction":[{"@type":"ReadAction","target":["https:\/\/www.gruppoliturgico.com\/fr\/produit\/baptistere-10\/"]}]},{"@type":"BreadcrumbList","@id":"https:\/\/www.gruppoliturgico.com\/fr\/produit\/baptistere-10\/#breadcrumb","itemListElement":[{"@type":"ListItem","position":1,"name":"Home","item":"https:\/\/www.gruppoliturgico.com\/fr\/"},{"@type":"ListItem","position":2,"name":"Boutique","item":"https:\/\/www.gruppoliturgico.com\/fr\/boutique\/"},{"@type":"ListItem","position":3,"name":"Baptist\u00e8re"}]},{"@type":"WebSite","@id":"https:\/\/www.gruppoliturgico.com\/es\/#website","url":"https:\/\/www.gruppoliturgico.com\/es\/","name":"Laboratorio Gruppo Liturgico","description":"Articoli Religiosi online","publisher":{"@id":"https:\/\/www.gruppoliturgico.com\/es\/#organization"},"potentialAction":[{"@type":"SearchAction","target":{"@type":"EntryPoint","urlTemplate":"https:\/\/www.gruppoliturgico.com\/es\/?s={search_term_string}"},"query-input":"required name=search_term_string"}],"inLanguage":"fr-FR"},{"@type":"Organization","@id":"https:\/\/www.gruppoliturgico.com\/es\/#organization","name":"Laboratorio Gruppo Liturgico","url":"https:\/\/www.gruppoliturgico.com\/es\/","logo":{"@type":"ImageObject","inLanguage":"fr-FR","@id":"https:\/\/www.gruppoliturgico.com\/es\/#\/schema\/logo\/image\/","url":"https:\/\/www.gruppoliturgico.com\/wp-content\/uploads\/2022\/02\/logo-laboratoriogruppoliturgico.png","contentUrl":"https:\/\/www.gruppoliturgico.com\/wp-content\/uploads\/2022\/02\/logo-laboratoriogruppoliturgico.png","width":400,"height":114,"caption":"Laboratorio Gruppo Liturgico"},"image":{"@id":"https:\/\/www.gruppoliturgico.com\/es\/#\/schema\/logo\/image\/"}}]}},"_links":{"self":[{"href":"https:\/\/www.gruppoliturgico.com\/fr\/wp-json\/wp\/v2\/product\/69878"}],"collection":[{"href":"https:\/\/www.gruppoliturgico.com\/fr\/wp-json\/wp\/v2\/product"}],"about":[{"href":"https:\/\/www.gruppoliturgico.com\/fr\/wp-json\/wp\/v2\/types\/product"}],"wp:featuredmedia":[{"embeddable":true,"href":"https:\/\/www.gruppoliturgico.com\/fr\/wp-json\/wp\/v2\/media\/131637"}],"wp:attachment":[{"href":"https:\/\/www.gruppoliturgico.com\/fr\/wp-json\/wp\/v2\/media?parent=69878"}],"wp:term":[{"taxonomy":"product_cat","embeddable":true,"href":"https:\/\/www.gruppoliturgico.com\/fr\/wp-json\/wp\/v2\/product_cat?post=69878"},{"taxonomy":"product_tag","embeddable":true,"href":"https:\/\/www.gruppoliturgico.com\/fr\/wp-json\/wp\/v2\/product_tag?post=69878"}],"curies":[{"name":"wp","href":"https:\/\/api.w.org\/{rel}","templated":true}]}}