{"id":69874,"date":"2022-05-20T04:36:28","date_gmt":"2022-05-20T02:36:33","guid":{"rendered":"https:\/\/www.gruppoliturgico.com\/prodotto\/tabernacle-34\/"},"modified":"2022-10-06T16:16:57","modified_gmt":"2022-10-06T14:16:57","slug":"tabernacle-34","status":"publish","type":"product","link":"https:\/\/www.gruppoliturgico.com\/fr\/produit\/tabernacle-34\/","title":{"rendered":"Tabernacle"},"content":{"rendered":"<html><body><p>Tabernacle enti\u00e8rement en bois avec frise ornementale sculpt\u00e9e \u00e0 la main.<br>\nIl est d\u00e9cor\u00e9 \u00e0 la main avec parties laqu\u00e9es.<br>\nLa d\u00e9coration peut \u00eatre r\u00e9alis\u00e9e \u00e0 la demande.<br>\nMesures<br>\nint\u00e9rieures cm 61 x 47 x 30<br>\next\u00e9rieures cm 38 x 38 x 23<\/p>\n<\/body><\/html>","protected":false},"excerpt":{"rendered":"<p>Tabernacle enti\u00e8rement en bois avec frise ornementale sculpt\u00e9e \u00e0 la main.<br \/>\nIl est d\u00e9cor\u00e9 \u00e0 la main avec parties laqu\u00e9es.<br \/>\nLa d\u00e9coration peut \u00eatre r\u00e9alis\u00e9e \u00e0 la demande.<br \/>\nMesures<br \/>\nint\u00e9rieures cm 61 x 47 x 30<br \/>\next\u00e9rieures cm 38 x 38 x 23<\/p>\n","protected":false},"featured_media":80198,"template":"","meta":[],"product_cat":[12076,12168],"product_tag":[],"yoast_head":"<!-- This site is optimized with the Yoast SEO plugin v20.4 - https:\/\/yoast.com\/wordpress\/plugins\/seo\/ -->\n<title>Tabernacle - Tabernacles en bois, art 2639 et Laboratorio Gruppo Liturgico<\/title>\n<meta name=\"description\" content=\"Tabernacle enti\u00e8rement en bois avec frise ornementale sculpt\u00e9e \u00e0 la main.  Il est d\u00e9cor\u00e9 \u00e0 la main avec parties laqu\u00e9es. La d\u00e9coration peut \u00eatre r\u00e9alis\u00e9e \u00e0 la demande. Mesures  int\u00e9rieures cm 61 x 47 x 30 ext\u00e9rieures cm 38 x 38 x 23\" \/>\n<meta name=\"robots\" content=\"index, follow, max-snippet:-1, max-image-preview:large, max-video-preview:-1\" \/>\n<link rel=\"canonical\" href=\"https:\/\/www.gruppoliturgico.com\/fr\/produit\/tabernacle-34\/\" \/>\n<meta property=\"og:locale\" content=\"fr_FR\" \/>\n<meta property=\"og:type\" content=\"article\" \/>\n<meta property=\"og:title\" content=\"Tabernacle - Tabernacles en bois, art 2639 et Laboratorio Gruppo Liturgico\" \/>\n<meta property=\"og:description\" content=\"Tabernacle enti\u00e8rement en bois avec frise ornementale sculpt\u00e9e \u00e0 la main.  Il est d\u00e9cor\u00e9 \u00e0 la main avec parties laqu\u00e9es. La d\u00e9coration peut \u00eatre r\u00e9alis\u00e9e \u00e0 la demande. Mesures  int\u00e9rieures cm 61 x 47 x 30 ext\u00e9rieures cm 38 x 38 x 23\" \/>\n<meta property=\"og:url\" content=\"https:\/\/www.gruppoliturgico.com\/fr\/produit\/tabernacle-34\/\" \/>\n<meta property=\"og:site_name\" content=\"Laboratorio Gruppo Liturgico\" \/>\n<meta property=\"article:modified_time\" content=\"2022-10-06T14:16:57+00:00\" \/>\n<meta property=\"og:image\" content=\"https:\/\/www.gruppoliturgico.com\/wp-content\/uploads\/2022\/05\/2642.jpg\" \/>\n\t<meta property=\"og:image:width\" content=\"1338\" \/>\n\t<meta property=\"og:image:height\" content=\"1500\" \/>\n\t<meta property=\"og:image:type\" content=\"image\/jpeg\" \/>\n<meta name=\"twitter:card\" content=\"summary_large_image\" \/>\n<script type=\"application\/ld+json\" class=\"yoast-schema-graph\">{\"@context\":\"https:\/\/schema.org\",\"@graph\":[{\"@type\":\"WebPage\",\"@id\":\"https:\/\/www.gruppoliturgico.com\/fr\/produit\/tabernacle-34\/\",\"url\":\"https:\/\/www.gruppoliturgico.com\/fr\/produit\/tabernacle-34\/\",\"name\":\"Tabernacle - Tabernacles en bois, art 2639 et Laboratorio Gruppo Liturgico\",\"isPartOf\":{\"@id\":\"https:\/\/www.gruppoliturgico.com\/es\/#website\"},\"datePublished\":\"2022-05-20T02:36:33+00:00\",\"dateModified\":\"2022-10-06T14:16:57+00:00\",\"description\":\"Tabernacle enti\u00e8rement en bois avec frise ornementale sculpt\u00e9e \u00e0 la main. Il est d\u00e9cor\u00e9 \u00e0 la main avec parties laqu\u00e9es. La d\u00e9coration peut \u00eatre r\u00e9alis\u00e9e \u00e0 la demande. Mesures int\u00e9rieures cm 61 x 47 x 30 ext\u00e9rieures cm 38 x 38 x 23\",\"breadcrumb\":{\"@id\":\"https:\/\/www.gruppoliturgico.com\/fr\/produit\/tabernacle-34\/#breadcrumb\"},\"inLanguage\":\"fr-FR\",\"potentialAction\":[{\"@type\":\"ReadAction\",\"target\":[\"https:\/\/www.gruppoliturgico.com\/fr\/produit\/tabernacle-34\/\"]}]},{\"@type\":\"BreadcrumbList\",\"@id\":\"https:\/\/www.gruppoliturgico.com\/fr\/produit\/tabernacle-34\/#breadcrumb\",\"itemListElement\":[{\"@type\":\"ListItem\",\"position\":1,\"name\":\"Home\",\"item\":\"https:\/\/www.gruppoliturgico.com\/fr\/\"},{\"@type\":\"ListItem\",\"position\":2,\"name\":\"Boutique\",\"item\":\"https:\/\/www.gruppoliturgico.com\/fr\/boutique\/\"},{\"@type\":\"ListItem\",\"position\":3,\"name\":\"Tabernacle\"}]},{\"@type\":\"WebSite\",\"@id\":\"https:\/\/www.gruppoliturgico.com\/es\/#website\",\"url\":\"https:\/\/www.gruppoliturgico.com\/es\/\",\"name\":\"Laboratorio Gruppo Liturgico\",\"description\":\"Articoli Religiosi online\",\"publisher\":{\"@id\":\"https:\/\/www.gruppoliturgico.com\/es\/#organization\"},\"potentialAction\":[{\"@type\":\"SearchAction\",\"target\":{\"@type\":\"EntryPoint\",\"urlTemplate\":\"https:\/\/www.gruppoliturgico.com\/es\/?s={search_term_string}\"},\"query-input\":\"required name=search_term_string\"}],\"inLanguage\":\"fr-FR\"},{\"@type\":\"Organization\",\"@id\":\"https:\/\/www.gruppoliturgico.com\/es\/#organization\",\"name\":\"Laboratorio Gruppo Liturgico\",\"url\":\"https:\/\/www.gruppoliturgico.com\/es\/\",\"logo\":{\"@type\":\"ImageObject\",\"inLanguage\":\"fr-FR\",\"@id\":\"https:\/\/www.gruppoliturgico.com\/es\/#\/schema\/logo\/image\/\",\"url\":\"https:\/\/www.gruppoliturgico.com\/wp-content\/uploads\/2022\/02\/logo-laboratoriogruppoliturgico.png\",\"contentUrl\":\"https:\/\/www.gruppoliturgico.com\/wp-content\/uploads\/2022\/02\/logo-laboratoriogruppoliturgico.png\",\"width\":400,\"height\":114,\"caption\":\"Laboratorio Gruppo Liturgico\"},\"image\":{\"@id\":\"https:\/\/www.gruppoliturgico.com\/es\/#\/schema\/logo\/image\/\"}}]}<\/script>\n<!-- \/ Yoast SEO plugin. -->","yoast_head_json":{"title":"Tabernacle - Tabernacles en bois, art 2639 et Laboratorio Gruppo Liturgico","description":"Tabernacle enti\u00e8rement en bois avec frise ornementale sculpt\u00e9e \u00e0 la main.  Il est d\u00e9cor\u00e9 \u00e0 la main avec parties laqu\u00e9es. La d\u00e9coration peut \u00eatre r\u00e9alis\u00e9e \u00e0 la demande. Mesures  int\u00e9rieures cm 61 x 47 x 30 ext\u00e9rieures cm 38 x 38 x 23","robots":{"index":"index","follow":"follow","max-snippet":"max-snippet:-1","max-image-preview":"max-image-preview:large","max-video-preview":"max-video-preview:-1"},"canonical":"https:\/\/www.gruppoliturgico.com\/fr\/produit\/tabernacle-34\/","og_locale":"fr_FR","og_type":"article","og_title":"Tabernacle - Tabernacles en bois, art 2639 et Laboratorio Gruppo Liturgico","og_description":"Tabernacle enti\u00e8rement en bois avec frise ornementale sculpt\u00e9e \u00e0 la main.  Il est d\u00e9cor\u00e9 \u00e0 la main avec parties laqu\u00e9es. La d\u00e9coration peut \u00eatre r\u00e9alis\u00e9e \u00e0 la demande. Mesures  int\u00e9rieures cm 61 x 47 x 30 ext\u00e9rieures cm 38 x 38 x 23","og_url":"https:\/\/www.gruppoliturgico.com\/fr\/produit\/tabernacle-34\/","og_site_name":"Laboratorio Gruppo Liturgico","article_modified_time":"2022-10-06T14:16:57+00:00","og_image":[{"width":1338,"height":1500,"url":"https:\/\/www.gruppoliturgico.com\/wp-content\/uploads\/2022\/05\/2642.jpg","type":"image\/jpeg"}],"twitter_card":"summary_large_image","schema":{"@context":"https:\/\/schema.org","@graph":[{"@type":"WebPage","@id":"https:\/\/www.gruppoliturgico.com\/fr\/produit\/tabernacle-34\/","url":"https:\/\/www.gruppoliturgico.com\/fr\/produit\/tabernacle-34\/","name":"Tabernacle - Tabernacles en bois, art 2639 et Laboratorio Gruppo Liturgico","isPartOf":{"@id":"https:\/\/www.gruppoliturgico.com\/es\/#website"},"datePublished":"2022-05-20T02:36:33+00:00","dateModified":"2022-10-06T14:16:57+00:00","description":"Tabernacle enti\u00e8rement en bois avec frise ornementale sculpt\u00e9e \u00e0 la main. Il est d\u00e9cor\u00e9 \u00e0 la main avec parties laqu\u00e9es. La d\u00e9coration peut \u00eatre r\u00e9alis\u00e9e \u00e0 la demande. Mesures int\u00e9rieures cm 61 x 47 x 30 ext\u00e9rieures cm 38 x 38 x 23","breadcrumb":{"@id":"https:\/\/www.gruppoliturgico.com\/fr\/produit\/tabernacle-34\/#breadcrumb"},"inLanguage":"fr-FR","potentialAction":[{"@type":"ReadAction","target":["https:\/\/www.gruppoliturgico.com\/fr\/produit\/tabernacle-34\/"]}]},{"@type":"BreadcrumbList","@id":"https:\/\/www.gruppoliturgico.com\/fr\/produit\/tabernacle-34\/#breadcrumb","itemListElement":[{"@type":"ListItem","position":1,"name":"Home","item":"https:\/\/www.gruppoliturgico.com\/fr\/"},{"@type":"ListItem","position":2,"name":"Boutique","item":"https:\/\/www.gruppoliturgico.com\/fr\/boutique\/"},{"@type":"ListItem","position":3,"name":"Tabernacle"}]},{"@type":"WebSite","@id":"https:\/\/www.gruppoliturgico.com\/es\/#website","url":"https:\/\/www.gruppoliturgico.com\/es\/","name":"Laboratorio Gruppo Liturgico","description":"Articoli Religiosi online","publisher":{"@id":"https:\/\/www.gruppoliturgico.com\/es\/#organization"},"potentialAction":[{"@type":"SearchAction","target":{"@type":"EntryPoint","urlTemplate":"https:\/\/www.gruppoliturgico.com\/es\/?s={search_term_string}"},"query-input":"required name=search_term_string"}],"inLanguage":"fr-FR"},{"@type":"Organization","@id":"https:\/\/www.gruppoliturgico.com\/es\/#organization","name":"Laboratorio Gruppo Liturgico","url":"https:\/\/www.gruppoliturgico.com\/es\/","logo":{"@type":"ImageObject","inLanguage":"fr-FR","@id":"https:\/\/www.gruppoliturgico.com\/es\/#\/schema\/logo\/image\/","url":"https:\/\/www.gruppoliturgico.com\/wp-content\/uploads\/2022\/02\/logo-laboratoriogruppoliturgico.png","contentUrl":"https:\/\/www.gruppoliturgico.com\/wp-content\/uploads\/2022\/02\/logo-laboratoriogruppoliturgico.png","width":400,"height":114,"caption":"Laboratorio Gruppo Liturgico"},"image":{"@id":"https:\/\/www.gruppoliturgico.com\/es\/#\/schema\/logo\/image\/"}}]}},"_links":{"self":[{"href":"https:\/\/www.gruppoliturgico.com\/fr\/wp-json\/wp\/v2\/product\/69874"}],"collection":[{"href":"https:\/\/www.gruppoliturgico.com\/fr\/wp-json\/wp\/v2\/product"}],"about":[{"href":"https:\/\/www.gruppoliturgico.com\/fr\/wp-json\/wp\/v2\/types\/product"}],"wp:featuredmedia":[{"embeddable":true,"href":"https:\/\/www.gruppoliturgico.com\/fr\/wp-json\/wp\/v2\/media\/80198"}],"wp:attachment":[{"href":"https:\/\/www.gruppoliturgico.com\/fr\/wp-json\/wp\/v2\/media?parent=69874"}],"wp:term":[{"taxonomy":"product_cat","embeddable":true,"href":"https:\/\/www.gruppoliturgico.com\/fr\/wp-json\/wp\/v2\/product_cat?post=69874"},{"taxonomy":"product_tag","embeddable":true,"href":"https:\/\/www.gruppoliturgico.com\/fr\/wp-json\/wp\/v2\/product_tag?post=69874"}],"curies":[{"name":"wp","href":"https:\/\/api.w.org\/{rel}","templated":true}]}}