{"id":69746,"date":"2022-05-20T04:29:34","date_gmt":"2022-05-20T02:29:39","guid":{"rendered":"https:\/\/www.gruppoliturgico.com\/prodotto\/calice-48\/"},"modified":"2022-05-20T12:18:41","modified_gmt":"2022-05-20T10:18:41","slug":"calice-48","status":"publish","type":"product","link":"https:\/\/www.gruppoliturgico.com\/fr\/produit\/calice-48\/","title":{"rendered":"Calice"},"content":{"rendered":"<html><body><p>calice de style roman avec ciselets artistiques.<br>\nLes ap\u00f4tres sont repr\u00e9sent\u00e9s sur la coupe, les symboles des quatre Evang\u00e9listes sont repr\u00e9sent\u00e9s sur la base.<\/p>\n<p>Hauteur cm 20<br>\nCoupe \u00d8 cm 11<\/p>\n<\/body><\/html>","protected":false},"excerpt":{"rendered":"<p>calice de style roman avec ciselets artistiques.<br \/>\nLes ap\u00f4tres sont repr\u00e9sent\u00e9s sur la coupe, les symboles des quatre Evang\u00e9listes sont repr\u00e9sent\u00e9s sur la base.<\/p>\n<p>Hauteur cm 20<br \/>\nCoupe \u00d8 cm 11<\/p>\n","protected":false},"featured_media":80070,"template":"","meta":[],"product_cat":[12028],"product_tag":[],"yoast_head":"<!-- This site is optimized with the Yoast SEO plugin v20.4 - https:\/\/yoast.com\/wordpress\/plugins\/seo\/ -->\n<title>Calice - collection calices et Laboratorio Gruppo Liturgico<\/title>\n<meta name=\"description\" content=\"calice de style roman avec ciselets artistiques. Les ap\u00f4tres sont repr\u00e9sent\u00e9s sur la coupe, les symboles des quatre Evang\u00e9listes sont repr\u00e9sent\u00e9s sur la base.  Hauteur cm 20 Coupe \u00d8 cm 11\" \/>\n<meta name=\"robots\" content=\"index, follow, max-snippet:-1, max-image-preview:large, max-video-preview:-1\" \/>\n<link rel=\"canonical\" href=\"https:\/\/www.gruppoliturgico.com\/fr\/produit\/calice-48\/\" \/>\n<meta property=\"og:locale\" content=\"fr_FR\" \/>\n<meta property=\"og:type\" content=\"article\" \/>\n<meta property=\"og:title\" content=\"Calice - collection calices et Laboratorio Gruppo Liturgico\" \/>\n<meta property=\"og:description\" content=\"calice de style roman avec ciselets artistiques. Les ap\u00f4tres sont repr\u00e9sent\u00e9s sur la coupe, les symboles des quatre Evang\u00e9listes sont repr\u00e9sent\u00e9s sur la base.  Hauteur cm 20 Coupe \u00d8 cm 11\" \/>\n<meta property=\"og:url\" content=\"https:\/\/www.gruppoliturgico.com\/fr\/produit\/calice-48\/\" \/>\n<meta property=\"og:site_name\" content=\"Laboratorio Gruppo Liturgico\" \/>\n<meta property=\"article:modified_time\" content=\"2022-05-20T10:18:41+00:00\" \/>\n<meta property=\"og:image\" content=\"https:\/\/www.gruppoliturgico.com\/wp-content\/uploads\/2022\/05\/2801.jpg\" \/>\n\t<meta property=\"og:image:width\" content=\"809\" \/>\n\t<meta property=\"og:image:height\" content=\"1500\" \/>\n\t<meta property=\"og:image:type\" content=\"image\/jpeg\" \/>\n<meta name=\"twitter:card\" content=\"summary_large_image\" \/>\n<script type=\"application\/ld+json\" class=\"yoast-schema-graph\">{\"@context\":\"https:\/\/schema.org\",\"@graph\":[{\"@type\":\"WebPage\",\"@id\":\"https:\/\/www.gruppoliturgico.com\/fr\/produit\/calice-48\/\",\"url\":\"https:\/\/www.gruppoliturgico.com\/fr\/produit\/calice-48\/\",\"name\":\"Calice - collection calices et Laboratorio Gruppo Liturgico\",\"isPartOf\":{\"@id\":\"https:\/\/www.gruppoliturgico.com\/es\/#website\"},\"datePublished\":\"2022-05-20T02:29:39+00:00\",\"dateModified\":\"2022-05-20T10:18:41+00:00\",\"description\":\"calice de style roman avec ciselets artistiques. Les ap\u00f4tres sont repr\u00e9sent\u00e9s sur la coupe, les symboles des quatre Evang\u00e9listes sont repr\u00e9sent\u00e9s sur la base. Hauteur cm 20 Coupe \u00d8 cm 11\",\"breadcrumb\":{\"@id\":\"https:\/\/www.gruppoliturgico.com\/fr\/produit\/calice-48\/#breadcrumb\"},\"inLanguage\":\"fr-FR\",\"potentialAction\":[{\"@type\":\"ReadAction\",\"target\":[\"https:\/\/www.gruppoliturgico.com\/fr\/produit\/calice-48\/\"]}]},{\"@type\":\"BreadcrumbList\",\"@id\":\"https:\/\/www.gruppoliturgico.com\/fr\/produit\/calice-48\/#breadcrumb\",\"itemListElement\":[{\"@type\":\"ListItem\",\"position\":1,\"name\":\"Home\",\"item\":\"https:\/\/www.gruppoliturgico.com\/fr\/\"},{\"@type\":\"ListItem\",\"position\":2,\"name\":\"Boutique\",\"item\":\"https:\/\/www.gruppoliturgico.com\/fr\/boutique\/\"},{\"@type\":\"ListItem\",\"position\":3,\"name\":\"Calice\"}]},{\"@type\":\"WebSite\",\"@id\":\"https:\/\/www.gruppoliturgico.com\/es\/#website\",\"url\":\"https:\/\/www.gruppoliturgico.com\/es\/\",\"name\":\"Laboratorio Gruppo Liturgico\",\"description\":\"Articoli Religiosi online\",\"publisher\":{\"@id\":\"https:\/\/www.gruppoliturgico.com\/es\/#organization\"},\"potentialAction\":[{\"@type\":\"SearchAction\",\"target\":{\"@type\":\"EntryPoint\",\"urlTemplate\":\"https:\/\/www.gruppoliturgico.com\/es\/?s={search_term_string}\"},\"query-input\":\"required name=search_term_string\"}],\"inLanguage\":\"fr-FR\"},{\"@type\":\"Organization\",\"@id\":\"https:\/\/www.gruppoliturgico.com\/es\/#organization\",\"name\":\"Laboratorio Gruppo Liturgico\",\"url\":\"https:\/\/www.gruppoliturgico.com\/es\/\",\"logo\":{\"@type\":\"ImageObject\",\"inLanguage\":\"fr-FR\",\"@id\":\"https:\/\/www.gruppoliturgico.com\/es\/#\/schema\/logo\/image\/\",\"url\":\"https:\/\/www.gruppoliturgico.com\/wp-content\/uploads\/2022\/02\/logo-laboratoriogruppoliturgico.png\",\"contentUrl\":\"https:\/\/www.gruppoliturgico.com\/wp-content\/uploads\/2022\/02\/logo-laboratoriogruppoliturgico.png\",\"width\":400,\"height\":114,\"caption\":\"Laboratorio Gruppo Liturgico\"},\"image\":{\"@id\":\"https:\/\/www.gruppoliturgico.com\/es\/#\/schema\/logo\/image\/\"}}]}<\/script>\n<!-- \/ Yoast SEO plugin. -->","yoast_head_json":{"title":"Calice - collection calices et Laboratorio Gruppo Liturgico","description":"calice de style roman avec ciselets artistiques. Les ap\u00f4tres sont repr\u00e9sent\u00e9s sur la coupe, les symboles des quatre Evang\u00e9listes sont repr\u00e9sent\u00e9s sur la base.  Hauteur cm 20 Coupe \u00d8 cm 11","robots":{"index":"index","follow":"follow","max-snippet":"max-snippet:-1","max-image-preview":"max-image-preview:large","max-video-preview":"max-video-preview:-1"},"canonical":"https:\/\/www.gruppoliturgico.com\/fr\/produit\/calice-48\/","og_locale":"fr_FR","og_type":"article","og_title":"Calice - collection calices et Laboratorio Gruppo Liturgico","og_description":"calice de style roman avec ciselets artistiques. Les ap\u00f4tres sont repr\u00e9sent\u00e9s sur la coupe, les symboles des quatre Evang\u00e9listes sont repr\u00e9sent\u00e9s sur la base.  Hauteur cm 20 Coupe \u00d8 cm 11","og_url":"https:\/\/www.gruppoliturgico.com\/fr\/produit\/calice-48\/","og_site_name":"Laboratorio Gruppo Liturgico","article_modified_time":"2022-05-20T10:18:41+00:00","og_image":[{"width":809,"height":1500,"url":"https:\/\/www.gruppoliturgico.com\/wp-content\/uploads\/2022\/05\/2801.jpg","type":"image\/jpeg"}],"twitter_card":"summary_large_image","schema":{"@context":"https:\/\/schema.org","@graph":[{"@type":"WebPage","@id":"https:\/\/www.gruppoliturgico.com\/fr\/produit\/calice-48\/","url":"https:\/\/www.gruppoliturgico.com\/fr\/produit\/calice-48\/","name":"Calice - collection calices et Laboratorio Gruppo Liturgico","isPartOf":{"@id":"https:\/\/www.gruppoliturgico.com\/es\/#website"},"datePublished":"2022-05-20T02:29:39+00:00","dateModified":"2022-05-20T10:18:41+00:00","description":"calice de style roman avec ciselets artistiques. Les ap\u00f4tres sont repr\u00e9sent\u00e9s sur la coupe, les symboles des quatre Evang\u00e9listes sont repr\u00e9sent\u00e9s sur la base. Hauteur cm 20 Coupe \u00d8 cm 11","breadcrumb":{"@id":"https:\/\/www.gruppoliturgico.com\/fr\/produit\/calice-48\/#breadcrumb"},"inLanguage":"fr-FR","potentialAction":[{"@type":"ReadAction","target":["https:\/\/www.gruppoliturgico.com\/fr\/produit\/calice-48\/"]}]},{"@type":"BreadcrumbList","@id":"https:\/\/www.gruppoliturgico.com\/fr\/produit\/calice-48\/#breadcrumb","itemListElement":[{"@type":"ListItem","position":1,"name":"Home","item":"https:\/\/www.gruppoliturgico.com\/fr\/"},{"@type":"ListItem","position":2,"name":"Boutique","item":"https:\/\/www.gruppoliturgico.com\/fr\/boutique\/"},{"@type":"ListItem","position":3,"name":"Calice"}]},{"@type":"WebSite","@id":"https:\/\/www.gruppoliturgico.com\/es\/#website","url":"https:\/\/www.gruppoliturgico.com\/es\/","name":"Laboratorio Gruppo Liturgico","description":"Articoli Religiosi online","publisher":{"@id":"https:\/\/www.gruppoliturgico.com\/es\/#organization"},"potentialAction":[{"@type":"SearchAction","target":{"@type":"EntryPoint","urlTemplate":"https:\/\/www.gruppoliturgico.com\/es\/?s={search_term_string}"},"query-input":"required name=search_term_string"}],"inLanguage":"fr-FR"},{"@type":"Organization","@id":"https:\/\/www.gruppoliturgico.com\/es\/#organization","name":"Laboratorio Gruppo Liturgico","url":"https:\/\/www.gruppoliturgico.com\/es\/","logo":{"@type":"ImageObject","inLanguage":"fr-FR","@id":"https:\/\/www.gruppoliturgico.com\/es\/#\/schema\/logo\/image\/","url":"https:\/\/www.gruppoliturgico.com\/wp-content\/uploads\/2022\/02\/logo-laboratoriogruppoliturgico.png","contentUrl":"https:\/\/www.gruppoliturgico.com\/wp-content\/uploads\/2022\/02\/logo-laboratoriogruppoliturgico.png","width":400,"height":114,"caption":"Laboratorio Gruppo Liturgico"},"image":{"@id":"https:\/\/www.gruppoliturgico.com\/es\/#\/schema\/logo\/image\/"}}]}},"_links":{"self":[{"href":"https:\/\/www.gruppoliturgico.com\/fr\/wp-json\/wp\/v2\/product\/69746"}],"collection":[{"href":"https:\/\/www.gruppoliturgico.com\/fr\/wp-json\/wp\/v2\/product"}],"about":[{"href":"https:\/\/www.gruppoliturgico.com\/fr\/wp-json\/wp\/v2\/types\/product"}],"wp:featuredmedia":[{"embeddable":true,"href":"https:\/\/www.gruppoliturgico.com\/fr\/wp-json\/wp\/v2\/media\/80070"}],"wp:attachment":[{"href":"https:\/\/www.gruppoliturgico.com\/fr\/wp-json\/wp\/v2\/media?parent=69746"}],"wp:term":[{"taxonomy":"product_cat","embeddable":true,"href":"https:\/\/www.gruppoliturgico.com\/fr\/wp-json\/wp\/v2\/product_cat?post=69746"},{"taxonomy":"product_tag","embeddable":true,"href":"https:\/\/www.gruppoliturgico.com\/fr\/wp-json\/wp\/v2\/product_tag?post=69746"}],"curies":[{"name":"wp","href":"https:\/\/api.w.org\/{rel}","templated":true}]}}