{"id":69734,"date":"2022-05-20T04:29:02","date_gmt":"2022-05-20T02:29:08","guid":{"rendered":"https:\/\/www.gruppoliturgico.com\/prodotto\/vin-de-messe-blanc-doux\/"},"modified":"2022-10-27T16:37:27","modified_gmt":"2022-10-27T14:37:27","slug":"vin-de-messe-blanc-doux","status":"publish","type":"product","link":"https:\/\/www.gruppoliturgico.com\/fr\/produit\/vin-de-messe-blanc-doux\/","title":{"rendered":"Vin de Messe blanc, doux"},"content":{"rendered":"<html><body><p>VIN DE MESSE \u201cEX GENIME VITIS\u201d<br>\nproduit \u00e0 Marsala par l\u2019entreprise Martinez selon tous les pr\u00e9ceptes du Droit Canonique.<br>\nMis en bouteilles et commercialis\u00e9 seulement apr\u00e8s la certification de la Curie Episcopale de Mazara del Vallo.<br>\nGr\u00e2ce \u00e0 ses caract\u00e9ristiques particuli\u00e8res de puret\u00e9 et de degr\u00e9 d\u2019alcool, il est particuli\u00e8rement indiqu\u00e9 pour la conservation \u00e0 long terme.<br>\nExp\u00e9dition dans des bo\u00eetes de s\u00e9curit\u00e9 qui contiennent 6 bouteilles.<br>\nLe prix est pour 6 bouteilles de 1 litre<\/p>\n<\/body><\/html>","protected":false},"excerpt":{"rendered":"<p>VIN DE MESSE \u201cEX GENIME VITIS\u201d<br \/>\nproduit \u00e0 Marsala par l\u2019entreprise Martinez selon tous les pr\u00e9ceptes du Droit Canonique.<br \/>\nMis en bouteilles et commercialis\u00e9 seulement apr\u00e8s la certification de la Curie Episcopale de Mazara del Vallo.<br \/>\nGr\u00e2ce \u00e0 ses caract\u00e9ristiques particuli\u00e8res de puret\u00e9 et de degr\u00e9 d\u2019alcool, il est particuli\u00e8rement indiqu\u00e9 pour la conservation \u00e0 long terme.<br \/>\nExp\u00e9dition dans des bo\u00eetes de s\u00e9curit\u00e9 qui contiennent 6 bouteilles.<br \/>\nLe prix est pour 6 bouteilles de 1 litre<\/p>\n","protected":false},"featured_media":112654,"template":"","meta":[],"product_cat":[11852],"product_tag":[],"yoast_head":"<!-- This site is optimized with the Yoast SEO plugin v20.4 - https:\/\/yoast.com\/wordpress\/plugins\/seo\/ -->\n<title>Vin de Messe blanc, doux - Vin de Messe et Laboratorio Gruppo Liturgico<\/title>\n<meta name=\"description\" content=\"VIN DE MESSE \u201cEX GENIME VITIS\u201d produit \u00e0 Marsala par l\u2019entreprise Martinez selon tous les pr\u00e9ceptes du Droit Canonique. Mis en bouteilles et commercialis\u00e9 seulement apr\u00e8s la certification de la Curie Episcopale de Mazara del Vallo. Gr\u00e2ce \u00e0 ses caract\u00e9ristiques particuli\u00e8res de puret\u00e9 et de degr\u00e9 d\u2019alcool, il est particuli\u00e8rement indiqu\u00e9 pour la conservation \u00e0 long terme. Exp\u00e9dition dans des bo\u00eetes de s\u00e9curit\u00e9 qui contiennent 6 bouteilles. Le prix est pour 6 bouteilles de 1 litre\" \/>\n<meta name=\"robots\" content=\"index, follow, max-snippet:-1, max-image-preview:large, max-video-preview:-1\" \/>\n<link rel=\"canonical\" href=\"https:\/\/www.gruppoliturgico.com\/fr\/produit\/vin-de-messe-blanc-doux\/\" \/>\n<meta property=\"og:locale\" content=\"fr_FR\" \/>\n<meta property=\"og:type\" content=\"article\" \/>\n<meta property=\"og:title\" content=\"Vin de Messe blanc, doux - Vin de Messe et Laboratorio Gruppo Liturgico\" \/>\n<meta property=\"og:description\" content=\"VIN DE MESSE \u201cEX GENIME VITIS\u201d produit \u00e0 Marsala par l\u2019entreprise Martinez selon tous les pr\u00e9ceptes du Droit Canonique. Mis en bouteilles et commercialis\u00e9 seulement apr\u00e8s la certification de la Curie Episcopale de Mazara del Vallo. Gr\u00e2ce \u00e0 ses caract\u00e9ristiques particuli\u00e8res de puret\u00e9 et de degr\u00e9 d\u2019alcool, il est particuli\u00e8rement indiqu\u00e9 pour la conservation \u00e0 long terme. Exp\u00e9dition dans des bo\u00eetes de s\u00e9curit\u00e9 qui contiennent 6 bouteilles. Le prix est pour 6 bouteilles de 1 litre\" \/>\n<meta property=\"og:url\" content=\"https:\/\/www.gruppoliturgico.com\/fr\/produit\/vin-de-messe-blanc-doux\/\" \/>\n<meta property=\"og:site_name\" content=\"Laboratorio Gruppo Liturgico\" \/>\n<meta property=\"article:modified_time\" content=\"2022-10-27T14:37:27+00:00\" \/>\n<meta property=\"og:image\" content=\"https:\/\/www.gruppoliturgico.com\/wp-content\/uploads\/2022\/05\/2922-1.jpg\" \/>\n\t<meta property=\"og:image:width\" content=\"668\" \/>\n\t<meta property=\"og:image:height\" content=\"2000\" \/>\n\t<meta property=\"og:image:type\" content=\"image\/jpeg\" \/>\n<meta name=\"twitter:card\" content=\"summary_large_image\" \/>\n<script type=\"application\/ld+json\" class=\"yoast-schema-graph\">{\"@context\":\"https:\/\/schema.org\",\"@graph\":[{\"@type\":\"WebPage\",\"@id\":\"https:\/\/www.gruppoliturgico.com\/fr\/produit\/vin-de-messe-blanc-doux\/\",\"url\":\"https:\/\/www.gruppoliturgico.com\/fr\/produit\/vin-de-messe-blanc-doux\/\",\"name\":\"Vin de Messe blanc, doux - Vin de Messe et Laboratorio Gruppo Liturgico\",\"isPartOf\":{\"@id\":\"https:\/\/www.gruppoliturgico.com\/es\/#website\"},\"datePublished\":\"2022-05-20T02:29:08+00:00\",\"dateModified\":\"2022-10-27T14:37:27+00:00\",\"description\":\"VIN DE MESSE \u201cEX GENIME VITIS\u201d produit \u00e0 Marsala par l\u2019entreprise Martinez selon tous les pr\u00e9ceptes du Droit Canonique. Mis en bouteilles et commercialis\u00e9 seulement apr\u00e8s la certification de la Curie Episcopale de Mazara del Vallo. Gr\u00e2ce \u00e0 ses caract\u00e9ristiques particuli\u00e8res de puret\u00e9 et de degr\u00e9 d\u2019alcool, il est particuli\u00e8rement indiqu\u00e9 pour la conservation \u00e0 long terme. Exp\u00e9dition dans des bo\u00eetes de s\u00e9curit\u00e9 qui contiennent 6 bouteilles. Le prix est pour 6 bouteilles de 1 litre\",\"breadcrumb\":{\"@id\":\"https:\/\/www.gruppoliturgico.com\/fr\/produit\/vin-de-messe-blanc-doux\/#breadcrumb\"},\"inLanguage\":\"fr-FR\",\"potentialAction\":[{\"@type\":\"ReadAction\",\"target\":[\"https:\/\/www.gruppoliturgico.com\/fr\/produit\/vin-de-messe-blanc-doux\/\"]}]},{\"@type\":\"BreadcrumbList\",\"@id\":\"https:\/\/www.gruppoliturgico.com\/fr\/produit\/vin-de-messe-blanc-doux\/#breadcrumb\",\"itemListElement\":[{\"@type\":\"ListItem\",\"position\":1,\"name\":\"Home\",\"item\":\"https:\/\/www.gruppoliturgico.com\/fr\/\"},{\"@type\":\"ListItem\",\"position\":2,\"name\":\"Boutique\",\"item\":\"https:\/\/www.gruppoliturgico.com\/fr\/boutique\/\"},{\"@type\":\"ListItem\",\"position\":3,\"name\":\"Vin de Messe blanc, doux\"}]},{\"@type\":\"WebSite\",\"@id\":\"https:\/\/www.gruppoliturgico.com\/es\/#website\",\"url\":\"https:\/\/www.gruppoliturgico.com\/es\/\",\"name\":\"Laboratorio Gruppo Liturgico\",\"description\":\"Articoli Religiosi online\",\"publisher\":{\"@id\":\"https:\/\/www.gruppoliturgico.com\/es\/#organization\"},\"potentialAction\":[{\"@type\":\"SearchAction\",\"target\":{\"@type\":\"EntryPoint\",\"urlTemplate\":\"https:\/\/www.gruppoliturgico.com\/es\/?s={search_term_string}\"},\"query-input\":\"required name=search_term_string\"}],\"inLanguage\":\"fr-FR\"},{\"@type\":\"Organization\",\"@id\":\"https:\/\/www.gruppoliturgico.com\/es\/#organization\",\"name\":\"Laboratorio Gruppo Liturgico\",\"url\":\"https:\/\/www.gruppoliturgico.com\/es\/\",\"logo\":{\"@type\":\"ImageObject\",\"inLanguage\":\"fr-FR\",\"@id\":\"https:\/\/www.gruppoliturgico.com\/es\/#\/schema\/logo\/image\/\",\"url\":\"https:\/\/www.gruppoliturgico.com\/wp-content\/uploads\/2022\/02\/logo-laboratoriogruppoliturgico.png\",\"contentUrl\":\"https:\/\/www.gruppoliturgico.com\/wp-content\/uploads\/2022\/02\/logo-laboratoriogruppoliturgico.png\",\"width\":400,\"height\":114,\"caption\":\"Laboratorio Gruppo Liturgico\"},\"image\":{\"@id\":\"https:\/\/www.gruppoliturgico.com\/es\/#\/schema\/logo\/image\/\"}}]}<\/script>\n<!-- \/ Yoast SEO plugin. -->","yoast_head_json":{"title":"Vin de Messe blanc, doux - Vin de Messe et Laboratorio Gruppo Liturgico","description":"VIN DE MESSE \u201cEX GENIME VITIS\u201d produit \u00e0 Marsala par l\u2019entreprise Martinez selon tous les pr\u00e9ceptes du Droit Canonique. Mis en bouteilles et commercialis\u00e9 seulement apr\u00e8s la certification de la Curie Episcopale de Mazara del Vallo. Gr\u00e2ce \u00e0 ses caract\u00e9ristiques particuli\u00e8res de puret\u00e9 et de degr\u00e9 d\u2019alcool, il est particuli\u00e8rement indiqu\u00e9 pour la conservation \u00e0 long terme. Exp\u00e9dition dans des bo\u00eetes de s\u00e9curit\u00e9 qui contiennent 6 bouteilles. Le prix est pour 6 bouteilles de 1 litre","robots":{"index":"index","follow":"follow","max-snippet":"max-snippet:-1","max-image-preview":"max-image-preview:large","max-video-preview":"max-video-preview:-1"},"canonical":"https:\/\/www.gruppoliturgico.com\/fr\/produit\/vin-de-messe-blanc-doux\/","og_locale":"fr_FR","og_type":"article","og_title":"Vin de Messe blanc, doux - Vin de Messe et Laboratorio Gruppo Liturgico","og_description":"VIN DE MESSE \u201cEX GENIME VITIS\u201d produit \u00e0 Marsala par l\u2019entreprise Martinez selon tous les pr\u00e9ceptes du Droit Canonique. Mis en bouteilles et commercialis\u00e9 seulement apr\u00e8s la certification de la Curie Episcopale de Mazara del Vallo. Gr\u00e2ce \u00e0 ses caract\u00e9ristiques particuli\u00e8res de puret\u00e9 et de degr\u00e9 d\u2019alcool, il est particuli\u00e8rement indiqu\u00e9 pour la conservation \u00e0 long terme. Exp\u00e9dition dans des bo\u00eetes de s\u00e9curit\u00e9 qui contiennent 6 bouteilles. Le prix est pour 6 bouteilles de 1 litre","og_url":"https:\/\/www.gruppoliturgico.com\/fr\/produit\/vin-de-messe-blanc-doux\/","og_site_name":"Laboratorio Gruppo Liturgico","article_modified_time":"2022-10-27T14:37:27+00:00","og_image":[{"width":668,"height":2000,"url":"https:\/\/www.gruppoliturgico.com\/wp-content\/uploads\/2022\/05\/2922-1.jpg","type":"image\/jpeg"}],"twitter_card":"summary_large_image","schema":{"@context":"https:\/\/schema.org","@graph":[{"@type":"WebPage","@id":"https:\/\/www.gruppoliturgico.com\/fr\/produit\/vin-de-messe-blanc-doux\/","url":"https:\/\/www.gruppoliturgico.com\/fr\/produit\/vin-de-messe-blanc-doux\/","name":"Vin de Messe blanc, doux - Vin de Messe et Laboratorio Gruppo Liturgico","isPartOf":{"@id":"https:\/\/www.gruppoliturgico.com\/es\/#website"},"datePublished":"2022-05-20T02:29:08+00:00","dateModified":"2022-10-27T14:37:27+00:00","description":"VIN DE MESSE \u201cEX GENIME VITIS\u201d produit \u00e0 Marsala par l\u2019entreprise Martinez selon tous les pr\u00e9ceptes du Droit Canonique. Mis en bouteilles et commercialis\u00e9 seulement apr\u00e8s la certification de la Curie Episcopale de Mazara del Vallo. Gr\u00e2ce \u00e0 ses caract\u00e9ristiques particuli\u00e8res de puret\u00e9 et de degr\u00e9 d\u2019alcool, il est particuli\u00e8rement indiqu\u00e9 pour la conservation \u00e0 long terme. Exp\u00e9dition dans des bo\u00eetes de s\u00e9curit\u00e9 qui contiennent 6 bouteilles. Le prix est pour 6 bouteilles de 1 litre","breadcrumb":{"@id":"https:\/\/www.gruppoliturgico.com\/fr\/produit\/vin-de-messe-blanc-doux\/#breadcrumb"},"inLanguage":"fr-FR","potentialAction":[{"@type":"ReadAction","target":["https:\/\/www.gruppoliturgico.com\/fr\/produit\/vin-de-messe-blanc-doux\/"]}]},{"@type":"BreadcrumbList","@id":"https:\/\/www.gruppoliturgico.com\/fr\/produit\/vin-de-messe-blanc-doux\/#breadcrumb","itemListElement":[{"@type":"ListItem","position":1,"name":"Home","item":"https:\/\/www.gruppoliturgico.com\/fr\/"},{"@type":"ListItem","position":2,"name":"Boutique","item":"https:\/\/www.gruppoliturgico.com\/fr\/boutique\/"},{"@type":"ListItem","position":3,"name":"Vin de Messe blanc, doux"}]},{"@type":"WebSite","@id":"https:\/\/www.gruppoliturgico.com\/es\/#website","url":"https:\/\/www.gruppoliturgico.com\/es\/","name":"Laboratorio Gruppo Liturgico","description":"Articoli Religiosi online","publisher":{"@id":"https:\/\/www.gruppoliturgico.com\/es\/#organization"},"potentialAction":[{"@type":"SearchAction","target":{"@type":"EntryPoint","urlTemplate":"https:\/\/www.gruppoliturgico.com\/es\/?s={search_term_string}"},"query-input":"required name=search_term_string"}],"inLanguage":"fr-FR"},{"@type":"Organization","@id":"https:\/\/www.gruppoliturgico.com\/es\/#organization","name":"Laboratorio Gruppo Liturgico","url":"https:\/\/www.gruppoliturgico.com\/es\/","logo":{"@type":"ImageObject","inLanguage":"fr-FR","@id":"https:\/\/www.gruppoliturgico.com\/es\/#\/schema\/logo\/image\/","url":"https:\/\/www.gruppoliturgico.com\/wp-content\/uploads\/2022\/02\/logo-laboratoriogruppoliturgico.png","contentUrl":"https:\/\/www.gruppoliturgico.com\/wp-content\/uploads\/2022\/02\/logo-laboratoriogruppoliturgico.png","width":400,"height":114,"caption":"Laboratorio Gruppo Liturgico"},"image":{"@id":"https:\/\/www.gruppoliturgico.com\/es\/#\/schema\/logo\/image\/"}}]}},"_links":{"self":[{"href":"https:\/\/www.gruppoliturgico.com\/fr\/wp-json\/wp\/v2\/product\/69734"}],"collection":[{"href":"https:\/\/www.gruppoliturgico.com\/fr\/wp-json\/wp\/v2\/product"}],"about":[{"href":"https:\/\/www.gruppoliturgico.com\/fr\/wp-json\/wp\/v2\/types\/product"}],"wp:featuredmedia":[{"embeddable":true,"href":"https:\/\/www.gruppoliturgico.com\/fr\/wp-json\/wp\/v2\/media\/112654"}],"wp:attachment":[{"href":"https:\/\/www.gruppoliturgico.com\/fr\/wp-json\/wp\/v2\/media?parent=69734"}],"wp:term":[{"taxonomy":"product_cat","embeddable":true,"href":"https:\/\/www.gruppoliturgico.com\/fr\/wp-json\/wp\/v2\/product_cat?post=69734"},{"taxonomy":"product_tag","embeddable":true,"href":"https:\/\/www.gruppoliturgico.com\/fr\/wp-json\/wp\/v2\/product_tag?post=69734"}],"curies":[{"name":"wp","href":"https:\/\/api.w.org\/{rel}","templated":true}]}}