{"id":69681,"date":"2022-05-20T04:26:25","date_gmt":"2022-05-20T02:26:30","guid":{"rendered":"https:\/\/www.gruppoliturgico.com\/prodotto\/homme-qui-moud-le-ble\/"},"modified":"2022-11-08T17:58:45","modified_gmt":"2022-11-08T16:58:45","slug":"homme-qui-moud-le-ble","status":"publish","type":"product","link":"https:\/\/www.gruppoliturgico.com\/fr\/produit\/homme-qui-moud-le-ble\/","title":{"rendered":"Homme qui moud le bl\u00e9"},"content":{"rendered":"<html><body><p>Statuette \u00e0 mouvement m\u00e9canique enti\u00e8rement r\u00e9alis\u00e9e et peinte \u00e0 la main.<br>\nPetite \u0153uvre d\u2019art avec des v\u00eatements en tissu.<br>\nHomme qui moud le bl\u00e9 avec le mouvement du buste et des bras.<br>\nHauteur cm 25<\/p>\n<\/body><\/html>","protected":false},"excerpt":{"rendered":"<p>Statuette \u00e0 mouvement m\u00e9canique enti\u00e8rement r\u00e9alis\u00e9e et peinte \u00e0 la main.<br \/>\nPetite \u0153uvre d&rsquo;art avec des v\u00eatements en tissu.<br \/>\nHomme qui moud le bl\u00e9 avec le mouvement du buste et des bras.<br \/>\nHauteur cm 25<\/p>\n","protected":false},"featured_media":80006,"template":"","meta":[],"product_cat":[11832],"product_tag":[],"yoast_head":"<!-- This site is optimized with the Yoast SEO plugin v20.4 - https:\/\/yoast.com\/wordpress\/plugins\/seo\/ -->\n<title>Homme qui moud le bl\u00e9 - statues au mouvement m\u00e9canique et Laboratorio Gruppo Liturgico<\/title>\n<meta name=\"description\" content=\"Statuette \u00e0 mouvement m\u00e9canique enti\u00e8rement r\u00e9alis\u00e9e et peinte \u00e0 la main. Petite \u0153uvre d&#039;art avec des v\u00eatements en tissu. Homme qui moud le bl\u00e9 avec le mouvement du buste et des bras. Hauteur cm 25\" \/>\n<meta name=\"robots\" content=\"index, follow, max-snippet:-1, max-image-preview:large, max-video-preview:-1\" \/>\n<link rel=\"canonical\" href=\"https:\/\/www.gruppoliturgico.com\/fr\/produit\/homme-qui-moud-le-ble\/\" \/>\n<meta property=\"og:locale\" content=\"fr_FR\" \/>\n<meta property=\"og:type\" content=\"article\" \/>\n<meta property=\"og:title\" content=\"Homme qui moud le bl\u00e9 - statues au mouvement m\u00e9canique et Laboratorio Gruppo Liturgico\" \/>\n<meta property=\"og:description\" content=\"Statuette \u00e0 mouvement m\u00e9canique enti\u00e8rement r\u00e9alis\u00e9e et peinte \u00e0 la main. Petite \u0153uvre d&#039;art avec des v\u00eatements en tissu. Homme qui moud le bl\u00e9 avec le mouvement du buste et des bras. Hauteur cm 25\" \/>\n<meta property=\"og:url\" content=\"https:\/\/www.gruppoliturgico.com\/fr\/produit\/homme-qui-moud-le-ble\/\" \/>\n<meta property=\"og:site_name\" content=\"Laboratorio Gruppo Liturgico\" \/>\n<meta property=\"article:modified_time\" content=\"2022-11-08T16:58:45+00:00\" \/>\n<meta property=\"og:image\" content=\"https:\/\/www.gruppoliturgico.com\/wp-content\/uploads\/2022\/05\/2896.jpg\" \/>\n\t<meta property=\"og:image:width\" content=\"1133\" \/>\n\t<meta property=\"og:image:height\" content=\"1500\" \/>\n\t<meta property=\"og:image:type\" content=\"image\/jpeg\" \/>\n<meta name=\"twitter:card\" content=\"summary_large_image\" \/>\n<script type=\"application\/ld+json\" class=\"yoast-schema-graph\">{\"@context\":\"https:\/\/schema.org\",\"@graph\":[{\"@type\":\"WebPage\",\"@id\":\"https:\/\/www.gruppoliturgico.com\/fr\/produit\/homme-qui-moud-le-ble\/\",\"url\":\"https:\/\/www.gruppoliturgico.com\/fr\/produit\/homme-qui-moud-le-ble\/\",\"name\":\"Homme qui moud le bl\u00e9 - statues au mouvement m\u00e9canique et Laboratorio Gruppo Liturgico\",\"isPartOf\":{\"@id\":\"https:\/\/www.gruppoliturgico.com\/es\/#website\"},\"datePublished\":\"2022-05-20T02:26:30+00:00\",\"dateModified\":\"2022-11-08T16:58:45+00:00\",\"description\":\"Statuette \u00e0 mouvement m\u00e9canique enti\u00e8rement r\u00e9alis\u00e9e et peinte \u00e0 la main. Petite \u0153uvre d'art avec des v\u00eatements en tissu. Homme qui moud le bl\u00e9 avec le mouvement du buste et des bras. Hauteur cm 25\",\"breadcrumb\":{\"@id\":\"https:\/\/www.gruppoliturgico.com\/fr\/produit\/homme-qui-moud-le-ble\/#breadcrumb\"},\"inLanguage\":\"fr-FR\",\"potentialAction\":[{\"@type\":\"ReadAction\",\"target\":[\"https:\/\/www.gruppoliturgico.com\/fr\/produit\/homme-qui-moud-le-ble\/\"]}]},{\"@type\":\"BreadcrumbList\",\"@id\":\"https:\/\/www.gruppoliturgico.com\/fr\/produit\/homme-qui-moud-le-ble\/#breadcrumb\",\"itemListElement\":[{\"@type\":\"ListItem\",\"position\":1,\"name\":\"Home\",\"item\":\"https:\/\/www.gruppoliturgico.com\/fr\/\"},{\"@type\":\"ListItem\",\"position\":2,\"name\":\"Boutique\",\"item\":\"https:\/\/www.gruppoliturgico.com\/fr\/boutique\/\"},{\"@type\":\"ListItem\",\"position\":3,\"name\":\"Homme qui moud le bl\u00e9\"}]},{\"@type\":\"WebSite\",\"@id\":\"https:\/\/www.gruppoliturgico.com\/es\/#website\",\"url\":\"https:\/\/www.gruppoliturgico.com\/es\/\",\"name\":\"Laboratorio Gruppo Liturgico\",\"description\":\"Articoli Religiosi online\",\"publisher\":{\"@id\":\"https:\/\/www.gruppoliturgico.com\/es\/#organization\"},\"potentialAction\":[{\"@type\":\"SearchAction\",\"target\":{\"@type\":\"EntryPoint\",\"urlTemplate\":\"https:\/\/www.gruppoliturgico.com\/es\/?s={search_term_string}\"},\"query-input\":\"required name=search_term_string\"}],\"inLanguage\":\"fr-FR\"},{\"@type\":\"Organization\",\"@id\":\"https:\/\/www.gruppoliturgico.com\/es\/#organization\",\"name\":\"Laboratorio Gruppo Liturgico\",\"url\":\"https:\/\/www.gruppoliturgico.com\/es\/\",\"logo\":{\"@type\":\"ImageObject\",\"inLanguage\":\"fr-FR\",\"@id\":\"https:\/\/www.gruppoliturgico.com\/es\/#\/schema\/logo\/image\/\",\"url\":\"https:\/\/www.gruppoliturgico.com\/wp-content\/uploads\/2022\/02\/logo-laboratoriogruppoliturgico.png\",\"contentUrl\":\"https:\/\/www.gruppoliturgico.com\/wp-content\/uploads\/2022\/02\/logo-laboratoriogruppoliturgico.png\",\"width\":400,\"height\":114,\"caption\":\"Laboratorio Gruppo Liturgico\"},\"image\":{\"@id\":\"https:\/\/www.gruppoliturgico.com\/es\/#\/schema\/logo\/image\/\"}}]}<\/script>\n<!-- \/ Yoast SEO plugin. -->","yoast_head_json":{"title":"Homme qui moud le bl\u00e9 - statues au mouvement m\u00e9canique et Laboratorio Gruppo Liturgico","description":"Statuette \u00e0 mouvement m\u00e9canique enti\u00e8rement r\u00e9alis\u00e9e et peinte \u00e0 la main. Petite \u0153uvre d'art avec des v\u00eatements en tissu. Homme qui moud le bl\u00e9 avec le mouvement du buste et des bras. Hauteur cm 25","robots":{"index":"index","follow":"follow","max-snippet":"max-snippet:-1","max-image-preview":"max-image-preview:large","max-video-preview":"max-video-preview:-1"},"canonical":"https:\/\/www.gruppoliturgico.com\/fr\/produit\/homme-qui-moud-le-ble\/","og_locale":"fr_FR","og_type":"article","og_title":"Homme qui moud le bl\u00e9 - statues au mouvement m\u00e9canique et Laboratorio Gruppo Liturgico","og_description":"Statuette \u00e0 mouvement m\u00e9canique enti\u00e8rement r\u00e9alis\u00e9e et peinte \u00e0 la main. Petite \u0153uvre d'art avec des v\u00eatements en tissu. Homme qui moud le bl\u00e9 avec le mouvement du buste et des bras. Hauteur cm 25","og_url":"https:\/\/www.gruppoliturgico.com\/fr\/produit\/homme-qui-moud-le-ble\/","og_site_name":"Laboratorio Gruppo Liturgico","article_modified_time":"2022-11-08T16:58:45+00:00","og_image":[{"width":1133,"height":1500,"url":"https:\/\/www.gruppoliturgico.com\/wp-content\/uploads\/2022\/05\/2896.jpg","type":"image\/jpeg"}],"twitter_card":"summary_large_image","schema":{"@context":"https:\/\/schema.org","@graph":[{"@type":"WebPage","@id":"https:\/\/www.gruppoliturgico.com\/fr\/produit\/homme-qui-moud-le-ble\/","url":"https:\/\/www.gruppoliturgico.com\/fr\/produit\/homme-qui-moud-le-ble\/","name":"Homme qui moud le bl\u00e9 - statues au mouvement m\u00e9canique et Laboratorio Gruppo Liturgico","isPartOf":{"@id":"https:\/\/www.gruppoliturgico.com\/es\/#website"},"datePublished":"2022-05-20T02:26:30+00:00","dateModified":"2022-11-08T16:58:45+00:00","description":"Statuette \u00e0 mouvement m\u00e9canique enti\u00e8rement r\u00e9alis\u00e9e et peinte \u00e0 la main. Petite \u0153uvre d'art avec des v\u00eatements en tissu. Homme qui moud le bl\u00e9 avec le mouvement du buste et des bras. Hauteur cm 25","breadcrumb":{"@id":"https:\/\/www.gruppoliturgico.com\/fr\/produit\/homme-qui-moud-le-ble\/#breadcrumb"},"inLanguage":"fr-FR","potentialAction":[{"@type":"ReadAction","target":["https:\/\/www.gruppoliturgico.com\/fr\/produit\/homme-qui-moud-le-ble\/"]}]},{"@type":"BreadcrumbList","@id":"https:\/\/www.gruppoliturgico.com\/fr\/produit\/homme-qui-moud-le-ble\/#breadcrumb","itemListElement":[{"@type":"ListItem","position":1,"name":"Home","item":"https:\/\/www.gruppoliturgico.com\/fr\/"},{"@type":"ListItem","position":2,"name":"Boutique","item":"https:\/\/www.gruppoliturgico.com\/fr\/boutique\/"},{"@type":"ListItem","position":3,"name":"Homme qui moud le bl\u00e9"}]},{"@type":"WebSite","@id":"https:\/\/www.gruppoliturgico.com\/es\/#website","url":"https:\/\/www.gruppoliturgico.com\/es\/","name":"Laboratorio Gruppo Liturgico","description":"Articoli Religiosi online","publisher":{"@id":"https:\/\/www.gruppoliturgico.com\/es\/#organization"},"potentialAction":[{"@type":"SearchAction","target":{"@type":"EntryPoint","urlTemplate":"https:\/\/www.gruppoliturgico.com\/es\/?s={search_term_string}"},"query-input":"required name=search_term_string"}],"inLanguage":"fr-FR"},{"@type":"Organization","@id":"https:\/\/www.gruppoliturgico.com\/es\/#organization","name":"Laboratorio Gruppo Liturgico","url":"https:\/\/www.gruppoliturgico.com\/es\/","logo":{"@type":"ImageObject","inLanguage":"fr-FR","@id":"https:\/\/www.gruppoliturgico.com\/es\/#\/schema\/logo\/image\/","url":"https:\/\/www.gruppoliturgico.com\/wp-content\/uploads\/2022\/02\/logo-laboratoriogruppoliturgico.png","contentUrl":"https:\/\/www.gruppoliturgico.com\/wp-content\/uploads\/2022\/02\/logo-laboratoriogruppoliturgico.png","width":400,"height":114,"caption":"Laboratorio Gruppo Liturgico"},"image":{"@id":"https:\/\/www.gruppoliturgico.com\/es\/#\/schema\/logo\/image\/"}}]}},"_links":{"self":[{"href":"https:\/\/www.gruppoliturgico.com\/fr\/wp-json\/wp\/v2\/product\/69681"}],"collection":[{"href":"https:\/\/www.gruppoliturgico.com\/fr\/wp-json\/wp\/v2\/product"}],"about":[{"href":"https:\/\/www.gruppoliturgico.com\/fr\/wp-json\/wp\/v2\/types\/product"}],"wp:featuredmedia":[{"embeddable":true,"href":"https:\/\/www.gruppoliturgico.com\/fr\/wp-json\/wp\/v2\/media\/80006"}],"wp:attachment":[{"href":"https:\/\/www.gruppoliturgico.com\/fr\/wp-json\/wp\/v2\/media?parent=69681"}],"wp:term":[{"taxonomy":"product_cat","embeddable":true,"href":"https:\/\/www.gruppoliturgico.com\/fr\/wp-json\/wp\/v2\/product_cat?post=69681"},{"taxonomy":"product_tag","embeddable":true,"href":"https:\/\/www.gruppoliturgico.com\/fr\/wp-json\/wp\/v2\/product_tag?post=69681"}],"curies":[{"name":"wp","href":"https:\/\/api.w.org\/{rel}","templated":true}]}}