{"id":69653,"date":"2022-05-20T04:25:00","date_gmt":"2022-05-20T02:25:10","guid":{"rendered":"https:\/\/www.gruppoliturgico.com\/prodotto\/chasuble-100\/"},"modified":"2025-09-17T16:15:38","modified_gmt":"2025-09-17T14:15:38","slug":"chasuble-100","status":"publish","type":"product","link":"https:\/\/www.gruppoliturgico.com\/fr\/produit\/chasuble-100\/","title":{"rendered":"Chasuble"},"content":{"rendered":"<html><body><p>Chasuble en tissu m\u00e9lange laine.<br>\nOrn\u00e9e sur le devant et sur le dos d\u2019une remarquable motif, enti\u00e8rement brod\u00e9e avec des fils d\u2019or et de soie de IHS, feuilles de vigne, grappes de raisin et \u00e9pis de bl\u00e9.<\/p>\n<\/body><\/html>","protected":false},"excerpt":{"rendered":"<p>Chasuble en tissu m\u00e9lange laine.<br \/>\nOrn\u00e9e sur le devant et sur le dos d&rsquo;une remarquable motif, enti\u00e8rement brod\u00e9e avec des fils d&rsquo;or et de soie de IHS, feuilles de vigne, grappes de raisin et \u00e9pis de bl\u00e9.<\/p>\n","protected":false},"featured_media":143224,"template":"","meta":[],"product_cat":[12248],"product_tag":[15337],"yoast_head":"<!-- This site is optimized with the Yoast SEO plugin v20.4 - https:\/\/yoast.com\/wordpress\/plugins\/seo\/ -->\n<title>Chasuble - broderie traditionnelles et Laboratorio Gruppo Liturgico<\/title>\n<meta name=\"description\" content=\"Chasuble en tissu m\u00e9lange laine. Orn\u00e9e sur le devant et sur le dos d&#039;une remarquable motif, enti\u00e8rement brod\u00e9e avec des fils d&#039;or et de soie de IHS, feuilles de vigne, grappes de raisin et \u00e9pis de bl\u00e9.\" \/>\n<meta name=\"robots\" content=\"index, follow, max-snippet:-1, max-image-preview:large, max-video-preview:-1\" \/>\n<link rel=\"canonical\" href=\"https:\/\/www.gruppoliturgico.com\/fr\/produit\/chasuble-100\/\" \/>\n<meta property=\"og:locale\" content=\"fr_FR\" \/>\n<meta property=\"og:type\" content=\"article\" \/>\n<meta property=\"og:title\" content=\"Chasuble - broderie traditionnelles et Laboratorio Gruppo Liturgico\" \/>\n<meta property=\"og:description\" content=\"Chasuble en tissu m\u00e9lange laine. Orn\u00e9e sur le devant et sur le dos d&#039;une remarquable motif, enti\u00e8rement brod\u00e9e avec des fils d&#039;or et de soie de IHS, feuilles de vigne, grappes de raisin et \u00e9pis de bl\u00e9.\" \/>\n<meta property=\"og:url\" content=\"https:\/\/www.gruppoliturgico.com\/fr\/produit\/chasuble-100\/\" \/>\n<meta property=\"og:site_name\" content=\"Laboratorio Gruppo Liturgico\" \/>\n<meta property=\"article:modified_time\" content=\"2025-09-17T14:15:38+00:00\" \/>\n<meta property=\"og:image\" content=\"https:\/\/www.gruppoliturgico.com\/wp-content\/uploads\/2022\/05\/2764.rit-.jpg\" \/>\n\t<meta property=\"og:image:width\" content=\"1317\" \/>\n\t<meta property=\"og:image:height\" content=\"2001\" \/>\n\t<meta property=\"og:image:type\" content=\"image\/jpeg\" \/>\n<meta name=\"twitter:card\" content=\"summary_large_image\" \/>\n<script type=\"application\/ld+json\" class=\"yoast-schema-graph\">{\"@context\":\"https:\/\/schema.org\",\"@graph\":[{\"@type\":\"WebPage\",\"@id\":\"https:\/\/www.gruppoliturgico.com\/fr\/produit\/chasuble-100\/\",\"url\":\"https:\/\/www.gruppoliturgico.com\/fr\/produit\/chasuble-100\/\",\"name\":\"Chasuble - broderie traditionnelles et Laboratorio Gruppo Liturgico\",\"isPartOf\":{\"@id\":\"https:\/\/www.gruppoliturgico.com\/es\/#website\"},\"datePublished\":\"2022-05-20T02:25:10+00:00\",\"dateModified\":\"2025-09-17T14:15:38+00:00\",\"description\":\"Chasuble en tissu m\u00e9lange laine. Orn\u00e9e sur le devant et sur le dos d'une remarquable motif, enti\u00e8rement brod\u00e9e avec des fils d'or et de soie de IHS, feuilles de vigne, grappes de raisin et \u00e9pis de bl\u00e9.\",\"breadcrumb\":{\"@id\":\"https:\/\/www.gruppoliturgico.com\/fr\/produit\/chasuble-100\/#breadcrumb\"},\"inLanguage\":\"fr-FR\",\"potentialAction\":[{\"@type\":\"ReadAction\",\"target\":[\"https:\/\/www.gruppoliturgico.com\/fr\/produit\/chasuble-100\/\"]}]},{\"@type\":\"BreadcrumbList\",\"@id\":\"https:\/\/www.gruppoliturgico.com\/fr\/produit\/chasuble-100\/#breadcrumb\",\"itemListElement\":[{\"@type\":\"ListItem\",\"position\":1,\"name\":\"Home\",\"item\":\"https:\/\/www.gruppoliturgico.com\/fr\/\"},{\"@type\":\"ListItem\",\"position\":2,\"name\":\"Boutique\",\"item\":\"https:\/\/www.gruppoliturgico.com\/fr\/boutique\/\"},{\"@type\":\"ListItem\",\"position\":3,\"name\":\"Chasuble\"}]},{\"@type\":\"WebSite\",\"@id\":\"https:\/\/www.gruppoliturgico.com\/es\/#website\",\"url\":\"https:\/\/www.gruppoliturgico.com\/es\/\",\"name\":\"Laboratorio Gruppo Liturgico\",\"description\":\"Articoli Religiosi online\",\"publisher\":{\"@id\":\"https:\/\/www.gruppoliturgico.com\/es\/#organization\"},\"potentialAction\":[{\"@type\":\"SearchAction\",\"target\":{\"@type\":\"EntryPoint\",\"urlTemplate\":\"https:\/\/www.gruppoliturgico.com\/es\/?s={search_term_string}\"},\"query-input\":\"required name=search_term_string\"}],\"inLanguage\":\"fr-FR\"},{\"@type\":\"Organization\",\"@id\":\"https:\/\/www.gruppoliturgico.com\/es\/#organization\",\"name\":\"Laboratorio Gruppo Liturgico\",\"url\":\"https:\/\/www.gruppoliturgico.com\/es\/\",\"logo\":{\"@type\":\"ImageObject\",\"inLanguage\":\"fr-FR\",\"@id\":\"https:\/\/www.gruppoliturgico.com\/es\/#\/schema\/logo\/image\/\",\"url\":\"https:\/\/www.gruppoliturgico.com\/wp-content\/uploads\/2022\/02\/logo-laboratoriogruppoliturgico.png\",\"contentUrl\":\"https:\/\/www.gruppoliturgico.com\/wp-content\/uploads\/2022\/02\/logo-laboratoriogruppoliturgico.png\",\"width\":400,\"height\":114,\"caption\":\"Laboratorio Gruppo Liturgico\"},\"image\":{\"@id\":\"https:\/\/www.gruppoliturgico.com\/es\/#\/schema\/logo\/image\/\"}}]}<\/script>\n<!-- \/ Yoast SEO plugin. -->","yoast_head_json":{"title":"Chasuble - broderie traditionnelles et Laboratorio Gruppo Liturgico","description":"Chasuble en tissu m\u00e9lange laine. Orn\u00e9e sur le devant et sur le dos d'une remarquable motif, enti\u00e8rement brod\u00e9e avec des fils d'or et de soie de IHS, feuilles de vigne, grappes de raisin et \u00e9pis de bl\u00e9.","robots":{"index":"index","follow":"follow","max-snippet":"max-snippet:-1","max-image-preview":"max-image-preview:large","max-video-preview":"max-video-preview:-1"},"canonical":"https:\/\/www.gruppoliturgico.com\/fr\/produit\/chasuble-100\/","og_locale":"fr_FR","og_type":"article","og_title":"Chasuble - broderie traditionnelles et Laboratorio Gruppo Liturgico","og_description":"Chasuble en tissu m\u00e9lange laine. Orn\u00e9e sur le devant et sur le dos d'une remarquable motif, enti\u00e8rement brod\u00e9e avec des fils d'or et de soie de IHS, feuilles de vigne, grappes de raisin et \u00e9pis de bl\u00e9.","og_url":"https:\/\/www.gruppoliturgico.com\/fr\/produit\/chasuble-100\/","og_site_name":"Laboratorio Gruppo Liturgico","article_modified_time":"2025-09-17T14:15:38+00:00","og_image":[{"width":1317,"height":2001,"url":"https:\/\/www.gruppoliturgico.com\/wp-content\/uploads\/2022\/05\/2764.rit-.jpg","type":"image\/jpeg"}],"twitter_card":"summary_large_image","schema":{"@context":"https:\/\/schema.org","@graph":[{"@type":"WebPage","@id":"https:\/\/www.gruppoliturgico.com\/fr\/produit\/chasuble-100\/","url":"https:\/\/www.gruppoliturgico.com\/fr\/produit\/chasuble-100\/","name":"Chasuble - broderie traditionnelles et Laboratorio Gruppo Liturgico","isPartOf":{"@id":"https:\/\/www.gruppoliturgico.com\/es\/#website"},"datePublished":"2022-05-20T02:25:10+00:00","dateModified":"2025-09-17T14:15:38+00:00","description":"Chasuble en tissu m\u00e9lange laine. Orn\u00e9e sur le devant et sur le dos d'une remarquable motif, enti\u00e8rement brod\u00e9e avec des fils d'or et de soie de IHS, feuilles de vigne, grappes de raisin et \u00e9pis de bl\u00e9.","breadcrumb":{"@id":"https:\/\/www.gruppoliturgico.com\/fr\/produit\/chasuble-100\/#breadcrumb"},"inLanguage":"fr-FR","potentialAction":[{"@type":"ReadAction","target":["https:\/\/www.gruppoliturgico.com\/fr\/produit\/chasuble-100\/"]}]},{"@type":"BreadcrumbList","@id":"https:\/\/www.gruppoliturgico.com\/fr\/produit\/chasuble-100\/#breadcrumb","itemListElement":[{"@type":"ListItem","position":1,"name":"Home","item":"https:\/\/www.gruppoliturgico.com\/fr\/"},{"@type":"ListItem","position":2,"name":"Boutique","item":"https:\/\/www.gruppoliturgico.com\/fr\/boutique\/"},{"@type":"ListItem","position":3,"name":"Chasuble"}]},{"@type":"WebSite","@id":"https:\/\/www.gruppoliturgico.com\/es\/#website","url":"https:\/\/www.gruppoliturgico.com\/es\/","name":"Laboratorio Gruppo Liturgico","description":"Articoli Religiosi online","publisher":{"@id":"https:\/\/www.gruppoliturgico.com\/es\/#organization"},"potentialAction":[{"@type":"SearchAction","target":{"@type":"EntryPoint","urlTemplate":"https:\/\/www.gruppoliturgico.com\/es\/?s={search_term_string}"},"query-input":"required name=search_term_string"}],"inLanguage":"fr-FR"},{"@type":"Organization","@id":"https:\/\/www.gruppoliturgico.com\/es\/#organization","name":"Laboratorio Gruppo Liturgico","url":"https:\/\/www.gruppoliturgico.com\/es\/","logo":{"@type":"ImageObject","inLanguage":"fr-FR","@id":"https:\/\/www.gruppoliturgico.com\/es\/#\/schema\/logo\/image\/","url":"https:\/\/www.gruppoliturgico.com\/wp-content\/uploads\/2022\/02\/logo-laboratoriogruppoliturgico.png","contentUrl":"https:\/\/www.gruppoliturgico.com\/wp-content\/uploads\/2022\/02\/logo-laboratoriogruppoliturgico.png","width":400,"height":114,"caption":"Laboratorio Gruppo Liturgico"},"image":{"@id":"https:\/\/www.gruppoliturgico.com\/es\/#\/schema\/logo\/image\/"}}]}},"_links":{"self":[{"href":"https:\/\/www.gruppoliturgico.com\/fr\/wp-json\/wp\/v2\/product\/69653"}],"collection":[{"href":"https:\/\/www.gruppoliturgico.com\/fr\/wp-json\/wp\/v2\/product"}],"about":[{"href":"https:\/\/www.gruppoliturgico.com\/fr\/wp-json\/wp\/v2\/types\/product"}],"wp:featuredmedia":[{"embeddable":true,"href":"https:\/\/www.gruppoliturgico.com\/fr\/wp-json\/wp\/v2\/media\/143224"}],"wp:attachment":[{"href":"https:\/\/www.gruppoliturgico.com\/fr\/wp-json\/wp\/v2\/media?parent=69653"}],"wp:term":[{"taxonomy":"product_cat","embeddable":true,"href":"https:\/\/www.gruppoliturgico.com\/fr\/wp-json\/wp\/v2\/product_cat?post=69653"},{"taxonomy":"product_tag","embeddable":true,"href":"https:\/\/www.gruppoliturgico.com\/fr\/wp-json\/wp\/v2\/product_tag?post=69653"}],"curies":[{"name":"wp","href":"https:\/\/api.w.org\/{rel}","templated":true}]}}