{"id":69637,"date":"2022-05-20T04:24:19","date_gmt":"2022-05-20T02:24:23","guid":{"rendered":"https:\/\/www.gruppoliturgico.com\/prodotto\/chasuble-97\/"},"modified":"2025-11-21T11:04:56","modified_gmt":"2025-11-21T10:04:56","slug":"chasuble-97","status":"publish","type":"product","link":"https:\/\/www.gruppoliturgico.com\/fr\/produit\/chasuble-97\/","title":{"rendered":"Chasuble"},"content":{"rendered":"<html><body><p>Chasuble mariale confectionn\u00e9e avec un tissu polyester tr\u00e8s l\u00e9ger.<br>\nLe tr\u00e8s riche galon est orn\u00e9 sur toute la superficie de broderies tr\u00e8s soign\u00e9es.<br>\nSur le devant symbole marial et une d\u00e9licate broderie qui se r\u00e9p\u00e8te sur le dos.<\/p>\n<\/body><\/html>","protected":false},"excerpt":{"rendered":"<p>Chasuble mariale confectionn\u00e9e avec un tissu polyester tr\u00e8s l\u00e9ger.<br \/>\nLe tr\u00e8s riche galon est orn\u00e9 sur toute la superficie de broderies tr\u00e8s soign\u00e9es.<br \/>\nSur le devant symbole marial et une d\u00e9licate broderie qui se r\u00e9p\u00e8te sur le dos.<\/p>\n","protected":false},"featured_media":129417,"template":"","meta":[],"product_cat":[12264],"product_tag":[15301],"yoast_head":"<!-- This site is optimized with the Yoast SEO plugin v20.4 - https:\/\/yoast.com\/wordpress\/plugins\/seo\/ -->\n<title>Chasuble - mariales et Laboratorio Gruppo Liturgico<\/title>\n<meta name=\"description\" content=\"Chasuble mariale confectionn\u00e9e avec un tissu polyester tr\u00e8s l\u00e9ger. Le tr\u00e8s riche galon est orn\u00e9 sur toute la superficie de broderies tr\u00e8s soign\u00e9es.  Sur le devant symbole marial et une d\u00e9licate broderie qui se r\u00e9p\u00e8te sur le dos.\" \/>\n<meta name=\"robots\" content=\"index, follow, max-snippet:-1, max-image-preview:large, max-video-preview:-1\" \/>\n<link rel=\"canonical\" href=\"https:\/\/www.gruppoliturgico.com\/fr\/produit\/chasuble-97\/\" \/>\n<meta property=\"og:locale\" content=\"fr_FR\" \/>\n<meta property=\"og:type\" content=\"article\" \/>\n<meta property=\"og:title\" content=\"Chasuble - mariales et Laboratorio Gruppo Liturgico\" \/>\n<meta property=\"og:description\" content=\"Chasuble mariale confectionn\u00e9e avec un tissu polyester tr\u00e8s l\u00e9ger. Le tr\u00e8s riche galon est orn\u00e9 sur toute la superficie de broderies tr\u00e8s soign\u00e9es.  Sur le devant symbole marial et une d\u00e9licate broderie qui se r\u00e9p\u00e8te sur le dos.\" \/>\n<meta property=\"og:url\" content=\"https:\/\/www.gruppoliturgico.com\/fr\/produit\/chasuble-97\/\" \/>\n<meta property=\"og:site_name\" content=\"Laboratorio Gruppo Liturgico\" \/>\n<meta property=\"article:modified_time\" content=\"2025-11-21T10:04:56+00:00\" \/>\n<meta property=\"og:image\" content=\"https:\/\/www.gruppoliturgico.com\/wp-content\/uploads\/2022\/05\/2761-casula-mariana-7_inPixio.jpg\" \/>\n\t<meta property=\"og:image:width\" content=\"1247\" \/>\n\t<meta property=\"og:image:height\" content=\"2000\" \/>\n\t<meta property=\"og:image:type\" content=\"image\/jpeg\" \/>\n<meta name=\"twitter:card\" content=\"summary_large_image\" \/>\n<script type=\"application\/ld+json\" class=\"yoast-schema-graph\">{\"@context\":\"https:\/\/schema.org\",\"@graph\":[{\"@type\":\"WebPage\",\"@id\":\"https:\/\/www.gruppoliturgico.com\/fr\/produit\/chasuble-97\/\",\"url\":\"https:\/\/www.gruppoliturgico.com\/fr\/produit\/chasuble-97\/\",\"name\":\"Chasuble - mariales et Laboratorio Gruppo Liturgico\",\"isPartOf\":{\"@id\":\"https:\/\/www.gruppoliturgico.com\/es\/#website\"},\"datePublished\":\"2022-05-20T02:24:23+00:00\",\"dateModified\":\"2025-11-21T10:04:56+00:00\",\"description\":\"Chasuble mariale confectionn\u00e9e avec un tissu polyester tr\u00e8s l\u00e9ger. Le tr\u00e8s riche galon est orn\u00e9 sur toute la superficie de broderies tr\u00e8s soign\u00e9es. Sur le devant symbole marial et une d\u00e9licate broderie qui se r\u00e9p\u00e8te sur le dos.\",\"breadcrumb\":{\"@id\":\"https:\/\/www.gruppoliturgico.com\/fr\/produit\/chasuble-97\/#breadcrumb\"},\"inLanguage\":\"fr-FR\",\"potentialAction\":[{\"@type\":\"ReadAction\",\"target\":[\"https:\/\/www.gruppoliturgico.com\/fr\/produit\/chasuble-97\/\"]}]},{\"@type\":\"BreadcrumbList\",\"@id\":\"https:\/\/www.gruppoliturgico.com\/fr\/produit\/chasuble-97\/#breadcrumb\",\"itemListElement\":[{\"@type\":\"ListItem\",\"position\":1,\"name\":\"Home\",\"item\":\"https:\/\/www.gruppoliturgico.com\/fr\/\"},{\"@type\":\"ListItem\",\"position\":2,\"name\":\"Boutique\",\"item\":\"https:\/\/www.gruppoliturgico.com\/fr\/boutique\/\"},{\"@type\":\"ListItem\",\"position\":3,\"name\":\"Chasuble\"}]},{\"@type\":\"WebSite\",\"@id\":\"https:\/\/www.gruppoliturgico.com\/es\/#website\",\"url\":\"https:\/\/www.gruppoliturgico.com\/es\/\",\"name\":\"Laboratorio Gruppo Liturgico\",\"description\":\"Articoli Religiosi online\",\"publisher\":{\"@id\":\"https:\/\/www.gruppoliturgico.com\/es\/#organization\"},\"potentialAction\":[{\"@type\":\"SearchAction\",\"target\":{\"@type\":\"EntryPoint\",\"urlTemplate\":\"https:\/\/www.gruppoliturgico.com\/es\/?s={search_term_string}\"},\"query-input\":\"required name=search_term_string\"}],\"inLanguage\":\"fr-FR\"},{\"@type\":\"Organization\",\"@id\":\"https:\/\/www.gruppoliturgico.com\/es\/#organization\",\"name\":\"Laboratorio Gruppo Liturgico\",\"url\":\"https:\/\/www.gruppoliturgico.com\/es\/\",\"logo\":{\"@type\":\"ImageObject\",\"inLanguage\":\"fr-FR\",\"@id\":\"https:\/\/www.gruppoliturgico.com\/es\/#\/schema\/logo\/image\/\",\"url\":\"https:\/\/www.gruppoliturgico.com\/wp-content\/uploads\/2022\/02\/logo-laboratoriogruppoliturgico.png\",\"contentUrl\":\"https:\/\/www.gruppoliturgico.com\/wp-content\/uploads\/2022\/02\/logo-laboratoriogruppoliturgico.png\",\"width\":400,\"height\":114,\"caption\":\"Laboratorio Gruppo Liturgico\"},\"image\":{\"@id\":\"https:\/\/www.gruppoliturgico.com\/es\/#\/schema\/logo\/image\/\"}}]}<\/script>\n<!-- \/ Yoast SEO plugin. -->","yoast_head_json":{"title":"Chasuble - mariales et Laboratorio Gruppo Liturgico","description":"Chasuble mariale confectionn\u00e9e avec un tissu polyester tr\u00e8s l\u00e9ger. Le tr\u00e8s riche galon est orn\u00e9 sur toute la superficie de broderies tr\u00e8s soign\u00e9es.  Sur le devant symbole marial et une d\u00e9licate broderie qui se r\u00e9p\u00e8te sur le dos.","robots":{"index":"index","follow":"follow","max-snippet":"max-snippet:-1","max-image-preview":"max-image-preview:large","max-video-preview":"max-video-preview:-1"},"canonical":"https:\/\/www.gruppoliturgico.com\/fr\/produit\/chasuble-97\/","og_locale":"fr_FR","og_type":"article","og_title":"Chasuble - mariales et Laboratorio Gruppo Liturgico","og_description":"Chasuble mariale confectionn\u00e9e avec un tissu polyester tr\u00e8s l\u00e9ger. Le tr\u00e8s riche galon est orn\u00e9 sur toute la superficie de broderies tr\u00e8s soign\u00e9es.  Sur le devant symbole marial et une d\u00e9licate broderie qui se r\u00e9p\u00e8te sur le dos.","og_url":"https:\/\/www.gruppoliturgico.com\/fr\/produit\/chasuble-97\/","og_site_name":"Laboratorio Gruppo Liturgico","article_modified_time":"2025-11-21T10:04:56+00:00","og_image":[{"width":1247,"height":2000,"url":"https:\/\/www.gruppoliturgico.com\/wp-content\/uploads\/2022\/05\/2761-casula-mariana-7_inPixio.jpg","type":"image\/jpeg"}],"twitter_card":"summary_large_image","schema":{"@context":"https:\/\/schema.org","@graph":[{"@type":"WebPage","@id":"https:\/\/www.gruppoliturgico.com\/fr\/produit\/chasuble-97\/","url":"https:\/\/www.gruppoliturgico.com\/fr\/produit\/chasuble-97\/","name":"Chasuble - mariales et Laboratorio Gruppo Liturgico","isPartOf":{"@id":"https:\/\/www.gruppoliturgico.com\/es\/#website"},"datePublished":"2022-05-20T02:24:23+00:00","dateModified":"2025-11-21T10:04:56+00:00","description":"Chasuble mariale confectionn\u00e9e avec un tissu polyester tr\u00e8s l\u00e9ger. Le tr\u00e8s riche galon est orn\u00e9 sur toute la superficie de broderies tr\u00e8s soign\u00e9es. Sur le devant symbole marial et une d\u00e9licate broderie qui se r\u00e9p\u00e8te sur le dos.","breadcrumb":{"@id":"https:\/\/www.gruppoliturgico.com\/fr\/produit\/chasuble-97\/#breadcrumb"},"inLanguage":"fr-FR","potentialAction":[{"@type":"ReadAction","target":["https:\/\/www.gruppoliturgico.com\/fr\/produit\/chasuble-97\/"]}]},{"@type":"BreadcrumbList","@id":"https:\/\/www.gruppoliturgico.com\/fr\/produit\/chasuble-97\/#breadcrumb","itemListElement":[{"@type":"ListItem","position":1,"name":"Home","item":"https:\/\/www.gruppoliturgico.com\/fr\/"},{"@type":"ListItem","position":2,"name":"Boutique","item":"https:\/\/www.gruppoliturgico.com\/fr\/boutique\/"},{"@type":"ListItem","position":3,"name":"Chasuble"}]},{"@type":"WebSite","@id":"https:\/\/www.gruppoliturgico.com\/es\/#website","url":"https:\/\/www.gruppoliturgico.com\/es\/","name":"Laboratorio Gruppo Liturgico","description":"Articoli Religiosi online","publisher":{"@id":"https:\/\/www.gruppoliturgico.com\/es\/#organization"},"potentialAction":[{"@type":"SearchAction","target":{"@type":"EntryPoint","urlTemplate":"https:\/\/www.gruppoliturgico.com\/es\/?s={search_term_string}"},"query-input":"required name=search_term_string"}],"inLanguage":"fr-FR"},{"@type":"Organization","@id":"https:\/\/www.gruppoliturgico.com\/es\/#organization","name":"Laboratorio Gruppo Liturgico","url":"https:\/\/www.gruppoliturgico.com\/es\/","logo":{"@type":"ImageObject","inLanguage":"fr-FR","@id":"https:\/\/www.gruppoliturgico.com\/es\/#\/schema\/logo\/image\/","url":"https:\/\/www.gruppoliturgico.com\/wp-content\/uploads\/2022\/02\/logo-laboratoriogruppoliturgico.png","contentUrl":"https:\/\/www.gruppoliturgico.com\/wp-content\/uploads\/2022\/02\/logo-laboratoriogruppoliturgico.png","width":400,"height":114,"caption":"Laboratorio Gruppo Liturgico"},"image":{"@id":"https:\/\/www.gruppoliturgico.com\/es\/#\/schema\/logo\/image\/"}}]}},"_links":{"self":[{"href":"https:\/\/www.gruppoliturgico.com\/fr\/wp-json\/wp\/v2\/product\/69637"}],"collection":[{"href":"https:\/\/www.gruppoliturgico.com\/fr\/wp-json\/wp\/v2\/product"}],"about":[{"href":"https:\/\/www.gruppoliturgico.com\/fr\/wp-json\/wp\/v2\/types\/product"}],"wp:featuredmedia":[{"embeddable":true,"href":"https:\/\/www.gruppoliturgico.com\/fr\/wp-json\/wp\/v2\/media\/129417"}],"wp:attachment":[{"href":"https:\/\/www.gruppoliturgico.com\/fr\/wp-json\/wp\/v2\/media?parent=69637"}],"wp:term":[{"taxonomy":"product_cat","embeddable":true,"href":"https:\/\/www.gruppoliturgico.com\/fr\/wp-json\/wp\/v2\/product_cat?post=69637"},{"taxonomy":"product_tag","embeddable":true,"href":"https:\/\/www.gruppoliturgico.com\/fr\/wp-json\/wp\/v2\/product_tag?post=69637"}],"curies":[{"name":"wp","href":"https:\/\/api.w.org\/{rel}","templated":true}]}}