{"id":69409,"date":"2022-05-20T04:13:27","date_gmt":"2022-05-20T02:13:32","guid":{"rendered":"https:\/\/www.gruppoliturgico.com\/prodotto\/voile-de-lutrin-24\/"},"modified":"2022-09-01T14:51:32","modified_gmt":"2022-09-01T12:51:32","slug":"voile-de-lutrin-24","status":"publish","type":"product","link":"https:\/\/www.gruppoliturgico.com\/fr\/produit\/voile-de-lutrin-24\/","title":{"rendered":"voile de lutrin"},"content":{"rendered":"<html><body><p>Voile de lutrin de l\u2019Appparition de la Vierge Marie \u00e0 Fatima.<br>\nLe tissu comme la broderie sont ex\u00e9cut\u00e9s \u00e0 travers un travail au m\u00e9tier.<br>\nDimensions cm 240 x 50.<\/p>\n<\/body><\/html>","protected":false},"excerpt":{"rendered":"<p>Voile de lutrin de l&rsquo;Appparition de la Vierge Marie \u00e0 Fatima.<br \/>\nLe tissu comme la broderie sont ex\u00e9cut\u00e9s \u00e0 travers un travail au m\u00e9tier.<br \/>\nDimensions cm 240 x 50.<\/p>\n","protected":false},"featured_media":79738,"template":"","meta":[],"product_cat":[11772],"product_tag":[15301],"yoast_head":"<!-- This site is optimized with the Yoast SEO plugin v20.4 - https:\/\/yoast.com\/wordpress\/plugins\/seo\/ -->\n<title>voile de lutrin - voiles de lutrin et Laboratorio Gruppo Liturgico<\/title>\n<meta name=\"description\" content=\"Voile de lutrin de l&#039;Appparition de la Vierge Marie \u00e0 Fatima. Le tissu comme la broderie sont ex\u00e9cut\u00e9s \u00e0 travers un travail au m\u00e9tier.  Dimensions cm 240 x 50.\" \/>\n<meta name=\"robots\" content=\"index, follow, max-snippet:-1, max-image-preview:large, max-video-preview:-1\" \/>\n<link rel=\"canonical\" href=\"https:\/\/www.gruppoliturgico.com\/fr\/produit\/voile-de-lutrin-24\/\" \/>\n<meta property=\"og:locale\" content=\"fr_FR\" \/>\n<meta property=\"og:type\" content=\"article\" \/>\n<meta property=\"og:title\" content=\"voile de lutrin - voiles de lutrin et Laboratorio Gruppo Liturgico\" \/>\n<meta property=\"og:description\" content=\"Voile de lutrin de l&#039;Appparition de la Vierge Marie \u00e0 Fatima. Le tissu comme la broderie sont ex\u00e9cut\u00e9s \u00e0 travers un travail au m\u00e9tier.  Dimensions cm 240 x 50.\" \/>\n<meta property=\"og:url\" content=\"https:\/\/www.gruppoliturgico.com\/fr\/produit\/voile-de-lutrin-24\/\" \/>\n<meta property=\"og:site_name\" content=\"Laboratorio Gruppo Liturgico\" \/>\n<meta property=\"article:modified_time\" content=\"2022-09-01T12:51:32+00:00\" \/>\n<meta property=\"og:image\" content=\"https:\/\/www.gruppoliturgico.com\/wp-content\/uploads\/2022\/05\/2932.jpg\" \/>\n\t<meta property=\"og:image:width\" content=\"727\" \/>\n\t<meta property=\"og:image:height\" content=\"1500\" \/>\n\t<meta property=\"og:image:type\" content=\"image\/jpeg\" \/>\n<meta name=\"twitter:card\" content=\"summary_large_image\" \/>\n<script type=\"application\/ld+json\" class=\"yoast-schema-graph\">{\"@context\":\"https:\/\/schema.org\",\"@graph\":[{\"@type\":\"WebPage\",\"@id\":\"https:\/\/www.gruppoliturgico.com\/fr\/produit\/voile-de-lutrin-24\/\",\"url\":\"https:\/\/www.gruppoliturgico.com\/fr\/produit\/voile-de-lutrin-24\/\",\"name\":\"voile de lutrin - voiles de lutrin et Laboratorio Gruppo Liturgico\",\"isPartOf\":{\"@id\":\"https:\/\/www.gruppoliturgico.com\/es\/#website\"},\"datePublished\":\"2022-05-20T02:13:32+00:00\",\"dateModified\":\"2022-09-01T12:51:32+00:00\",\"description\":\"Voile de lutrin de l'Appparition de la Vierge Marie \u00e0 Fatima. Le tissu comme la broderie sont ex\u00e9cut\u00e9s \u00e0 travers un travail au m\u00e9tier. Dimensions cm 240 x 50.\",\"breadcrumb\":{\"@id\":\"https:\/\/www.gruppoliturgico.com\/fr\/produit\/voile-de-lutrin-24\/#breadcrumb\"},\"inLanguage\":\"fr-FR\",\"potentialAction\":[{\"@type\":\"ReadAction\",\"target\":[\"https:\/\/www.gruppoliturgico.com\/fr\/produit\/voile-de-lutrin-24\/\"]}]},{\"@type\":\"BreadcrumbList\",\"@id\":\"https:\/\/www.gruppoliturgico.com\/fr\/produit\/voile-de-lutrin-24\/#breadcrumb\",\"itemListElement\":[{\"@type\":\"ListItem\",\"position\":1,\"name\":\"Home\",\"item\":\"https:\/\/www.gruppoliturgico.com\/fr\/\"},{\"@type\":\"ListItem\",\"position\":2,\"name\":\"Boutique\",\"item\":\"https:\/\/www.gruppoliturgico.com\/fr\/boutique\/\"},{\"@type\":\"ListItem\",\"position\":3,\"name\":\"voile de lutrin\"}]},{\"@type\":\"WebSite\",\"@id\":\"https:\/\/www.gruppoliturgico.com\/es\/#website\",\"url\":\"https:\/\/www.gruppoliturgico.com\/es\/\",\"name\":\"Laboratorio Gruppo Liturgico\",\"description\":\"Articoli Religiosi online\",\"publisher\":{\"@id\":\"https:\/\/www.gruppoliturgico.com\/es\/#organization\"},\"potentialAction\":[{\"@type\":\"SearchAction\",\"target\":{\"@type\":\"EntryPoint\",\"urlTemplate\":\"https:\/\/www.gruppoliturgico.com\/es\/?s={search_term_string}\"},\"query-input\":\"required name=search_term_string\"}],\"inLanguage\":\"fr-FR\"},{\"@type\":\"Organization\",\"@id\":\"https:\/\/www.gruppoliturgico.com\/es\/#organization\",\"name\":\"Laboratorio Gruppo Liturgico\",\"url\":\"https:\/\/www.gruppoliturgico.com\/es\/\",\"logo\":{\"@type\":\"ImageObject\",\"inLanguage\":\"fr-FR\",\"@id\":\"https:\/\/www.gruppoliturgico.com\/es\/#\/schema\/logo\/image\/\",\"url\":\"https:\/\/www.gruppoliturgico.com\/wp-content\/uploads\/2022\/02\/logo-laboratoriogruppoliturgico.png\",\"contentUrl\":\"https:\/\/www.gruppoliturgico.com\/wp-content\/uploads\/2022\/02\/logo-laboratoriogruppoliturgico.png\",\"width\":400,\"height\":114,\"caption\":\"Laboratorio Gruppo Liturgico\"},\"image\":{\"@id\":\"https:\/\/www.gruppoliturgico.com\/es\/#\/schema\/logo\/image\/\"}}]}<\/script>\n<!-- \/ Yoast SEO plugin. -->","yoast_head_json":{"title":"voile de lutrin - voiles de lutrin et Laboratorio Gruppo Liturgico","description":"Voile de lutrin de l'Appparition de la Vierge Marie \u00e0 Fatima. Le tissu comme la broderie sont ex\u00e9cut\u00e9s \u00e0 travers un travail au m\u00e9tier.  Dimensions cm 240 x 50.","robots":{"index":"index","follow":"follow","max-snippet":"max-snippet:-1","max-image-preview":"max-image-preview:large","max-video-preview":"max-video-preview:-1"},"canonical":"https:\/\/www.gruppoliturgico.com\/fr\/produit\/voile-de-lutrin-24\/","og_locale":"fr_FR","og_type":"article","og_title":"voile de lutrin - voiles de lutrin et Laboratorio Gruppo Liturgico","og_description":"Voile de lutrin de l'Appparition de la Vierge Marie \u00e0 Fatima. Le tissu comme la broderie sont ex\u00e9cut\u00e9s \u00e0 travers un travail au m\u00e9tier.  Dimensions cm 240 x 50.","og_url":"https:\/\/www.gruppoliturgico.com\/fr\/produit\/voile-de-lutrin-24\/","og_site_name":"Laboratorio Gruppo Liturgico","article_modified_time":"2022-09-01T12:51:32+00:00","og_image":[{"width":727,"height":1500,"url":"https:\/\/www.gruppoliturgico.com\/wp-content\/uploads\/2022\/05\/2932.jpg","type":"image\/jpeg"}],"twitter_card":"summary_large_image","schema":{"@context":"https:\/\/schema.org","@graph":[{"@type":"WebPage","@id":"https:\/\/www.gruppoliturgico.com\/fr\/produit\/voile-de-lutrin-24\/","url":"https:\/\/www.gruppoliturgico.com\/fr\/produit\/voile-de-lutrin-24\/","name":"voile de lutrin - voiles de lutrin et Laboratorio Gruppo Liturgico","isPartOf":{"@id":"https:\/\/www.gruppoliturgico.com\/es\/#website"},"datePublished":"2022-05-20T02:13:32+00:00","dateModified":"2022-09-01T12:51:32+00:00","description":"Voile de lutrin de l'Appparition de la Vierge Marie \u00e0 Fatima. Le tissu comme la broderie sont ex\u00e9cut\u00e9s \u00e0 travers un travail au m\u00e9tier. Dimensions cm 240 x 50.","breadcrumb":{"@id":"https:\/\/www.gruppoliturgico.com\/fr\/produit\/voile-de-lutrin-24\/#breadcrumb"},"inLanguage":"fr-FR","potentialAction":[{"@type":"ReadAction","target":["https:\/\/www.gruppoliturgico.com\/fr\/produit\/voile-de-lutrin-24\/"]}]},{"@type":"BreadcrumbList","@id":"https:\/\/www.gruppoliturgico.com\/fr\/produit\/voile-de-lutrin-24\/#breadcrumb","itemListElement":[{"@type":"ListItem","position":1,"name":"Home","item":"https:\/\/www.gruppoliturgico.com\/fr\/"},{"@type":"ListItem","position":2,"name":"Boutique","item":"https:\/\/www.gruppoliturgico.com\/fr\/boutique\/"},{"@type":"ListItem","position":3,"name":"voile de lutrin"}]},{"@type":"WebSite","@id":"https:\/\/www.gruppoliturgico.com\/es\/#website","url":"https:\/\/www.gruppoliturgico.com\/es\/","name":"Laboratorio Gruppo Liturgico","description":"Articoli Religiosi online","publisher":{"@id":"https:\/\/www.gruppoliturgico.com\/es\/#organization"},"potentialAction":[{"@type":"SearchAction","target":{"@type":"EntryPoint","urlTemplate":"https:\/\/www.gruppoliturgico.com\/es\/?s={search_term_string}"},"query-input":"required name=search_term_string"}],"inLanguage":"fr-FR"},{"@type":"Organization","@id":"https:\/\/www.gruppoliturgico.com\/es\/#organization","name":"Laboratorio Gruppo Liturgico","url":"https:\/\/www.gruppoliturgico.com\/es\/","logo":{"@type":"ImageObject","inLanguage":"fr-FR","@id":"https:\/\/www.gruppoliturgico.com\/es\/#\/schema\/logo\/image\/","url":"https:\/\/www.gruppoliturgico.com\/wp-content\/uploads\/2022\/02\/logo-laboratoriogruppoliturgico.png","contentUrl":"https:\/\/www.gruppoliturgico.com\/wp-content\/uploads\/2022\/02\/logo-laboratoriogruppoliturgico.png","width":400,"height":114,"caption":"Laboratorio Gruppo Liturgico"},"image":{"@id":"https:\/\/www.gruppoliturgico.com\/es\/#\/schema\/logo\/image\/"}}]}},"_links":{"self":[{"href":"https:\/\/www.gruppoliturgico.com\/fr\/wp-json\/wp\/v2\/product\/69409"}],"collection":[{"href":"https:\/\/www.gruppoliturgico.com\/fr\/wp-json\/wp\/v2\/product"}],"about":[{"href":"https:\/\/www.gruppoliturgico.com\/fr\/wp-json\/wp\/v2\/types\/product"}],"wp:featuredmedia":[{"embeddable":true,"href":"https:\/\/www.gruppoliturgico.com\/fr\/wp-json\/wp\/v2\/media\/79738"}],"wp:attachment":[{"href":"https:\/\/www.gruppoliturgico.com\/fr\/wp-json\/wp\/v2\/media?parent=69409"}],"wp:term":[{"taxonomy":"product_cat","embeddable":true,"href":"https:\/\/www.gruppoliturgico.com\/fr\/wp-json\/wp\/v2\/product_cat?post=69409"},{"taxonomy":"product_tag","embeddable":true,"href":"https:\/\/www.gruppoliturgico.com\/fr\/wp-json\/wp\/v2\/product_tag?post=69409"}],"curies":[{"name":"wp","href":"https:\/\/api.w.org\/{rel}","templated":true}]}}